{"id":1714,"date":"2025-12-04T15:44:46","date_gmt":"2025-12-04T15:44:46","guid":{"rendered":"https:\/\/844spartan.com\/?page_id=1714"},"modified":"2026-03-06T11:14:36","modified_gmt":"2026-03-06T11:14:36","slug":"todas-las-carreras","status":"publish","type":"page","link":"https:\/\/844spartan.com\/es\/all-careers\/","title":{"rendered":"Carreras profesionales"},"content":{"rendered":"<div class=\"wpb-content-wrapper\"><div class=\"vc_row wpb_row vc_row-fluid hero_image vc_custom_1764863153145 vc_row-o-content-middle vc_row-flex wpex-vc-full-width-row wpex-vc-full-width-row--centered wpex-relative wpex-vc_row-has-fill wpex-vc_row-mx-0 wpex-has-overlay wpex-has-overlay--69f16bb8dfd1d\" style=\"background-position:50% 10%!important;\"><div class=\"wpex-bg-overlay-wrap wpex-absolute wpex-inset-0 wpex-rounded-inherit\"><style class=\"wpex-bg-overlay-css\">.wpex-has-overlay--69f16bb8dfd1d > .wpex-bg-overlay-wrap .wpex-bg-overlay{background-color:var(--wpex-palette-993-color);opacity:90%;}<\/style><span class=\"wpex-bg-overlay color wpex-absolute wpex-inset-0 wpex-rounded-inherit wpex-duration-500 wpex-opacity-60 wpex-bg-black\"><\/span><\/div><div class=\"wpb_column vc_column_container vc_col-sm-8\"><div class=\"vc_column-inner\"><div class=\"wpb_wrapper\">\n\t<div style=\"color:#ffffff;\" class=\"wpb_text_column has-custom-color wpex-child-inherit-color wpb_content_element\" >\n\t\t<div class=\"wpb_wrapper\">\n\t\t\t<h1>Empleo en 844-Spartan<\/h1>\n<p>Siempre estamos buscando personas motivadas que quieran desarrollar su carrera y ayudar a nuestros clientes. A continuaci\u00f3n encontrar\u00e1 nuestras ofertas de empleo actuales. Haga clic en un puesto para ver la descripci\u00f3n y las cualificaciones. \u00bfLe interesa? Env\u00ede su curr\u00edculum a nuestro equipo de contrataci\u00f3n.<\/p>\n\n\t\t<\/div>\n\t<\/div>\n<\/div><\/div><\/div><\/div><div class=\"vc_row wpb_row vc_row-fluid vc_custom_1764862918643 wpex-relative\"><div class=\"wpb_column vc_column_container vc_col-sm-12\"><div class=\"vc_column-inner\"><div class=\"wpb_wrapper\"><div class=\"wpex-post-cards wpex-post-cards-template_1724 wpex-relative\"><div class=\"wpex-post-cards-inner\"><div class=\"wpex-post-cards-loop wpex-post-cards-grid wpex-row wpex-clr gap-50\"><div class=\"wpex-post-cards-entry col col-1 span_1_of_2 post-1785 type-careers\"><div class=\"wpex-card wpex-card-template_1724\"><a href=\"https:\/\/844spartan.com\/es\/careers\/personal-injury-associate-attorney\/\" aria-label=\"Abogado Asociado de Lesiones Personales\" class=\"wpex-card-inner wpex-no-underline wpex-inherit-color\"><div class=\"vc_row wpb_row vc_row-fluid careercard-inner wpex-relative\"><div class=\"wpb_column vc_column_container vc_col-sm-12\"><div class=\"vc_column-inner\"><div class=\"wpb_wrapper\"><div class=\"vcex-page-title vcex-module careercard-title\"><span href=\"https:\/\/844spartan.com\/es\/careers\/personal-injury-associate-attorney\/\" class=\"vcex-page-title__link wpex-no-underline wpex-inherit-color\"><h3 class=\"vcex-page-title__heading wpex-heading wpex-text-3xl\"><span class=\"vcex-page-title__text\">Abogado Asociado de Lesiones Personales<\/span><\/h3><\/span><\/div><div class=\"vcex-post-excerpt vcex-module wpex-text-pretty wpex-last-mb-0 blogcard-exerpt\"><p>El candidato ideal gestionar\u00e1 una carga de casos de lesiones personales desde el inicio hasta la resoluci\u00f3n y trabajar\u00e1 en estrecha colaboraci\u00f3n con abogados senior para ofrecer resultados excepcionales a nuestros clientes.<\/p>\n<\/div><div class=\"vcex-spacing wpex-w-100 wpex-clear\" style=\"height:16px;\"><\/div><span href=\"#\" class=\"vcex-button theme-button inline\"><span class=\"vcex-button-inner theme-button-inner wpex-flex wpex-flex-wrap wpex-items-center wpex-justify-center\">M\u00e1s informaci\u00f3n<\/span><\/span> <\/div><\/div><\/div><\/div><\/a><\/div><\/div><div class=\"wpex-post-cards-entry col col-2 span_1_of_2 post-1736 type-careers\"><div class=\"wpex-card wpex-card-template_1724\"><a href=\"https:\/\/844spartan.com\/es\/careers\/intake-specialist\/\" aria-label=\"Especialista en admisi\u00f3n\" class=\"wpex-card-inner wpex-no-underline wpex-inherit-color\"><div class=\"vc_row wpb_row vc_row-fluid careercard-inner wpex-relative\"><div class=\"wpb_column vc_column_container vc_col-sm-12\"><div class=\"vc_column-inner\"><div class=\"wpb_wrapper\"><div class=\"vcex-page-title vcex-module careercard-title\"><span href=\"https:\/\/844spartan.com\/es\/careers\/intake-specialist\/\" class=\"vcex-page-title__link wpex-no-underline wpex-inherit-color\"><h3 class=\"vcex-page-title__heading wpex-heading wpex-text-3xl\"><span class=\"vcex-page-title__text\">Especialista en admisi\u00f3n<\/span><\/h3><\/span><\/div><div class=\"vcex-post-excerpt vcex-module wpex-text-pretty wpex-last-mb-0 blogcard-exerpt\"><p>Descripci\u00f3n del puesto: El especialista en captaci\u00f3n es responsable de gestionar la captaci\u00f3n de clientes entrantes y salientes,...<\/p>\n<\/div><div class=\"vcex-spacing wpex-w-100 wpex-clear\" style=\"height:16px;\"><\/div><span href=\"#\" class=\"vcex-button theme-button inline\"><span class=\"vcex-button-inner theme-button-inner wpex-flex wpex-flex-wrap wpex-items-center wpex-justify-center\">M\u00e1s informaci\u00f3n<\/span><\/span> <\/div><\/div><\/div><\/div><\/a><\/div><\/div><div class=\"wpex-post-cards-entry col col-1 span_1_of_2 post-1735 type-careers\"><div class=\"wpex-card wpex-card-template_1724\"><a href=\"https:\/\/844spartan.com\/es\/careers\/personal-injury-reduction-specialist\/\" aria-label=\"Especialista en reducci\u00f3n de da\u00f1os personales\" class=\"wpex-card-inner wpex-no-underline wpex-inherit-color\"><div class=\"vc_row wpb_row vc_row-fluid careercard-inner wpex-relative\"><div class=\"wpb_column vc_column_container vc_col-sm-12\"><div class=\"vc_column-inner\"><div class=\"wpb_wrapper\"><div class=\"vcex-page-title vcex-module careercard-title\"><span href=\"https:\/\/844spartan.com\/es\/careers\/personal-injury-reduction-specialist\/\" class=\"vcex-page-title__link wpex-no-underline wpex-inherit-color\"><h3 class=\"vcex-page-title__heading wpex-heading wpex-text-3xl\"><span class=\"vcex-page-title__text\">Especialista en reducci\u00f3n de da\u00f1os personales<\/span><\/h3><\/span><\/div><div class=\"vcex-post-excerpt vcex-module wpex-text-pretty wpex-last-mb-0 blogcard-exerpt\"><p>El candidato se encargar\u00e1 de revisar, negociar y resolver los embargos preventivos m\u00e9dicos\/facturas derivadas de casos de lesiones personales.<\/p>\n<\/div><div class=\"vcex-spacing wpex-w-100 wpex-clear\" style=\"height:16px;\"><\/div><span href=\"#\" class=\"vcex-button theme-button inline\"><span class=\"vcex-button-inner theme-button-inner wpex-flex wpex-flex-wrap wpex-items-center wpex-justify-center\">M\u00e1s informaci\u00f3n<\/span><\/span> <\/div><\/div><\/div><\/div><\/a><\/div><\/div><div class=\"wpex-post-cards-entry col col-2 span_1_of_2 post-1734 type-careers\"><div class=\"wpex-card wpex-card-template_1724\"><a href=\"https:\/\/844spartan.com\/es\/careers\/personal-injury-negotiator\/\" aria-label=\"Negociador de da\u00f1os personales\" class=\"wpex-card-inner wpex-no-underline wpex-inherit-color\"><div class=\"vc_row wpb_row vc_row-fluid careercard-inner wpex-relative\"><div class=\"wpb_column vc_column_container vc_col-sm-12\"><div class=\"vc_column-inner\"><div class=\"wpb_wrapper\"><div class=\"vcex-page-title vcex-module careercard-title\"><span href=\"https:\/\/844spartan.com\/es\/careers\/personal-injury-negotiator\/\" class=\"vcex-page-title__link wpex-no-underline wpex-inherit-color\"><h3 class=\"vcex-page-title__heading wpex-heading wpex-text-3xl\"><span class=\"vcex-page-title__text\">Negociador de da\u00f1os personales<\/span><\/h3><\/span><\/div><div class=\"vcex-post-excerpt vcex-module wpex-text-pretty wpex-last-mb-0 blogcard-exerpt\"><p>Buscamos un negociador de lesiones personales para gestionar y negociar casos en nombre de clientes lesionados.<\/p>\n<\/div><div class=\"vcex-spacing wpex-w-100 wpex-clear\" style=\"height:16px;\"><\/div><span href=\"#\" class=\"vcex-button theme-button inline\"><span class=\"vcex-button-inner theme-button-inner wpex-flex wpex-flex-wrap wpex-items-center wpex-justify-center\">M\u00e1s informaci\u00f3n<\/span><\/span> <\/div><\/div><\/div><\/div><\/a><\/div><\/div><div class=\"wpex-post-cards-entry col col-1 span_1_of_2 post-1733 type-careers\"><div class=\"wpex-card wpex-card-template_1724\"><a href=\"https:\/\/844spartan.com\/es\/careers\/personal-injury-case-manager\/\" aria-label=\"Gestor de casos de da\u00f1os personales\" class=\"wpex-card-inner wpex-no-underline wpex-inherit-color\"><div class=\"vc_row wpb_row vc_row-fluid careercard-inner wpex-relative\"><div class=\"wpb_column vc_column_container vc_col-sm-12\"><div class=\"vc_column-inner\"><div class=\"wpb_wrapper\"><div class=\"vcex-page-title vcex-module careercard-title\"><span href=\"https:\/\/844spartan.com\/es\/careers\/personal-injury-case-manager\/\" class=\"vcex-page-title__link wpex-no-underline wpex-inherit-color\"><h3 class=\"vcex-page-title__heading wpex-heading wpex-text-3xl\"><span class=\"vcex-page-title__text\">Gestor de casos de da\u00f1os personales<\/span><\/h3><\/span><\/div><div class=\"vcex-post-excerpt vcex-module wpex-text-pretty wpex-last-mb-0 blogcard-exerpt\"><p>Buscamos un gestor de casos dedicado y detallista para unirse a nuestro equipo.<\/p>\n<\/div><div class=\"vcex-spacing wpex-w-100 wpex-clear\" style=\"height:16px;\"><\/div><span href=\"#\" class=\"vcex-button theme-button inline\"><span class=\"vcex-button-inner theme-button-inner wpex-flex wpex-flex-wrap wpex-items-center wpex-justify-center\">M\u00e1s informaci\u00f3n<\/span><\/span> <\/div><\/div><\/div><\/div><\/a><\/div><\/div><div class=\"wpex-post-cards-entry col col-2 span_1_of_2 post-1732 type-careers\"><div class=\"wpex-card wpex-card-template_1724\"><a href=\"https:\/\/844spartan.com\/es\/careers\/operations-manager-medical-records-team\/\" aria-label=\"Responsable de operaciones - Equipo de historias cl\u00ednicas\" class=\"wpex-card-inner wpex-no-underline wpex-inherit-color\"><div class=\"vc_row wpb_row vc_row-fluid careercard-inner wpex-relative\"><div class=\"wpb_column vc_column_container vc_col-sm-12\"><div class=\"vc_column-inner\"><div class=\"wpb_wrapper\"><div class=\"vcex-page-title vcex-module careercard-title\"><span href=\"https:\/\/844spartan.com\/es\/careers\/operations-manager-medical-records-team\/\" class=\"vcex-page-title__link wpex-no-underline wpex-inherit-color\"><h3 class=\"vcex-page-title__heading wpex-heading wpex-text-3xl\"><span class=\"vcex-page-title__text\">Responsable de operaciones - Equipo de historias cl\u00ednicas<\/span><\/h3><\/span><\/div><div class=\"vcex-post-excerpt vcex-module wpex-text-pretty wpex-last-mb-0 blogcard-exerpt\"><p>El Director de Operaciones supervisar\u00e1 las operaciones diarias de un equipo especializado.<\/p>\n<\/div><div class=\"vcex-spacing wpex-w-100 wpex-clear\" style=\"height:16px;\"><\/div><span href=\"#\" class=\"vcex-button theme-button inline\"><span class=\"vcex-button-inner theme-button-inner wpex-flex wpex-flex-wrap wpex-items-center wpex-justify-center\">M\u00e1s informaci\u00f3n<\/span><\/span> <\/div><\/div><\/div><\/div><\/a><\/div><\/div><div class=\"wpex-post-cards-entry col col-1 span_1_of_2 post-1718 type-careers\"><div class=\"wpex-card wpex-card-template_1724\"><a href=\"https:\/\/844spartan.com\/es\/careers\/director-of-negotiations\/\" aria-label=\"Director de Negociaciones\" class=\"wpex-card-inner wpex-no-underline wpex-inherit-color\"><div class=\"vc_row wpb_row vc_row-fluid careercard-inner wpex-relative\"><div class=\"wpb_column vc_column_container vc_col-sm-12\"><div class=\"vc_column-inner\"><div class=\"wpb_wrapper\"><div class=\"vcex-page-title vcex-module careercard-title\"><span href=\"https:\/\/844spartan.com\/es\/careers\/director-of-negotiations\/\" class=\"vcex-page-title__link wpex-no-underline wpex-inherit-color\"><h3 class=\"vcex-page-title__heading wpex-heading wpex-text-3xl\"><span class=\"vcex-page-title__text\">Director de Negociaciones<\/span><\/h3><\/span><\/div><div class=\"vcex-post-excerpt vcex-module wpex-text-pretty wpex-last-mb-0 blogcard-exerpt\"><p>El Director de Negociaciones ser\u00e1 responsable de supervisar y gestionar directamente el equipo de negociadores precontenciosos del bufete.<\/p>\n<\/div><div class=\"vcex-spacing wpex-w-100 wpex-clear\" style=\"height:16px;\"><\/div><span href=\"#\" class=\"vcex-button theme-button inline\"><span class=\"vcex-button-inner theme-button-inner wpex-flex wpex-flex-wrap wpex-items-center wpex-justify-center\">M\u00e1s informaci\u00f3n<\/span><\/span> <\/div><\/div><\/div><\/div><\/a><\/div><\/div><\/div><\/div><\/div><\/div><\/div><\/div><\/div>\n<\/div>","protected":false},"excerpt":{"rendered":"Descripci\u00f3n general del puesto El Director de Negociaciones ser\u00e1 responsable de supervisar y gestionar directamente el equipo de negociadores precontenciosos del bufete. Esto incluye establecer estrategias de negociaci\u00f3n, guiar el desempe\u00f1o diario y asegurar resultados consistentes y de alto valor para nuestros clientes. Se requiere liderazgo pr\u00e1ctico, excelentes habilidades de comunicaci\u00f3n y profunda familiaridad con el proceso de reclamaciones por lesiones personales, junto con la...","protected":false},"author":5,"featured_media":0,"parent":0,"menu_order":0,"comment_status":"closed","ping_status":"closed","template":"","meta":{"_monsterinsights_skip_tracking":false,"_monsterinsights_sitenote_active":false,"_monsterinsights_sitenote_note":"","_monsterinsights_sitenote_category":0,"footnotes":""},"categories":[],"tags":[],"class_list":["post-1714","page","type-page","status-publish","hentry","entry","no-media"],"aioseo_notices":[],"aioseo_head":"\n\t\t<!-- All in One SEO Pro 4.9.6.2 - aioseo.com -->\n\t<meta name=\"description\" content=\"Join a results driven team. Our injury law firm seeks a director to lead pre litigation negotiators and guide case strategy. | 844-SPARTAN\" \/>\n\t<meta name=\"robots\" content=\"max-image-preview:large\" \/>\n\t<link rel=\"canonical\" href=\"https:\/\/844spartan.com\/es\/careers\/director-of-negotiations\/\" \/>\n\t<meta name=\"generator\" content=\"All in One SEO Pro (AIOSEO) 4.9.6.2\" \/>\n\t\t<meta property=\"og:locale\" content=\"es_ES\" \/>\n\t\t<meta property=\"og:site_name\" content=\"844-SPARTAN - 844-SPARTAN\" \/>\n\t\t<meta property=\"og:type\" content=\"article\" \/>\n\t\t<meta property=\"og:title\" content=\"Experienced Injury Law Firm Leadership Role\" \/>\n\t\t<meta property=\"og:description\" content=\"Join a results driven team. Our injury law firm seeks a director to lead pre litigation negotiators and guide case strategy. | 844-SPARTAN\" \/>\n\t\t<meta property=\"og:url\" content=\"https:\/\/844spartan.com\/es\/careers\/director-of-negotiations\/\" \/>\n\t\t<meta property=\"article:published_time\" content=\"2025-12-04T15:26:14+00:00\" \/>\n\t\t<meta property=\"article:modified_time\" content=\"2026-03-06T12:02:27+00:00\" \/>\n\t\t<meta name=\"twitter:card\" content=\"summary_large_image\" \/>\n\t\t<meta name=\"twitter:title\" content=\"Experienced Injury Law Firm Leadership Role\" \/>\n\t\t<meta name=\"twitter:description\" content=\"Join a results driven team. Our injury law firm seeks a director to lead pre litigation negotiators and guide case strategy. | 844-SPARTAN\" \/>\n\t\t<script type=\"application\/ld+json\" class=\"aioseo-schema\">\n\t\t\t{\"@context\":\"https:\\\/\\\/schema.org\",\"@graph\":[{\"@type\":\"BreadcrumbList\",\"@id\":\"https:\\\/\\\/844spartan.com\\\/es\\\/careers\\\/director-of-negotiations\\\/#breadcrumblist\",\"itemListElement\":[{\"@type\":\"ListItem\",\"@id\":\"https:\\\/\\\/844spartan.com\\\/es#listItem\",\"position\":1,\"name\":\"Home\",\"item\":\"https:\\\/\\\/844spartan.com\\\/es\",\"nextItem\":{\"@type\":\"ListItem\",\"@id\":\"https:\\\/\\\/844spartan.com\\\/es\\\/all-careers\\\/#listItem\",\"name\":\"Careers\"}},{\"@type\":\"ListItem\",\"@id\":\"https:\\\/\\\/844spartan.com\\\/es\\\/all-careers\\\/#listItem\",\"position\":2,\"name\":\"Careers\",\"previousItem\":{\"@type\":\"ListItem\",\"@id\":\"https:\\\/\\\/844spartan.com\\\/es#listItem\",\"name\":\"Home\"}}]},{\"@type\":\"Organization\",\"@id\":\"https:\\\/\\\/844spartan.com\\\/es\\\/#organization\",\"name\":\"Spartan Law Group\",\"description\":\"844-SPARTAN\",\"url\":\"https:\\\/\\\/844spartan.com\\\/es\\\/\",\"address\":{\"@id\":\"https:\\\/\\\/844spartan.com\\\/es\\\/#postaladdress\",\"@type\":\"PostalAddress\",\"streetAddress\":\"200 Sandy Springs Pl NE,\",\"postalCode\":\"30328\",\"addressLocality\":\"Sandy Springs\",\"addressRegion\":\"GA\",\"addressCountry\":\"US\"}},{\"@type\":\"WebPage\",\"@id\":\"https:\\\/\\\/844spartan.com\\\/es\\\/careers\\\/director-of-negotiations\\\/#webpage\",\"url\":\"https:\\\/\\\/844spartan.com\\\/es\\\/careers\\\/director-of-negotiations\\\/\",\"name\":\"Experienced Injury Law Firm Leadership Role\",\"description\":\"Join a results driven team. Our injury law firm seeks a director to lead pre litigation negotiators and guide case strategy. | 844-SPARTAN\",\"inLanguage\":\"es-ES\",\"isPartOf\":{\"@id\":\"https:\\\/\\\/844spartan.com\\\/es\\\/#website\"},\"breadcrumb\":{\"@id\":\"https:\\\/\\\/844spartan.com\\\/es\\\/careers\\\/director-of-negotiations\\\/#breadcrumblist\"},\"datePublished\":\"2025-12-04T15:26:14-04:00\",\"dateModified\":\"2026-03-06T12:02:27-04:00\"},{\"@type\":\"WebSite\",\"@id\":\"https:\\\/\\\/844spartan.com\\\/es\\\/#website\",\"url\":\"https:\\\/\\\/844spartan.com\\\/es\\\/\",\"name\":\"844-SPARTAN\",\"description\":\"844-SPARTAN\",\"inLanguage\":\"es-ES\",\"publisher\":{\"@id\":\"https:\\\/\\\/844spartan.com\\\/es\\\/#organization\"}}]}\n\t\t<\/script>\n\t\t<!-- All in One SEO Pro -->\r\n\t\t<title>Experienced Injury Law Firm Leadership Role<\/title>\n\n","aioseo_head_json":{"title":"Experiencia en la direcci\u00f3n de bufetes de abogados especializados en lesiones","description":"\u00danase a un equipo orientado a resultados. Nuestro bufete de abogados especializados en lesiones busca un director que dirija a los negociadores previos al litigio y gu\u00ede la estrategia del caso. | 844-SPARTAN","canonical_url":"https:\/\/844spartan.com\/es\/careers\/director-of-negotiations\/","robots":"max-image-preview:large","keywords":"","webmasterTools":{"miscellaneous":""},"schema":{"@context":"https:\/\/schema.org","@graph":[{"@type":"BreadcrumbList","@id":"https:\/\/844spartan.com\/es\/careers\/director-of-negotiations\/#breadcrumblist","itemListElement":[{"@type":"ListItem","@id":"https:\/\/844spartan.com\/es#listItem","position":1,"name":"Home","item":"https:\/\/844spartan.com\/es","nextItem":{"@type":"ListItem","@id":"https:\/\/844spartan.com\/es\/all-careers\/#listItem","name":"Careers"}},{"@type":"ListItem","@id":"https:\/\/844spartan.com\/es\/all-careers\/#listItem","position":2,"name":"Careers","previousItem":{"@type":"ListItem","@id":"https:\/\/844spartan.com\/es#listItem","name":"Home"}}]},{"@type":"Organization","@id":"https:\/\/844spartan.com\/es\/#organization","name":"Spartan Law Group","description":"844-SPARTAN","url":"https:\/\/844spartan.com\/es\/","address":{"@id":"https:\/\/844spartan.com\/es\/#postaladdress","@type":"PostalAddress","streetAddress":"200 Sandy Springs Pl NE,","postalCode":"30328","addressLocality":"Sandy Springs","addressRegion":"GA","addressCountry":"US"}},{"@type":"WebPage","@id":"https:\/\/844spartan.com\/es\/careers\/director-of-negotiations\/#webpage","url":"https:\/\/844spartan.com\/es\/careers\/director-of-negotiations\/","name":"Experienced Injury Law Firm Leadership Role","description":"Join a results driven team. Our injury law firm seeks a director to lead pre litigation negotiators and guide case strategy. | 844-SPARTAN","inLanguage":"es-ES","isPartOf":{"@id":"https:\/\/844spartan.com\/es\/#website"},"breadcrumb":{"@id":"https:\/\/844spartan.com\/es\/careers\/director-of-negotiations\/#breadcrumblist"},"datePublished":"2025-12-04T15:26:14-04:00","dateModified":"2026-03-06T12:02:27-04:00"},{"@type":"WebSite","@id":"https:\/\/844spartan.com\/es\/#website","url":"https:\/\/844spartan.com\/es\/","name":"844-SPARTAN","description":"844-SPARTAN","inLanguage":"es-ES","publisher":{"@id":"https:\/\/844spartan.com\/es\/#organization"}}]},"og:locale":"es_ES","og:site_name":"844-SPARTAN - 844-SPARTAN","og:type":"article","og:title":"Experienced Injury Law Firm Leadership Role","og:description":"Join a results driven team. Our injury law firm seeks a director to lead pre litigation negotiators and guide case strategy. | 844-SPARTAN","og:url":"https:\/\/844spartan.com\/es\/careers\/director-of-negotiations\/","article:published_time":"2025-12-04T15:26:14+00:00","article:modified_time":"2026-03-06T12:02:27+00:00","twitter:card":"summary_large_image","twitter:title":"Experienced Injury Law Firm Leadership Role","twitter:description":"Join a results driven team. Our injury law firm seeks a director to lead pre litigation negotiators and guide case strategy. | 844-SPARTAN"},"aioseo_meta_data":{"post_id":"1714","title":"Bufete de lesiones de confianza Oportunidades de empleo | 844-SPARTAN","description":"\u00danase a un respetado equipo jur\u00eddico. Nuestro bufete de abogados especializados en lesiones ofrece trayectorias profesionales para profesionales comprometidos con la defensa y el servicio al cliente.","keywords":null,"keyphrases":{"focus":{"keyphrase":"","score":0,"analysis":{"keyphraseInTitle":{"score":0,"maxScore":9,"error":1}}},"additional":[]},"primary_term":null,"canonical_url":null,"og_title":null,"og_description":null,"og_object_type":"default","og_image_type":"default","og_image_url":null,"og_image_width":null,"og_image_height":null,"og_image_custom_url":null,"og_image_custom_fields":null,"og_video":"","og_custom_url":null,"og_article_section":null,"og_article_tags":null,"twitter_use_og":false,"twitter_card":"default","twitter_image_type":"default","twitter_image_url":null,"twitter_image_custom_url":null,"twitter_image_custom_fields":null,"twitter_title":null,"twitter_description":null,"schema":{"blockGraphs":[],"customGraphs":[],"default":{"data":{"Article":[],"Course":[],"Dataset":[],"FAQPage":[],"Movie":[],"Person":[],"Product":[],"ProductReview":[],"Car":[],"Recipe":[],"Service":[],"SoftwareApplication":[],"WebPage":[]},"graphName":"WebPage","isEnabled":true},"graphs":[]},"schema_type":"default","schema_type_options":null,"pillar_content":false,"robots_default":true,"robots_noindex":false,"robots_noarchive":false,"robots_nosnippet":false,"robots_nofollow":false,"robots_noimageindex":false,"robots_noodp":false,"robots_notranslate":false,"robots_max_snippet":"-1","robots_max_videopreview":"-1","robots_max_imagepreview":"large","priority":null,"frequency":"default","local_seo":null,"seo_analyzer_scan_date":"2026-03-06 11:22:05","breadcrumb_settings":null,"limit_modified_date":false,"open_ai":null,"ai":{"faqs":[],"keyPoints":[],"titles":[],"descriptions":[],"socialPosts":{"email":[],"linkedin":[],"twitter":[],"facebook":[],"instagram":[]}},"created":"2025-12-04 13:50:42","updated":"2026-03-06 11:22:05"},"aioseo_breadcrumb":"<div class=\"aioseo-breadcrumbs\"><span class=\"aioseo-breadcrumb\">\n\t<a href=\"https:\/\/844spartan.com\/es\" title=\"Home\">Home<\/a>\n<\/span><span class=\"aioseo-breadcrumb-separator\">&raquo;<\/span><span class=\"aioseo-breadcrumb\">\n\tCareers\n<\/span><\/div>","aioseo_breadcrumb_json":[{"label":"Home","link":"https:\/\/844spartan.com\/es"},{"label":"Careers","link":"https:\/\/844spartan.com\/es\/all-careers\/"}],"_links":{"self":[{"href":"https:\/\/844spartan.com\/es\/wp-json\/wp\/v2\/pages\/1714","targetHints":{"allow":["GET"]}}],"collection":[{"href":"https:\/\/844spartan.com\/es\/wp-json\/wp\/v2\/pages"}],"about":[{"href":"https:\/\/844spartan.com\/es\/wp-json\/wp\/v2\/types\/page"}],"author":[{"embeddable":true,"href":"https:\/\/844spartan.com\/es\/wp-json\/wp\/v2\/users\/5"}],"replies":[{"embeddable":true,"href":"https:\/\/844spartan.com\/es\/wp-json\/wp\/v2\/comments?post=1714"}],"version-history":[{"count":0,"href":"https:\/\/844spartan.com\/es\/wp-json\/wp\/v2\/pages\/1714\/revisions"}],"wp:attachment":[{"href":"https:\/\/844spartan.com\/es\/wp-json\/wp\/v2\/media?parent=1714"}],"wp:term":[{"taxonomy":"category","embeddable":true,"href":"https:\/\/844spartan.com\/es\/wp-json\/wp\/v2\/categories?post=1714"},{"taxonomy":"post_tag","embeddable":true,"href":"https:\/\/844spartan.com\/es\/wp-json\/wp\/v2\/tags?post=1714"}],"curies":[{"name":"wp","href":"https:\/\/api.w.org\/{rel}","templated":true}]}}