{"id":191,"date":"2025-06-02T15:42:20","date_gmt":"2025-06-02T15:42:20","guid":{"rendered":"https:\/\/spartanlawgroup.com\/?page_id=191"},"modified":"2025-09-18T11:16:00","modified_gmt":"2025-09-18T11:16:00","slug":"abogado-de-accidentes-de-peatones","status":"publish","type":"page","link":"https:\/\/844spartan.com\/es\/practice-areas\/pedestrian-accident-lawyer\/","title":{"rendered":"Abogado de accidentes de peatones"},"content":{"rendered":"<p>Los peatones deben tener la posibilidad de caminar con seguridad de un lugar a otro. Sin embargo, los conductores son a menudo desatentos, y eso puede causar que los peatones sean atropellados. Tr\u00e1gicamente, muchos peatones resultan heridos o mueren en accidentes de tr\u00e1fico cada a\u00f1o.<\/p>\n<p>Si usted ha sido lesionado como peat\u00f3n, necesita un abogado con experiencia en accidentes de peatones que puede ayudar a proteger sus derechos legales. <a href=\"\/es\/contacto\/\">P\u00f3ngase en contacto con<\/a> <a href=\"\/es\/acerca-de\/\">844-SPARTAN<\/a> para que le ayudemos a recuperar la indemnizaci\u00f3n que se le debe. Ll\u00e1menos al <a href=\"tel:+18447727826\">(844) 772-7826<\/a> para programar una consulta gratuita con un abogado de accidentes de peatones hoy.<\/p>\n<h2>C\u00f3mo 844-SPARTAN puede ayudar despu\u00e9s de un accidente de peat\u00f3n<\/h2>\n<p><img loading=\"lazy\" decoding=\"async\" class=\"alignnone wp-image-444 size-full\" src=\"https:\/\/844spartan.com\/wp-content\/uploads\/2025\/06\/How-Spartan-Law-Can-Help-After-a-Pedestrian-Accident-in-Atlanta-768x576-1.jpg\" alt=\"\" width=\"768\" height=\"576\" srcset=\"https:\/\/844spartan.com\/wp-content\/uploads\/2025\/06\/How-Spartan-Law-Can-Help-After-a-Pedestrian-Accident-in-Atlanta-768x576-1.jpg 768w, https:\/\/844spartan.com\/wp-content\/uploads\/2025\/06\/How-Spartan-Law-Can-Help-After-a-Pedestrian-Accident-in-Atlanta-768x576-1-300x225.jpg 300w\" sizes=\"auto, (max-width: 768px) 100vw, 768px\" \/><\/p>\n<p>Ser atropellado por un veh\u00edculo puede ser un momento extremadamente emocional y estresante. Usted est\u00e1 probablemente preocupado acerca de c\u00f3mo va a pagar todas sus facturas m\u00e9dicas, especialmente si usted est\u00e1 perdiendo tiempo de trabajo debido a sus lesiones. 844-SPARTAN est\u00e1 aqu\u00ed para ayudarle.<\/p>\n<p>Nuestra <a href=\"https:\/\/844spartan.com\/es\/\">abogados de lesiones personales<\/a> tenemos 75 a\u00f1os de experiencia combinada, y podemos elaborar una estrategia ganadora para su caso.<\/p>\n<p>Algunas de las formas en que nuestros abogados de lesiones personales pueden ayudarle incluyen:<\/p>\n<ul>\n<li>Realizar una investigaci\u00f3n exhaustiva del accidente<\/li>\n<li>Entrevistar a los testigos que presenciaron el accidente<\/li>\n<li>Reunir y presentar pruebas que contribuyan a demostrar su reclamaci\u00f3n<\/li>\n<li>Gesti\u00f3n de todas las comunicaciones y conversaciones con el perito y la compa\u00f1\u00eda de seguros<\/li>\n<li>Calcular con precisi\u00f3n el valor de todos sus da\u00f1os<\/li>\n<li>Ponerle en contacto con profesionales sanitarios de calidad<\/li>\n<li>Negociaci\u00f3n de una indemnizaci\u00f3n completa y justa por todas sus lesiones.<\/li>\n<li>Litigar agresivamente por usted ante los tribunales cuando sea necesario.<\/li>\n<\/ul>\n<p>Hemos recuperado m\u00e1s de $250 millones para otras v\u00edctimas de lesiones, y trabajaremos incansablemente para que usted tambi\u00e9n sea compensado. P\u00f3ngase en contacto con nosotros hoy para su consulta gratuita con un abogado de accidentes de peatones.<\/p>\n<h2>\u00bfCu\u00e1nto vale mi caso de accidente de peat\u00f3n?<\/h2>\n<p>Obviamente, los peatones no son rivales para un veh\u00edculo de motor. Desafortunadamente, los accidentes de peatones a menudo resultan en graves o <a href=\"\/es\/areas-de-practica\/abogado-de-lesiones-catastroficas\/\">lesiones catastr\u00f3ficas<\/a>. El valor de su reclamaci\u00f3n por accidente de peat\u00f3n depende en gran medida del alcance y la gravedad de sus lesiones.<\/p>\n<p>Las reclamaciones por lesiones leves o moderadas pueden ascender a miles de d\u00f3lares, mientras que cuanto m\u00e1s graves sean las lesiones, mayor ser\u00e1 el valor de la reclamaci\u00f3n. En algunos casos, las reclamaciones por lesiones catastr\u00f3ficas pueden alcanzar importes muy elevados.<\/p>\n<p>La mejor manera de determinar el valor de su reclamo es hablar con un abogado con experiencia en accidentes de peatones. 844-SPARTAN utilizar\u00e1 nuestra experiencia para ayudar a valorar adecuadamente su reclamo y buscar una recuperaci\u00f3n completa y justa.<\/p>\n<h2>\u00bfQu\u00e9 tipo de indemnizaciones pueden solicitar las v\u00edctimas de accidentes?<\/h2>\n<p>Las v\u00edctimas de accidentes suelen tener derecho a recuperar tanto los da\u00f1os econ\u00f3micos como los no econ\u00f3micos derivados del accidente. Los da\u00f1os econ\u00f3micos son los que dan lugar a una p\u00e9rdida financiera directa. Estos da\u00f1os suelen ir acompa\u00f1ados de recibos u otros documentos que demuestran su valor.<\/p>\n<p>Algunos ejemplos comunes de <a href=\"\/es\/recursos-sobre-lesiones-personales\/que-son-los-perjuicios-economicos\/\">da\u00f1os econ\u00f3micos<\/a> incluyen:<\/p>\n<ul>\n<li>Salarios perdidos<\/li>\n<li>Facturas m\u00e9dicas<\/li>\n<li>Reducci\u00f3n de la capacidad de ingresos<\/li>\n<li>Gastos de fisioterapia<\/li>\n<li>Costes de rehabilitaci\u00f3n<\/li>\n<li>Asistencia sanitaria a domicilio<\/li>\n<li>Gastos de reparaci\u00f3n del coche<\/li>\n<li>Otros da\u00f1os materiales<\/li>\n<\/ul>\n<p><a href=\"\/es\/recursos-sobre-lesiones-personales\/que-son-los-danos-no-economicos\/\">Da\u00f1os no econ\u00f3micos<\/a> son m\u00e1s dif\u00edciles de valorar. No hay recibos ni facturas que demuestren directamente el impacto financiero de estos da\u00f1os.<\/p>\n<p>Algunos de los tipos m\u00e1s comunes de da\u00f1os no econ\u00f3micos incluyen:<\/p>\n<ul>\n<li><a href=\"\/es\/recursos-sobre-lesiones-personales\/como-se-calculan-los-danos-morales\/\">Dolor y sufrimiento<\/a><\/li>\n<li>Angustia mental<\/li>\n<li>Cicatrices o desfiguraci\u00f3n<\/li>\n<li>P\u00e9rdida de consorcio<\/li>\n<li>P\u00e9rdida de calidad de vida<\/li>\n<li>TEPT por el accidente<\/li>\n<\/ul>\n<p>El m\u00e9todo del multiplicador es un m\u00e9todo habitual para calcular el valor de los da\u00f1os no econ\u00f3micos. Se asigna a la reclamaci\u00f3n un multiplicador de entre 1,5 y 5 en funci\u00f3n de la gravedad de las lesiones y la duraci\u00f3n de la recuperaci\u00f3n. Cuanto m\u00e1s graves sean las lesiones, mayor ser\u00e1 el multiplicador. Los da\u00f1os no econ\u00f3micos se calculan multiplicando el valor de los da\u00f1os econ\u00f3micos por el multiplicador.<\/p>\n<h2>\u00bfCu\u00e1nto cuesta contratar a un abogado de accidentes de peatones?<\/h2>\n<p>La mayor\u00eda de los abogados de accidentes de peatones trabajan con honorarios condicionales. Cuando se utiliza una cuota de contingencia, el abogado s\u00f3lo se les paga si ganan o resolver su caso.<\/p>\n<p>Los honorarios condicionales en casos de accidentes de peatones pueden variar en funci\u00f3n de la fase en que se encuentre el caso y de las condiciones del acuerdo. Los honorarios suelen ser m\u00e1s bajos si el caso se resuelve antes de ir a juicio y m\u00e1s altos si se requiere un juicio.<\/p>\n<p>Imag\u00ednese que sufre lesiones en un accidente de peat\u00f3n y acuerda con su abogado una cuota litis de 30%. El abogado resuelve con \u00e9xito la reclamaci\u00f3n por $20.000. En esta situaci\u00f3n, el abogado recibir\u00eda unos honorarios de $6.000, y usted recibir\u00eda los $14.000 restantes en concepto de indemnizaci\u00f3n.<\/p>\n<p>Acuerdos de honorarios contingentes deben ser por escrito, y usted debe entender completamente el acuerdo al comienzo de la representaci\u00f3n del abogado. En 844-SPARTAN, usted nunca paga los honorarios de un abogado a menos que obtengamos una indemnizaci\u00f3n para usted.<\/p>\n<h2>\u00bfPuedo recibir una indemnizaci\u00f3n si me culpan de un accidente de peat\u00f3n?<\/h2>\n<p>S\u00ed, es posible que pueda obtener una indemnizaci\u00f3n aunque le culpen del accidente que le caus\u00f3 las lesiones. Muchas jurisdicciones siguen una forma de <a href=\"https:\/\/www.law.cornell.edu\/wex\/comparative_negligence\">negligencia comparativa<\/a> para reclamaciones por da\u00f1os personales. En estos sistemas, usted puede obtener una indemnizaci\u00f3n siempre que su parte de culpa est\u00e9 por debajo de un umbral legal, y cualquier indemnizaci\u00f3n puede reducirse en funci\u00f3n de su porcentaje de culpa.<\/p>\n<p>Deje que nuestro equipo ayude a investigar su accidente para determinar qui\u00e9n tuvo la culpa y ayudar a que la parte responsable rinda cuentas.<\/p>\n<h2>Vamos a luchar para recuperar la indemnizaci\u00f3n por todas sus lesiones de accidentes de peatones<\/h2>\n<p>Los peatones suelen sufrir lesiones muy graves cuando son atropellados por un veh\u00edculo. En algunos casos, estos desafortunados accidentes son incluso mortales.<\/p>\n<p>Algunos de los tipos m\u00e1s comunes de lesiones sufridas en accidentes de peatones son los siguientes:<\/p>\n<ul>\n<li>Conmociones cerebrales<\/li>\n<li>Huesos rotos<\/li>\n<li>Laceraciones<\/li>\n<li>Da\u00f1os en \u00f3rganos internos<\/li>\n<li>Hemorragia interna<\/li>\n<li>Lesiones de espalda y columna vertebral<\/li>\n<li><a href=\"\/es\/areas-de-practica\/abogado-de-muerte-por-negligencia\/\">Muerte por negligencia<\/a><\/li>\n<\/ul>\n<p>Si usted ha sido golpeado por un veh\u00edculo y herido, necesita la ayuda de un abogado con experiencia en accidentes de peatones. El equipo de 844-SPARTAN puede ayudar a evaluar el alcance de sus lesiones y poner un valor exacto en su reclamo. P\u00f3ngase en contacto con nosotros hoy para que podamos poner nuestra experiencia a trabajar para usted.<\/p>\n<h2>\u00bfCu\u00e1les son las causas de la mayor\u00eda de los accidentes de peatones?<\/h2>\n<p>La mayor\u00eda de los accidentes de peatones se deben a la falta de atenci\u00f3n del conductor. Los conductores distra\u00eddos son una de las principales causas de accidentes de tr\u00e1fico y de peatones.<\/p>\n<p>Las distracciones pueden provenir de muchas cosas, entre ellas:<\/p>\n<ul>\n<li>Mensajes de texto<\/li>\n<li>Sistemas GPS<\/li>\n<li>Ajuste de la radio u otros accesorios<\/li>\n<li>Interacci\u00f3n con los pasajeros<\/li>\n<li>Comer o beber<\/li>\n<\/ul>\n<p>Adem\u00e1s de la conducci\u00f3n distra\u00edda, otras causas comunes son:<\/p>\n<ul>\n<li>Mala visibilidad<\/li>\n<li>No ceder el paso<\/li>\n<li><a href=\"\/es\/areas-de-practica\/abogado-de-accidente-de-coche\/accidentes-de-conducir-ebrio\/\">Conducci\u00f3n bajo los efectos del alcohol<\/a><\/li>\n<li>Malas condiciones meteorol\u00f3gicas<\/li>\n<li><a href=\"\/es\/areas-de-practica\/abogado-de-accidente-de-coche\/accidentes-por-exceso-de-velocidad\/\">Velocidad excesiva<\/a><\/li>\n<\/ul>\n<p>Los accidentes de peatones pueden ocurrir en un abrir y cerrar de ojos y pueden dejarle con lesiones sustanciales y facturas m\u00e9dicas. Si usted ha sido herido en un accidente de peatones, p\u00f3ngase en contacto con nosotros hoy para que podamos ayudarle a buscar una compensaci\u00f3n por sus lesiones.<\/p>\n<h2>\u00bfCu\u00e1nto tiempo tengo para presentar una demanda despu\u00e9s de un accidente de peatones?<\/h2>\n<p>Los plazos de presentaci\u00f3n (estatutos de limitaciones) var\u00edan seg\u00fan la jurisdicci\u00f3n y el tipo de reclamaci\u00f3n. Muchos lugares exigen que las demandas por lesiones personales se presenten en un plazo de uno a tres a\u00f1os a partir de la fecha del accidente, y algunas situaciones pueden acortar o ampliar estos plazos. El incumplimiento del plazo de presentaci\u00f3n puede impedirle obtener una indemnizaci\u00f3n.<\/p>\n<p>844-SPARTAN puede ayudar a evaluar los detalles de su reclamo, asegurarse de que se presente a tiempo, y trabajar con diligencia para obtener la compensaci\u00f3n que se merece.<\/p>\n<h2>P\u00f3ngase en contacto con nuestros abogados de accidentes de peatones para una consulta gratuita<\/h2>\n<p>Los accidentes de peatones son demasiado comunes y a menudo dejan a las v\u00edctimas con efectos que alteran la vida y consecuencias financieras a largo plazo. Las v\u00edctimas necesitan un abogado en el que puedan confiar y confiar para ayudarles a obtener una compensaci\u00f3n completa por sus lesiones.<\/p>\n<p>844-SPARTAN tiene m\u00e1s de 75 a\u00f1os de experiencia combinada, y vamos a utilizar esa experiencia para ayudarle a obtener la compensaci\u00f3n que se merece. Perm\u00edtanos manejar su reclamo mientras usted se concentra en su recuperaci\u00f3n f\u00edsica. P\u00f3ngase en contacto con nosotros hoy para programar una consulta gratuita con un abogado de accidentes de peatones.<\/p>","protected":false},"excerpt":{"rendered":"<p>Los peatones deben tener la posibilidad de caminar con seguridad de un lugar a otro. Sin embargo, los conductores son a menudo desatentos, y eso puede causar que los peatones sean atropellados. Tr\u00e1gicamente, muchos peatones son heridos o muertos en accidentes de tr\u00e1fico cada a\u00f1o. Si usted ha sido lesionado como peat\u00f3n, necesita un abogado con experiencia en accidentes de peatones que...<\/p>","protected":false},"author":5,"featured_media":0,"parent":162,"menu_order":0,"comment_status":"closed","ping_status":"closed","template":"","meta":{"_monsterinsights_skip_tracking":false,"_monsterinsights_sitenote_active":false,"_monsterinsights_sitenote_note":"","_monsterinsights_sitenote_category":0,"footnotes":""},"categories":[6],"tags":[],"class_list":["post-191","page","type-page","status-publish","hentry","category-practice-areas","entry","no-media"],"aioseo_notices":[],"aioseo_head":"\n\t\t<!-- All in One SEO Pro 4.9.6.2 - aioseo.com -->\n\t<meta name=\"description\" content=\"Trusted support for pedestrians injured in accidents. We fight for your rights with care and professionalism. Free consultations available.\" \/>\n\t<meta name=\"robots\" content=\"max-image-preview:large\" \/>\n\t<link rel=\"canonical\" href=\"https:\/\/844spartan.com\/es\/practice-areas\/pedestrian-accident-lawyer\/\" \/>\n\t<meta name=\"generator\" content=\"All in One SEO Pro (AIOSEO) 4.9.6.2\" \/>\n\t\t<meta property=\"og:locale\" content=\"es_ES\" \/>\n\t\t<meta property=\"og:site_name\" content=\"844-SPARTAN - 844-SPARTAN\" \/>\n\t\t<meta property=\"og:type\" content=\"article\" \/>\n\t\t<meta property=\"og:title\" content=\"Trusted Pedestrian Accident Lawyer\" \/>\n\t\t<meta property=\"og:description\" content=\"Trusted support for pedestrians injured in accidents. We fight for your rights with care and professionalism. Free consultations available.\" \/>\n\t\t<meta property=\"og:url\" content=\"https:\/\/844spartan.com\/es\/practice-areas\/pedestrian-accident-lawyer\/\" \/>\n\t\t<meta property=\"article:published_time\" content=\"2025-06-02T15:42:20+00:00\" \/>\n\t\t<meta property=\"article:modified_time\" content=\"2025-09-18T11:16:00+00:00\" \/>\n\t\t<meta name=\"twitter:card\" content=\"summary_large_image\" \/>\n\t\t<meta name=\"twitter:title\" content=\"Trusted Pedestrian Accident Lawyer\" \/>\n\t\t<meta name=\"twitter:description\" content=\"Trusted support for pedestrians injured in accidents. We fight for your rights with care and professionalism. Free consultations available.\" \/>\n\t\t<script type=\"application\/ld+json\" class=\"aioseo-schema\">\n\t\t\t{\"@context\":\"https:\\\/\\\/schema.org\",\"@graph\":[{\"@type\":\"BreadcrumbList\",\"@id\":\"https:\\\/\\\/844spartan.com\\\/es\\\/practice-areas\\\/pedestrian-accident-lawyer\\\/#breadcrumblist\",\"itemListElement\":[{\"@type\":\"ListItem\",\"@id\":\"https:\\\/\\\/844spartan.com\\\/es#listItem\",\"position\":1,\"name\":\"Home\",\"item\":\"https:\\\/\\\/844spartan.com\\\/es\",\"nextItem\":{\"@type\":\"ListItem\",\"@id\":\"https:\\\/\\\/844spartan.com\\\/es\\\/practice-areas\\\/#listItem\",\"name\":\"Practice Areas\"}},{\"@type\":\"ListItem\",\"@id\":\"https:\\\/\\\/844spartan.com\\\/es\\\/practice-areas\\\/#listItem\",\"position\":2,\"name\":\"Practice Areas\",\"item\":\"https:\\\/\\\/844spartan.com\\\/es\\\/practice-areas\\\/\",\"nextItem\":{\"@type\":\"ListItem\",\"@id\":\"https:\\\/\\\/844spartan.com\\\/es\\\/practice-areas\\\/pedestrian-accident-lawyer\\\/#listItem\",\"name\":\"Pedestrian Accident Lawyer\"},\"previousItem\":{\"@type\":\"ListItem\",\"@id\":\"https:\\\/\\\/844spartan.com\\\/es#listItem\",\"name\":\"Home\"}},{\"@type\":\"ListItem\",\"@id\":\"https:\\\/\\\/844spartan.com\\\/es\\\/practice-areas\\\/pedestrian-accident-lawyer\\\/#listItem\",\"position\":3,\"name\":\"Pedestrian Accident Lawyer\",\"previousItem\":{\"@type\":\"ListItem\",\"@id\":\"https:\\\/\\\/844spartan.com\\\/es\\\/practice-areas\\\/#listItem\",\"name\":\"Practice Areas\"}}]},{\"@type\":\"Organization\",\"@id\":\"https:\\\/\\\/844spartan.com\\\/es\\\/#organization\",\"name\":\"Spartan Law Group\",\"description\":\"844-SPARTAN\",\"url\":\"https:\\\/\\\/844spartan.com\\\/es\\\/\",\"address\":{\"@id\":\"https:\\\/\\\/844spartan.com\\\/es\\\/#postaladdress\",\"@type\":\"PostalAddress\",\"streetAddress\":\"200 Sandy Springs Pl NE,\",\"postalCode\":\"30328\",\"addressLocality\":\"Sandy Springs\",\"addressRegion\":\"GA\",\"addressCountry\":\"US\"}},{\"@type\":\"WebPage\",\"@id\":\"https:\\\/\\\/844spartan.com\\\/es\\\/practice-areas\\\/pedestrian-accident-lawyer\\\/#webpage\",\"url\":\"https:\\\/\\\/844spartan.com\\\/es\\\/practice-areas\\\/pedestrian-accident-lawyer\\\/\",\"name\":\"Trusted Pedestrian Accident Lawyer\",\"description\":\"Trusted support for pedestrians injured in accidents. We fight for your rights with care and professionalism. Free consultations available.\",\"inLanguage\":\"es-ES\",\"isPartOf\":{\"@id\":\"https:\\\/\\\/844spartan.com\\\/es\\\/#website\"},\"breadcrumb\":{\"@id\":\"https:\\\/\\\/844spartan.com\\\/es\\\/practice-areas\\\/pedestrian-accident-lawyer\\\/#breadcrumblist\"},\"datePublished\":\"2025-06-02T15:42:20-04:00\",\"dateModified\":\"2025-09-18T11:16:00-04:00\"},{\"@type\":\"WebSite\",\"@id\":\"https:\\\/\\\/844spartan.com\\\/es\\\/#website\",\"url\":\"https:\\\/\\\/844spartan.com\\\/es\\\/\",\"name\":\"844-SPARTAN\",\"description\":\"844-SPARTAN\",\"inLanguage\":\"es-ES\",\"publisher\":{\"@id\":\"https:\\\/\\\/844spartan.com\\\/es\\\/#organization\"}}]}\n\t\t<\/script>\n\t\t<!-- All in One SEO Pro -->\r\n\t\t<title>Trusted Pedestrian Accident Lawyer<\/title>\n\n","aioseo_head_json":{"title":"Abogado de Accidentes de Peatones de Confianza","description":"Apoyo de confianza para peatones lesionados en accidentes. Luchamos por sus derechos con esmero y profesionalidad. Consultas gratuitas disponibles.","canonical_url":"https:\/\/844spartan.com\/es\/practice-areas\/pedestrian-accident-lawyer\/","robots":"max-image-preview:large","keywords":"","webmasterTools":{"miscellaneous":""},"schema":{"@context":"https:\/\/schema.org","@graph":[{"@type":"BreadcrumbList","@id":"https:\/\/844spartan.com\/es\/practice-areas\/pedestrian-accident-lawyer\/#breadcrumblist","itemListElement":[{"@type":"ListItem","@id":"https:\/\/844spartan.com\/es#listItem","position":1,"name":"Home","item":"https:\/\/844spartan.com\/es","nextItem":{"@type":"ListItem","@id":"https:\/\/844spartan.com\/es\/practice-areas\/#listItem","name":"Practice Areas"}},{"@type":"ListItem","@id":"https:\/\/844spartan.com\/es\/practice-areas\/#listItem","position":2,"name":"Practice Areas","item":"https:\/\/844spartan.com\/es\/practice-areas\/","nextItem":{"@type":"ListItem","@id":"https:\/\/844spartan.com\/es\/practice-areas\/pedestrian-accident-lawyer\/#listItem","name":"Pedestrian Accident Lawyer"},"previousItem":{"@type":"ListItem","@id":"https:\/\/844spartan.com\/es#listItem","name":"Home"}},{"@type":"ListItem","@id":"https:\/\/844spartan.com\/es\/practice-areas\/pedestrian-accident-lawyer\/#listItem","position":3,"name":"Pedestrian Accident Lawyer","previousItem":{"@type":"ListItem","@id":"https:\/\/844spartan.com\/es\/practice-areas\/#listItem","name":"Practice Areas"}}]},{"@type":"Organization","@id":"https:\/\/844spartan.com\/es\/#organization","name":"Spartan Law Group","description":"844-SPARTAN","url":"https:\/\/844spartan.com\/es\/","address":{"@id":"https:\/\/844spartan.com\/es\/#postaladdress","@type":"PostalAddress","streetAddress":"200 Sandy Springs Pl NE,","postalCode":"30328","addressLocality":"Sandy Springs","addressRegion":"GA","addressCountry":"US"}},{"@type":"WebPage","@id":"https:\/\/844spartan.com\/es\/practice-areas\/pedestrian-accident-lawyer\/#webpage","url":"https:\/\/844spartan.com\/es\/practice-areas\/pedestrian-accident-lawyer\/","name":"Trusted Pedestrian Accident Lawyer","description":"Trusted support for pedestrians injured in accidents. We fight for your rights with care and professionalism. Free consultations available.","inLanguage":"es-ES","isPartOf":{"@id":"https:\/\/844spartan.com\/es\/#website"},"breadcrumb":{"@id":"https:\/\/844spartan.com\/es\/practice-areas\/pedestrian-accident-lawyer\/#breadcrumblist"},"datePublished":"2025-06-02T15:42:20-04:00","dateModified":"2025-09-18T11:16:00-04:00"},{"@type":"WebSite","@id":"https:\/\/844spartan.com\/es\/#website","url":"https:\/\/844spartan.com\/es\/","name":"844-SPARTAN","description":"844-SPARTAN","inLanguage":"es-ES","publisher":{"@id":"https:\/\/844spartan.com\/es\/#organization"}}]},"og:locale":"es_ES","og:site_name":"844-SPARTAN - 844-SPARTAN","og:type":"article","og:title":"Trusted Pedestrian Accident Lawyer","og:description":"Trusted support for pedestrians injured in accidents. We fight for your rights with care and professionalism. Free consultations available.","og:url":"https:\/\/844spartan.com\/es\/practice-areas\/pedestrian-accident-lawyer\/","article:published_time":"2025-06-02T15:42:20+00:00","article:modified_time":"2025-09-18T11:16:00+00:00","twitter:card":"summary_large_image","twitter:title":"Trusted Pedestrian Accident Lawyer","twitter:description":"Trusted support for pedestrians injured in accidents. We fight for your rights with care and professionalism. Free consultations available."},"aioseo_meta_data":{"post_id":"191","title":"Abogado de Accidentes de Peatones de Confianza","description":"Apoyo de confianza para peatones lesionados en accidentes. Luchamos por sus derechos con esmero y profesionalidad. Consultas gratuitas disponibles.","keywords":null,"keyphrases":{"focus":{"keyphrase":"Pedestrian Accident","score":65,"analysis":{"keyphraseInTitle":{"score":9,"maxScore":9,"error":0},"keyphraseInDescription":{"score":3,"maxScore":9,"error":1},"keyphraseLength":{"score":9,"maxScore":9,"error":0,"length":2},"keyphraseInURL":{"score":5,"maxScore":5,"error":0},"keyphraseInIntroduction":{"score":3,"maxScore":9,"error":1},"keyphraseInSubHeadings":{"score":3,"maxScore":9,"error":1},"keyphraseInImageAlt":{"score":3,"maxScore":9,"error":1},"keywordDensity":{"type":"best","score":9,"maxScore":9,"error":0}}},"additional":[]},"primary_term":null,"canonical_url":null,"og_title":null,"og_description":null,"og_object_type":"default","og_image_type":"default","og_image_url":null,"og_image_width":null,"og_image_height":null,"og_image_custom_url":null,"og_image_custom_fields":null,"og_video":"","og_custom_url":null,"og_article_section":null,"og_article_tags":null,"twitter_use_og":false,"twitter_card":"default","twitter_image_type":"default","twitter_image_url":null,"twitter_image_custom_url":null,"twitter_image_custom_fields":null,"twitter_title":null,"twitter_description":null,"schema":{"blockGraphs":[],"customGraphs":[],"default":{"data":{"Article":[],"Course":[],"Dataset":[],"FAQPage":[],"Movie":[],"Person":[],"Product":[],"ProductReview":[],"Car":[],"Recipe":[],"Service":[],"SoftwareApplication":[],"WebPage":[]},"graphName":"WebPage","isEnabled":true},"graphs":[]},"schema_type":"default","schema_type_options":null,"pillar_content":false,"robots_default":true,"robots_noindex":false,"robots_noarchive":false,"robots_nosnippet":false,"robots_nofollow":false,"robots_noimageindex":false,"robots_noodp":false,"robots_notranslate":false,"robots_max_snippet":"-1","robots_max_videopreview":"-1","robots_max_imagepreview":"large","priority":null,"frequency":"default","local_seo":null,"seo_analyzer_scan_date":"2025-09-18 11:16:38","breadcrumb_settings":null,"limit_modified_date":false,"open_ai":null,"ai":{"faqs":[],"keyPoints":[],"titles":[],"descriptions":[],"socialPosts":{"email":[],"linkedin":[],"twitter":[],"facebook":[],"instagram":[]}},"created":"2025-06-20 09:59:34","updated":"2025-10-21 22:23:53"},"aioseo_breadcrumb":"<div class=\"aioseo-breadcrumbs\"><span class=\"aioseo-breadcrumb\">\n\t<a href=\"https:\/\/844spartan.com\/es\" title=\"Home\">Home<\/a>\n<\/span><span class=\"aioseo-breadcrumb-separator\">&raquo;<\/span><span class=\"aioseo-breadcrumb\">\n\t<a href=\"https:\/\/844spartan.com\/es\/practice-areas\/\" title=\"Practice Areas\">Practice Areas<\/a>\n<\/span><span class=\"aioseo-breadcrumb-separator\">&raquo;<\/span><span class=\"aioseo-breadcrumb\">\n\tPedestrian Accident Lawyer\n<\/span><\/div>","aioseo_breadcrumb_json":[{"label":"Home","link":"https:\/\/844spartan.com\/es"},{"label":"Practice Areas","link":"https:\/\/844spartan.com\/es\/practice-areas\/"},{"label":"Pedestrian Accident Lawyer","link":"https:\/\/844spartan.com\/es\/practice-areas\/pedestrian-accident-lawyer\/"}],"_links":{"self":[{"href":"https:\/\/844spartan.com\/es\/wp-json\/wp\/v2\/pages\/191","targetHints":{"allow":["GET"]}}],"collection":[{"href":"https:\/\/844spartan.com\/es\/wp-json\/wp\/v2\/pages"}],"about":[{"href":"https:\/\/844spartan.com\/es\/wp-json\/wp\/v2\/types\/page"}],"author":[{"embeddable":true,"href":"https:\/\/844spartan.com\/es\/wp-json\/wp\/v2\/users\/5"}],"replies":[{"embeddable":true,"href":"https:\/\/844spartan.com\/es\/wp-json\/wp\/v2\/comments?post=191"}],"version-history":[{"count":0,"href":"https:\/\/844spartan.com\/es\/wp-json\/wp\/v2\/pages\/191\/revisions"}],"up":[{"embeddable":true,"href":"https:\/\/844spartan.com\/es\/wp-json\/wp\/v2\/pages\/162"}],"wp:attachment":[{"href":"https:\/\/844spartan.com\/es\/wp-json\/wp\/v2\/media?parent=191"}],"wp:term":[{"taxonomy":"category","embeddable":true,"href":"https:\/\/844spartan.com\/es\/wp-json\/wp\/v2\/categories?post=191"},{"taxonomy":"post_tag","embeddable":true,"href":"https:\/\/844spartan.com\/es\/wp-json\/wp\/v2\/tags?post=191"}],"curies":[{"name":"wp","href":"https:\/\/api.w.org\/{rel}","templated":true}]}}