{"id":1948,"date":"2026-03-06T07:42:28","date_gmt":"2026-03-06T12:42:28","guid":{"rendered":"https:\/\/844spartan.com\/?page_id=1948"},"modified":"2026-03-13T06:28:00","modified_gmt":"2026-03-13T11:28:00","slug":"gbp-pagina-de-agradecimiento","status":"publish","type":"page","link":"https:\/\/844spartan.com\/es\/gbp-thank-you-page\/","title":{"rendered":"GBP - P\u00e1gina de agradecimiento"},"content":{"rendered":"<div class=\"wpb-content-wrapper\"><div class=\"vc_row wpb_row vc_row-fluid vc_custom_1772800924655 wpex-relative\"><div class=\"wpb_column vc_column_container vc_col-sm-3\"><div class=\"vc_column-inner\"><div class=\"wpb_wrapper\"><\/div><\/div><\/div><div class=\"wpb_column vc_column_container vc_col-sm-6\"><div class=\"vc_column-inner\"><div class=\"wpb_wrapper\">\n\t<div class=\"wpb_text_column wpb_content_element vc_custom_1773401267549\" >\n\t\t<div class=\"wpb_wrapper\">\n\t\t\t<h1 data-start=\"320\" data-end=\"645\">Gracias - Hemos recibido su informaci\u00f3n<\/h1>\n<p class=\"font-claude-response-body break-words whitespace-normal leading-&#091;1.7&#093;\">Hemos recibido su caso. Un miembro del equipo jur\u00eddico de 844-SPARTAN se pondr\u00e1 en contacto con usted para tratar su caso.<\/p>\n<p class=\"font-claude-response-body break-words whitespace-normal leading-&#091;1.7&#093;\"><strong>Lo que ocurre a continuaci\u00f3n:<\/strong><\/p>\n<p class=\"font-claude-response-body break-words whitespace-normal leading-&#091;1.7&#093;\">Nuestros abogados revisar\u00e1n los detalles de su caso, se pondr\u00e1n en contacto con usted directamente para programar su consulta gratuita, y comenzar a construir una estrategia para obtener la m\u00e1xima compensaci\u00f3n que se merece.<\/p>\n\n\t\t<\/div>\n\t<\/div>\n<div class=\"vc_empty_space\"   style=\"height: 32px\"><span class=\"vc_empty_space_inner\"><\/span><\/div><a href=\"https:\/\/lge.5d6.myftpupload.com\/\" class=\"vcex-button theme-button inline\"><span class=\"vcex-button-inner theme-button-inner wpex-flex wpex-flex-wrap wpex-items-center wpex-justify-center\">Volver a la p\u00e1gina de inicio<\/span><\/a> <\/div><\/div><\/div><div class=\"wpb_column vc_column_container vc_col-sm-3\"><div class=\"vc_column-inner\"><div class=\"wpb_wrapper\"><\/div><\/div><\/div><\/div>\n<\/div>","protected":false},"excerpt":{"rendered":"Thank You \u2014 We've Received Your Information Your case submission has been received. A member of the 844-SPARTAN legal team will contact you to discuss your case. What happens next: Our attorneys will review the details of your case, reach out to you directly to schedule your free consultation, and start building a strategy to&hellip;","protected":false},"author":5,"featured_media":0,"parent":0,"menu_order":0,"comment_status":"closed","ping_status":"closed","template":"","meta":{"_monsterinsights_skip_tracking":false,"_monsterinsights_sitenote_active":false,"_monsterinsights_sitenote_note":"","_monsterinsights_sitenote_category":0,"footnotes":""},"categories":[],"tags":[],"class_list":["post-1948","page","type-page","status-publish","hentry","entry","no-media"],"aioseo_notices":[],"aioseo_head":"\n\t\t<!-- All in One SEO Pro 4.9.6.2 - aioseo.com -->\n\t<meta name=\"description\" content=\"Strong legal support when it matters. Your case has been received. A personal injury lawyer from our team will review your claim and contact you soon.\" \/>\n\t<meta name=\"robots\" content=\"max-image-preview:large\" \/>\n\t<link rel=\"canonical\" href=\"https:\/\/844spartan.com\/es\/gbp-thank-you-page\/\" \/>\n\t<meta name=\"generator\" content=\"All in One SEO Pro (AIOSEO) 4.9.6.2\" \/>\n\t\t<meta property=\"og:locale\" content=\"es_ES\" \/>\n\t\t<meta property=\"og:site_name\" content=\"844-SPARTAN - 844-SPARTAN\" \/>\n\t\t<meta property=\"og:type\" content=\"article\" \/>\n\t\t<meta property=\"og:title\" content=\"Trusted Personal Injury Lawyer Case Submission\" \/>\n\t\t<meta property=\"og:description\" content=\"Strong legal support when it matters. Your case has been received. A personal injury lawyer from our team will review your claim and contact you soon.\" \/>\n\t\t<meta property=\"og:url\" content=\"https:\/\/844spartan.com\/es\/gbp-thank-you-page\/\" \/>\n\t\t<meta property=\"article:published_time\" content=\"2026-03-06T12:42:28+00:00\" \/>\n\t\t<meta property=\"article:modified_time\" content=\"2026-03-13T11:28:00+00:00\" \/>\n\t\t<meta name=\"twitter:card\" content=\"summary_large_image\" \/>\n\t\t<meta name=\"twitter:title\" content=\"Trusted Personal Injury Lawyer Case Submission\" \/>\n\t\t<meta name=\"twitter:description\" content=\"Strong legal support when it matters. Your case has been received. A personal injury lawyer from our team will review your claim and contact you soon.\" \/>\n\t\t<script type=\"application\/ld+json\" class=\"aioseo-schema\">\n\t\t\t{\"@context\":\"https:\\\/\\\/schema.org\",\"@graph\":[{\"@type\":\"BreadcrumbList\",\"@id\":\"https:\\\/\\\/844spartan.com\\\/es\\\/gbp-thank-you-page\\\/#breadcrumblist\",\"itemListElement\":[{\"@type\":\"ListItem\",\"@id\":\"https:\\\/\\\/844spartan.com\\\/es#listItem\",\"position\":1,\"name\":\"Home\",\"item\":\"https:\\\/\\\/844spartan.com\\\/es\",\"nextItem\":{\"@type\":\"ListItem\",\"@id\":\"https:\\\/\\\/844spartan.com\\\/es\\\/gbp-thank-you-page\\\/#listItem\",\"name\":\"GBP &#8211; Thank You Page\"}},{\"@type\":\"ListItem\",\"@id\":\"https:\\\/\\\/844spartan.com\\\/es\\\/gbp-thank-you-page\\\/#listItem\",\"position\":2,\"name\":\"GBP &#8211; Thank You Page\",\"previousItem\":{\"@type\":\"ListItem\",\"@id\":\"https:\\\/\\\/844spartan.com\\\/es#listItem\",\"name\":\"Home\"}}]},{\"@type\":\"Organization\",\"@id\":\"https:\\\/\\\/844spartan.com\\\/es\\\/#organization\",\"name\":\"Spartan Law Group\",\"description\":\"844-SPARTAN\",\"url\":\"https:\\\/\\\/844spartan.com\\\/es\\\/\",\"address\":{\"@id\":\"https:\\\/\\\/844spartan.com\\\/es\\\/#postaladdress\",\"@type\":\"PostalAddress\",\"streetAddress\":\"200 Sandy Springs Pl NE,\",\"postalCode\":\"30328\",\"addressLocality\":\"Sandy Springs\",\"addressRegion\":\"GA\",\"addressCountry\":\"US\"}},{\"@type\":\"WebPage\",\"@id\":\"https:\\\/\\\/844spartan.com\\\/es\\\/gbp-thank-you-page\\\/#webpage\",\"url\":\"https:\\\/\\\/844spartan.com\\\/es\\\/gbp-thank-you-page\\\/\",\"name\":\"Trusted Personal Injury Lawyer Case Submission\",\"description\":\"Strong legal support when it matters. Your case has been received. A personal injury lawyer from our team will review your claim and contact you soon.\",\"inLanguage\":\"es-ES\",\"isPartOf\":{\"@id\":\"https:\\\/\\\/844spartan.com\\\/es\\\/#website\"},\"breadcrumb\":{\"@id\":\"https:\\\/\\\/844spartan.com\\\/es\\\/gbp-thank-you-page\\\/#breadcrumblist\"},\"datePublished\":\"2026-03-06T07:42:28-04:00\",\"dateModified\":\"2026-03-13T06:28:00-04:00\"},{\"@type\":\"WebSite\",\"@id\":\"https:\\\/\\\/844spartan.com\\\/es\\\/#website\",\"url\":\"https:\\\/\\\/844spartan.com\\\/es\\\/\",\"name\":\"844-SPARTAN\",\"description\":\"844-SPARTAN\",\"inLanguage\":\"es-ES\",\"publisher\":{\"@id\":\"https:\\\/\\\/844spartan.com\\\/es\\\/#organization\"}}]}\n\t\t<\/script>\n\t\t<!-- All in One SEO Pro -->\r\n\t\t<title>Trusted Personal Injury Lawyer Case Submission<\/title>\n\n","aioseo_head_json":{"title":"Abogado de lesiones personales de confianza Presentaci\u00f3n de casos","description":"Fuerte apoyo jur\u00eddico cuando importa. Hemos recibido su caso. Un abogado de lesiones personales de nuestro equipo revisar\u00e1 su reclamaci\u00f3n y se pondr\u00e1 en contacto con usted en breve.","canonical_url":"https:\/\/844spartan.com\/es\/gbp-thank-you-page\/","robots":"max-image-preview:large","keywords":"","webmasterTools":{"miscellaneous":""},"schema":{"@context":"https:\/\/schema.org","@graph":[{"@type":"BreadcrumbList","@id":"https:\/\/844spartan.com\/es\/gbp-thank-you-page\/#breadcrumblist","itemListElement":[{"@type":"ListItem","@id":"https:\/\/844spartan.com\/es#listItem","position":1,"name":"Home","item":"https:\/\/844spartan.com\/es","nextItem":{"@type":"ListItem","@id":"https:\/\/844spartan.com\/es\/gbp-thank-you-page\/#listItem","name":"GBP &#8211; Thank You Page"}},{"@type":"ListItem","@id":"https:\/\/844spartan.com\/es\/gbp-thank-you-page\/#listItem","position":2,"name":"GBP &#8211; Thank You Page","previousItem":{"@type":"ListItem","@id":"https:\/\/844spartan.com\/es#listItem","name":"Home"}}]},{"@type":"Organization","@id":"https:\/\/844spartan.com\/es\/#organization","name":"Spartan Law Group","description":"844-SPARTAN","url":"https:\/\/844spartan.com\/es\/","address":{"@id":"https:\/\/844spartan.com\/es\/#postaladdress","@type":"PostalAddress","streetAddress":"200 Sandy Springs Pl NE,","postalCode":"30328","addressLocality":"Sandy Springs","addressRegion":"GA","addressCountry":"US"}},{"@type":"WebPage","@id":"https:\/\/844spartan.com\/es\/gbp-thank-you-page\/#webpage","url":"https:\/\/844spartan.com\/es\/gbp-thank-you-page\/","name":"Trusted Personal Injury Lawyer Case Submission","description":"Strong legal support when it matters. Your case has been received. A personal injury lawyer from our team will review your claim and contact you soon.","inLanguage":"es-ES","isPartOf":{"@id":"https:\/\/844spartan.com\/es\/#website"},"breadcrumb":{"@id":"https:\/\/844spartan.com\/es\/gbp-thank-you-page\/#breadcrumblist"},"datePublished":"2026-03-06T07:42:28-04:00","dateModified":"2026-03-13T06:28:00-04:00"},{"@type":"WebSite","@id":"https:\/\/844spartan.com\/es\/#website","url":"https:\/\/844spartan.com\/es\/","name":"844-SPARTAN","description":"844-SPARTAN","inLanguage":"es-ES","publisher":{"@id":"https:\/\/844spartan.com\/es\/#organization"}}]},"og:locale":"es_ES","og:site_name":"844-SPARTAN - 844-SPARTAN","og:type":"article","og:title":"Trusted Personal Injury Lawyer Case Submission","og:description":"Strong legal support when it matters. Your case has been received. A personal injury lawyer from our team will review your claim and contact you soon.","og:url":"https:\/\/844spartan.com\/es\/gbp-thank-you-page\/","article:published_time":"2026-03-06T12:42:28+00:00","article:modified_time":"2026-03-13T11:28:00+00:00","twitter:card":"summary_large_image","twitter:title":"Trusted Personal Injury Lawyer Case Submission","twitter:description":"Strong legal support when it matters. Your case has been received. A personal injury lawyer from our team will review your claim and contact you soon."},"aioseo_meta_data":{"post_id":"1948","title":"Abogado de lesiones personales de confianza Presentaci\u00f3n de casos","description":"Fuerte apoyo jur\u00eddico cuando importa. Hemos recibido su caso. Un abogado de lesiones personales de nuestro equipo revisar\u00e1 su reclamaci\u00f3n y se pondr\u00e1 en contacto con usted en breve.","keywords":null,"keyphrases":{"focus":{"keyphrase":"","score":0,"analysis":{"keyphraseInTitle":{"score":0,"maxScore":9,"error":1}}},"additional":[]},"primary_term":null,"canonical_url":null,"og_title":null,"og_description":null,"og_object_type":"default","og_image_type":"default","og_image_url":null,"og_image_width":null,"og_image_height":null,"og_image_custom_url":null,"og_image_custom_fields":null,"og_video":"","og_custom_url":null,"og_article_section":null,"og_article_tags":null,"twitter_use_og":false,"twitter_card":"default","twitter_image_type":"default","twitter_image_url":null,"twitter_image_custom_url":null,"twitter_image_custom_fields":null,"twitter_title":null,"twitter_description":null,"schema":{"blockGraphs":[],"customGraphs":[],"default":{"data":{"Article":[],"Course":[],"Dataset":[],"FAQPage":[],"Movie":[],"Person":[],"Product":[],"ProductReview":[],"Car":[],"Recipe":[],"Service":[],"SoftwareApplication":[],"WebPage":[]},"graphName":"WebPage","isEnabled":true},"graphs":[]},"schema_type":"default","schema_type_options":null,"pillar_content":false,"robots_default":true,"robots_noindex":false,"robots_noarchive":false,"robots_nosnippet":false,"robots_nofollow":false,"robots_noimageindex":false,"robots_noodp":false,"robots_notranslate":false,"robots_max_snippet":"-1","robots_max_videopreview":"-1","robots_max_imagepreview":"large","priority":null,"frequency":"default","local_seo":null,"seo_analyzer_scan_date":"2026-03-13 12:07:15","breadcrumb_settings":null,"limit_modified_date":false,"open_ai":null,"ai":{"faqs":[],"keyPoints":[],"titles":[],"descriptions":[],"socialPosts":{"email":[],"linkedin":[],"twitter":[],"facebook":[],"instagram":[]}},"created":"2026-03-02 16:43:03","updated":"2026-03-13 12:08:28"},"aioseo_breadcrumb":"<div class=\"aioseo-breadcrumbs\"><span class=\"aioseo-breadcrumb\">\n\t<a href=\"https:\/\/844spartan.com\/es\" title=\"Home\">Home<\/a>\n<\/span><span class=\"aioseo-breadcrumb-separator\">&raquo;<\/span><span class=\"aioseo-breadcrumb\">\n\tGBP \u2013 Thank You Page\n<\/span><\/div>","aioseo_breadcrumb_json":[{"label":"Home","link":"https:\/\/844spartan.com\/es"},{"label":"GBP &#8211; Thank You Page","link":"https:\/\/844spartan.com\/es\/gbp-thank-you-page\/"}],"_links":{"self":[{"href":"https:\/\/844spartan.com\/es\/wp-json\/wp\/v2\/pages\/1948","targetHints":{"allow":["GET"]}}],"collection":[{"href":"https:\/\/844spartan.com\/es\/wp-json\/wp\/v2\/pages"}],"about":[{"href":"https:\/\/844spartan.com\/es\/wp-json\/wp\/v2\/types\/page"}],"author":[{"embeddable":true,"href":"https:\/\/844spartan.com\/es\/wp-json\/wp\/v2\/users\/5"}],"replies":[{"embeddable":true,"href":"https:\/\/844spartan.com\/es\/wp-json\/wp\/v2\/comments?post=1948"}],"version-history":[{"count":0,"href":"https:\/\/844spartan.com\/es\/wp-json\/wp\/v2\/pages\/1948\/revisions"}],"wp:attachment":[{"href":"https:\/\/844spartan.com\/es\/wp-json\/wp\/v2\/media?parent=1948"}],"wp:term":[{"taxonomy":"category","embeddable":true,"href":"https:\/\/844spartan.com\/es\/wp-json\/wp\/v2\/categories?post=1948"},{"taxonomy":"post_tag","embeddable":true,"href":"https:\/\/844spartan.com\/es\/wp-json\/wp\/v2\/tags?post=1948"}],"curies":[{"name":"wp","href":"https:\/\/api.w.org\/{rel}","templated":true}]}}