{"id":3,"date":"2025-06-02T09:24:36","date_gmt":"2025-06-02T09:24:36","guid":{"rendered":"https:\/\/spartanlawgroup.com\/?page_id=3"},"modified":"2026-03-06T11:26:49","modified_gmt":"2026-03-06T11:26:49","slug":"politica-de-privacidad","status":"publish","type":"page","link":"https:\/\/844spartan.com\/es\/privacy-policy\/","title":{"rendered":"Pol\u00edtica de privacidad"},"content":{"rendered":"<p>Recogemos informaci\u00f3n suya cuando se registra en nuestro sitio o rellena un formulario.<\/p>\n<p>Al registrarse en este sitio, seg\u00fan proceda, se le puede pedir que introduzca su: nombre, direcci\u00f3n de correo electr\u00f3nico, n\u00famero de tel\u00e9fono u otra informaci\u00f3n. No obstante, puede visitar nuestro sitio de forma an\u00f3nima.<\/p>\n<p>Google, como proveedor asociado, utiliza cookies para publicar anuncios en este sitio. El uso de la cookie de DART por parte de Google le permite servir anuncios a sus usuarios basados en su visita a sus sitios y a otros sitios en Internet. Los usuarios pueden inhabilitar el uso de la cookie de DART visitando la pol\u00edtica de privacidad de la red de anuncios y contenidos de Google.<\/p>\n<h3>\u00bfPara qu\u00e9 utilizamos sus datos?<\/h3>\n<p>Toda la informaci\u00f3n que recopilemos sobre usted podr\u00e1 utilizarse de una de las siguientes maneras:<\/p>\n<ul>\n<li>Para personalizar su experiencia<br \/>\n(su informaci\u00f3n nos ayuda a responder mejor a sus necesidades individuales)<\/li>\n<li>Para mejorar nuestro sitio web<br \/>\n(nos esforzamos continuamente por mejorar la oferta de nuestro sitio web bas\u00e1ndonos en la informaci\u00f3n y los comentarios que recibimos de usted)<\/li>\n<li>Mejorar el servicio al cliente<br \/>\n(su informaci\u00f3n nos ayuda a responder m\u00e1s eficazmente a sus solicitudes de servicio al cliente y a sus necesidades de asistencia)<\/li>\n<\/ul>\n<h3>\u00bfC\u00f3mo protegemos su informaci\u00f3n?<\/h3>\n<p>Aplicamos diversas medidas de seguridad para mantener la seguridad de su informaci\u00f3n personal cuando accede a ella.<\/p>\n<p>Ofrecemos el uso de un servidor seguro. Toda la informaci\u00f3n sensible\/de cr\u00e9dito suministrada se transmite a trav\u00e9s de la tecnolog\u00eda Secure Socket Layer (SSL) y, a continuaci\u00f3n, se encripta en nuestra base de datos para que s\u00f3lo puedan acceder a ella las personas autorizadas con derechos de acceso especiales a nuestros sistemas, y est\u00e1n obligadas a mantener la confidencialidad de la informaci\u00f3n.<\/p>\n<p>Despu\u00e9s de una transacci\u00f3n, su informaci\u00f3n privada (tarjetas de cr\u00e9dito, n\u00fameros de la seguridad social, datos financieros, etc.) no se guardar\u00e1 en los archivos durante m\u00e1s de 60 d\u00edas.<\/p>\n<h3><strong>\u00bfUtilizamos cookies?<\/strong><\/h3>\n<p>S\u00ed (Las cookies son peque\u00f1os archivos que un sitio o su proveedor de servicios transfiere al disco duro de su ordenador a trav\u00e9s de su navegador web (si usted lo permite) y que permiten a los sistemas de los sitios o proveedores de servicios reconocer su navegador y capturar y recordar cierta informaci\u00f3n.<\/p>\n<p>Utilizamos cookies para entender y guardar sus preferencias para futuras visitas.<\/p>\n<h3><strong>\u00bfDivulgamos informaci\u00f3n a terceros?<\/strong><\/h3>\n<p>No vendemos, intercambiamos ni transferimos a terceros sus datos personales. Esto no incluye a terceros de confianza que nos ayuden a gestionar nuestro sitio web, llevar a cabo nuestro negocio o prestarle servicios, siempre y cuando dichas partes se comprometan a mantener la confidencialidad de esta informaci\u00f3n. Tambi\u00e9n podemos divulgar su informaci\u00f3n cuando creamos que es apropiado para cumplir la ley, hacer cumplir las pol\u00edticas de nuestro sitio o proteger nuestros derechos, propiedad o seguridad o los de otros. No obstante, la informaci\u00f3n no personal de los visitantes puede ser facilitada a terceros para fines de marketing, publicidad u otros usos.<\/p>\n<h3><strong>Enlaces de terceros<\/strong><\/h3>\n<p>Ocasionalmente, a nuestra discreci\u00f3n, podemos incluir u ofrecer productos o servicios de terceros en nuestro sitio web. Estos sitios de terceros tienen pol\u00edticas de privacidad separadas e independientes. Por lo tanto, no tenemos responsabilidad alguna por el contenido y las actividades de estos sitios enlazados. No obstante, tratamos de proteger la integridad de nuestro sitio y agradecemos cualquier comentario sobre estos sitios.<\/p>\n<h3><strong>Cumplimiento de la Ley de Protecci\u00f3n de la Privacidad Infantil en Internet<\/strong><\/h3>\n<p>Cumplimos los requisitos de la ley COPPA (Children's Online Privacy Protection Act) y no recopilamos informaci\u00f3n de menores de 13 a\u00f1os. Nuestro sitio web, productos y servicios est\u00e1n dirigidos a personas mayores de 13 a\u00f1os.<\/p>\n<h3><strong>Pol\u00edtica de privacidad en l\u00ednea<\/strong><\/h3>\n<p>Esta pol\u00edtica de privacidad en l\u00ednea s\u00f3lo se aplica a la informaci\u00f3n recogida a trav\u00e9s de nuestro sitio web y no a la informaci\u00f3n recogida fuera de l\u00ednea.<\/p>\n<h3><strong>Condiciones generales<\/strong><\/h3>\n<p>Visite tambi\u00e9n nuestra secci\u00f3n de t\u00e9rminos y condiciones en la que se establecen el uso, las exenciones de responsabilidad y las limitaciones de responsabilidad que rigen el uso de nuestro sitio web.<\/p>\n<h3><strong>Su consentimiento<\/strong><\/h3>\n<p>Al utilizar nuestro sitio, usted acepta la pol\u00edtica de privacidad del mismo.<\/p>\n<h3><strong>Cambios en nuestra pol\u00edtica de privacidad<\/strong><\/h3>\n<p>Si decidimos cambiar nuestra pol\u00edtica de privacidad, publicaremos dichos cambios en esta p\u00e1gina.<\/p>","protected":false},"excerpt":{"rendered":"<p>We collect information from you when you register on our site or fill out a form. When registering on this site, as appropriate, you may be asked to enter your: name, e-mail address, phone number or other information. You may, however, visit our site anonymously. Google, as a third-party vendor, uses cookies to serve ads&hellip;<\/p>","protected":false},"author":5,"featured_media":0,"parent":0,"menu_order":0,"comment_status":"closed","ping_status":"closed","template":"","meta":{"_monsterinsights_skip_tracking":false,"_monsterinsights_sitenote_active":false,"_monsterinsights_sitenote_note":"","_monsterinsights_sitenote_category":0,"footnotes":""},"categories":[],"tags":[],"class_list":["post-3","page","type-page","status-publish","hentry","entry","no-media"],"aioseo_notices":[],"aioseo_head":"\n\t\t<!-- All in One SEO Pro 4.9.6.2 - aioseo.com -->\n\t<meta name=\"description\" content=\"Clear and transparent communication matters. This injury law firm explains how your information is collected, used, and protected. | 844-SPARTAN\" \/>\n\t<meta name=\"robots\" content=\"max-image-preview:large\" \/>\n\t<link rel=\"canonical\" href=\"https:\/\/844spartan.com\/es\/privacy-policy\/\" \/>\n\t<meta name=\"generator\" content=\"All in One SEO Pro (AIOSEO) 4.9.6.2\" \/>\n\t\t<meta property=\"og:locale\" content=\"es_ES\" \/>\n\t\t<meta property=\"og:site_name\" content=\"844-SPARTAN - 844-SPARTAN\" \/>\n\t\t<meta property=\"og:type\" content=\"article\" \/>\n\t\t<meta property=\"og:title\" content=\"Reliable Injury Law Firm Privacy Policy\" \/>\n\t\t<meta property=\"og:description\" content=\"Clear and transparent communication matters. This injury law firm explains how your information is collected, used, and protected. | 844-SPARTAN\" \/>\n\t\t<meta property=\"og:url\" content=\"https:\/\/844spartan.com\/es\/privacy-policy\/\" \/>\n\t\t<meta property=\"article:published_time\" content=\"2025-06-02T09:24:36+00:00\" \/>\n\t\t<meta property=\"article:modified_time\" content=\"2026-03-06T11:26:49+00:00\" \/>\n\t\t<meta name=\"twitter:card\" content=\"summary_large_image\" \/>\n\t\t<meta name=\"twitter:title\" content=\"Reliable Injury Law Firm Privacy Policy\" \/>\n\t\t<meta name=\"twitter:description\" content=\"Clear and transparent communication matters. This injury law firm explains how your information is collected, used, and protected. | 844-SPARTAN\" \/>\n\t\t<script type=\"application\/ld+json\" class=\"aioseo-schema\">\n\t\t\t{\"@context\":\"https:\\\/\\\/schema.org\",\"@graph\":[{\"@type\":\"BreadcrumbList\",\"@id\":\"https:\\\/\\\/844spartan.com\\\/es\\\/privacy-policy\\\/#breadcrumblist\",\"itemListElement\":[{\"@type\":\"ListItem\",\"@id\":\"https:\\\/\\\/844spartan.com\\\/es#listItem\",\"position\":1,\"name\":\"Home\",\"item\":\"https:\\\/\\\/844spartan.com\\\/es\",\"nextItem\":{\"@type\":\"ListItem\",\"@id\":\"https:\\\/\\\/844spartan.com\\\/es\\\/privacy-policy\\\/#listItem\",\"name\":\"Privacy Policy\"}},{\"@type\":\"ListItem\",\"@id\":\"https:\\\/\\\/844spartan.com\\\/es\\\/privacy-policy\\\/#listItem\",\"position\":2,\"name\":\"Privacy Policy\",\"previousItem\":{\"@type\":\"ListItem\",\"@id\":\"https:\\\/\\\/844spartan.com\\\/es#listItem\",\"name\":\"Home\"}}]},{\"@type\":\"Organization\",\"@id\":\"https:\\\/\\\/844spartan.com\\\/es\\\/#organization\",\"name\":\"Spartan Law Group\",\"description\":\"844-SPARTAN\",\"url\":\"https:\\\/\\\/844spartan.com\\\/es\\\/\",\"address\":{\"@id\":\"https:\\\/\\\/844spartan.com\\\/es\\\/#postaladdress\",\"@type\":\"PostalAddress\",\"streetAddress\":\"200 Sandy Springs Pl NE,\",\"postalCode\":\"30328\",\"addressLocality\":\"Sandy Springs\",\"addressRegion\":\"GA\",\"addressCountry\":\"US\"}},{\"@type\":\"WebPage\",\"@id\":\"https:\\\/\\\/844spartan.com\\\/es\\\/privacy-policy\\\/#webpage\",\"url\":\"https:\\\/\\\/844spartan.com\\\/es\\\/privacy-policy\\\/\",\"name\":\"Reliable Injury Law Firm Privacy Policy\",\"description\":\"Clear and transparent communication matters. This injury law firm explains how your information is collected, used, and protected. | 844-SPARTAN\",\"inLanguage\":\"es-ES\",\"isPartOf\":{\"@id\":\"https:\\\/\\\/844spartan.com\\\/es\\\/#website\"},\"breadcrumb\":{\"@id\":\"https:\\\/\\\/844spartan.com\\\/es\\\/privacy-policy\\\/#breadcrumblist\"},\"datePublished\":\"2025-06-02T09:24:36-04:00\",\"dateModified\":\"2026-03-06T11:26:49-04:00\"},{\"@type\":\"WebSite\",\"@id\":\"https:\\\/\\\/844spartan.com\\\/es\\\/#website\",\"url\":\"https:\\\/\\\/844spartan.com\\\/es\\\/\",\"name\":\"844-SPARTAN\",\"description\":\"844-SPARTAN\",\"inLanguage\":\"es-ES\",\"publisher\":{\"@id\":\"https:\\\/\\\/844spartan.com\\\/es\\\/#organization\"}}]}\n\t\t<\/script>\n\t\t<!-- All in One SEO Pro -->\r\n\t\t<title>Reliable Injury Law Firm Privacy Policy<\/title>\n\n","aioseo_head_json":{"title":"Pol\u00edtica de privacidad de Reliable Injury Law Firm","description":"La comunicaci\u00f3n clara y transparente es importante. Este bufete de abogados especializado en lesiones explica c\u00f3mo se recopila, utiliza y protege su informaci\u00f3n. | 844-SPARTAN","canonical_url":"https:\/\/844spartan.com\/es\/privacy-policy\/","robots":"max-image-preview:large","keywords":"","webmasterTools":{"miscellaneous":""},"schema":{"@context":"https:\/\/schema.org","@graph":[{"@type":"BreadcrumbList","@id":"https:\/\/844spartan.com\/es\/privacy-policy\/#breadcrumblist","itemListElement":[{"@type":"ListItem","@id":"https:\/\/844spartan.com\/es#listItem","position":1,"name":"Home","item":"https:\/\/844spartan.com\/es","nextItem":{"@type":"ListItem","@id":"https:\/\/844spartan.com\/es\/privacy-policy\/#listItem","name":"Privacy Policy"}},{"@type":"ListItem","@id":"https:\/\/844spartan.com\/es\/privacy-policy\/#listItem","position":2,"name":"Privacy Policy","previousItem":{"@type":"ListItem","@id":"https:\/\/844spartan.com\/es#listItem","name":"Home"}}]},{"@type":"Organization","@id":"https:\/\/844spartan.com\/es\/#organization","name":"Spartan Law Group","description":"844-SPARTAN","url":"https:\/\/844spartan.com\/es\/","address":{"@id":"https:\/\/844spartan.com\/es\/#postaladdress","@type":"PostalAddress","streetAddress":"200 Sandy Springs Pl NE,","postalCode":"30328","addressLocality":"Sandy Springs","addressRegion":"GA","addressCountry":"US"}},{"@type":"WebPage","@id":"https:\/\/844spartan.com\/es\/privacy-policy\/#webpage","url":"https:\/\/844spartan.com\/es\/privacy-policy\/","name":"Reliable Injury Law Firm Privacy Policy","description":"Clear and transparent communication matters. This injury law firm explains how your information is collected, used, and protected. | 844-SPARTAN","inLanguage":"es-ES","isPartOf":{"@id":"https:\/\/844spartan.com\/es\/#website"},"breadcrumb":{"@id":"https:\/\/844spartan.com\/es\/privacy-policy\/#breadcrumblist"},"datePublished":"2025-06-02T09:24:36-04:00","dateModified":"2026-03-06T11:26:49-04:00"},{"@type":"WebSite","@id":"https:\/\/844spartan.com\/es\/#website","url":"https:\/\/844spartan.com\/es\/","name":"844-SPARTAN","description":"844-SPARTAN","inLanguage":"es-ES","publisher":{"@id":"https:\/\/844spartan.com\/es\/#organization"}}]},"og:locale":"es_ES","og:site_name":"844-SPARTAN - 844-SPARTAN","og:type":"article","og:title":"Reliable Injury Law Firm Privacy Policy","og:description":"Clear and transparent communication matters. This injury law firm explains how your information is collected, used, and protected. | 844-SPARTAN","og:url":"https:\/\/844spartan.com\/es\/privacy-policy\/","article:published_time":"2025-06-02T09:24:36+00:00","article:modified_time":"2026-03-06T11:26:49+00:00","twitter:card":"summary_large_image","twitter:title":"Reliable Injury Law Firm Privacy Policy","twitter:description":"Clear and transparent communication matters. This injury law firm explains how your information is collected, used, and protected. | 844-SPARTAN"},"aioseo_meta_data":{"post_id":"3","title":"Pol\u00edtica de privacidad de Reliable Injury Law Firm","description":"La comunicaci\u00f3n clara y transparente es importante. Este bufete de abogados especializado en lesiones explica c\u00f3mo se recopila, utiliza y protege su informaci\u00f3n. | 844-SPARTAN","keywords":null,"keyphrases":{"focus":{"keyphrase":"","score":0,"analysis":{"keyphraseInTitle":{"score":0,"maxScore":9,"error":1}}},"additional":[]},"primary_term":null,"canonical_url":null,"og_title":null,"og_description":null,"og_object_type":"default","og_image_type":"default","og_image_url":null,"og_image_width":null,"og_image_height":null,"og_image_custom_url":null,"og_image_custom_fields":null,"og_video":"","og_custom_url":null,"og_article_section":null,"og_article_tags":null,"twitter_use_og":false,"twitter_card":"default","twitter_image_type":"default","twitter_image_url":null,"twitter_image_custom_url":null,"twitter_image_custom_fields":null,"twitter_title":null,"twitter_description":null,"schema":{"blockGraphs":[],"customGraphs":[],"default":{"data":{"Article":[],"Course":[],"Dataset":[],"FAQPage":[],"Movie":[],"Person":[],"Product":[],"ProductReview":[],"Car":[],"Recipe":[],"Service":[],"SoftwareApplication":[],"WebPage":[]},"graphName":"WebPage","isEnabled":true},"graphs":[]},"schema_type":"default","schema_type_options":null,"pillar_content":false,"robots_default":true,"robots_noindex":false,"robots_noarchive":false,"robots_nosnippet":false,"robots_nofollow":false,"robots_noimageindex":false,"robots_noodp":false,"robots_notranslate":false,"robots_max_snippet":"-1","robots_max_videopreview":"-1","robots_max_imagepreview":"large","priority":null,"frequency":"default","local_seo":null,"seo_analyzer_scan_date":"2026-03-06 11:27:39","breadcrumb_settings":null,"limit_modified_date":false,"open_ai":null,"ai":{"faqs":[],"keyPoints":[],"titles":[],"descriptions":[],"socialPosts":{"email":[],"linkedin":[],"twitter":[],"facebook":[],"instagram":[]}},"created":"2025-06-20 09:59:34","updated":"2026-03-06 12:25:47"},"aioseo_breadcrumb":"<div class=\"aioseo-breadcrumbs\"><span class=\"aioseo-breadcrumb\">\n\t<a href=\"https:\/\/844spartan.com\/es\" title=\"Home\">Home<\/a>\n<\/span><span class=\"aioseo-breadcrumb-separator\">&raquo;<\/span><span class=\"aioseo-breadcrumb\">\n\tPrivacy Policy\n<\/span><\/div>","aioseo_breadcrumb_json":[{"label":"Home","link":"https:\/\/844spartan.com\/es"},{"label":"Privacy Policy","link":"https:\/\/844spartan.com\/es\/privacy-policy\/"}],"_links":{"self":[{"href":"https:\/\/844spartan.com\/es\/wp-json\/wp\/v2\/pages\/3","targetHints":{"allow":["GET"]}}],"collection":[{"href":"https:\/\/844spartan.com\/es\/wp-json\/wp\/v2\/pages"}],"about":[{"href":"https:\/\/844spartan.com\/es\/wp-json\/wp\/v2\/types\/page"}],"author":[{"embeddable":true,"href":"https:\/\/844spartan.com\/es\/wp-json\/wp\/v2\/users\/5"}],"replies":[{"embeddable":true,"href":"https:\/\/844spartan.com\/es\/wp-json\/wp\/v2\/comments?post=3"}],"version-history":[{"count":0,"href":"https:\/\/844spartan.com\/es\/wp-json\/wp\/v2\/pages\/3\/revisions"}],"wp:attachment":[{"href":"https:\/\/844spartan.com\/es\/wp-json\/wp\/v2\/media?parent=3"}],"wp:term":[{"taxonomy":"category","embeddable":true,"href":"https:\/\/844spartan.com\/es\/wp-json\/wp\/v2\/categories?post=3"},{"taxonomy":"post_tag","embeddable":true,"href":"https:\/\/844spartan.com\/es\/wp-json\/wp\/v2\/tags?post=3"}],"curies":[{"name":"wp","href":"https:\/\/api.w.org\/{rel}","templated":true}]}}