{"id":360,"date":"2025-06-04T09:58:47","date_gmt":"2025-06-04T09:58:47","guid":{"rendered":"https:\/\/spartanlawgroup.com\/?page_id=360"},"modified":"2026-03-03T18:27:50","modified_gmt":"2026-03-03T18:27:50","slug":"abogado-de-accidentes-de-moto","status":"publish","type":"page","link":"https:\/\/844spartan.com\/es\/practice-areas\/motorcycle-accident-lawyer\/","title":{"rendered":"Abogado de accidentes de moto"},"content":{"rendered":"<p><img loading=\"lazy\" decoding=\"async\" class=\"alignnone wp-image-373 size-full\" src=\"https:\/\/844spartan.com\/wp-content\/uploads\/2025\/06\/yellow-black-motorcycle-broken-after-an-accident-2025-02-08-19-47-41-utc.webp\" alt=\"\" width=\"1000\" height=\"912\" srcset=\"https:\/\/844spartan.com\/wp-content\/uploads\/2025\/06\/yellow-black-motorcycle-broken-after-an-accident-2025-02-08-19-47-41-utc.webp 1000w, https:\/\/844spartan.com\/wp-content\/uploads\/2025\/06\/yellow-black-motorcycle-broken-after-an-accident-2025-02-08-19-47-41-utc-300x274.webp 300w, https:\/\/844spartan.com\/wp-content\/uploads\/2025\/06\/yellow-black-motorcycle-broken-after-an-accident-2025-02-08-19-47-41-utc-768x700.webp 768w\" sizes=\"auto, (max-width: 1000px) 100vw, 1000px\" \/><\/p>\n<p>\u00bfHa sufrido lesiones en un accidente de moto? Los accidentes de motocicleta a menudo conducen a lesiones graves y pueden resultar en da\u00f1os y perjuicios por gastos m\u00e9dicos, salarios perdidos, dolor y sufrimiento, y mucho m\u00e1s. Usted puede tener derecho a una indemnizaci\u00f3n por sus da\u00f1os y perjuicios.<\/p>\n<p>En <a href=\"\/es\/acerca-de\/\">844-SPARTAN<\/a>, Nuestros abogados est\u00e1n respaldados por m\u00e1s de 75 a\u00f1os de experiencia combinada y han recuperado m\u00e1s de $250 millones en indemnizaciones para nuestros clientes. Usted puede confiar en nuestros abogados de accidentes de motocicleta para luchar por sus derechos y abogar en su nombre. Perm\u00edtanos gestionar su reclamaci\u00f3n legal mientras usted se centra en su recuperaci\u00f3n.<\/p>\n<p>Nuestra <a href=\"https:\/\/844spartan.com\/es\/\">abogados de lesiones<\/a> tienen considerables habilidades y conocimientos para ayudarle. Podemos guiarle en cada paso del proceso legal. <a href=\"\/es\/contacto\/\">Contacto<\/a> hoy mismo para programar su consulta gratuita en <a href=\"tel:+18447727826\">(844) 772-7826<\/a>, y discutiremos sus opciones legales y responderemos a todas sus preguntas.<\/p>\n<h2>C\u00f3mo 844-SPARTAN puede ayudarle con su caso de accidente de motocicleta<\/h2>\n<p><img loading=\"lazy\" decoding=\"async\" class=\"alignnone wp-image-374 size-full\" src=\"https:\/\/844spartan.com\/wp-content\/uploads\/2025\/06\/How-Spartan-Law-Can-Help-You-With-Your-Motorcycle-Accident-Case-in-Atlanta-Georgia-1024x683.jpg.webp\" alt=\"\" width=\"1024\" height=\"683\" srcset=\"https:\/\/844spartan.com\/wp-content\/uploads\/2025\/06\/How-Spartan-Law-Can-Help-You-With-Your-Motorcycle-Accident-Case-in-Atlanta-Georgia-1024x683.jpg.webp 1024w, https:\/\/844spartan.com\/wp-content\/uploads\/2025\/06\/How-Spartan-Law-Can-Help-You-With-Your-Motorcycle-Accident-Case-in-Atlanta-Georgia-1024x683.jpg-300x200.webp 300w, https:\/\/844spartan.com\/wp-content\/uploads\/2025\/06\/How-Spartan-Law-Can-Help-You-With-Your-Motorcycle-Accident-Case-in-Atlanta-Georgia-1024x683.jpg-768x512.webp 768w\" sizes=\"auto, (max-width: 1024px) 100vw, 1024px\" \/><\/p>\n<p>Despu\u00e9s de un accidente de moto, tratar con la parte culpable y su compa\u00f1\u00eda de seguros puede ser frustrante. Es probable que traten de minimizar el valor de su reclamaci\u00f3n e incluso pueden tratar de presionarle para que acepte una oferta baja. Cuando usted contrata a nuestro equipo legal, usted puede estar seguro de que tenemos su mejor inter\u00e9s en mente y trabajaremos con usted para maximizar el valor de su reclamo.<\/p>\n<p>En 844-SPARTAN, nuestros mejores abogados de lesiones personales le proporcionar\u00e1 una orientaci\u00f3n s\u00f3lida para navegar por su reclamo. A diferencia de las compa\u00f1\u00edas de seguros, realmente queremos ayudarle a tener \u00e9xito y recibir el dinero que necesita para volver a sus pies.<\/p>\n<p>Si decide trabajar con nosotros, puede confiar en que lo haremos:<\/p>\n<ul>\n<li>Investigue su accidente<\/li>\n<li>Revisar historiales m\u00e9dicos, informes policiales, p\u00f3lizas de seguros y otras pruebas.<\/li>\n<li>Determinar todas las partes responsables de sus lesiones<\/li>\n<li>Mango <a href=\"\/es\/recursos-sobre-lesiones-personales\/que-es-la-negociacion\/\">negociaciones<\/a> con la compa\u00f1\u00eda de seguros<\/li>\n<li>Contratar testigos expertos para reforzar su caso<\/li>\n<li>Luchar contra las reclamaciones de culpa comparativa por causar el accidente<\/li>\n<li>Llevar su caso a juicio si es necesario<\/li>\n<\/ul>\n<p>Nuestros abogados han sido reconocidos por The National Trial Lawyers, la Asociaci\u00f3n Americana para la Justicia, y otras organizaciones legales de renombre. Nuestros abogados especializados en accidentes de motocicleta se encargar\u00e1n de todos los aspectos de su caso. P\u00f3ngase en contacto con 844-SPARTAN hoy para programar una consulta gratuita.<\/p>\n<h2>\u00bfSon frecuentes los accidentes de moto?<\/h2>\n<p>Las colisiones de motocicletas ocurren todos los d\u00edas y pueden provocar lesiones graves y a veces mortales. Incluso los motoristas cuidadosos son vulnerables debido a la protecci\u00f3n limitada en comparaci\u00f3n con los ocupantes de veh\u00edculos de pasajeros.<\/p>\n<h2>\u00bfCu\u00e1les son las causas m\u00e1s comunes de los accidentes de moto?<\/h2>\n<p>Como cualquier otro accidente de tr\u00e1fico, los accidentes de moto pueden ocurrir por muchas razones. Las causas m\u00e1s comunes son:<\/p>\n<ul>\n<li><a href=\"\/es\/areas-de-practica\/abogado-de-accidente-de-coche\/conduccion-distraida\/\">Conducci\u00f3n distra\u00edda<\/a><\/li>\n<li><a href=\"\/es\/areas-de-practica\/abogado-de-accidente-de-coche\/accidentes-por-exceso-de-velocidad\/\">Exceso de velocidad<\/a><\/li>\n<li>Ejecutar <a href=\"\/es\/areas-de-practica\/abogado-de-accidente-de-coche\/red-and-yellow-light\/\">luces rojas<\/a><\/li>\n<li>Pobre <a href=\"\/es\/areas-de-practica\/abogado-de-accidente-de-coche\/intersecciones-de-carreteras-mas-peligrosas\/\">estado de las carreteras<\/a><\/li>\n<li>Paradas rodantes<\/li>\n<li>Defectos del veh\u00edculo<\/li>\n<li>Giros ilegales<\/li>\n<li>Errores de \u00e1ngulo muerto<\/li>\n<li>Paso inseguro<\/li>\n<\/ul>\n<p>Los motociclistas deben tener precauci\u00f3n en la carretera. Cuando un conductor ignora las normas de circulaci\u00f3n o comete un error al volante, puede ser considerado responsable de causar lesiones o la muerte de un motorista.<\/p>\n<h2>\u00bfCu\u00e1nto vale mi caso de accidente de moto?<\/h2>\n<p>No hay dos casos que se valoren de la misma manera. Hay muchos factores que pueden determinar el valor de su caso, incluyendo:<\/p>\n<ul>\n<li>El alcance y la gravedad de sus lesiones<\/li>\n<li>Si puede volver al trabajo tras el accidente<\/li>\n<li>Si usted es parcialmente culpable del accidente<\/li>\n<li>L\u00edmites de la p\u00f3liza de seguro<\/li>\n<li>El alcance de los da\u00f1os materiales<\/li>\n<li>Su edad<\/li>\n<li>Su esperanza de vida<\/li>\n<li>Si ha sufrido una incapacidad permanente o de larga duraci\u00f3n<\/li>\n<\/ul>\n<p>De todos los factores, la gravedad de sus lesiones ser\u00e1 el m\u00e1s influyente a la hora de valorar su caso. Ciertas lesiones, como las cerebrales, las de columna y las catastr\u00f3ficas, pueden costar cientos de miles, si no millones de d\u00f3lares. Es probable que su caso valga m\u00e1s si tiene lesiones graves.<\/p>\n<p>Usted puede confiar en un abogado de accidentes de motocicleta para identificar y analizar todos los factores que afectan el valor de su caso. Establezca una consulta gratuita hoy para ver lo que su caso podr\u00eda valer.<\/p>\n<h2>\u00bfCu\u00e1nto cuesta contratar a un abogado de accidentes de moto?<\/h2>\n<p>La mayor\u00eda de los abogados de lesiones personales trabajan en un <a href=\"https:\/\/www.law.cornell.edu\/wex\/contingent_fee#:~:text=A%20contingent%20fee%2C%20also%20known,billing%20a%20fixed%20hourly%20rate.\">cuota de contingencia<\/a> lo que significa que s\u00f3lo tendr\u00e1 que pagarles si consiguen una indemnizaci\u00f3n para usted. Bajo este acuerdo de honorarios, usted no tiene que preocuparse por ning\u00fan costo por adelantado o una tarifa por hora; los servicios legales son asequibles bajo este acuerdo de honorarios. S\u00f3lo tendr\u00e1 que pagar a su abogado un porcentaje del acuerdo o veredicto que consiga para usted.<\/p>\n<h2>\u00bfQu\u00e9 tipo de indemnizaciones pueden solicitar las v\u00edctimas de accidentes de moto?<\/h2>\n<p>No debe cometer el error de reducir sus da\u00f1os a los gastos m\u00e9dicos y los salarios perdidos. Usted puede recuperar da\u00f1os y perjuicios por el alcance total de sus lesiones, lo que incluye tanto los da\u00f1os econ\u00f3micos como los da\u00f1os no econ\u00f3micos.<\/p>\n<p><a href=\"https:\/\/www.justia.com\/injury\/negligence-theory\/economic-damages\/\">Da\u00f1os econ\u00f3micos<\/a> cubren p\u00e9rdidas tangibles y calculables que est\u00e1n directamente relacionadas con el accidente, como:<\/p>\n<ul>\n<li>Facturas m\u00e9dicas<\/li>\n<li>Salarios perdidos<\/li>\n<li>Disminuci\u00f3n de la capacidad de ganancia<\/li>\n<li>Terapia<\/li>\n<li>Da\u00f1os materiales<\/li>\n<li><a href=\"https:\/\/www.law.cornell.edu\/wex\/out-of-pocket_expense\">Gastos de bolsillo<\/a><\/li>\n<\/ul>\n<p><a href=\"\/es\/recursos-sobre-lesiones-personales\/que-son-los-danos-no-economicos\/\">Da\u00f1os no econ\u00f3micos<\/a> cubren p\u00e9rdidas intangibles y subjetivas que son m\u00e1s dif\u00edciles de cuantificar, entre ellas:<\/p>\n<ul>\n<li>Dolor y sufrimiento<\/li>\n<li>TEPT<\/li>\n<li>P\u00e9rdida del disfrute de la vida<\/li>\n<li>Desfiguraci\u00f3n y cicatrices<\/li>\n<li>P\u00e9rdida de consorcio<\/li>\n<li>Angustia mental<\/li>\n<\/ul>\n<p>Algunos casos tambi\u00e9n pueden optar a <a href=\"https:\/\/codes.findlaw.com\/ga\/title-51-torts\/ga-code-sect-51-12-5-1\/\">da\u00f1os punitivos<\/a> cuando la conducta de la parte culpable haya sido dolosa o gravemente negligente.<\/p>\n<h2>\u00bfCu\u00e1les son las lesiones m\u00e1s comunes en los accidentes de moto?<\/h2>\n<p>Todos los motoristas deben llevar el equipo de protecci\u00f3n adecuado, incluido el casco, pero a\u00fan as\u00ed pueden producirse lesiones graves en un accidente de moto, como:<\/p>\n<ul>\n<li>Quemaduras<\/li>\n<li>Conmociones cerebrales<\/li>\n<li>Lesiones cervicales<\/li>\n<li>Lesiones de espalda<\/li>\n<li>Lesiones medulares<\/li>\n<li>Lesiones tor\u00e1cicas<\/li>\n<li>Da\u00f1o nervioso<\/li>\n<li>Lesiones de tejidos blandos<\/li>\n<li>Par\u00e1lisis<\/li>\n<li>Lesiones por amputaci\u00f3n<\/li>\n<li>Lesiones en las piernas<\/li>\n<li><a href=\"\/es\/areas-de-practica\/abogado-de-lesiones-catastroficas\/\">Lesiones catastr\u00f3ficas<\/a><\/li>\n<li><a href=\"\/es\/areas-de-practica\/abogado-de-muerte-por-negligencia\/\">Muerte por negligencia<\/a><\/li>\n<\/ul>\n<p>Informa inmediatamente de tu accidente de moto y acude a urgencias para recibir atenci\u00f3n m\u00e9dica inmediata. Tomar estas medidas le ayudar\u00e1 a proteger su salud y su reclamaci\u00f3n.<\/p>\n<h2>\u00bfPuedo reclamar da\u00f1os y perjuicios si me culpan de un accidente de moto?<\/h2>\n<p>Las compa\u00f1\u00edas de seguros y los abogados defensores a menudo intentan culpar a las v\u00edctimas de accidentes en lugar de asumir su responsabilidad. En muchas jurisdicciones en las que se aplica la negligencia comparativa modificada, usted puede reclamar da\u00f1os y perjuicios siempre que su parte de culpa est\u00e9 por debajo de un umbral legal, y su indemnizaci\u00f3n puede reducirse en funci\u00f3n de su porcentaje de culpa.<\/p>\n<p>Si la otra parte intenta culparle, no se sorprenda. Conf\u00ede en nuestros abogados de accidentes de motocicleta para defenderse de ser considerado responsable de su accidente.<\/p>\n<h2>\u00bfCu\u00e1l es el plazo de prescripci\u00f3n de las demandas por accidente de moto?<\/h2>\n<p>Los plazos de presentaci\u00f3n var\u00edan seg\u00fan la jurisdicci\u00f3n, pero en muchos lugares las demandas por lesiones personales deben presentarse en un plazo de uno a tres a\u00f1os a partir de la fecha del accidente. El incumplimiento del plazo puede impedir la recuperaci\u00f3n. P\u00f3ngase en contacto con los abogados en 844-SPARTAN para ayudar a asegurar que su reclamo sea presentado a tiempo.<\/p>\n<h2>Programe una consulta gratuita con un abogado con experiencia en accidentes de motocicleta<\/h2>\n<p>Si usted est\u00e1 sufriendo de lesiones debido a un accidente de motocicleta, no dude en buscar ayuda legal hoy. En 844-SPARTAN, nuestros abogados de accidentes de motocicleta est\u00e1n respaldados por m\u00e1s de 75 a\u00f1os de experiencia combinada y han recuperado m\u00e1s de $250 millones en da\u00f1os para nuestros clientes. Perm\u00edtanos manejar su caso mientras usted se concentra en su recuperaci\u00f3n. Ll\u00e1menos para una consulta gratuita hoy.<\/p>","protected":false},"excerpt":{"rendered":"<p>Were you injured in a motorcycle accident? Motorcycle accidents often lead to severe injuries and can result in damages for medical expenses, lost wages, pain and suffering, and more. You may be entitled to compensation for your damages. At 844-SPARTAN, our lawyers are backed by over 75 years of combined experience and have recovered over&hellip;<\/p>","protected":false},"author":5,"featured_media":0,"parent":162,"menu_order":0,"comment_status":"closed","ping_status":"closed","template":"","meta":{"_monsterinsights_skip_tracking":false,"_monsterinsights_sitenote_active":false,"_monsterinsights_sitenote_note":"","_monsterinsights_sitenote_category":0,"footnotes":""},"categories":[6],"tags":[],"class_list":["post-360","page","type-page","status-publish","hentry","category-practice-areas","entry","no-media"],"aioseo_notices":[],"aioseo_head":"\n\t\t<!-- All in One SEO Pro 4.9.6.2 - aioseo.com -->\n\t<meta name=\"description\" content=\"Focused advocacy after serious crashes. A personal injury lawyer helps motorcycle accident victims protect their legal rights. | 844-SPARTAN\" \/>\n\t<meta name=\"robots\" content=\"max-image-preview:large\" \/>\n\t<link rel=\"canonical\" href=\"https:\/\/844spartan.com\/es\/practice-areas\/motorcycle-accident-lawyer\/\" \/>\n\t<meta name=\"generator\" content=\"All in One SEO Pro (AIOSEO) 4.9.6.2\" \/>\n\t\t<meta property=\"og:locale\" content=\"es_ES\" \/>\n\t\t<meta property=\"og:site_name\" content=\"844-SPARTAN - 844-SPARTAN\" \/>\n\t\t<meta property=\"og:type\" content=\"article\" \/>\n\t\t<meta property=\"og:title\" content=\"Skilled Personal Injury Lawyer for Motorcycle Accidents\" \/>\n\t\t<meta property=\"og:description\" content=\"Focused advocacy after serious crashes. A personal injury lawyer helps motorcycle accident victims protect their legal rights. | 844-SPARTAN\" \/>\n\t\t<meta property=\"og:url\" content=\"https:\/\/844spartan.com\/es\/practice-areas\/motorcycle-accident-lawyer\/\" \/>\n\t\t<meta property=\"article:published_time\" content=\"2025-06-04T09:58:47+00:00\" \/>\n\t\t<meta property=\"article:modified_time\" content=\"2026-03-03T18:27:50+00:00\" \/>\n\t\t<meta name=\"twitter:card\" content=\"summary_large_image\" \/>\n\t\t<meta name=\"twitter:title\" content=\"Skilled Personal Injury Lawyer for Motorcycle Accidents\" \/>\n\t\t<meta name=\"twitter:description\" content=\"Focused advocacy after serious crashes. A personal injury lawyer helps motorcycle accident victims protect their legal rights. | 844-SPARTAN\" \/>\n\t\t<script type=\"application\/ld+json\" class=\"aioseo-schema\">\n\t\t\t{\"@context\":\"https:\\\/\\\/schema.org\",\"@graph\":[{\"@type\":\"BreadcrumbList\",\"@id\":\"https:\\\/\\\/844spartan.com\\\/es\\\/practice-areas\\\/motorcycle-accident-lawyer\\\/#breadcrumblist\",\"itemListElement\":[{\"@type\":\"ListItem\",\"@id\":\"https:\\\/\\\/844spartan.com\\\/es#listItem\",\"position\":1,\"name\":\"Home\",\"item\":\"https:\\\/\\\/844spartan.com\\\/es\",\"nextItem\":{\"@type\":\"ListItem\",\"@id\":\"https:\\\/\\\/844spartan.com\\\/es\\\/practice-areas\\\/#listItem\",\"name\":\"Practice Areas\"}},{\"@type\":\"ListItem\",\"@id\":\"https:\\\/\\\/844spartan.com\\\/es\\\/practice-areas\\\/#listItem\",\"position\":2,\"name\":\"Practice Areas\",\"item\":\"https:\\\/\\\/844spartan.com\\\/es\\\/practice-areas\\\/\",\"nextItem\":{\"@type\":\"ListItem\",\"@id\":\"https:\\\/\\\/844spartan.com\\\/es\\\/practice-areas\\\/motorcycle-accident-lawyer\\\/#listItem\",\"name\":\"Motorcycle Accident Lawyer\"},\"previousItem\":{\"@type\":\"ListItem\",\"@id\":\"https:\\\/\\\/844spartan.com\\\/es#listItem\",\"name\":\"Home\"}},{\"@type\":\"ListItem\",\"@id\":\"https:\\\/\\\/844spartan.com\\\/es\\\/practice-areas\\\/motorcycle-accident-lawyer\\\/#listItem\",\"position\":3,\"name\":\"Motorcycle Accident Lawyer\",\"previousItem\":{\"@type\":\"ListItem\",\"@id\":\"https:\\\/\\\/844spartan.com\\\/es\\\/practice-areas\\\/#listItem\",\"name\":\"Practice Areas\"}}]},{\"@type\":\"Organization\",\"@id\":\"https:\\\/\\\/844spartan.com\\\/es\\\/#organization\",\"name\":\"Spartan Law Group\",\"description\":\"844-SPARTAN\",\"url\":\"https:\\\/\\\/844spartan.com\\\/es\\\/\",\"address\":{\"@id\":\"https:\\\/\\\/844spartan.com\\\/es\\\/#postaladdress\",\"@type\":\"PostalAddress\",\"streetAddress\":\"200 Sandy Springs Pl NE,\",\"postalCode\":\"30328\",\"addressLocality\":\"Sandy Springs\",\"addressRegion\":\"GA\",\"addressCountry\":\"US\"}},{\"@type\":\"WebPage\",\"@id\":\"https:\\\/\\\/844spartan.com\\\/es\\\/practice-areas\\\/motorcycle-accident-lawyer\\\/#webpage\",\"url\":\"https:\\\/\\\/844spartan.com\\\/es\\\/practice-areas\\\/motorcycle-accident-lawyer\\\/\",\"name\":\"Skilled Personal Injury Lawyer for Motorcycle Accidents\",\"description\":\"Focused advocacy after serious crashes. A personal injury lawyer helps motorcycle accident victims protect their legal rights. | 844-SPARTAN\",\"inLanguage\":\"es-ES\",\"isPartOf\":{\"@id\":\"https:\\\/\\\/844spartan.com\\\/es\\\/#website\"},\"breadcrumb\":{\"@id\":\"https:\\\/\\\/844spartan.com\\\/es\\\/practice-areas\\\/motorcycle-accident-lawyer\\\/#breadcrumblist\"},\"datePublished\":\"2025-06-04T09:58:47-04:00\",\"dateModified\":\"2026-03-03T18:27:50-04:00\"},{\"@type\":\"WebSite\",\"@id\":\"https:\\\/\\\/844spartan.com\\\/es\\\/#website\",\"url\":\"https:\\\/\\\/844spartan.com\\\/es\\\/\",\"name\":\"844-SPARTAN\",\"description\":\"844-SPARTAN\",\"inLanguage\":\"es-ES\",\"publisher\":{\"@id\":\"https:\\\/\\\/844spartan.com\\\/es\\\/#organization\"}}]}\n\t\t<\/script>\n\t\t<!-- All in One SEO Pro -->\r\n\t\t<title>Skilled Personal Injury Lawyer for Motorcycle Accidents<\/title>\n\n","aioseo_head_json":{"title":"Abogado experto en lesiones personales por accidentes de moto","description":"Defensa centrada tras accidentes graves. Un abogado de lesiones personales ayuda a las v\u00edctimas de accidentes de motocicleta a proteger sus derechos legales. | 844-SPARTAN","canonical_url":"https:\/\/844spartan.com\/es\/practice-areas\/motorcycle-accident-lawyer\/","robots":"max-image-preview:large","keywords":"","webmasterTools":{"miscellaneous":""},"schema":{"@context":"https:\/\/schema.org","@graph":[{"@type":"BreadcrumbList","@id":"https:\/\/844spartan.com\/es\/practice-areas\/motorcycle-accident-lawyer\/#breadcrumblist","itemListElement":[{"@type":"ListItem","@id":"https:\/\/844spartan.com\/es#listItem","position":1,"name":"Home","item":"https:\/\/844spartan.com\/es","nextItem":{"@type":"ListItem","@id":"https:\/\/844spartan.com\/es\/practice-areas\/#listItem","name":"Practice Areas"}},{"@type":"ListItem","@id":"https:\/\/844spartan.com\/es\/practice-areas\/#listItem","position":2,"name":"Practice Areas","item":"https:\/\/844spartan.com\/es\/practice-areas\/","nextItem":{"@type":"ListItem","@id":"https:\/\/844spartan.com\/es\/practice-areas\/motorcycle-accident-lawyer\/#listItem","name":"Motorcycle Accident Lawyer"},"previousItem":{"@type":"ListItem","@id":"https:\/\/844spartan.com\/es#listItem","name":"Home"}},{"@type":"ListItem","@id":"https:\/\/844spartan.com\/es\/practice-areas\/motorcycle-accident-lawyer\/#listItem","position":3,"name":"Motorcycle Accident Lawyer","previousItem":{"@type":"ListItem","@id":"https:\/\/844spartan.com\/es\/practice-areas\/#listItem","name":"Practice Areas"}}]},{"@type":"Organization","@id":"https:\/\/844spartan.com\/es\/#organization","name":"Spartan Law Group","description":"844-SPARTAN","url":"https:\/\/844spartan.com\/es\/","address":{"@id":"https:\/\/844spartan.com\/es\/#postaladdress","@type":"PostalAddress","streetAddress":"200 Sandy Springs Pl NE,","postalCode":"30328","addressLocality":"Sandy Springs","addressRegion":"GA","addressCountry":"US"}},{"@type":"WebPage","@id":"https:\/\/844spartan.com\/es\/practice-areas\/motorcycle-accident-lawyer\/#webpage","url":"https:\/\/844spartan.com\/es\/practice-areas\/motorcycle-accident-lawyer\/","name":"Skilled Personal Injury Lawyer for Motorcycle Accidents","description":"Focused advocacy after serious crashes. A personal injury lawyer helps motorcycle accident victims protect their legal rights. | 844-SPARTAN","inLanguage":"es-ES","isPartOf":{"@id":"https:\/\/844spartan.com\/es\/#website"},"breadcrumb":{"@id":"https:\/\/844spartan.com\/es\/practice-areas\/motorcycle-accident-lawyer\/#breadcrumblist"},"datePublished":"2025-06-04T09:58:47-04:00","dateModified":"2026-03-03T18:27:50-04:00"},{"@type":"WebSite","@id":"https:\/\/844spartan.com\/es\/#website","url":"https:\/\/844spartan.com\/es\/","name":"844-SPARTAN","description":"844-SPARTAN","inLanguage":"es-ES","publisher":{"@id":"https:\/\/844spartan.com\/es\/#organization"}}]},"og:locale":"es_ES","og:site_name":"844-SPARTAN - 844-SPARTAN","og:type":"article","og:title":"Skilled Personal Injury Lawyer for Motorcycle Accidents","og:description":"Focused advocacy after serious crashes. A personal injury lawyer helps motorcycle accident victims protect their legal rights. | 844-SPARTAN","og:url":"https:\/\/844spartan.com\/es\/practice-areas\/motorcycle-accident-lawyer\/","article:published_time":"2025-06-04T09:58:47+00:00","article:modified_time":"2026-03-03T18:27:50+00:00","twitter:card":"summary_large_image","twitter:title":"Skilled Personal Injury Lawyer for Motorcycle Accidents","twitter:description":"Focused advocacy after serious crashes. A personal injury lawyer helps motorcycle accident victims protect their legal rights. | 844-SPARTAN"},"aioseo_meta_data":{"post_id":"360","title":"Abogado experto en lesiones personales por accidentes de moto","description":"Defensa centrada tras accidentes graves. Un abogado de lesiones personales ayuda a las v\u00edctimas de accidentes de motocicleta a proteger sus derechos legales. | 844-SPARTAN","keywords":null,"keyphrases":{"focus":{"keyphrase":"Motorcycle Accident","score":65,"analysis":{"keyphraseInTitle":{"score":3,"maxScore":9,"error":1},"keyphraseInDescription":{"score":9,"maxScore":9,"error":0},"keyphraseLength":{"score":9,"maxScore":9,"error":0,"length":2},"keyphraseInURL":{"score":5,"maxScore":5,"error":0},"keyphraseInIntroduction":{"score":3,"maxScore":9,"error":1},"keyphraseInSubHeadings":{"score":3,"maxScore":9,"error":1},"keyphraseInImageAlt":{"score":3,"maxScore":9,"error":1},"keywordDensity":{"type":"best","score":9,"maxScore":9,"error":0}}},"additional":[]},"primary_term":null,"canonical_url":null,"og_title":null,"og_description":null,"og_object_type":"default","og_image_type":"default","og_image_url":null,"og_image_width":null,"og_image_height":null,"og_image_custom_url":null,"og_image_custom_fields":null,"og_video":"","og_custom_url":null,"og_article_section":null,"og_article_tags":null,"twitter_use_og":false,"twitter_card":"default","twitter_image_type":"default","twitter_image_url":null,"twitter_image_custom_url":null,"twitter_image_custom_fields":null,"twitter_title":null,"twitter_description":null,"schema":{"blockGraphs":[],"customGraphs":[],"default":{"data":{"Article":[],"Course":[],"Dataset":[],"FAQPage":[],"Movie":[],"Person":[],"Product":[],"ProductReview":[],"Car":[],"Recipe":[],"Service":[],"SoftwareApplication":[],"WebPage":[]},"graphName":"WebPage","isEnabled":true},"graphs":[]},"schema_type":"default","schema_type_options":null,"pillar_content":false,"robots_default":true,"robots_noindex":false,"robots_noarchive":false,"robots_nosnippet":false,"robots_nofollow":false,"robots_noimageindex":false,"robots_noodp":false,"robots_notranslate":false,"robots_max_snippet":"-1","robots_max_videopreview":"-1","robots_max_imagepreview":"large","priority":null,"frequency":"default","local_seo":null,"seo_analyzer_scan_date":"2026-03-03 18:28:38","breadcrumb_settings":null,"limit_modified_date":false,"open_ai":null,"ai":{"faqs":[],"keyPoints":[],"titles":[],"descriptions":[],"socialPosts":{"email":[],"linkedin":[],"twitter":[],"facebook":[],"instagram":[]}},"created":"2025-06-20 09:59:34","updated":"2026-03-03 18:53:34"},"aioseo_breadcrumb":"<div class=\"aioseo-breadcrumbs\"><span class=\"aioseo-breadcrumb\">\n\t<a href=\"https:\/\/844spartan.com\/es\" title=\"Home\">Home<\/a>\n<\/span><span class=\"aioseo-breadcrumb-separator\">&raquo;<\/span><span class=\"aioseo-breadcrumb\">\n\t<a href=\"https:\/\/844spartan.com\/es\/practice-areas\/\" title=\"Practice Areas\">Practice Areas<\/a>\n<\/span><span class=\"aioseo-breadcrumb-separator\">&raquo;<\/span><span class=\"aioseo-breadcrumb\">\n\tMotorcycle Accident Lawyer\n<\/span><\/div>","aioseo_breadcrumb_json":[{"label":"Home","link":"https:\/\/844spartan.com\/es"},{"label":"Practice Areas","link":"https:\/\/844spartan.com\/es\/practice-areas\/"},{"label":"Motorcycle Accident Lawyer","link":"https:\/\/844spartan.com\/es\/practice-areas\/motorcycle-accident-lawyer\/"}],"_links":{"self":[{"href":"https:\/\/844spartan.com\/es\/wp-json\/wp\/v2\/pages\/360","targetHints":{"allow":["GET"]}}],"collection":[{"href":"https:\/\/844spartan.com\/es\/wp-json\/wp\/v2\/pages"}],"about":[{"href":"https:\/\/844spartan.com\/es\/wp-json\/wp\/v2\/types\/page"}],"author":[{"embeddable":true,"href":"https:\/\/844spartan.com\/es\/wp-json\/wp\/v2\/users\/5"}],"replies":[{"embeddable":true,"href":"https:\/\/844spartan.com\/es\/wp-json\/wp\/v2\/comments?post=360"}],"version-history":[{"count":0,"href":"https:\/\/844spartan.com\/es\/wp-json\/wp\/v2\/pages\/360\/revisions"}],"up":[{"embeddable":true,"href":"https:\/\/844spartan.com\/es\/wp-json\/wp\/v2\/pages\/162"}],"wp:attachment":[{"href":"https:\/\/844spartan.com\/es\/wp-json\/wp\/v2\/media?parent=360"}],"wp:term":[{"taxonomy":"category","embeddable":true,"href":"https:\/\/844spartan.com\/es\/wp-json\/wp\/v2\/categories?post=360"},{"taxonomy":"post_tag","embeddable":true,"href":"https:\/\/844spartan.com\/es\/wp-json\/wp\/v2\/tags?post=360"}],"curies":[{"name":"wp","href":"https:\/\/api.w.org\/{rel}","templated":true}]}}