{"id":497,"date":"2025-06-04T13:10:28","date_gmt":"2025-06-04T13:10:28","guid":{"rendered":"https:\/\/spartanlawgroup.com\/?page_id=497"},"modified":"2026-03-13T05:58:21","modified_gmt":"2026-03-13T10:58:21","slug":"abogado-de-responsabilidad-civil","status":"publish","type":"page","link":"https:\/\/844spartan.com\/es\/practice-areas\/premises-liability-lawyer\/","title":{"rendered":"Abogado de responsabilidad civil"},"content":{"rendered":"<p>\u00bfSe lesion\u00f3 en una propiedad ajena? Nunca esperamos lesionarnos mientras visitamos la casa de un amigo, un parque p\u00fablico o el negocio de alguien. Sin embargo, las reclamaciones por responsabilidad de las instalaciones son comunes. Si el propietario es responsable de sus lesiones, un abogado con experiencia puede ayudarle a obtener una indemnizaci\u00f3n por da\u00f1os y perjuicios.<\/p>\n<p>Nuestros abogados de <a href=\"\/es\/acerca-de\/\">844-SPARTAN<\/a> tienen m\u00e1s de 75 a\u00f1os de experiencia colectiva en la ley de lesiones personales. Luchamos en\u00e9rgicamente por nuestros clientes, y los abogados de 844-SPARTAN han asegurado colectivamente juicios con jurado y acuerdos por un total de m\u00e1s de $250 millones para ellos. <a href=\"\/es\/contacto\/\">P\u00f3ngase en contacto con<\/a> 844-SPARTAN para programar una consulta gratuita en <a href=\"tel:+18447727826\">(844) 772-7826<\/a> con uno de nuestros abogados especializados en responsabilidad de locales.<\/p>\n<h2>C\u00f3mo pueden ayudarle nuestros abogados de lesiones personales si ha sufrido una lesi\u00f3n en la propiedad de alguien<\/h2>\n<p><img loading=\"lazy\" decoding=\"async\" class=\"alignnone wp-image-587 size-full\" src=\"https:\/\/844spartan.com\/wp-content\/uploads\/2025\/06\/caution-wet-floor-sign-2024-12-05-22-08-43-utc.webp\" alt=\"\" width=\"1000\" height=\"666\" srcset=\"https:\/\/844spartan.com\/wp-content\/uploads\/2025\/06\/caution-wet-floor-sign-2024-12-05-22-08-43-utc.webp 1000w, https:\/\/844spartan.com\/wp-content\/uploads\/2025\/06\/caution-wet-floor-sign-2024-12-05-22-08-43-utc-300x200.webp 300w, https:\/\/844spartan.com\/wp-content\/uploads\/2025\/06\/caution-wet-floor-sign-2024-12-05-22-08-43-utc-768x511.webp 768w\" sizes=\"auto, (max-width: 1000px) 100vw, 1000px\" \/><\/p>\n<p>En general, las leyes de responsabilidad de los locales exigen a los propietarios que mantengan su propiedad en condiciones razonablemente seguras para los hu\u00e9spedes y visitantes. Si un propietario es negligente en su deber de cuidado, la ley puede exigirle responsabilidad financiera por los da\u00f1os y lesiones causados por las condiciones inseguras de la propiedad. Una v\u00edctima puede recibir una indemnizaci\u00f3n por el dolor y el sufrimiento, los salarios perdidos, las facturas m\u00e9dicas y otros da\u00f1os.<\/p>\n<p>Desgraciadamente, la v\u00edctima debe probar los elementos legales de una reclamaci\u00f3n por responsabilidad de las instalaciones. Es probable que el propietario y la compa\u00f1\u00eda de seguros se opongan a la reclamaci\u00f3n para evitar pagar los da\u00f1os. Incluso pueden culparle a usted de causar el accidente.<\/p>\n<p>En 844-SPARTAN, tenemos una amplia experiencia en el manejo de reclamaciones de responsabilidad de locales. Cuando usted contrata a nuestro <a href=\"https:\/\/844spartan.com\/es\/\">abogados de da\u00f1os personales<\/a>, puede confiar en que lo haremos:<\/p>\n<ul>\n<li>Investigar la causa de su accidente para determinar la responsabilidad<\/li>\n<li>Explicar las leyes aplicables en materia de responsabilidad de los locales y c\u00f3mo se aplican en su caso.<\/li>\n<li>Reunir pruebas que demuestren que el propietario y otras partes son responsables de sus lesiones.<\/li>\n<li>Colaborar con los principales peritos para obtener las pruebas adicionales que sean necesarias.<\/li>\n<li>Analizar y evaluar sus da\u00f1os para determinar el valor de su reclamaci\u00f3n.<\/li>\n<li>Presentar reclamaciones de seguros y negociar indemnizaciones justas.<\/li>\n<li>Proceder a juicio si las negociaciones no dan lugar a una oferta de acuerdo razonable.<\/li>\n<\/ul>\n<p>El conocimiento y la habilidad son importantes cuando se contrata a un abogado de lesiones personales. En 844-SPARTAN, nuestros abogados han recibido el reconocimiento de The National Trial Lawyers y otras organizaciones legales de renombre.<\/p>\n<p>Llame al 844-SPARTAN para programar una evaluaci\u00f3n gratuita de su caso con uno de nuestros abogados expertos en responsabilidad de locales.<\/p>\n<h2>Nuestro bufete de abogados de lesiones personales maneja todo tipo de casos de responsabilidad de locales<\/h2>\n<p>Cuando la gente oye responsabilidad de las premisas, a menudo asumen que el caso se refiere a un accidente de resbal\u00f3n y ca\u00edda. Sin embargo, las leyes de responsabilidad de las premisas pueden cubrir cualquier lesi\u00f3n que ocurra en la propiedad de alguien debido a negligencia, agravios intencionales u otros actos il\u00edcitos. El requisito fundamental es demostrar que sus lesiones fueron causadas por la negligencia o los actos il\u00edcitos del propietario.<\/p>\n<p>En 844-SPARTAN, nuestros abogados manejan todo tipo de reclamaciones de responsabilidad de locales. Reclamaciones de responsabilidad de locales comunes incluyen, pero no se limitan a:<\/p>\n<ul>\n<li><a href=\"\/es\/areas-de-practica\/resbalon-caida-accidente-abogado\/\">Accidentes por resbalones y ca\u00eddas<\/a><\/li>\n<li>Accidentes en patios de recreo y colegios<\/li>\n<li><a href=\"\/es\/areas-de-practica\/abogado-de-mordedura-de-perro\/\">Mordeduras de perro<\/a> y ataques de animales<\/li>\n<li>Exposici\u00f3n a sustancias qu\u00edmicas peligrosas o materiales t\u00f3xicos<\/li>\n<li>Chinches en hoteles, complejos tur\u00edsticos, casas de alquiler, apartamentos, etc.<\/li>\n<li>Peligro de tropiezo debido a escombros u objetos que obstruyen los pasillos<\/li>\n<li>Accidentes en piscinas<\/li>\n<li>Accidentes en parques de atracciones<\/li>\n<li>Iluminaci\u00f3n y\/o seguridad inadecuadas<\/li>\n<li>Superficies irregulares<\/li>\n<li>Baches y grietas en aceras y aparcamientos<\/li>\n<li>Ser golpeado por objetos que caen<\/li>\n<li>Barandillas defectuosas y escalones rotos<\/li>\n<li>Accidentes de escaleras mec\u00e1nicas y ascensores<\/li>\n<\/ul>\n<p>Si usted o su hijo se lesiona en la propiedad de otra parte, usted puede tener derecho a dinero por da\u00f1os y perjuicios. La mejor manera de saber si usted tiene una demanda de responsabilidad de las premisas es llamar a nuestra oficina para una consulta gratuita con un abogado.<\/p>\n<h2>\u00bfCu\u00e1nto cuesta contratar a un abogado especializado en responsabilidad civil de locales?<\/h2>\n<p>Entendemos que el costo de contratar a un abogado puede ser una preocupaci\u00f3n para algunos clientes. Sin embargo, nuestros abogados trabajan en base a honorarios de contingencia, lo que significa que usted no nos deber\u00e1 ning\u00fan dinero a menos que podamos recuperar una compensaci\u00f3n para usted. Por lo general, esta cuota es un porcentaje de la soluci\u00f3n o veredicto que recuperamos para usted.<\/p>\n<h2>Prueba de la responsabilidad en una demanda por responsabilidad de los locales<\/h2>\n<p>La parte perjudicada tiene la carga de probar los elementos legales de la responsabilidad de los locales para recuperar los da\u00f1os. La parte perjudicada debe probar:<\/p>\n<ul>\n<li>El propietario u otra parte responsable les deb\u00eda un deber legal de cuidado.<\/li>\n<li>Exist\u00eda un riesgo o una situaci\u00f3n peligrosa en la propiedad.<\/li>\n<li>El propietario u otra parte responsable fue negligente al no mantener la propiedad, solucionar el problema o tomar medidas razonables para advertir a la gente del peligro.<\/li>\n<li>La condici\u00f3n peligrosa fue la causa pr\u00f3xima y directa de sus lesiones.<\/li>\n<li>Sufrieron da\u00f1os debido a que el propietario <a href=\"\/es\/recursos-sobre-lesiones-personales\/que-es-la-negligencia\/\">negligencia<\/a>.<\/li>\n<\/ul>\n<p>Las pruebas deben demostrar cada uno de los elementos anteriores por preponderancia probatoria. Esto significa que hay m\u00e1s probabilidades de que las alegaciones del demandante sean ciertas que de que no lo sean.<\/p>\n<h2>\u00bfCu\u00e1l es el deber de diligencia en un caso de responsabilidad del establecimiento?<\/h2>\n<p>El deber de diligencia en un caso de responsabilidad de un local puede variar en funci\u00f3n de la condici\u00f3n de la parte perjudicada. Los propietarios suelen tener el mayor deber de diligencia con los invitados (por ejemplo, los clientes de una tienda).<\/p>\n<p>Los titulares de licencias, como los invitados sociales o los que se encuentran en la propiedad por un motivo no relacionado con el beneficio del propietario, suelen tener un deber de cuidado ligeramente inferior. Por lo general, el propietario debe a los intrusos el nivel m\u00e1s bajo de diligencia.<\/p>\n<p>Puede existir una excepci\u00f3n a la norma de diligencia si el perjudicado es un menor. Un propietario puede ser responsable de las lesiones de un menor incluso si el menor es un intruso cuando existe una molestia atractiva. Una molestia atractiva es una condici\u00f3n peligrosa que podr\u00eda atraer a los ni\u00f1os a la propiedad y suponer un peligro para ellos.<\/p>\n<p>En virtud de la <a href=\"https:\/\/www.law.cornell.edu\/wex\/attractive_nuisance_doctrine#:~:text=In%20tort%20law%2C%20the%20attractive,dangers%20or%20provide%20adequate%20warning.\">doctrina de la molestia atractiva<\/a>, En determinadas circunstancias, el propietario puede ser responsable de los da\u00f1os si sab\u00eda o deber\u00eda haber sabido que los ni\u00f1os podr\u00edan entrar debido a la molestia atractiva y que \u00e9sta podr\u00eda causar lesiones graves o la muerte.<\/p>\n<h2>Indemnizaci\u00f3n por da\u00f1os y perjuicios en caso de reclamaci\u00f3n por responsabilidad civil en los locales<\/h2>\n<p>Si usted demuestra que un propietario es responsable de sus lesiones, puede obtener una indemnizaci\u00f3n por sus da\u00f1os econ\u00f3micos y no econ\u00f3micos. Los da\u00f1os en un caso de responsabilidad de las premisas incluyen:<\/p>\n<ul>\n<li>Gastos de bolsillo<\/li>\n<li>Angustia emocional y angustia mental<\/li>\n<li>Facturas m\u00e9dicas pasadas y futuras<\/li>\n<li>Cuidados de rehabilitaci\u00f3n y terapia<\/li>\n<li>P\u00e9rdida del disfrute y la calidad de vida<\/li>\n<li><a href=\"\/es\/recursos-sobre-lesiones-personales\/como-se-calculan-los-danos-morales\/\">Dolor y sufrimiento<\/a><\/li>\n<li>Salarios y prestaciones perdidos<\/li>\n<li>Disminuci\u00f3n de la capacidad de ganancia<\/li>\n<li>Cicatrices y desfiguraci\u00f3n<\/li>\n<li>Deficiencia y discapacidad<\/li>\n<li>Cuidados de larga duraci\u00f3n<\/li>\n<\/ul>\n<p>El valor de sus da\u00f1os depende de la gravedad de sus lesiones y de otros factores. Por ejemplo, la solidez de sus pruebas puede influir en el valor de su caso. El hecho de que usted sea parcialmente culpable de sus lesiones y las partes implicadas en el caso tambi\u00e9n pueden ser factores que influyan en el valor de su reclamaci\u00f3n.<\/p>\n<p>Nuestro equipo legal analizar\u00e1 cada factor en su caso para determinar c\u00f3mo afecta el valor de sus da\u00f1os. Vamos a trabajar para maximizar su recuperaci\u00f3n para que tenga el dinero que necesita para continuar la curaci\u00f3n de sus lesiones.<\/p>\n<h2>\u00bfC\u00f3mo influye la culpa en una demanda por responsabilidad del establecimiento?<\/h2>\n<p>Muchas jurisdicciones utilizan una forma de negligencia comparativa en lugar de la culpa contribuyente estricta. Una parte perjudicada puede recibir una indemnizaci\u00f3n por da\u00f1os y perjuicios aunque tenga parte de culpa en la causa de sus lesiones, pero su indemnizaci\u00f3n se reduce en funci\u00f3n de su nivel de culpa. En algunos lugares, la indemnizaci\u00f3n queda excluida a partir de un determinado umbral de culpa.<\/p>\n<p>Las compa\u00f1\u00edas de seguros suelen utilizar argumentos de negligencia comparativa para eludir su responsabilidad en las reclamaciones. Si es posible, pueden intentar culparte a ti para reducir la cantidad que tienen que pagar. Tenga cuidado al hablar con un perito de seguros. Sus declaraciones pueden ser malinterpretadas intencionadamente para dar a entender que usted es el culpable.<\/p>\n<h2>\u00bfCu\u00e1l es el plazo para presentar una demanda por responsabilidad de los locales?<\/h2>\n<p>El plazo de prescripci\u00f3n establece la fecha l\u00edmite para presentar demandas por responsabilidad de los locales. Los plazos de presentaci\u00f3n var\u00edan seg\u00fan la jurisdicci\u00f3n y el tipo de reclamaci\u00f3n; en muchos lugares, las reclamaciones por lesiones personales deben presentarse en un plazo de uno a tres a\u00f1os a partir de la fecha de la lesi\u00f3n. El incumplimiento del plazo puede dar lugar a la desestimaci\u00f3n de su caso, incluso si puede demostrar que el propietario caus\u00f3 sus lesiones.<\/p>\n<h2>Programe una consulta gratuita con nuestros abogados de responsabilidad de locales<\/h2>\n<p>Usted merece un trato justo despu\u00e9s de una lesi\u00f3n en la propiedad de alguien. Lucharemos para que as\u00ed sea. Llame al 844-SPARTAN para una revisi\u00f3n gratuita de su caso con uno de nuestros abogados de responsabilidad de locales.<\/p>","protected":false},"excerpt":{"rendered":"<p>Were you injured on someone else\u2019s property? We never expect to be injured while visiting a friend\u2019s home, a public park, or someone\u2019s business. However, premises liability claims are common. If the property owner is responsible for your injuries, an experienced lawyer can help you seek compensation for damages. Our lawyers at 844-SPARTAN have over&hellip;<\/p>","protected":false},"author":5,"featured_media":0,"parent":162,"menu_order":0,"comment_status":"closed","ping_status":"closed","template":"","meta":{"_monsterinsights_skip_tracking":false,"_monsterinsights_sitenote_active":false,"_monsterinsights_sitenote_note":"","_monsterinsights_sitenote_category":0,"footnotes":""},"categories":[6],"tags":[],"class_list":["post-497","page","type-page","status-publish","hentry","category-practice-areas","entry","no-media"],"aioseo_notices":[],"aioseo_head":"\n\t\t<!-- All in One SEO Pro 4.9.6.2 - aioseo.com -->\n\t<meta name=\"description\" content=\"Discover trusted legal help after an injury on unsafe property. Hold negligent owners accountable. Explore care options.\" \/>\n\t<meta name=\"robots\" content=\"max-image-preview:large\" \/>\n\t<link rel=\"canonical\" href=\"https:\/\/844spartan.com\/es\/practice-areas\/premises-liability-lawyer\/\" \/>\n\t<meta name=\"generator\" content=\"All in One SEO Pro (AIOSEO) 4.9.6.2\" \/>\n\t\t<meta property=\"og:locale\" content=\"es_ES\" \/>\n\t\t<meta property=\"og:site_name\" content=\"844-SPARTAN - 844-SPARTAN\" \/>\n\t\t<meta property=\"og:type\" content=\"article\" \/>\n\t\t<meta property=\"og:title\" content=\"Trusted Premises Liability Lawyer\" \/>\n\t\t<meta property=\"og:description\" content=\"Discover trusted legal help after an injury on unsafe property. Hold negligent owners accountable. Explore care options.\" \/>\n\t\t<meta property=\"og:url\" content=\"https:\/\/844spartan.com\/es\/practice-areas\/premises-liability-lawyer\/\" \/>\n\t\t<meta property=\"article:published_time\" content=\"2025-06-04T13:10:28+00:00\" \/>\n\t\t<meta property=\"article:modified_time\" content=\"2026-03-13T10:58:21+00:00\" \/>\n\t\t<meta name=\"twitter:card\" content=\"summary_large_image\" \/>\n\t\t<meta name=\"twitter:title\" content=\"Trusted Premises Liability Lawyer\" \/>\n\t\t<meta name=\"twitter:description\" content=\"Discover trusted legal help after an injury on unsafe property. Hold negligent owners accountable. Explore care options.\" \/>\n\t\t<script type=\"application\/ld+json\" class=\"aioseo-schema\">\n\t\t\t{\"@context\":\"https:\\\/\\\/schema.org\",\"@graph\":[{\"@type\":\"BreadcrumbList\",\"@id\":\"https:\\\/\\\/844spartan.com\\\/es\\\/practice-areas\\\/premises-liability-lawyer\\\/#breadcrumblist\",\"itemListElement\":[{\"@type\":\"ListItem\",\"@id\":\"https:\\\/\\\/844spartan.com\\\/es#listItem\",\"position\":1,\"name\":\"Home\",\"item\":\"https:\\\/\\\/844spartan.com\\\/es\",\"nextItem\":{\"@type\":\"ListItem\",\"@id\":\"https:\\\/\\\/844spartan.com\\\/es\\\/practice-areas\\\/#listItem\",\"name\":\"Practice Areas\"}},{\"@type\":\"ListItem\",\"@id\":\"https:\\\/\\\/844spartan.com\\\/es\\\/practice-areas\\\/#listItem\",\"position\":2,\"name\":\"Practice Areas\",\"item\":\"https:\\\/\\\/844spartan.com\\\/es\\\/practice-areas\\\/\",\"nextItem\":{\"@type\":\"ListItem\",\"@id\":\"https:\\\/\\\/844spartan.com\\\/es\\\/practice-areas\\\/premises-liability-lawyer\\\/#listItem\",\"name\":\"Premises Liability Lawyer\"},\"previousItem\":{\"@type\":\"ListItem\",\"@id\":\"https:\\\/\\\/844spartan.com\\\/es#listItem\",\"name\":\"Home\"}},{\"@type\":\"ListItem\",\"@id\":\"https:\\\/\\\/844spartan.com\\\/es\\\/practice-areas\\\/premises-liability-lawyer\\\/#listItem\",\"position\":3,\"name\":\"Premises Liability Lawyer\",\"previousItem\":{\"@type\":\"ListItem\",\"@id\":\"https:\\\/\\\/844spartan.com\\\/es\\\/practice-areas\\\/#listItem\",\"name\":\"Practice Areas\"}}]},{\"@type\":\"Organization\",\"@id\":\"https:\\\/\\\/844spartan.com\\\/es\\\/#organization\",\"name\":\"Spartan Law Group\",\"description\":\"844-SPARTAN\",\"url\":\"https:\\\/\\\/844spartan.com\\\/es\\\/\",\"address\":{\"@id\":\"https:\\\/\\\/844spartan.com\\\/es\\\/#postaladdress\",\"@type\":\"PostalAddress\",\"streetAddress\":\"200 Sandy Springs Pl NE,\",\"postalCode\":\"30328\",\"addressLocality\":\"Sandy Springs\",\"addressRegion\":\"GA\",\"addressCountry\":\"US\"}},{\"@type\":\"WebPage\",\"@id\":\"https:\\\/\\\/844spartan.com\\\/es\\\/practice-areas\\\/premises-liability-lawyer\\\/#webpage\",\"url\":\"https:\\\/\\\/844spartan.com\\\/es\\\/practice-areas\\\/premises-liability-lawyer\\\/\",\"name\":\"Trusted Premises Liability Lawyer\",\"description\":\"Discover trusted legal help after an injury on unsafe property. Hold negligent owners accountable. Explore care options.\",\"inLanguage\":\"es-ES\",\"isPartOf\":{\"@id\":\"https:\\\/\\\/844spartan.com\\\/es\\\/#website\"},\"breadcrumb\":{\"@id\":\"https:\\\/\\\/844spartan.com\\\/es\\\/practice-areas\\\/premises-liability-lawyer\\\/#breadcrumblist\"},\"datePublished\":\"2025-06-04T13:10:28-04:00\",\"dateModified\":\"2026-03-13T05:58:21-04:00\"},{\"@type\":\"WebSite\",\"@id\":\"https:\\\/\\\/844spartan.com\\\/es\\\/#website\",\"url\":\"https:\\\/\\\/844spartan.com\\\/es\\\/\",\"name\":\"844-SPARTAN\",\"description\":\"844-SPARTAN\",\"inLanguage\":\"es-ES\",\"publisher\":{\"@id\":\"https:\\\/\\\/844spartan.com\\\/es\\\/#organization\"}}]}\n\t\t<\/script>\n\t\t<!-- All in One SEO Pro -->\r\n\t\t<title>Trusted Premises Liability Lawyer<\/title>\n\n","aioseo_head_json":{"title":"Abogado de Confianza en Responsabilidad de Locales","description":"Descubra ayuda legal de confianza tras una lesi\u00f3n en una propiedad insegura. Responsabilice a los propietarios negligentes. Explore opciones de asistencia.","canonical_url":"https:\/\/844spartan.com\/es\/practice-areas\/premises-liability-lawyer\/","robots":"max-image-preview:large","keywords":"","webmasterTools":{"miscellaneous":""},"schema":{"@context":"https:\/\/schema.org","@graph":[{"@type":"BreadcrumbList","@id":"https:\/\/844spartan.com\/es\/practice-areas\/premises-liability-lawyer\/#breadcrumblist","itemListElement":[{"@type":"ListItem","@id":"https:\/\/844spartan.com\/es#listItem","position":1,"name":"Home","item":"https:\/\/844spartan.com\/es","nextItem":{"@type":"ListItem","@id":"https:\/\/844spartan.com\/es\/practice-areas\/#listItem","name":"Practice Areas"}},{"@type":"ListItem","@id":"https:\/\/844spartan.com\/es\/practice-areas\/#listItem","position":2,"name":"Practice Areas","item":"https:\/\/844spartan.com\/es\/practice-areas\/","nextItem":{"@type":"ListItem","@id":"https:\/\/844spartan.com\/es\/practice-areas\/premises-liability-lawyer\/#listItem","name":"Premises Liability Lawyer"},"previousItem":{"@type":"ListItem","@id":"https:\/\/844spartan.com\/es#listItem","name":"Home"}},{"@type":"ListItem","@id":"https:\/\/844spartan.com\/es\/practice-areas\/premises-liability-lawyer\/#listItem","position":3,"name":"Premises Liability Lawyer","previousItem":{"@type":"ListItem","@id":"https:\/\/844spartan.com\/es\/practice-areas\/#listItem","name":"Practice Areas"}}]},{"@type":"Organization","@id":"https:\/\/844spartan.com\/es\/#organization","name":"Spartan Law Group","description":"844-SPARTAN","url":"https:\/\/844spartan.com\/es\/","address":{"@id":"https:\/\/844spartan.com\/es\/#postaladdress","@type":"PostalAddress","streetAddress":"200 Sandy Springs Pl NE,","postalCode":"30328","addressLocality":"Sandy Springs","addressRegion":"GA","addressCountry":"US"}},{"@type":"WebPage","@id":"https:\/\/844spartan.com\/es\/practice-areas\/premises-liability-lawyer\/#webpage","url":"https:\/\/844spartan.com\/es\/practice-areas\/premises-liability-lawyer\/","name":"Trusted Premises Liability Lawyer","description":"Discover trusted legal help after an injury on unsafe property. Hold negligent owners accountable. Explore care options.","inLanguage":"es-ES","isPartOf":{"@id":"https:\/\/844spartan.com\/es\/#website"},"breadcrumb":{"@id":"https:\/\/844spartan.com\/es\/practice-areas\/premises-liability-lawyer\/#breadcrumblist"},"datePublished":"2025-06-04T13:10:28-04:00","dateModified":"2026-03-13T05:58:21-04:00"},{"@type":"WebSite","@id":"https:\/\/844spartan.com\/es\/#website","url":"https:\/\/844spartan.com\/es\/","name":"844-SPARTAN","description":"844-SPARTAN","inLanguage":"es-ES","publisher":{"@id":"https:\/\/844spartan.com\/es\/#organization"}}]},"og:locale":"es_ES","og:site_name":"844-SPARTAN - 844-SPARTAN","og:type":"article","og:title":"Trusted Premises Liability Lawyer","og:description":"Discover trusted legal help after an injury on unsafe property. Hold negligent owners accountable. Explore care options.","og:url":"https:\/\/844spartan.com\/es\/practice-areas\/premises-liability-lawyer\/","article:published_time":"2025-06-04T13:10:28+00:00","article:modified_time":"2026-03-13T10:58:21+00:00","twitter:card":"summary_large_image","twitter:title":"Trusted Premises Liability Lawyer","twitter:description":"Discover trusted legal help after an injury on unsafe property. Hold negligent owners accountable. Explore care options."},"aioseo_meta_data":{"post_id":"497","title":"Abogado de Confianza en Responsabilidad de Locales","description":"Descubra ayuda legal de confianza tras una lesi\u00f3n en una propiedad insegura. Responsabilice a los propietarios negligentes. Explore opciones de asistencia.","keywords":null,"keyphrases":{"focus":{"keyphrase":"","score":0,"analysis":{"keyphraseInTitle":{"score":0,"maxScore":9,"error":1}}},"additional":[]},"primary_term":null,"canonical_url":null,"og_title":null,"og_description":null,"og_object_type":"default","og_image_type":"default","og_image_url":null,"og_image_width":null,"og_image_height":null,"og_image_custom_url":null,"og_image_custom_fields":null,"og_video":"","og_custom_url":null,"og_article_section":null,"og_article_tags":null,"twitter_use_og":false,"twitter_card":"default","twitter_image_type":"default","twitter_image_url":null,"twitter_image_custom_url":null,"twitter_image_custom_fields":null,"twitter_title":null,"twitter_description":null,"schema":{"blockGraphs":[],"customGraphs":[],"default":{"data":{"Article":[],"Course":[],"Dataset":[],"FAQPage":[],"Movie":[],"Person":[],"Product":[],"ProductReview":[],"Car":[],"Recipe":[],"Service":[],"SoftwareApplication":[],"WebPage":[]},"graphName":"WebPage","isEnabled":true},"graphs":[]},"schema_type":"default","schema_type_options":null,"pillar_content":false,"robots_default":true,"robots_noindex":false,"robots_noarchive":false,"robots_nosnippet":false,"robots_nofollow":false,"robots_noimageindex":false,"robots_noodp":false,"robots_notranslate":false,"robots_max_snippet":"-1","robots_max_videopreview":"-1","robots_max_imagepreview":"large","priority":null,"frequency":"default","local_seo":null,"seo_analyzer_scan_date":"2026-03-13 11:02:18","breadcrumb_settings":null,"limit_modified_date":false,"open_ai":null,"ai":{"faqs":[],"keyPoints":[],"titles":[],"descriptions":[],"socialPosts":{"email":[],"linkedin":[],"twitter":[],"facebook":[],"instagram":[]}},"created":"2025-06-20 09:59:34","updated":"2026-03-13 11:03:38"},"aioseo_breadcrumb":"<div class=\"aioseo-breadcrumbs\"><span class=\"aioseo-breadcrumb\">\n\t<a href=\"https:\/\/844spartan.com\/es\" title=\"Home\">Home<\/a>\n<\/span><span class=\"aioseo-breadcrumb-separator\">&raquo;<\/span><span class=\"aioseo-breadcrumb\">\n\t<a href=\"https:\/\/844spartan.com\/es\/practice-areas\/\" title=\"Practice Areas\">Practice Areas<\/a>\n<\/span><span class=\"aioseo-breadcrumb-separator\">&raquo;<\/span><span class=\"aioseo-breadcrumb\">\n\tPremises Liability Lawyer\n<\/span><\/div>","aioseo_breadcrumb_json":[{"label":"Home","link":"https:\/\/844spartan.com\/es"},{"label":"Practice Areas","link":"https:\/\/844spartan.com\/es\/practice-areas\/"},{"label":"Premises Liability Lawyer","link":"https:\/\/844spartan.com\/es\/practice-areas\/premises-liability-lawyer\/"}],"_links":{"self":[{"href":"https:\/\/844spartan.com\/es\/wp-json\/wp\/v2\/pages\/497","targetHints":{"allow":["GET"]}}],"collection":[{"href":"https:\/\/844spartan.com\/es\/wp-json\/wp\/v2\/pages"}],"about":[{"href":"https:\/\/844spartan.com\/es\/wp-json\/wp\/v2\/types\/page"}],"author":[{"embeddable":true,"href":"https:\/\/844spartan.com\/es\/wp-json\/wp\/v2\/users\/5"}],"replies":[{"embeddable":true,"href":"https:\/\/844spartan.com\/es\/wp-json\/wp\/v2\/comments?post=497"}],"version-history":[{"count":0,"href":"https:\/\/844spartan.com\/es\/wp-json\/wp\/v2\/pages\/497\/revisions"}],"up":[{"embeddable":true,"href":"https:\/\/844spartan.com\/es\/wp-json\/wp\/v2\/pages\/162"}],"wp:attachment":[{"href":"https:\/\/844spartan.com\/es\/wp-json\/wp\/v2\/media?parent=497"}],"wp:term":[{"taxonomy":"category","embeddable":true,"href":"https:\/\/844spartan.com\/es\/wp-json\/wp\/v2\/categories?post=497"},{"taxonomy":"post_tag","embeddable":true,"href":"https:\/\/844spartan.com\/es\/wp-json\/wp\/v2\/tags?post=497"}],"curies":[{"name":"wp","href":"https:\/\/api.w.org\/{rel}","templated":true}]}}