{"id":502,"date":"2025-06-04T13:19:19","date_gmt":"2025-06-04T13:19:19","guid":{"rendered":"https:\/\/spartanlawgroup.com\/?page_id=502"},"modified":"2026-03-03T17:58:22","modified_gmt":"2026-03-03T17:58:22","slug":"abogado-accidente-lyft","status":"publish","type":"page","link":"https:\/\/844spartan.com\/es\/practice-areas\/lyft-accident-lawyer\/","title":{"rendered":"Abogado de accidentes de Lyft"},"content":{"rendered":"<p>Los servicios de transporte compartido como Lyft son cada vez m\u00e1s comunes. Sin embargo, con la creciente popularidad de Lyft, los accidentes que involucran veh\u00edculos Lyft y los conductores tambi\u00e9n han aumentado. Si usted o un ser querido ha sido lesionado en un accidente de Lyft como pasajero, peat\u00f3n o conductor, usted puede tener derecho a una indemnizaci\u00f3n por gastos m\u00e9dicos, salarios perdidos y otros da\u00f1os.<\/p>\n<p>Un abogado de accidentes de Lyft con <a href=\"\/es\/acerca-de\/\">844-SPARTAN<\/a> puede ayudarle a evaluar el valor potencial de su reclamaci\u00f3n, <a href=\"\/es\/contacto\/\">Contacto<\/a> en <a href=\"tel:+18447727826\">(844) 772 7826<\/a>.<\/p>\n<h2>C\u00f3mo 844-SPARTAN puede ayudar despu\u00e9s de un accidente de Lyft<\/h2>\n<p><img loading=\"lazy\" decoding=\"async\" class=\"alignnone wp-image-489 size-full\" src=\"https:\/\/844spartan.com\/wp-content\/uploads\/2025\/06\/How-Spartan-Car-Accident-Personal-Injury-Lawyers-Can-Help-After-an-Uber-Accident-in-Atlanta-768x512-1.jpg\" alt=\"\" width=\"768\" height=\"512\" srcset=\"https:\/\/844spartan.com\/wp-content\/uploads\/2025\/06\/How-Spartan-Car-Accident-Personal-Injury-Lawyers-Can-Help-After-an-Uber-Accident-in-Atlanta-768x512-1.jpg 768w, https:\/\/844spartan.com\/wp-content\/uploads\/2025\/06\/How-Spartan-Car-Accident-Personal-Injury-Lawyers-Can-Help-After-an-Uber-Accident-in-Atlanta-768x512-1-300x200.jpg 300w\" sizes=\"auto, (max-width: 768px) 100vw, 768px\" \/><\/p>\n<p>Nuestro experimentado equipo de lesiones personales entiende los desaf\u00edos de los casos de accidentes de Lyft. Con m\u00e1s de 75 a\u00f1os de experiencia combinada, nuestros abogados de accidentes de Lyft pueden responsabilizar a las partes negligentes por sus acciones. Desde la investigaci\u00f3n de su accidente hasta la negociaci\u00f3n con las compa\u00f1\u00edas de seguros, podemos manejar todos los aspectos de su caso. Esto incluye:<\/p>\n<ul>\n<li>Investigar la causa de su accidente Lyft<\/li>\n<li>Recopilaci\u00f3n <a href=\"\/es\/blog\/accidente-de-trafico\/faqs-informes-de-accidentes-de-coche-en-georgia\/\">informes sobre accidentes de tr\u00e1fico<\/a>, los historiales m\u00e9dicos y otras pruebas<\/li>\n<li>Identificaci\u00f3n de las partes potencialmente responsables y prueba de la negligencia<\/li>\n<li>C\u00e1lculo de los da\u00f1os por <a href=\"\/es\/recursos-sobre-lesiones-personales\/que-son-los-perjuicios-economicos\/\">econ\u00f3mico<\/a> y <a href=\"\/es\/recursos-sobre-lesiones-personales\/que-son-los-danos-no-economicos\/\">da\u00f1os no econ\u00f3micos<\/a><\/li>\n<li>Reclamaci\u00f3n de indemnizaciones al seguro<\/li>\n<li>Negociaci\u00f3n de los asentamientos accidente Lyft para la compensaci\u00f3n m\u00e1xima<\/li>\n<li>Demandas por da\u00f1os personales<\/li>\n<\/ul>\n<p>Programe una consulta gratuita con un abogado de lesiones personales si usted o un ser querido ha sido lesionado.<\/p>\n<h2>Causas de los accidentes de Lyft<\/h2>\n<p>Lyft ofrece una manera conveniente de viajar, pero los accidentes que involucran veh\u00edculos Lyft son desafortunadamente comunes. Muchos factores pueden contribuir a estos accidentes. Algunos de los m\u00e1s comunes incluyen:<\/p>\n<ul>\n<li>Conducci\u00f3n distra\u00edda<\/li>\n<li>Conducci\u00f3n bajo los efectos del alcohol<\/li>\n<li>Parada o frenazo brusco<\/li>\n<li>Fatiga<\/li>\n<li>Exceso de velocidad y conducci\u00f3n temeraria<\/li>\n<li>Conducci\u00f3n inexperta o falta de formaci\u00f3n<\/li>\n<li>Mal estado de las carreteras<\/li>\n<li>Problemas de mantenimiento del veh\u00edculo<\/li>\n<\/ul>\n<p>Identificar la causa de un accidente de Lyft es importante si la negligencia de otra persona puede haber estado involucrado. Un experimentado <a href=\"\/es\/areas-de-practica\/abogado-de-accidente-de-coche\/\">abogado de accidente de coche<\/a> puede ayudar.<\/p>\n<h2>\u00bfQu\u00e9 da\u00f1os puedo tener derecho a despu\u00e9s de un accidente de Lyft?<\/h2>\n<p>Usted puede tener derecho a recuperar los da\u00f1os para compensar los impactos f\u00edsicos, emocionales y financieros de su accidente Lyft. Los da\u00f1os espec\u00edficos disponibles dependen de la gravedad de sus lesiones, el alcance de los da\u00f1os a la propiedad, y otras circunstancias. Los da\u00f1os potenciales pueden incluir:<\/p>\n<ul>\n<li>Gastos m\u00e9dicos<\/li>\n<li>Salarios perdidos<\/li>\n<li>P\u00e9rdida de capacidad de ganancia<\/li>\n<li>Da\u00f1os materiales<\/li>\n<\/ul>\n<ul>\n<li>Dolor y sufrimiento<\/li>\n<li>Angustia emocional<\/li>\n<li>P\u00e9rdida del disfrute de la vida<\/li>\n<li>P\u00e9rdida de consorcio<\/li>\n<\/ul>\n<p>Un abogado experto en lesiones personales puede ayudarle a determinar el alcance total de los da\u00f1os a los que tiene derecho.<\/p>\n<h2>\u00bfPuedo recuperar la indemnizaci\u00f3n de Lyft despu\u00e9s de mi accidente?<\/h2>\n<p>Lyft proporciona una cobertura de seguro que puede ofrecer una indemnizaci\u00f3n tras un accidente. La cobertura disponible variar\u00e1 en funci\u00f3n de tres escenarios:<\/p>\n<ol>\n<li><strong>La aplicaci\u00f3n est\u00e1 desactivada<\/strong>: Lyft no proporciona cobertura cuando el conductor no ha iniciado sesi\u00f3n en la aplicaci\u00f3n Lyft.<\/li>\n<li><strong>La aplicaci\u00f3n est\u00e1 activada y el conductor espera una solicitud de viaje.<\/strong>: Lyft proporciona cobertura de responsabilidad civil contingente si no se aplica el seguro del conductor, a menudo hasta $50.000 por persona por lesiones corporales, $100.000 por accidente por lesiones corporales y $25.000 por accidente por da\u00f1os materiales.<\/li>\n<li><strong>Durante un trayecto activo (en ruta para recoger o transportar a un ciclista)<\/strong>: Lyft normalmente proporciona hasta $1 mill\u00f3n en cobertura de responsabilidad civil, y pueden aplicarse otras coberturas.<\/li>\n<\/ol>\n<p>Un abogado de accidentes Lyft puede ayudarle a perseguir una reclamaci\u00f3n de indemnizaci\u00f3n leg\u00edtima despu\u00e9s de un accidente.<\/p>\n<h2>\u00bfCu\u00e1nto tiempo tengo para presentar una demanda despu\u00e9s de un accidente de Lyft?<\/h2>\n<p>Es importante actuar con rapidez si usted ha sido lesionado en un accidente de Lyft. Muchas jurisdicciones dan a las v\u00edctimas de lesiones alrededor de dos a\u00f1os a partir de la fecha del accidente para presentar una demanda por lesiones personales, pero los plazos var\u00edan y pueden ser m\u00e1s cortos o m\u00e1s largos dependiendo de la ubicaci\u00f3n y los hechos. No presentar a tiempo puede resultar en la p\u00e9rdida de su derecho a solicitar una indemnizaci\u00f3n. Consulte con un abogado con experiencia en accidentes de Lyft tan pronto como sea posible para preservar su reclamo.<\/p>\n<h2>\u00bfCu\u00e1nto cuesta contratar a un abogado de accidente de Lyft?<\/h2>\n<p>Una de las preocupaciones m\u00e1s comunes para las v\u00edctimas de accidentes de Lyft es el costo de contratar a un abogado. La mayor\u00eda de los abogados de lesiones personales que manejan casos de accidentes de Lyft trabajan en base a honorarios de contingencia. Esto significa que usted no tendr\u00e1 que pagar de su bolsillo los honorarios del abogado para contratar a un abogado con experiencia. En cambio, su abogado s\u00f3lo se le paga si se recuperan con \u00e9xito una indemnizaci\u00f3n para usted a trav\u00e9s de un acuerdo o juicio. Tambi\u00e9n ofrecemos consultas iniciales gratuitas para discutir su caso y evaluar su valor potencial.<\/p>\n<h2>\u00bfLastimado en un accidente de Lyft? Programe una consulta gratuita con un abogado con experiencia en accidentes de Lyft<\/h2>\n<p>Ser herido en un accidente de Lyft puede ser una experiencia estresante y abrumadora. De hacer frente a las facturas m\u00e9dicas y la p\u00e9rdida de ingresos para navegar por las reclamaciones de seguros, es f\u00e1cil sentirse inseguro acerca de sus pr\u00f3ximos pasos. Un abogado con experiencia en accidentes de Lyft con 844-SPARTAN puede ayudarle a volver sobre sus pies con la compensaci\u00f3n que se merece. Programe una consulta gratuita con nuestros abogados hoy.<\/p>","protected":false},"excerpt":{"rendered":"<p>Los servicios de transporte compartido como Lyft se han vuelto cada vez m\u00e1s comunes. Sin embargo, con la creciente popularidad de Lyft, tambi\u00e9n han aumentado los accidentes que involucran veh\u00edculos y conductores de Lyft. Si usted o un ser querido ha resultado herido en un accidente de Lyft como pasajero, peat\u00f3n o conductor, puede tener derecho a una indemnizaci\u00f3n por gastos m\u00e9dicos, salarios perdidos y\u2026<\/p>","protected":false},"author":5,"featured_media":0,"parent":162,"menu_order":0,"comment_status":"closed","ping_status":"closed","template":"","meta":{"_monsterinsights_skip_tracking":false,"_monsterinsights_sitenote_active":false,"_monsterinsights_sitenote_note":"","_monsterinsights_sitenote_category":0,"footnotes":""},"categories":[6],"tags":[],"class_list":["post-502","page","type-page","status-publish","hentry","category-practice-areas","entry","no-media"],"aioseo_notices":[],"aioseo_head":"\n\t\t<!-- All in One SEO Pro 4.9.6.2 - aioseo.com -->\n\t<meta name=\"description\" content=\"Steady help after rideshare accidents. An personal injury lawyer assists riders and drivers seeking accountability. Call for a free consultation. | 844-SPARTAN\" \/>\n\t<meta name=\"robots\" content=\"max-image-preview:large\" \/>\n\t<link rel=\"canonical\" href=\"https:\/\/844spartan.com\/es\/practice-areas\/lyft-accident-lawyer\/\" \/>\n\t<meta name=\"generator\" content=\"All in One SEO Pro (AIOSEO) 4.9.6.2\" \/>\n\t\t<meta property=\"og:locale\" content=\"es_ES\" \/>\n\t\t<meta property=\"og:site_name\" content=\"844-SPARTAN - 844-SPARTAN\" \/>\n\t\t<meta property=\"og:type\" content=\"article\" \/>\n\t\t<meta property=\"og:title\" content=\"Experienced Personal Injury Lawyer for Lyft\" \/>\n\t\t<meta property=\"og:description\" content=\"Steady help after rideshare accidents. An personal injury lawyer assists riders and drivers seeking accountability. Call for a free consultation. | 844-SPARTAN\" \/>\n\t\t<meta property=\"og:url\" content=\"https:\/\/844spartan.com\/es\/practice-areas\/lyft-accident-lawyer\/\" \/>\n\t\t<meta property=\"article:published_time\" content=\"2025-06-04T13:19:19+00:00\" \/>\n\t\t<meta property=\"article:modified_time\" content=\"2026-03-03T17:58:22+00:00\" \/>\n\t\t<meta name=\"twitter:card\" content=\"summary_large_image\" \/>\n\t\t<meta name=\"twitter:title\" content=\"Experienced Personal Injury Lawyer for Lyft\" \/>\n\t\t<meta name=\"twitter:description\" content=\"Steady help after rideshare accidents. An personal injury lawyer assists riders and drivers seeking accountability. Call for a free consultation. | 844-SPARTAN\" \/>\n\t\t<script type=\"application\/ld+json\" class=\"aioseo-schema\">\n\t\t\t{\"@context\":\"https:\\\/\\\/schema.org\",\"@graph\":[{\"@type\":\"BreadcrumbList\",\"@id\":\"https:\\\/\\\/844spartan.com\\\/es\\\/practice-areas\\\/lyft-accident-lawyer\\\/#breadcrumblist\",\"itemListElement\":[{\"@type\":\"ListItem\",\"@id\":\"https:\\\/\\\/844spartan.com\\\/es#listItem\",\"position\":1,\"name\":\"Home\",\"item\":\"https:\\\/\\\/844spartan.com\\\/es\",\"nextItem\":{\"@type\":\"ListItem\",\"@id\":\"https:\\\/\\\/844spartan.com\\\/es\\\/practice-areas\\\/#listItem\",\"name\":\"Practice Areas\"}},{\"@type\":\"ListItem\",\"@id\":\"https:\\\/\\\/844spartan.com\\\/es\\\/practice-areas\\\/#listItem\",\"position\":2,\"name\":\"Practice Areas\",\"item\":\"https:\\\/\\\/844spartan.com\\\/es\\\/practice-areas\\\/\",\"nextItem\":{\"@type\":\"ListItem\",\"@id\":\"https:\\\/\\\/844spartan.com\\\/es\\\/practice-areas\\\/lyft-accident-lawyer\\\/#listItem\",\"name\":\"Lyft Accident Lawyer\"},\"previousItem\":{\"@type\":\"ListItem\",\"@id\":\"https:\\\/\\\/844spartan.com\\\/es#listItem\",\"name\":\"Home\"}},{\"@type\":\"ListItem\",\"@id\":\"https:\\\/\\\/844spartan.com\\\/es\\\/practice-areas\\\/lyft-accident-lawyer\\\/#listItem\",\"position\":3,\"name\":\"Lyft Accident Lawyer\",\"previousItem\":{\"@type\":\"ListItem\",\"@id\":\"https:\\\/\\\/844spartan.com\\\/es\\\/practice-areas\\\/#listItem\",\"name\":\"Practice Areas\"}}]},{\"@type\":\"Organization\",\"@id\":\"https:\\\/\\\/844spartan.com\\\/es\\\/#organization\",\"name\":\"Spartan Law Group\",\"description\":\"844-SPARTAN\",\"url\":\"https:\\\/\\\/844spartan.com\\\/es\\\/\",\"address\":{\"@id\":\"https:\\\/\\\/844spartan.com\\\/es\\\/#postaladdress\",\"@type\":\"PostalAddress\",\"streetAddress\":\"200 Sandy Springs Pl NE,\",\"postalCode\":\"30328\",\"addressLocality\":\"Sandy Springs\",\"addressRegion\":\"GA\",\"addressCountry\":\"US\"}},{\"@type\":\"WebPage\",\"@id\":\"https:\\\/\\\/844spartan.com\\\/es\\\/practice-areas\\\/lyft-accident-lawyer\\\/#webpage\",\"url\":\"https:\\\/\\\/844spartan.com\\\/es\\\/practice-areas\\\/lyft-accident-lawyer\\\/\",\"name\":\"Experienced Personal Injury Lawyer for Lyft\",\"description\":\"Steady help after rideshare accidents. An personal injury lawyer assists riders and drivers seeking accountability. Call for a free consultation. | 844-SPARTAN\",\"inLanguage\":\"es-ES\",\"isPartOf\":{\"@id\":\"https:\\\/\\\/844spartan.com\\\/es\\\/#website\"},\"breadcrumb\":{\"@id\":\"https:\\\/\\\/844spartan.com\\\/es\\\/practice-areas\\\/lyft-accident-lawyer\\\/#breadcrumblist\"},\"datePublished\":\"2025-06-04T13:19:19-04:00\",\"dateModified\":\"2026-03-03T17:58:22-04:00\"},{\"@type\":\"WebSite\",\"@id\":\"https:\\\/\\\/844spartan.com\\\/es\\\/#website\",\"url\":\"https:\\\/\\\/844spartan.com\\\/es\\\/\",\"name\":\"844-SPARTAN\",\"description\":\"844-SPARTAN\",\"inLanguage\":\"es-ES\",\"publisher\":{\"@id\":\"https:\\\/\\\/844spartan.com\\\/es\\\/#organization\"}}]}\n\t\t<\/script>\n\t\t<!-- All in One SEO Pro -->\r\n\t\t<title>Experienced Personal Injury Lawyer for Lyft<\/title>\n\n","aioseo_head_json":{"title":"Abogado con experiencia en lesiones personales por Lyft","description":"Ayuda constante tras accidentes de veh\u00edculos compartidos. Un abogado de lesiones personales ayuda a los pasajeros y conductores que buscan responsabilidad. Llame para una consulta gratuita. | 844-SPARTAN","canonical_url":"https:\/\/844spartan.com\/es\/practice-areas\/lyft-accident-lawyer\/","robots":"max-image-preview:large","keywords":"","webmasterTools":{"miscellaneous":""},"schema":{"@context":"https:\/\/schema.org","@graph":[{"@type":"BreadcrumbList","@id":"https:\/\/844spartan.com\/es\/practice-areas\/lyft-accident-lawyer\/#breadcrumblist","itemListElement":[{"@type":"ListItem","@id":"https:\/\/844spartan.com\/es#listItem","position":1,"name":"Home","item":"https:\/\/844spartan.com\/es","nextItem":{"@type":"ListItem","@id":"https:\/\/844spartan.com\/es\/practice-areas\/#listItem","name":"Practice Areas"}},{"@type":"ListItem","@id":"https:\/\/844spartan.com\/es\/practice-areas\/#listItem","position":2,"name":"Practice Areas","item":"https:\/\/844spartan.com\/es\/practice-areas\/","nextItem":{"@type":"ListItem","@id":"https:\/\/844spartan.com\/es\/practice-areas\/lyft-accident-lawyer\/#listItem","name":"Lyft Accident Lawyer"},"previousItem":{"@type":"ListItem","@id":"https:\/\/844spartan.com\/es#listItem","name":"Home"}},{"@type":"ListItem","@id":"https:\/\/844spartan.com\/es\/practice-areas\/lyft-accident-lawyer\/#listItem","position":3,"name":"Lyft Accident Lawyer","previousItem":{"@type":"ListItem","@id":"https:\/\/844spartan.com\/es\/practice-areas\/#listItem","name":"Practice Areas"}}]},{"@type":"Organization","@id":"https:\/\/844spartan.com\/es\/#organization","name":"Spartan Law Group","description":"844-SPARTAN","url":"https:\/\/844spartan.com\/es\/","address":{"@id":"https:\/\/844spartan.com\/es\/#postaladdress","@type":"PostalAddress","streetAddress":"200 Sandy Springs Pl NE,","postalCode":"30328","addressLocality":"Sandy Springs","addressRegion":"GA","addressCountry":"US"}},{"@type":"WebPage","@id":"https:\/\/844spartan.com\/es\/practice-areas\/lyft-accident-lawyer\/#webpage","url":"https:\/\/844spartan.com\/es\/practice-areas\/lyft-accident-lawyer\/","name":"Experienced Personal Injury Lawyer for Lyft","description":"Steady help after rideshare accidents. An personal injury lawyer assists riders and drivers seeking accountability. Call for a free consultation. | 844-SPARTAN","inLanguage":"es-ES","isPartOf":{"@id":"https:\/\/844spartan.com\/es\/#website"},"breadcrumb":{"@id":"https:\/\/844spartan.com\/es\/practice-areas\/lyft-accident-lawyer\/#breadcrumblist"},"datePublished":"2025-06-04T13:19:19-04:00","dateModified":"2026-03-03T17:58:22-04:00"},{"@type":"WebSite","@id":"https:\/\/844spartan.com\/es\/#website","url":"https:\/\/844spartan.com\/es\/","name":"844-SPARTAN","description":"844-SPARTAN","inLanguage":"es-ES","publisher":{"@id":"https:\/\/844spartan.com\/es\/#organization"}}]},"og:locale":"es_ES","og:site_name":"844-SPARTAN - 844-SPARTAN","og:type":"article","og:title":"Experienced Personal Injury Lawyer for Lyft","og:description":"Steady help after rideshare accidents. An personal injury lawyer assists riders and drivers seeking accountability. Call for a free consultation. | 844-SPARTAN","og:url":"https:\/\/844spartan.com\/es\/practice-areas\/lyft-accident-lawyer\/","article:published_time":"2025-06-04T13:19:19+00:00","article:modified_time":"2026-03-03T17:58:22+00:00","twitter:card":"summary_large_image","twitter:title":"Experienced Personal Injury Lawyer for Lyft","twitter:description":"Steady help after rideshare accidents. An personal injury lawyer assists riders and drivers seeking accountability. Call for a free consultation. | 844-SPARTAN"},"aioseo_meta_data":{"post_id":"502","title":"Abogado con experiencia en lesiones personales por Lyft","description":"Ayuda constante tras accidentes de veh\u00edculos compartidos. Un abogado de lesiones personales ayuda a los pasajeros y conductores que buscan responsabilidad. Llame para una consulta gratuita. | 844-SPARTAN","keywords":null,"keyphrases":{"focus":{"keyphrase":"","score":0,"analysis":{"keyphraseInTitle":{"score":0,"maxScore":9,"error":1}}},"additional":[]},"primary_term":null,"canonical_url":null,"og_title":null,"og_description":null,"og_object_type":"default","og_image_type":"default","og_image_url":null,"og_image_width":null,"og_image_height":null,"og_image_custom_url":null,"og_image_custom_fields":null,"og_video":"","og_custom_url":null,"og_article_section":null,"og_article_tags":null,"twitter_use_og":false,"twitter_card":"default","twitter_image_type":"default","twitter_image_url":null,"twitter_image_custom_url":null,"twitter_image_custom_fields":null,"twitter_title":null,"twitter_description":null,"schema":{"blockGraphs":[],"customGraphs":[],"default":{"data":{"Article":[],"Course":[],"Dataset":[],"FAQPage":[],"Movie":[],"Person":[],"Product":[],"ProductReview":[],"Car":[],"Recipe":[],"Service":[],"SoftwareApplication":[],"WebPage":[]},"graphName":"WebPage","isEnabled":true},"graphs":[]},"schema_type":"default","schema_type_options":null,"pillar_content":false,"robots_default":true,"robots_noindex":false,"robots_noarchive":false,"robots_nosnippet":false,"robots_nofollow":false,"robots_noimageindex":false,"robots_noodp":false,"robots_notranslate":false,"robots_max_snippet":"-1","robots_max_videopreview":"-1","robots_max_imagepreview":"large","priority":null,"frequency":"default","local_seo":null,"seo_analyzer_scan_date":"2026-03-03 18:28:42","breadcrumb_settings":null,"limit_modified_date":false,"open_ai":null,"ai":{"faqs":[],"keyPoints":[],"titles":[],"descriptions":[],"socialPosts":{"email":[],"linkedin":[],"twitter":[],"facebook":[],"instagram":[]}},"created":"2025-06-20 09:59:34","updated":"2026-03-03 18:54:59"},"aioseo_breadcrumb":"<div class=\"aioseo-breadcrumbs\"><span class=\"aioseo-breadcrumb\">\n\t<a href=\"https:\/\/844spartan.com\/es\" title=\"Home\">Home<\/a>\n<\/span><span class=\"aioseo-breadcrumb-separator\">&raquo;<\/span><span class=\"aioseo-breadcrumb\">\n\t<a href=\"https:\/\/844spartan.com\/es\/practice-areas\/\" title=\"Practice Areas\">Practice Areas<\/a>\n<\/span><span class=\"aioseo-breadcrumb-separator\">&raquo;<\/span><span class=\"aioseo-breadcrumb\">\n\tLyft Accident Lawyer\n<\/span><\/div>","aioseo_breadcrumb_json":[{"label":"Home","link":"https:\/\/844spartan.com\/es"},{"label":"Practice Areas","link":"https:\/\/844spartan.com\/es\/practice-areas\/"},{"label":"Lyft Accident Lawyer","link":"https:\/\/844spartan.com\/es\/practice-areas\/lyft-accident-lawyer\/"}],"_links":{"self":[{"href":"https:\/\/844spartan.com\/es\/wp-json\/wp\/v2\/pages\/502","targetHints":{"allow":["GET"]}}],"collection":[{"href":"https:\/\/844spartan.com\/es\/wp-json\/wp\/v2\/pages"}],"about":[{"href":"https:\/\/844spartan.com\/es\/wp-json\/wp\/v2\/types\/page"}],"author":[{"embeddable":true,"href":"https:\/\/844spartan.com\/es\/wp-json\/wp\/v2\/users\/5"}],"replies":[{"embeddable":true,"href":"https:\/\/844spartan.com\/es\/wp-json\/wp\/v2\/comments?post=502"}],"version-history":[{"count":0,"href":"https:\/\/844spartan.com\/es\/wp-json\/wp\/v2\/pages\/502\/revisions"}],"up":[{"embeddable":true,"href":"https:\/\/844spartan.com\/es\/wp-json\/wp\/v2\/pages\/162"}],"wp:attachment":[{"href":"https:\/\/844spartan.com\/es\/wp-json\/wp\/v2\/media?parent=502"}],"wp:term":[{"taxonomy":"category","embeddable":true,"href":"https:\/\/844spartan.com\/es\/wp-json\/wp\/v2\/categories?post=502"},{"taxonomy":"post_tag","embeddable":true,"href":"https:\/\/844spartan.com\/es\/wp-json\/wp\/v2\/tags?post=502"}],"curies":[{"name":"wp","href":"https:\/\/api.w.org\/{rel}","templated":true}]}}