{"id":624,"date":"2025-06-06T14:01:39","date_gmt":"2025-06-06T14:01:39","guid":{"rendered":"https:\/\/spartanlawgroup.com\/?page_id=624"},"modified":"2026-03-03T18:11:20","modified_gmt":"2026-03-03T18:11:20","slug":"recursos-sobre-lesiones-personales","status":"publish","type":"page","link":"https:\/\/844spartan.com\/es\/personal-injury-resources\/","title":{"rendered":"Recursos sobre lesiones personales"},"content":{"rendered":"<p><a href=\"https:\/\/844spartan.com\/es\/acerca-de\/\">844-SPARTAN<\/a>\u00a0proporciona los siguientes recursos para aprender m\u00e1s sobre lesiones personales en Atlanta y Jonesboro. Llame a nuestra oficina hoy al\u00a0<a href=\"tel:+18447727826\">(844) 772-7826<\/a>\u00a0de asistencia jur\u00eddica.<\/p>\n<ul>\n<li><a href=\"https:\/\/844spartan.com\/es\/recursos-sobre-lesiones-personales\/seis-preguntas-que-debe-hacer-a-un-abogado-de-lesiones-personales-durante-una-consulta-gratuita\/\">Seis preguntas a un abogado de lesiones personales durante una consulta gratuita<\/a><\/li>\n<li><a href=\"https:\/\/844spartan.com\/es\/recursos-sobre-lesiones-personales\/como-se-calculan-los-danos-morales\/\">\u00bfC\u00f3mo se calculan los da\u00f1os y perjuicios?<\/a><\/li>\n<li><a href=\"https:\/\/844spartan.com\/es\/recursos-sobre-lesiones-personales\/que-son-los-perjuicios-economicos\/\">\u00bfQu\u00e9 son los da\u00f1os econ\u00f3micos?<\/a><\/li>\n<li><a href=\"https:\/\/844spartan.com\/es\/recursos-sobre-lesiones-personales\/que-son-los-danos-no-economicos\/\">\u00bfQu\u00e9 son los da\u00f1os no econ\u00f3micos?<\/a><\/li>\n<li><a href=\"https:\/\/844spartan.com\/es\/recursos-sobre-lesiones-personales\/que-son-los-honorarios-condicionales\/\">\u00bfQu\u00e9 son los honorarios de contingencia?<\/a><\/li>\n<li><a href=\"https:\/\/844spartan.com\/es\/recursos-sobre-lesiones-personales\/que-es-la-negligencia\/\">\u00bfQu\u00e9 es la negligencia?<\/a><\/li>\n<li><a href=\"https:\/\/844spartan.com\/es\/recursos-sobre-lesiones-personales\/que-es-la-negociacion\/\">\u00bfQu\u00e9 es la negociaci\u00f3n?<\/a><\/li>\n<li><a href=\"https:\/\/844spartan.com\/es\/recursos-sobre-lesiones-personales\/que-es-la-estipulacion\/\">\u00bfQu\u00e9 es la Estipulaci\u00f3n?<\/a><\/li>\n<\/ul>\n<h2>Recursos de la ciudad de Atlanta<\/h2>\n<ul>\n<li><a href=\"https:\/\/www.atlantaga.gov\/\">Ciudad de Atlanta<\/a>\u00a0- Aqu\u00ed encontrar\u00e1 informaci\u00f3n sobre servicios municipales, eventos, noticias, empleo y los cargos electos de Atlanta.<\/li>\n<li><a href=\"https:\/\/www.citysearch.com\/ga\/atlanta\">B\u00fasqueda por ciudad\u00a0<\/a>- Encuentre rese\u00f1as, recomendaciones, direcciones e informaci\u00f3n sobre los locales y negocios m\u00e1s recientes.<\/li>\n<li><a href=\"https:\/\/discoveratlanta.com\/\">Gu\u00eda de Atlanta<\/a>\u00a0- Explore Atlanta, sus atracciones populares, recomendaciones, el sector de los viajes y mucho m\u00e1s.<\/li>\n<li><a href=\"https:\/\/en.wikipedia.org\/wiki\/Atlanta\">P\u00e1gina de Atlanta en Wikipedia<\/a>\u00a0- Historia e informaci\u00f3n sobre Atlanta.<\/li>\n<\/ul>\n<h2>Recursos p\u00fablicos<\/h2>\n<ul>\n<li><a href=\"https:\/\/georgia.gov\/assistance-and-benefits-programs\">Gu\u00eda de programas de asistencia<\/a>\u00a0- El sitio web oficial del Gobierno de Georgia para obtener ayuda sobre programas y servicios.<\/li>\n<li><a href=\"https:\/\/www.atlantaga.gov\/government\/departments\/human-resources\">Departamento de Recursos Humanos de Atlanta<\/a>\u00a0- Aqu\u00ed puede encontrar servicios relacionados con la contrataci\u00f3n, las prestaciones a los empleados, la formaci\u00f3n, la retribuci\u00f3n y el cumplimiento de la legislaci\u00f3n laboral.<\/li>\n<li><a href=\"http:\/\/www.nhtsa.gov\/\">Administraci\u00f3n Nacional de Seguridad Vial<\/a>\u00a0- Centrada en mantener la m\u00e1xima excelencia en la seguridad de veh\u00edculos y carreteras, trabaja a diario para minimizar los accidentes y sus repercusiones humanas y econ\u00f3micas asociadas.<\/li>\n<li><a href=\"https:\/\/www.nsc.org\/\">Consejo Nacional de Seguridad<\/a>\u00a0- Una organizaci\u00f3n sin \u00e1nimo de lucro dedicada a salvar vidas reduciendo las lesiones y muertes en el trabajo, en casa, en las comunidades y en la carretera a trav\u00e9s del liderazgo, la investigaci\u00f3n, la educaci\u00f3n y la defensa.<\/li>\n<\/ul>\n<h2>Recursos locales de Atlanta<\/h2>\n<h3>Talleres mec\u00e1nicos en Atlanta<\/h3>\n<ul>\n<li><strong>Atlanta Car Care<\/strong>\u00a0<strong>\u2013<\/strong>\u00a02816 Buford Hwy NE, Atlanta, GA 30329<\/li>\n<li><strong>Anthem Automotive<\/strong>\u00a0<strong>\u2013<\/strong>\u00a02163 Piedmont Rd NE, Atlanta, GA 30324<\/li>\n<li><strong>Cuidado del autom\u00f3vil europeo y nacional<\/strong>\u00a0<strong>\u2013<\/strong>\u00a01903 Piedmont Cir NE, Atlanta, GA 30324<\/li>\n<li><strong>RodVRod Auto Care Center<\/strong>\u00a0<strong>\u2013<\/strong>\u00a02665 Osborne Rd NE, Atlanta, GA 30319<\/li>\n<li><strong>SimplyEuro Reparaci\u00f3n de Autom\u00f3viles -<\/strong>\u00a06569 Roswell Rd NE, Atlanta, GA 30328<\/li>\n<li><strong>Maliks Auto Repair LLC -<\/strong>\u00a06595 Roswell Rd suite g 1837, Atlanta, GA 30328<\/li>\n<\/ul>\n<h3>Urgencias en Atlanta<\/h3>\n<ul>\n<li><strong>Sala de urgencias del Piamonte Atlanta -<\/strong>\u00a01968 Peachtree Rd NW, Atlanta, GA 30309<\/li>\n<li><strong>Sala de urgencias del Northside Hospital Atlanta -<\/strong>\u00a01000 Johnson Ferry Rd NE, Atlanta, GA 30342<\/li>\n<li><strong>Sala de urgencias del Emory Saint Joseph's Hospital -<\/strong>\u00a05665 Peachtree Dunwoody Rd, Atlanta, GA 30342<\/li>\n<li><strong>Departamento de Urgencias de Children's Healthcare of Atlanta en Scottish Rite -<\/strong>\u00a01001 Johnson Ferry Rd NE, Atlanta, GA 30342<\/li>\n<\/ul>\n<h3>Farmacias de Atlanta<\/h3>\n<ul>\n<li><strong>CVS -<\/strong>\u00a0842 Peachtree St NE, Atlanta, GA 30308<\/li>\n<li><strong>Farmacia Wender &amp; Roberts -<\/strong>\u00a01262 W Paces Ferry Rd NW, Atlanta, GA 30327<\/li>\n<li><strong>C\u00e1psula -<\/strong>\u00a0867 Peachtree St NE Suite 102, Atlanta, GA 30308<\/li>\n<li><strong>Walgreens -<\/strong>\u00a0595 Piedmont Ave NE Ste 100, Atlanta, GA 30308<\/li>\n<\/ul>\n<h3><strong>Atlanta, GA Fisioterapia<\/strong><\/h3>\n<ul>\n<li><strong>Atlanta PT -<\/strong>\u00a01995 N Park Pl SE suite 519, Atlanta, GA 30339<\/li>\n<li><strong>Atlanta Sport &amp; Spine Fisioterapia -<\/strong>\u00a0857 Collier Rd NW #1, Atlanta, GA 30318<\/li>\n<li><strong>Fisio - Atlanta - Midtown -<\/strong>\u00a0855 Peachtree St NE Suite 1B, Atlanta, GA 30308<\/li>\n<li><strong>Georgia Sports Physical Therapy -<\/strong>\u00a0754 Peachtree St NE #105, Atlanta, GA 30308<\/li>\n<\/ul>\n<p>*Descargo de responsabilidad: no promocionamos estas empresas ni nos beneficiamos de su presencia en nuestro sitio web.<\/p>\n<h2>Jonesboro\u00a0<strong>Recursos municipales<\/strong><\/h2>\n<ul>\n<li><a href=\"https:\/\/www.jonesboroga.gov\/\">Ciudad de Jonesboro<\/a>\u00a0- Aqu\u00ed encontrar\u00e1 informaci\u00f3n sobre los servicios municipales, eventos, noticias, empleo y los cargos electos de Jonesboro.<\/li>\n<li><a href=\"https:\/\/www.citysearch.com\/ga\/jonesboro\">B\u00fasqueda por ciudad<\/a>\u00a0- Encuentre rese\u00f1as, recomendaciones, direcciones e informaci\u00f3n sobre los locales y negocios m\u00e1s recientes.<\/li>\n<li><a href=\"https:\/\/exploregeorgia.org\/city\/jonesboro\">Explora Jonesboro<\/a>\u00a0- Explora Jonesboro, sus atracciones, recomendaciones y el sector tur\u00edstico.<\/li>\n<li><a href=\"https:\/\/en.wikipedia.org\/wiki\/Jonesboro,_Georgia\">P\u00e1gina de Jonesboro en Wikipedia<\/a>\u00a0- Lee sobre la historia de Joneboro.<\/li>\n<\/ul>\n<h3>Talleres de reparaci\u00f3n de coches en Jonesboro<\/h3>\n<ul>\n<li><strong>Reid's Auto Repair y Emisiones -\u00a0<\/strong>244 S Main St, Jonesboro, GA 30236<\/li>\n<li><strong>German Auto Tech Jonesboro -<\/strong>\u00a02617 S Caraway Rd, Jonesboro, AR 72401<\/li>\n<li><strong>Three Star Automotive Inc -<\/strong>1210 E Johnson Ave, Jonesboro, AR 72401<\/li>\n<li><strong>University Auto Center -<\/strong>\u00a01116 E Johnson Ave, Jonesboro, AR 72401<\/li>\n<\/ul>\n<h3>Quiropr\u00e1cticos en Jonesboro<\/h3>\n<ul>\n<li><strong>Quiropr\u00e1ctica Dom\u00ednguez -\u00a0<\/strong>6346 Tara Blvd, Jonesboro, GA 30236<\/li>\n<li><strong>Prime Chiropractic -<\/strong>\u00a0834 GA-138 Spur #836, Jonesboro, GA 30236<\/li>\n<li><strong>Centro de Rehabilitaci\u00f3n ChiroCare -<\/strong>\u00a09374 S Main St, Jonesboro, GA 30236<\/li>\n<li><strong>Quiropr\u00e1ctica The Joint<strong>\u00a0\u2013<\/strong><\/strong>\u00a02100 E Highland Dr Suite 400, Jonesboro, AR 72401<\/li>\n<\/ul>\n<h3><strong>Farmacias en Jonesboro, GA<\/strong><\/h3>\n<ul>\n<li><strong>Walgreens -<\/strong>\u00a07935 Tara Blvd, Jonesboro, GA 30236<\/li>\n<li><strong>Farmacia Kroger -<\/strong>\u00a08059 Tara Blvd, Jonesboro, GA 30236<\/li>\n<li><strong>Farmacia CVS -<\/strong>\u00a08139 Tara Blvd, Jonesboro, GA 30236<\/li>\n<li><strong>Farmacia HealthLink -<\/strong>\u00a0299 Flint River Rd, Jonesboro, GA 30238<\/li>\n<li><strong>Farmacia Arrowhead Health Mart -<\/strong>\u00a0188 Upper Riverdale Rd, Jonesboro, GA 30236<\/li>\n<\/ul>\n<h3><strong>Fisioterapia en Jonesboro, GA<\/strong><\/h3>\n<ul>\n<li><strong>Fisioterapia BenchMark -<\/strong>\u00a07130 Mt Zion Blvd # 9, Jonesboro, GA 30236<\/li>\n<li><strong>Fisio - Jonesboro<strong>\u00a0\u2013<\/strong><\/strong>\u00a0335 Upper Riverdale Rd Suite B10, Jonesboro, GA 30236<\/li>\n<li><strong>Emory Fisioterapia -<\/strong>\u00a07813 Spivey Station Blvd #230, Jonesboro, GA 30236<\/li>\n<li><strong>AICA Ortopedia -<\/strong>\u00a0750 Mt Zion Rd, Jonesboro, GA 30236<\/li>\n<\/ul>\n<p>*Descargo de responsabilidad: no promocionamos estas empresas ni nos beneficiamos de su presencia en nuestro sitio web.<\/p>","protected":false},"excerpt":{"rendered":"<p>844-SPARTAN\u00a0provides the following resources to learn more about personal injury in\u00a0Atlanta and Jonesboro. Call our office today\u00a0at\u00a0(844) 772-7826\u00a0for legal assistance. Six Questions to Ask a Personal Injury Lawyer During a Free Consultation How Are Pain and Suffering Damages Calculated? What Are Economic Damages? What Are Non-Economic Damages? What is a Contingency Fee? What is Negligence?&hellip;<\/p>","protected":false},"author":5,"featured_media":0,"parent":0,"menu_order":0,"comment_status":"closed","ping_status":"closed","template":"","meta":{"_monsterinsights_skip_tracking":false,"_monsterinsights_sitenote_active":false,"_monsterinsights_sitenote_note":"","_monsterinsights_sitenote_category":0,"footnotes":""},"categories":[],"tags":[],"class_list":["post-624","page","type-page","status-publish","hentry","entry","no-media"],"aioseo_notices":[],"aioseo_head":"\n\t\t<!-- All in One SEO Pro 4.9.6.2 - aioseo.com -->\n\t<meta name=\"description\" content=\"Helpful legal information you can trust. Our personal injury lawyer team shares resources to support informed decisions after injury. | 844-SPARTAN\" \/>\n\t<meta name=\"robots\" content=\"max-image-preview:large\" \/>\n\t<link rel=\"canonical\" href=\"https:\/\/844spartan.com\/es\/personal-injury-resources\/\" \/>\n\t<meta name=\"generator\" content=\"All in One SEO Pro (AIOSEO) 4.9.6.2\" \/>\n\t\t<meta property=\"og:locale\" content=\"es_ES\" \/>\n\t\t<meta property=\"og:site_name\" content=\"844-SPARTAN - 844-SPARTAN\" \/>\n\t\t<meta property=\"og:type\" content=\"article\" \/>\n\t\t<meta property=\"og:title\" content=\"Experienced Personal Injury Lawyer Resources\" \/>\n\t\t<meta property=\"og:description\" content=\"Helpful legal information you can trust. Our personal injury lawyer team shares resources to support informed decisions after injury. | 844-SPARTAN\" \/>\n\t\t<meta property=\"og:url\" content=\"https:\/\/844spartan.com\/es\/personal-injury-resources\/\" \/>\n\t\t<meta property=\"article:published_time\" content=\"2025-06-06T14:01:39+00:00\" \/>\n\t\t<meta property=\"article:modified_time\" content=\"2026-03-03T18:11:20+00:00\" \/>\n\t\t<meta name=\"twitter:card\" content=\"summary_large_image\" \/>\n\t\t<meta name=\"twitter:title\" content=\"Experienced Personal Injury Lawyer Resources\" \/>\n\t\t<meta name=\"twitter:description\" content=\"Helpful legal information you can trust. Our personal injury lawyer team shares resources to support informed decisions after injury. | 844-SPARTAN\" \/>\n\t\t<script type=\"application\/ld+json\" class=\"aioseo-schema\">\n\t\t\t{\"@context\":\"https:\\\/\\\/schema.org\",\"@graph\":[{\"@type\":\"BreadcrumbList\",\"@id\":\"https:\\\/\\\/844spartan.com\\\/es\\\/personal-injury-resources\\\/#breadcrumblist\",\"itemListElement\":[{\"@type\":\"ListItem\",\"@id\":\"https:\\\/\\\/844spartan.com\\\/es#listItem\",\"position\":1,\"name\":\"Home\",\"item\":\"https:\\\/\\\/844spartan.com\\\/es\",\"nextItem\":{\"@type\":\"ListItem\",\"@id\":\"https:\\\/\\\/844spartan.com\\\/es\\\/personal-injury-resources\\\/#listItem\",\"name\":\"Personal Injury Resources\"}},{\"@type\":\"ListItem\",\"@id\":\"https:\\\/\\\/844spartan.com\\\/es\\\/personal-injury-resources\\\/#listItem\",\"position\":2,\"name\":\"Personal Injury Resources\",\"previousItem\":{\"@type\":\"ListItem\",\"@id\":\"https:\\\/\\\/844spartan.com\\\/es#listItem\",\"name\":\"Home\"}}]},{\"@type\":\"Organization\",\"@id\":\"https:\\\/\\\/844spartan.com\\\/es\\\/#organization\",\"name\":\"Spartan Law Group\",\"description\":\"844-SPARTAN\",\"url\":\"https:\\\/\\\/844spartan.com\\\/es\\\/\",\"address\":{\"@id\":\"https:\\\/\\\/844spartan.com\\\/es\\\/#postaladdress\",\"@type\":\"PostalAddress\",\"streetAddress\":\"200 Sandy Springs Pl NE,\",\"postalCode\":\"30328\",\"addressLocality\":\"Sandy Springs\",\"addressRegion\":\"GA\",\"addressCountry\":\"US\"}},{\"@type\":\"WebPage\",\"@id\":\"https:\\\/\\\/844spartan.com\\\/es\\\/personal-injury-resources\\\/#webpage\",\"url\":\"https:\\\/\\\/844spartan.com\\\/es\\\/personal-injury-resources\\\/\",\"name\":\"Experienced Personal Injury Lawyer Resources\",\"description\":\"Helpful legal information you can trust. Our personal injury lawyer team shares resources to support informed decisions after injury. | 844-SPARTAN\",\"inLanguage\":\"es-ES\",\"isPartOf\":{\"@id\":\"https:\\\/\\\/844spartan.com\\\/es\\\/#website\"},\"breadcrumb\":{\"@id\":\"https:\\\/\\\/844spartan.com\\\/es\\\/personal-injury-resources\\\/#breadcrumblist\"},\"datePublished\":\"2025-06-06T14:01:39-04:00\",\"dateModified\":\"2026-03-03T18:11:20-04:00\"},{\"@type\":\"WebSite\",\"@id\":\"https:\\\/\\\/844spartan.com\\\/es\\\/#website\",\"url\":\"https:\\\/\\\/844spartan.com\\\/es\\\/\",\"name\":\"844-SPARTAN\",\"description\":\"844-SPARTAN\",\"inLanguage\":\"es-ES\",\"publisher\":{\"@id\":\"https:\\\/\\\/844spartan.com\\\/es\\\/#organization\"}}]}\n\t\t<\/script>\n\t\t<!-- All in One SEO Pro -->\r\n\t\t<title>Experienced Personal Injury Lawyer Resources<\/title>\n\n","aioseo_head_json":{"title":"Recursos de abogados con experiencia en lesiones personales","description":"Informaci\u00f3n legal \u00fatil en la que puede confiar. Nuestro equipo de abogados de lesiones personales comparte recursos para apoyar decisiones informadas despu\u00e9s de una lesi\u00f3n. | 844-SPARTAN","canonical_url":"https:\/\/844spartan.com\/es\/personal-injury-resources\/","robots":"max-image-preview:large","keywords":"","webmasterTools":{"miscellaneous":""},"schema":{"@context":"https:\/\/schema.org","@graph":[{"@type":"BreadcrumbList","@id":"https:\/\/844spartan.com\/es\/personal-injury-resources\/#breadcrumblist","itemListElement":[{"@type":"ListItem","@id":"https:\/\/844spartan.com\/es#listItem","position":1,"name":"Home","item":"https:\/\/844spartan.com\/es","nextItem":{"@type":"ListItem","@id":"https:\/\/844spartan.com\/es\/personal-injury-resources\/#listItem","name":"Personal Injury Resources"}},{"@type":"ListItem","@id":"https:\/\/844spartan.com\/es\/personal-injury-resources\/#listItem","position":2,"name":"Personal Injury Resources","previousItem":{"@type":"ListItem","@id":"https:\/\/844spartan.com\/es#listItem","name":"Home"}}]},{"@type":"Organization","@id":"https:\/\/844spartan.com\/es\/#organization","name":"Spartan Law Group","description":"844-SPARTAN","url":"https:\/\/844spartan.com\/es\/","address":{"@id":"https:\/\/844spartan.com\/es\/#postaladdress","@type":"PostalAddress","streetAddress":"200 Sandy Springs Pl NE,","postalCode":"30328","addressLocality":"Sandy Springs","addressRegion":"GA","addressCountry":"US"}},{"@type":"WebPage","@id":"https:\/\/844spartan.com\/es\/personal-injury-resources\/#webpage","url":"https:\/\/844spartan.com\/es\/personal-injury-resources\/","name":"Experienced Personal Injury Lawyer Resources","description":"Helpful legal information you can trust. Our personal injury lawyer team shares resources to support informed decisions after injury. | 844-SPARTAN","inLanguage":"es-ES","isPartOf":{"@id":"https:\/\/844spartan.com\/es\/#website"},"breadcrumb":{"@id":"https:\/\/844spartan.com\/es\/personal-injury-resources\/#breadcrumblist"},"datePublished":"2025-06-06T14:01:39-04:00","dateModified":"2026-03-03T18:11:20-04:00"},{"@type":"WebSite","@id":"https:\/\/844spartan.com\/es\/#website","url":"https:\/\/844spartan.com\/es\/","name":"844-SPARTAN","description":"844-SPARTAN","inLanguage":"es-ES","publisher":{"@id":"https:\/\/844spartan.com\/es\/#organization"}}]},"og:locale":"es_ES","og:site_name":"844-SPARTAN - 844-SPARTAN","og:type":"article","og:title":"Experienced Personal Injury Lawyer Resources","og:description":"Helpful legal information you can trust. Our personal injury lawyer team shares resources to support informed decisions after injury. | 844-SPARTAN","og:url":"https:\/\/844spartan.com\/es\/personal-injury-resources\/","article:published_time":"2025-06-06T14:01:39+00:00","article:modified_time":"2026-03-03T18:11:20+00:00","twitter:card":"summary_large_image","twitter:title":"Experienced Personal Injury Lawyer Resources","twitter:description":"Helpful legal information you can trust. Our personal injury lawyer team shares resources to support informed decisions after injury. | 844-SPARTAN"},"aioseo_meta_data":{"post_id":"624","title":"Recursos de abogados con experiencia en lesiones personales","description":"Informaci\u00f3n legal \u00fatil en la que puede confiar. Nuestro equipo de abogados de lesiones personales comparte recursos para apoyar decisiones informadas despu\u00e9s de una lesi\u00f3n. | 844-SPARTAN","keywords":null,"keyphrases":{"focus":{"keyphrase":"Personal injury resources","score":44,"analysis":{"keyphraseInTitle":{"score":3,"maxScore":9,"error":1},"keyphraseInDescription":{"score":3,"maxScore":9,"error":1},"keyphraseLength":{"score":9,"maxScore":9,"error":0,"length":3},"keyphraseInURL":{"score":5,"maxScore":5,"error":0},"keyphraseInIntroduction":{"score":3,"maxScore":9,"error":1},"keyphraseInSubHeadings":{"score":3,"maxScore":9,"error":1},"keyphraseInImageAlt":[],"keywordDensity":{"score":0,"type":"low","maxScore":9,"error":1}}},"additional":[]},"primary_term":null,"canonical_url":null,"og_title":null,"og_description":null,"og_object_type":"default","og_image_type":"default","og_image_url":null,"og_image_width":null,"og_image_height":null,"og_image_custom_url":null,"og_image_custom_fields":null,"og_video":"","og_custom_url":null,"og_article_section":null,"og_article_tags":null,"twitter_use_og":false,"twitter_card":"default","twitter_image_type":"default","twitter_image_url":null,"twitter_image_custom_url":null,"twitter_image_custom_fields":null,"twitter_title":null,"twitter_description":null,"schema":{"blockGraphs":[],"customGraphs":[],"default":{"data":{"Article":[],"Course":[],"Dataset":[],"FAQPage":[],"Movie":[],"Person":[],"Product":[],"ProductReview":[],"Car":[],"Recipe":[],"Service":[],"SoftwareApplication":[],"WebPage":[]},"graphName":"WebPage","isEnabled":true},"graphs":[]},"schema_type":"default","schema_type_options":null,"pillar_content":false,"robots_default":true,"robots_noindex":false,"robots_noarchive":false,"robots_nosnippet":false,"robots_nofollow":false,"robots_noimageindex":false,"robots_noodp":false,"robots_notranslate":false,"robots_max_snippet":"-1","robots_max_videopreview":"-1","robots_max_imagepreview":"large","priority":null,"frequency":"default","local_seo":null,"seo_analyzer_scan_date":"2026-03-03 18:29:47","breadcrumb_settings":null,"limit_modified_date":false,"open_ai":null,"ai":{"faqs":[],"keyPoints":[],"titles":[],"descriptions":[],"socialPosts":{"email":[],"linkedin":[],"twitter":[],"facebook":[],"instagram":[]}},"created":"2025-06-20 09:59:34","updated":"2026-03-03 18:54:59"},"aioseo_breadcrumb":"<div class=\"aioseo-breadcrumbs\"><span class=\"aioseo-breadcrumb\">\n\t<a href=\"https:\/\/844spartan.com\/es\" title=\"Home\">Home<\/a>\n<\/span><span class=\"aioseo-breadcrumb-separator\">&raquo;<\/span><span class=\"aioseo-breadcrumb\">\n\tPersonal Injury Resources\n<\/span><\/div>","aioseo_breadcrumb_json":[{"label":"Home","link":"https:\/\/844spartan.com\/es"},{"label":"Personal Injury Resources","link":"https:\/\/844spartan.com\/es\/personal-injury-resources\/"}],"_links":{"self":[{"href":"https:\/\/844spartan.com\/es\/wp-json\/wp\/v2\/pages\/624","targetHints":{"allow":["GET"]}}],"collection":[{"href":"https:\/\/844spartan.com\/es\/wp-json\/wp\/v2\/pages"}],"about":[{"href":"https:\/\/844spartan.com\/es\/wp-json\/wp\/v2\/types\/page"}],"author":[{"embeddable":true,"href":"https:\/\/844spartan.com\/es\/wp-json\/wp\/v2\/users\/5"}],"replies":[{"embeddable":true,"href":"https:\/\/844spartan.com\/es\/wp-json\/wp\/v2\/comments?post=624"}],"version-history":[{"count":0,"href":"https:\/\/844spartan.com\/es\/wp-json\/wp\/v2\/pages\/624\/revisions"}],"wp:attachment":[{"href":"https:\/\/844spartan.com\/es\/wp-json\/wp\/v2\/media?parent=624"}],"wp:term":[{"taxonomy":"category","embeddable":true,"href":"https:\/\/844spartan.com\/es\/wp-json\/wp\/v2\/categories?post=624"},{"taxonomy":"post_tag","embeddable":true,"href":"https:\/\/844spartan.com\/es\/wp-json\/wp\/v2\/tags?post=624"}],"curies":[{"name":"wp","href":"https:\/\/api.w.org\/{rel}","templated":true}]}}