{"id":628,"date":"2025-06-06T14:02:06","date_gmt":"2025-06-06T14:02:06","guid":{"rendered":"https:\/\/spartanlawgroup.com\/?page_id=628"},"modified":"2025-09-17T15:34:31","modified_gmt":"2025-09-17T15:34:31","slug":"como-se-calculan-los-danos-morales","status":"publish","type":"page","link":"https:\/\/844spartan.com\/es\/personal-injury-resources\/how-are-pain-and-suffering-damages-calculated\/","title":{"rendered":"\u00bfC\u00f3mo se calculan los da\u00f1os y perjuicios?"},"content":{"rendered":"<p>Georgia es un estado basado en la culpa para los casos de lesiones personales. Esto significa que cuando una parte causa que alguien se lesione, la parte puede ser considerada legalmente responsable de las lesiones y p\u00e9rdidas de la v\u00edctima. Las p\u00e9rdidas incluyen da\u00f1os econ\u00f3micos, tales como salarios perdidos, facturas m\u00e9dicas y gastos de bolsillo.<\/p>\n<p>La parte lesionada tambi\u00e9n puede buscar compensaci\u00f3n por sus da\u00f1os no econ\u00f3micos o \u201cda\u00f1os por dolor y sufrimiento.\u201d Estos da\u00f1os pueden no tener una factura o factura, pero un abogado con experiencia en lesiones personales de Atlanta puede ayudarle a determinar el valor de los da\u00f1os por dolor y sufrimiento para su reclamaci\u00f3n.<\/p>\n<h2>\u00bfQu\u00e9 es la indemnizaci\u00f3n por da\u00f1os y perjuicios en un caso de lesiones personales?<\/h2>\n<p>Cuando una persona sufre lesiones, sufre p\u00e9rdidas econ\u00f3micas. Sin embargo, tambi\u00e9n experimenta dolor f\u00edsico y sufrimiento emocional. El tribunal no puede deshacer el sufrimiento que experimenta una v\u00edctima, pero puede compensarla por el da\u00f1o causado por otra parte.<\/p>\n<p>Ejemplos de<a href=\"https:\/\/www.law.cornell.edu\/wex\/pain_and_suffering\">\u00a0dolor y sufrimiento<\/a>\u00a0da\u00f1os en un caso de lesiones personales de Georgia incluyen:<\/p>\n<ul>\n<li><strong>Dolor y malestar f\u00edsico:\u00a0<\/strong>El dolor incluye el sufrimiento causado por lesiones f\u00edsicas y las molestias causadas por los tratamientos m\u00e9dicos necesarios.<\/li>\n<li><strong>Aflicci\u00f3n emocional y angustia mental:\u00a0<\/strong>Esta categor\u00eda de da\u00f1os no econ\u00f3micos incluye lesiones psicol\u00f3gicas como el trastorno de estr\u00e9s postraum\u00e1tico, la depresi\u00f3n, la ansiedad grave y los traumas mentales.<\/li>\n<li><strong>Deficiencias y discapacidades:\u00a0<\/strong>Las lesiones catastr\u00f3ficas pueden provocar discapacidades o minusval\u00edas permanentes, como lesiones medulares, traumatismos craneoencef\u00e1licos, amputaciones y discapacidades cognitivas.<\/li>\n<li><strong>P\u00e9rdida del disfrute y la calidad de vida:\u00a0<\/strong>El dolor, el sufrimiento y los impedimentos causados por un accidente pueden mermar la calidad de vida. La v\u00edctima puede verse incapacitada para participar en sus actividades favoritas, volver al trabajo o mantener relaciones estrechas con sus seres queridos y amigos.<\/li>\n<li><strong>Cicatrices y desfiguraci\u00f3n:\u00a0<\/strong>Las lesiones pueden causar desfiguraciones y cicatrices importantes, incluida la p\u00e9rdida de miembros y quemaduras graves.<\/li>\n<\/ul>\n<p>Cada persona sufre de forma diferente, aunque sufra las mismas lesiones. Por lo tanto, los da\u00f1os por dolor y sufrimiento son subjetivos. Usted no puede basar su experiencia o da\u00f1os en la experiencia de otra parte o dolor y sufrimiento ejemplos de liquidaci\u00f3n.<\/p>\n<h2>\u00bfC\u00f3mo demuestro los da\u00f1os por dolor y sufrimiento en un caso de lesiones personales en Atlanta, GA?<\/h2>\n<p>Debido a que los da\u00f1os no econ\u00f3micos son subjetivos, probar el valor de su dolor y sufrimiento puede ser un reto. Los historiales m\u00e9dicos y las notas terap\u00e9uticas son pruebas fundamentales en un caso de lesiones personales. Sin embargo, su testimonio tambi\u00e9n es esencial.<\/p>\n<p>Su abogado puede pedirle que lleve un diario de dolor y sufrimiento. Su diario contiene notas sobre el dolor, el sufrimiento y la calidad de vida. Incluya detalles sobre sus luchas f\u00edsicas, estado emocional, y c\u00f3mo sus lesiones afectan a sus actividades diarias.<\/p>\n<h2>\u00bfCu\u00e1l es el valor de la indemnizaci\u00f3n por da\u00f1os y perjuicios?<\/h2>\n<p>No existe una f\u00f3rmula legal o \u201ccalculadora de dolor y sufrimiento\u201d utilizada para las demandas por lesiones personales en Georgia. En su lugar, los factores de su caso se utilizan para determinar la gravedad del sufrimiento y el dolor que experiment\u00f3.<\/p>\n<p>Los factores que influyen en los da\u00f1os y perjuicios por dolor y sufrimiento incluyen, pero no se limitan a:<\/p>\n<ul>\n<li>El tipo de lesiones sufridas en el accidente<\/li>\n<li>El alcance y la gravedad de las deficiencias y discapacidades<\/li>\n<li>Cicatrices y desfiguraci\u00f3n causadas por el accidente y sus lesiones<\/li>\n<li>Los tratamientos m\u00e9dicos necesarios para sus lesiones<\/li>\n<li>La duraci\u00f3n de su recuperaci\u00f3n<\/li>\n<li>Si puede volver a trabajar o percibir ingresos<\/li>\n<li>La cobertura de seguro disponible para su reclamaci\u00f3n, incluidos los l\u00edmites de la p\u00f3liza<\/li>\n<li>Si usted podr\u00eda ser parcialmente culpable de causar sus lesiones (es decir, culpa concurrente).<\/li>\n<li>La solidez de las pruebas que demuestren que la otra parte caus\u00f3 sus lesiones.<\/li>\n<\/ul>\n<p>Nuestros abogados analizan cuidadosamente todos los factores que influyen en el valor de los da\u00f1os. Algunos factores pueden aumentar el valor de su caso, como sufrir una discapacidad permanente o una lesi\u00f3n catastr\u00f3fica. Otros factores podr\u00edan disminuir cu\u00e1nto vale su caso, incluyendo negligencia comparativa.<\/p>\n<h2>C\u00e1lculo de la cuant\u00eda de la indemnizaci\u00f3n por da\u00f1os y perjuicios<\/h2>\n<p>Los abogados, los tribunales y las compa\u00f1\u00edas de seguros suelen utilizar uno de los dos m\u00e9todos para<a href=\"https:\/\/law.utexas.edu\/faculty\/ravraham\/putting-a-price-on-pain-and-suffering.pdf\">\u00a0c\u00e1lculo de los da\u00f1os morales<\/a>. Esos m\u00e9todos son:<\/p>\n<h3>M\u00e9todo per diem<\/h3>\n<p>El da\u00f1o moral se basa en una cantidad fija por d\u00eda. La cuant\u00eda se basa en los factores pertinentes de su caso. El valor de los da\u00f1os morales es igual a la dieta multiplicada por el n\u00famero de d\u00edas de recuperaci\u00f3n. Su periodo de recuperaci\u00f3n se calcula desde la fecha de la lesi\u00f3n hasta la fecha en que su m\u00e9dico declare que ha alcanzado la mejor\u00eda m\u00e9dica m\u00e1xima. La MMI es el momento en que su m\u00e9dico determina si se ha recuperado completamente o si no se espera que ning\u00fan tratamiento m\u00e9dico adicional mejore su estado.<\/p>\n<h3>M\u00e9todo multiplicador<\/h3>\n<p>El m\u00e9todo del multiplicador utiliza los factores anteriores para asignar un n\u00famero entre 1,5 y cinco. El n\u00famero representa la gravedad del dolor y el sufrimiento de la v\u00edctima.<\/p>\n<p>Por tanto, un caso de lesi\u00f3n cerebral traum\u00e1tica que provoque un deterioro cognitivo importante puede dar lugar a un multiplicador de cuatro o cinco. Un caso de latigazo cervical que no provoque ning\u00fan deterioro permanente y se cure en pocas semanas dar\u00eda lugar a un multiplicador m\u00e1s bajo.<\/p>\n<p>Los da\u00f1os econ\u00f3micos de la v\u00edctima se multiplican por el n\u00famero asignado. El resultado es el valor de los da\u00f1os morales. El m\u00e9todo del multiplicador suele preferirse en casos de lesiones catastr\u00f3ficas o incapacidades permanentes.<\/p>\n<h2>\u00bfCu\u00e1l es el plazo para presentar demandas por da\u00f1o moral en Georgia?<\/h2>\n<p>La indemnizaci\u00f3n por da\u00f1os y perjuicios forma parte de su caso de lesiones personales. La mayor\u00eda de las demandas por lesiones personales tienen un\u00a0<a href=\"https:\/\/law.justia.com\/codes\/georgia\/title-9\/chapter-3\/article-2\/section-9-3-33\/\">plazo de prescripci\u00f3n de dos a\u00f1os<\/a>\u00a0en Georgia. Lo mejor es buscar asesor\u00eda legal lo antes posible. Las excepciones a las reglas podr\u00edan cambiar el estatuto de limitaciones en su caso. Usted podr\u00eda perder su derecho a demandar a la parte que caus\u00f3 sus lesiones si no presenta una demanda antes de que expire el estatuto de limitaciones.<\/p>\n<h2>Indemnizaci\u00f3n por da\u00f1os y perjuicios y casos de lesiones personales en Georgia<\/h2>\n<p>Cualquier tipo de caso de lesiones personales puede incluir da\u00f1os y perjuicios por dolor y sufrimiento, incluidas las reclamaciones que implican agravios intencionales, negligencia y otros actos il\u00edcitos. Los ejemplos incluyen pero no se limitan a:<\/p>\n<ul>\n<li><a href=\"https:\/\/844spartan.com\/es\/areas-de-practica\/abogado-de-accidentes-de-bicicleta\/\">Accidentes de bicicleta<\/a><\/li>\n<li><a href=\"https:\/\/844spartan.com\/es\/areas-de-practica\/abogado-de-negligencias-medicas\/\">Negligencia m\u00e9dica<\/a><\/li>\n<li><a href=\"https:\/\/844spartan.com\/es\/areas-de-practica\/abogado-de-accidente-de-coche\/\">Accidentes de tr\u00e1fico<\/a><\/li>\n<li><a href=\"https:\/\/844spartan.com\/es\/areas-de-practica\/abogado-de-mordedura-de-perro\/\">Mordeduras de perro<\/a><\/li>\n<li><a href=\"https:\/\/844spartan.com\/es\/areas-de-practica\/abogado-accidente-laboral\/\">Accidentes laborales<\/a><\/li>\n<li><a href=\"https:\/\/844spartan.com\/es\/areas-de-practica\/resbalon-caida-accidente-abogado\/\">Accidentes por resbalones y ca\u00eddas<\/a><\/li>\n<li><a href=\"https:\/\/844spartan.com\/es\/areas-de-practica\/abogado-de-responsabilidad-por-productos-defectuosos\/\">Reclamaciones de responsabilidad por productos defectuosos<\/a><\/li>\n<li><a href=\"https:\/\/844spartan.com\/es\/areas-de-practica\/abogado-de-accidentes-de-la-construccion\/\">Accidentes en la construcci\u00f3n<\/a><\/li>\n<li><a href=\"https:\/\/844spartan.com\/es\/areas-de-practica\/abogado-de-accidentes-de-moto\/\">Accidentes de moto<\/a><\/li>\n<li><a href=\"https:\/\/844spartan.com\/es\/areas-de-practica\/abogado-de-accidentes-de-peatones\/\">Accidentes de peatones<\/a><\/li>\n<li><a href=\"https:\/\/844spartan.com\/es\/areas-de-practica\/abogado-de-accidentes-de-camion\/\">Accidentes de camiones<\/a><\/li>\n<\/ul>\n<p>Si se lesiona en un accidente, llame al 911 para informar del accidente y busque atenci\u00f3n m\u00e9dica inmediata. Documentar el lugar del accidente tambi\u00e9n puede ayudarle a probar su reclamaci\u00f3n por da\u00f1os personales. Haz fotograf\u00edas y pide los nombres y datos de contacto de los testigos presenciales.\u00a0<a href=\"https:\/\/844spartan.com\/es\/contacto\/\">Hable con un abogado<\/a>\u00a0en\u00a0<a href=\"https:\/\/844spartan.com\/es\/acerca-de\/\">844-SPARTAN<\/a>\u00a0en\u00a0<a href=\"tel:+18447727826\">(844) 772 7826<\/a>\u00a0sobre sus opciones legales para responsabilizar a la parte culpable de su dolor, sufrimiento y otros da\u00f1os.<\/p>","protected":false},"excerpt":{"rendered":"<p>Georgia is a fault-based state for personal injury cases. This means that when a party causes someone to be injured, the party can be held legally responsible for the victim\u2019s injuries and losses. Losses include economic damages, such as lost wages, medical bills, and out-of-pocket expenses. The injured party can also seek compensation for their&hellip;<\/p>","protected":false},"author":5,"featured_media":0,"parent":624,"menu_order":0,"comment_status":"closed","ping_status":"closed","template":"","meta":{"_monsterinsights_skip_tracking":false,"_monsterinsights_sitenote_active":false,"_monsterinsights_sitenote_note":"","_monsterinsights_sitenote_category":0,"footnotes":""},"categories":[],"tags":[],"class_list":["post-628","page","type-page","status-publish","hentry","entry","no-media"],"aioseo_notices":[],"aioseo_head":"\n\t\t<!-- All in One SEO Pro 4.9.6.2 - aioseo.com -->\n\t<meta name=\"description\" content=\"Supportive guide to pain and suffering compensation in Georgia personal injury cases. Understand your rights and next steps clearly.\" \/>\n\t<meta name=\"robots\" content=\"max-image-preview:large\" \/>\n\t<link rel=\"canonical\" href=\"https:\/\/844spartan.com\/es\/personal-injury-resources\/how-are-pain-and-suffering-damages-calculated\/\" \/>\n\t<meta name=\"generator\" content=\"All in One SEO Pro (AIOSEO) 4.9.6.2\" \/>\n\t\t<meta property=\"og:locale\" content=\"es_ES\" \/>\n\t\t<meta property=\"og:site_name\" content=\"844-SPARTAN - 844-SPARTAN\" \/>\n\t\t<meta property=\"og:type\" content=\"article\" \/>\n\t\t<meta property=\"og:title\" content=\"How Atlanta Calculates Pain &amp; Suffering Damages\" \/>\n\t\t<meta property=\"og:description\" content=\"Supportive guide to pain and suffering compensation in Georgia personal injury cases. Understand your rights and next steps clearly.\" \/>\n\t\t<meta property=\"og:url\" content=\"https:\/\/844spartan.com\/es\/personal-injury-resources\/how-are-pain-and-suffering-damages-calculated\/\" \/>\n\t\t<meta property=\"article:published_time\" content=\"2025-06-06T14:02:06+00:00\" \/>\n\t\t<meta property=\"article:modified_time\" content=\"2025-09-17T15:34:31+00:00\" \/>\n\t\t<meta name=\"twitter:card\" content=\"summary_large_image\" \/>\n\t\t<meta name=\"twitter:title\" content=\"How Atlanta Calculates Pain &amp; Suffering Damages\" \/>\n\t\t<meta name=\"twitter:description\" content=\"Supportive guide to pain and suffering compensation in Georgia personal injury cases. Understand your rights and next steps clearly.\" \/>\n\t\t<script type=\"application\/ld+json\" class=\"aioseo-schema\">\n\t\t\t{\"@context\":\"https:\\\/\\\/schema.org\",\"@graph\":[{\"@type\":\"BreadcrumbList\",\"@id\":\"https:\\\/\\\/844spartan.com\\\/es\\\/personal-injury-resources\\\/how-are-pain-and-suffering-damages-calculated\\\/#breadcrumblist\",\"itemListElement\":[{\"@type\":\"ListItem\",\"@id\":\"https:\\\/\\\/844spartan.com\\\/es#listItem\",\"position\":1,\"name\":\"Home\",\"item\":\"https:\\\/\\\/844spartan.com\\\/es\",\"nextItem\":{\"@type\":\"ListItem\",\"@id\":\"https:\\\/\\\/844spartan.com\\\/es\\\/personal-injury-resources\\\/#listItem\",\"name\":\"Personal Injury Resources\"}},{\"@type\":\"ListItem\",\"@id\":\"https:\\\/\\\/844spartan.com\\\/es\\\/personal-injury-resources\\\/#listItem\",\"position\":2,\"name\":\"Personal Injury Resources\",\"item\":\"https:\\\/\\\/844spartan.com\\\/es\\\/personal-injury-resources\\\/\",\"nextItem\":{\"@type\":\"ListItem\",\"@id\":\"https:\\\/\\\/844spartan.com\\\/es\\\/personal-injury-resources\\\/how-are-pain-and-suffering-damages-calculated\\\/#listItem\",\"name\":\"How Are Pain and Suffering Damages Calculated?\"},\"previousItem\":{\"@type\":\"ListItem\",\"@id\":\"https:\\\/\\\/844spartan.com\\\/es#listItem\",\"name\":\"Home\"}},{\"@type\":\"ListItem\",\"@id\":\"https:\\\/\\\/844spartan.com\\\/es\\\/personal-injury-resources\\\/how-are-pain-and-suffering-damages-calculated\\\/#listItem\",\"position\":3,\"name\":\"How Are Pain and Suffering Damages Calculated?\",\"previousItem\":{\"@type\":\"ListItem\",\"@id\":\"https:\\\/\\\/844spartan.com\\\/es\\\/personal-injury-resources\\\/#listItem\",\"name\":\"Personal Injury Resources\"}}]},{\"@type\":\"Organization\",\"@id\":\"https:\\\/\\\/844spartan.com\\\/es\\\/#organization\",\"name\":\"Spartan Law Group\",\"description\":\"844-SPARTAN\",\"url\":\"https:\\\/\\\/844spartan.com\\\/es\\\/\",\"address\":{\"@id\":\"https:\\\/\\\/844spartan.com\\\/es\\\/#postaladdress\",\"@type\":\"PostalAddress\",\"streetAddress\":\"200 Sandy Springs Pl NE,\",\"postalCode\":\"30328\",\"addressLocality\":\"Sandy Springs\",\"addressRegion\":\"GA\",\"addressCountry\":\"US\"}},{\"@type\":\"WebPage\",\"@id\":\"https:\\\/\\\/844spartan.com\\\/es\\\/personal-injury-resources\\\/how-are-pain-and-suffering-damages-calculated\\\/#webpage\",\"url\":\"https:\\\/\\\/844spartan.com\\\/es\\\/personal-injury-resources\\\/how-are-pain-and-suffering-damages-calculated\\\/\",\"name\":\"How Atlanta Calculates Pain & Suffering Damages\",\"description\":\"Supportive guide to pain and suffering compensation in Georgia personal injury cases. Understand your rights and next steps clearly.\",\"inLanguage\":\"es-ES\",\"isPartOf\":{\"@id\":\"https:\\\/\\\/844spartan.com\\\/es\\\/#website\"},\"breadcrumb\":{\"@id\":\"https:\\\/\\\/844spartan.com\\\/es\\\/personal-injury-resources\\\/how-are-pain-and-suffering-damages-calculated\\\/#breadcrumblist\"},\"datePublished\":\"2025-06-06T14:02:06-04:00\",\"dateModified\":\"2025-09-17T15:34:31-04:00\"},{\"@type\":\"WebSite\",\"@id\":\"https:\\\/\\\/844spartan.com\\\/es\\\/#website\",\"url\":\"https:\\\/\\\/844spartan.com\\\/es\\\/\",\"name\":\"844-SPARTAN\",\"description\":\"844-SPARTAN\",\"inLanguage\":\"es-ES\",\"publisher\":{\"@id\":\"https:\\\/\\\/844spartan.com\\\/es\\\/#organization\"}}]}\n\t\t<\/script>\n\t\t<!-- All in One SEO Pro -->\r\n\t\t<title>How Atlanta Calculates Pain &amp; Suffering Damages<\/title>\n\n","aioseo_head_json":{"title":"C\u00f3mo calcula Atlanta los da\u00f1os y perjuicios por da\u00f1o moral","description":"Gu\u00eda de apoyo para la compensaci\u00f3n por dolor y sufrimiento en casos de lesiones personales en Georgia. Comprenda sus derechos y los pr\u00f3ximos pasos con claridad.","canonical_url":"https:\/\/844spartan.com\/es\/personal-injury-resources\/how-are-pain-and-suffering-damages-calculated\/","robots":"max-image-preview:large","keywords":"","webmasterTools":{"miscellaneous":""},"schema":{"@context":"https:\/\/schema.org","@graph":[{"@type":"BreadcrumbList","@id":"https:\/\/844spartan.com\/es\/personal-injury-resources\/how-are-pain-and-suffering-damages-calculated\/#breadcrumblist","itemListElement":[{"@type":"ListItem","@id":"https:\/\/844spartan.com\/es#listItem","position":1,"name":"Home","item":"https:\/\/844spartan.com\/es","nextItem":{"@type":"ListItem","@id":"https:\/\/844spartan.com\/es\/personal-injury-resources\/#listItem","name":"Personal Injury Resources"}},{"@type":"ListItem","@id":"https:\/\/844spartan.com\/es\/personal-injury-resources\/#listItem","position":2,"name":"Personal Injury Resources","item":"https:\/\/844spartan.com\/es\/personal-injury-resources\/","nextItem":{"@type":"ListItem","@id":"https:\/\/844spartan.com\/es\/personal-injury-resources\/how-are-pain-and-suffering-damages-calculated\/#listItem","name":"How Are Pain and Suffering Damages Calculated?"},"previousItem":{"@type":"ListItem","@id":"https:\/\/844spartan.com\/es#listItem","name":"Home"}},{"@type":"ListItem","@id":"https:\/\/844spartan.com\/es\/personal-injury-resources\/how-are-pain-and-suffering-damages-calculated\/#listItem","position":3,"name":"How Are Pain and Suffering Damages Calculated?","previousItem":{"@type":"ListItem","@id":"https:\/\/844spartan.com\/es\/personal-injury-resources\/#listItem","name":"Personal Injury Resources"}}]},{"@type":"Organization","@id":"https:\/\/844spartan.com\/es\/#organization","name":"Spartan Law Group","description":"844-SPARTAN","url":"https:\/\/844spartan.com\/es\/","address":{"@id":"https:\/\/844spartan.com\/es\/#postaladdress","@type":"PostalAddress","streetAddress":"200 Sandy Springs Pl NE,","postalCode":"30328","addressLocality":"Sandy Springs","addressRegion":"GA","addressCountry":"US"}},{"@type":"WebPage","@id":"https:\/\/844spartan.com\/es\/personal-injury-resources\/how-are-pain-and-suffering-damages-calculated\/#webpage","url":"https:\/\/844spartan.com\/es\/personal-injury-resources\/how-are-pain-and-suffering-damages-calculated\/","name":"How Atlanta Calculates Pain & Suffering Damages","description":"Supportive guide to pain and suffering compensation in Georgia personal injury cases. Understand your rights and next steps clearly.","inLanguage":"es-ES","isPartOf":{"@id":"https:\/\/844spartan.com\/es\/#website"},"breadcrumb":{"@id":"https:\/\/844spartan.com\/es\/personal-injury-resources\/how-are-pain-and-suffering-damages-calculated\/#breadcrumblist"},"datePublished":"2025-06-06T14:02:06-04:00","dateModified":"2025-09-17T15:34:31-04:00"},{"@type":"WebSite","@id":"https:\/\/844spartan.com\/es\/#website","url":"https:\/\/844spartan.com\/es\/","name":"844-SPARTAN","description":"844-SPARTAN","inLanguage":"es-ES","publisher":{"@id":"https:\/\/844spartan.com\/es\/#organization"}}]},"og:locale":"es_ES","og:site_name":"844-SPARTAN - 844-SPARTAN","og:type":"article","og:title":"How Atlanta Calculates Pain &amp; Suffering Damages","og:description":"Supportive guide to pain and suffering compensation in Georgia personal injury cases. Understand your rights and next steps clearly.","og:url":"https:\/\/844spartan.com\/es\/personal-injury-resources\/how-are-pain-and-suffering-damages-calculated\/","article:published_time":"2025-06-06T14:02:06+00:00","article:modified_time":"2025-09-17T15:34:31+00:00","twitter:card":"summary_large_image","twitter:title":"How Atlanta Calculates Pain &amp; Suffering Damages","twitter:description":"Supportive guide to pain and suffering compensation in Georgia personal injury cases. Understand your rights and next steps clearly."},"aioseo_meta_data":{"post_id":"628","title":"How Atlanta Calculates Pain &amp; Suffering Damages","description":"Gu\u00eda de apoyo para la compensaci\u00f3n por dolor y sufrimiento en casos de lesiones personales en Georgia. Comprenda sus derechos y los pr\u00f3ximos pasos con claridad.","keywords":null,"keyphrases":{"focus":{"keyphrase":"","score":0,"analysis":{"keyphraseInTitle":{"score":0,"maxScore":9,"error":1}}},"additional":[]},"primary_term":null,"canonical_url":null,"og_title":null,"og_description":null,"og_object_type":"default","og_image_type":"default","og_image_url":null,"og_image_width":null,"og_image_height":null,"og_image_custom_url":null,"og_image_custom_fields":null,"og_video":"","og_custom_url":null,"og_article_section":null,"og_article_tags":null,"twitter_use_og":false,"twitter_card":"default","twitter_image_type":"default","twitter_image_url":null,"twitter_image_custom_url":null,"twitter_image_custom_fields":null,"twitter_title":null,"twitter_description":null,"schema":{"blockGraphs":[],"customGraphs":[],"default":{"data":{"Article":[],"Course":[],"Dataset":[],"FAQPage":[],"Movie":[],"Person":[],"Product":[],"ProductReview":[],"Car":[],"Recipe":[],"Service":[],"SoftwareApplication":[],"WebPage":[]},"graphName":"WebPage","isEnabled":true},"graphs":[]},"schema_type":"default","schema_type_options":null,"pillar_content":false,"robots_default":true,"robots_noindex":false,"robots_noarchive":false,"robots_nosnippet":false,"robots_nofollow":false,"robots_noimageindex":false,"robots_noodp":false,"robots_notranslate":false,"robots_max_snippet":"-1","robots_max_videopreview":"-1","robots_max_imagepreview":"large","priority":null,"frequency":"default","local_seo":null,"seo_analyzer_scan_date":"2025-09-17 15:34:51","breadcrumb_settings":null,"limit_modified_date":false,"open_ai":null,"ai":{"faqs":[],"keyPoints":[],"titles":[],"descriptions":[],"socialPosts":{"email":[],"linkedin":[],"twitter":[],"facebook":[],"instagram":[]}},"created":"2025-06-20 09:59:35","updated":"2025-10-21 22:23:54"},"aioseo_breadcrumb":"<div class=\"aioseo-breadcrumbs\"><span class=\"aioseo-breadcrumb\">\n\t<a href=\"https:\/\/844spartan.com\/es\" title=\"Home\">Home<\/a>\n<\/span><span class=\"aioseo-breadcrumb-separator\">&raquo;<\/span><span class=\"aioseo-breadcrumb\">\n\t<a href=\"https:\/\/844spartan.com\/es\/personal-injury-resources\/\" title=\"Personal Injury Resources\">Personal Injury Resources<\/a>\n<\/span><span class=\"aioseo-breadcrumb-separator\">&raquo;<\/span><span class=\"aioseo-breadcrumb\">\n\tHow Are Pain and Suffering Damages Calculated?\n<\/span><\/div>","aioseo_breadcrumb_json":[{"label":"Home","link":"https:\/\/844spartan.com\/es"},{"label":"Personal Injury Resources","link":"https:\/\/844spartan.com\/es\/personal-injury-resources\/"},{"label":"How Are Pain and Suffering Damages Calculated?","link":"https:\/\/844spartan.com\/es\/personal-injury-resources\/how-are-pain-and-suffering-damages-calculated\/"}],"_links":{"self":[{"href":"https:\/\/844spartan.com\/es\/wp-json\/wp\/v2\/pages\/628","targetHints":{"allow":["GET"]}}],"collection":[{"href":"https:\/\/844spartan.com\/es\/wp-json\/wp\/v2\/pages"}],"about":[{"href":"https:\/\/844spartan.com\/es\/wp-json\/wp\/v2\/types\/page"}],"author":[{"embeddable":true,"href":"https:\/\/844spartan.com\/es\/wp-json\/wp\/v2\/users\/5"}],"replies":[{"embeddable":true,"href":"https:\/\/844spartan.com\/es\/wp-json\/wp\/v2\/comments?post=628"}],"version-history":[{"count":0,"href":"https:\/\/844spartan.com\/es\/wp-json\/wp\/v2\/pages\/628\/revisions"}],"up":[{"embeddable":true,"href":"https:\/\/844spartan.com\/es\/wp-json\/wp\/v2\/pages\/624"}],"wp:attachment":[{"href":"https:\/\/844spartan.com\/es\/wp-json\/wp\/v2\/media?parent=628"}],"wp:term":[{"taxonomy":"category","embeddable":true,"href":"https:\/\/844spartan.com\/es\/wp-json\/wp\/v2\/categories?post=628"},{"taxonomy":"post_tag","embeddable":true,"href":"https:\/\/844spartan.com\/es\/wp-json\/wp\/v2\/tags?post=628"}],"curies":[{"name":"wp","href":"https:\/\/api.w.org\/{rel}","templated":true}]}}