{"id":630,"date":"2025-06-06T14:02:22","date_gmt":"2025-06-06T14:02:22","guid":{"rendered":"https:\/\/spartanlawgroup.com\/?page_id=630"},"modified":"2025-06-06T14:53:14","modified_gmt":"2025-06-06T14:53:14","slug":"que-son-los-perjuicios-economicos","status":"publish","type":"page","link":"https:\/\/844spartan.com\/es\/personal-injury-resources\/what-are-economic-damages\/","title":{"rendered":"\u00bfQu\u00e9 son los da\u00f1os econ\u00f3micos?"},"content":{"rendered":"<p><img loading=\"lazy\" decoding=\"async\" class=\"alignnone wp-image-485 size-full\" src=\"https:\/\/844spartan.com\/wp-content\/uploads\/2025\/06\/Why-Should-I-Call-Spartan-Law-to-Handle-My-Atlanta-Product-Liability-Claim-768x512-1.jpg\" alt=\"\" width=\"768\" height=\"512\" srcset=\"https:\/\/844spartan.com\/wp-content\/uploads\/2025\/06\/Why-Should-I-Call-Spartan-Law-to-Handle-My-Atlanta-Product-Liability-Claim-768x512-1.jpg 768w, https:\/\/844spartan.com\/wp-content\/uploads\/2025\/06\/Why-Should-I-Call-Spartan-Law-to-Handle-My-Atlanta-Product-Liability-Claim-768x512-1-300x200.jpg 300w\" sizes=\"auto, (max-width: 768px) 100vw, 768px\" \/><\/p>\n<p>Si alguna vez ha sufrido lesiones en un accidente, es posible que haya o\u00eddo hablar de los da\u00f1os econ\u00f3micos en un contexto jur\u00eddico. Pero, \u00bfqu\u00e9 significa realmente? En pocas palabras, los da\u00f1os econ\u00f3micos son el dinero que puede obtener para cubrir sus gastos de bolsillo despu\u00e9s de una lesi\u00f3n o accidente. Estos da\u00f1os y perjuicios ayudan a reemplazar el dinero que ha perdido debido a cosas como facturas m\u00e9dicas, salarios perdidos o da\u00f1os a su propiedad.<\/p>\n<p>En Georgia, si usted se lesiona en un accidente - ya sea un accidente de coche, un resbal\u00f3n y ca\u00edda, o algo m\u00e1s - por lo general puede pedir da\u00f1os econ\u00f3micos. Es \u00fatil entender qu\u00e9 son estos da\u00f1os, c\u00f3mo funcionan y c\u00f3mo se calculan bajo la ley de Georgia. Un\u00a0<a href=\"https:\/\/844spartan.com\/es\/\">Atlanta abogado de lesiones personales<\/a>\u00a0puede ayudarte,\u00a0<a href=\"https:\/\/844spartan.com\/es\/contacto\/\">Contacto<\/a>\u00a0hoy en\u00a0<a href=\"tel:+18447727826\">(844) 772 7826<\/a>.<\/p>\n<h2>\u00bfQu\u00e9 son los da\u00f1os econ\u00f3micos?<\/h2>\n<p><a href=\"https:\/\/law.justia.com\/codes\/georgia\/2020\/title-51\/chapter-12\/article-1\/section-51-12-2\/\"><img loading=\"lazy\" decoding=\"async\" class=\"alignnone wp-image-652 size-full\" src=\"https:\/\/844spartan.com\/wp-content\/uploads\/2025\/06\/What-Are-Economic-Damages-1-768x512-1.jpg\" alt=\"\" width=\"768\" height=\"512\" srcset=\"https:\/\/844spartan.com\/wp-content\/uploads\/2025\/06\/What-Are-Economic-Damages-1-768x512-1.jpg 768w, https:\/\/844spartan.com\/wp-content\/uploads\/2025\/06\/What-Are-Economic-Damages-1-768x512-1-300x200.jpg 300w\" sizes=\"auto, (max-width: 768px) 100vw, 768px\" \/><\/a><\/p>\n<p><a href=\"https:\/\/law.justia.com\/codes\/georgia\/2020\/title-51\/chapter-12\/article-1\/section-51-12-2\/\">Da\u00f1os econ\u00f3micos<\/a>\u00a0son las p\u00e9rdidas econ\u00f3micas que puede demostrar que ha sufrido a causa de su lesi\u00f3n. A diferencia de los da\u00f1os no econ\u00f3micos, que cubren cosas como el dolor y el sufrimiento (lo que no se puede ver ni tocar), los da\u00f1os econ\u00f3micos se centran en p\u00e9rdidas reales y cuantificables.<\/p>\n<h2>Gastos m\u00e9dicos<\/h2>\n<p>Si te lesionas, es probable que acabes teniendo facturas m\u00e9dicas. Los da\u00f1os econ\u00f3micos cubren estas facturas. Esto puede incluir el coste de visitas al hospital, cirug\u00edas, citas con el m\u00e9dico, fisioterapia, medicamentos recetados y cualquier atenci\u00f3n m\u00e9dica futura que pueda necesitar. Por ejemplo, si te rompes una pierna y necesitas varias operaciones y fisioterapia, el dinero de esos gastos puede reclamarse como da\u00f1os econ\u00f3micos.<\/p>\n<h2>Salarios perdidos<\/h2>\n<p>Si faltas al trabajo porque te has lesionado, puedes reclamar que te devuelvan el salario que has perdido. Digamos que no puedes trabajar durante dos semanas por un accidente de coche o\u00a0<a href=\"\/es\/areas-de-practica\/abogado-de-accidentes-de-camion\/\">accidente de cami\u00f3n<\/a>-sus ingresos perdidos durante esas dos semanas se considerar\u00edan da\u00f1os econ\u00f3micos. Si tu lesi\u00f3n es grave y no puedes volver a trabajar, es posible que tambi\u00e9n puedas obtener una indemnizaci\u00f3n por los salarios perdidos en el futuro.<\/p>\n<h2>Da\u00f1os materiales<\/h2>\n<p>Si sus bienes personales resultan da\u00f1ados en un accidente, como su coche en un accidente de tr\u00e1fico, podr\u00eda ser indemnizado por los gastos de reparaci\u00f3n o sustituci\u00f3n. Si tu coche sufre un siniestro total, puedes recibir el dinero por el valor que ten\u00eda en el momento del accidente.<\/p>\n<h2>Gastos de bolsillo<\/h2>\n<p>A veces, los accidentes ocasionan gastos inesperados que no est\u00e1n directamente relacionados con la asistencia m\u00e9dica o los da\u00f1os materiales. Por ejemplo, si necesitas que alguien te lleve a las citas con el m\u00e9dico, te pueden reembolsar esos gastos de gasolina o transporte. O, si necesita comprar muletas o una silla de ruedas, esos gastos pueden incluirse en sus da\u00f1os econ\u00f3micos.<\/p>\n<h2>\u00bfC\u00f3mo se calculan los da\u00f1os econ\u00f3micos en Georgia?<\/h2>\n<p>En Georgia, los da\u00f1os econ\u00f3micos se basan en n\u00fameros reales. Esto significa que usted tiene que mostrar pruebas de sus p\u00e9rdidas financieras.<\/p>\n<p>Para que te reembolsen los gastos m\u00e9dicos, tienes que demostrar todas las facturas que has pagado hasta ahora y cu\u00e1nta atenci\u00f3n m\u00e9dica podr\u00edas necesitar en el futuro. Puede tratarse de facturas de hospital, visitas al m\u00e9dico, recetas o cualquier otro gasto sanitario relacionado con la lesi\u00f3n.<\/p>\n<p>Si falta al trabajo, tendr\u00e1 que presentar talones de pago o registros fiscales para demostrar cu\u00e1nto gana normalmente. Si tu lesi\u00f3n te impide trabajar a largo plazo, es posible que necesites el testimonio de un experto para calcular cu\u00e1nto habr\u00edas ganado en el futuro.<\/p>\n<p>Si su coche u otros bienes resultaron da\u00f1ados, necesitar\u00e1 estimaciones o recibos de lo que costar\u00e1 reparar o sustituir los objetos. Si tu coche qued\u00f3 destrozado en el accidente, el tribunal puede tener en cuenta el valor justo de mercado de tu coche en el momento del accidente.<\/p>\n<p>Cualquier peque\u00f1o gasto que haya sido consecuencia directa de tu lesi\u00f3n, como los gastos de transporte o el equipo especial que hayas tenido que comprar, debe documentarse e incluirse en tu reclamaci\u00f3n.<\/p>\n<h2>\u00bfQu\u00e9 dice la ley de Georgia sobre da\u00f1os econ\u00f3micos?<\/h2>\n<p>En Georgia, los da\u00f1os econ\u00f3micos se consideran una parte clave de cualquier caso de lesiones personales. La ley permite a las personas lesionadas obtener compensaci\u00f3n por cosas como facturas m\u00e9dicas y salarios perdidos para que no terminen arruinados econ\u00f3micamente a causa de un accidente. Seg\u00fan la ley\u00a0<a href=\"https:\/\/law.justia.com\/codes\/georgia\/title-51\/chapter-12\/article-1\/section-51-12-2\/\">Leyes sobre lesiones personales<\/a>, los da\u00f1os econ\u00f3micos forman parte de la indemnizaci\u00f3n total que puede recibir.<\/p>\n<p>En Georgia, los da\u00f1os no econ\u00f3micos (como el dolor y el sufrimiento) tambi\u00e9n pueden ser solicitados si usted se lesiona debido a la negligencia de otra persona o mala conducta intencional.<\/p>\n<p>En los casos de homicidio culposo, si alguien fallece a causa de un accidente, su familia puede recibir una indemnizaci\u00f3n por da\u00f1os y perjuicios. Esta indemnizaci\u00f3n puede incluir el dinero que la persona fallecida hubiera ganado en vida, as\u00ed como los gastos funerarios y otras contribuciones econ\u00f3micas que el fallecido hubiera hecho a su familia.<\/p>\n<h2>Un abogado de lesiones personales puede ayudarle a recuperar da\u00f1os econ\u00f3micos<\/h2>\n<p>Los da\u00f1os econ\u00f3micos son una parte fundamental de cualquier demanda por lesiones personales en Georgia. Le ayudan a recuperar las p\u00e9rdidas financieras reales que ha sufrido debido a un accidente o lesi\u00f3n. Si usted se lesiona en un accidente, puede solicitar una indemnizaci\u00f3n por cosas como gastos m\u00e9dicos, salarios perdidos, da\u00f1os a la propiedad, y otros costos.<\/p>\n<p>Supongamos que ha sufrido lesiones y cree que puede tener derecho a una indemnizaci\u00f3n econ\u00f3mica. En ese caso, es importante que re\u00fana todos sus documentos: facturas m\u00e9dicas, talones de pago, recibos y cualquier otra prueba de sus p\u00e9rdidas econ\u00f3micas. Tambi\u00e9n es una buena idea hablar con nuestro\u00a0<a href=\"https:\/\/844spartan.com\/es\/areas-de-practica\/abogado-de-accidente-de-coche\/\">los mejores abogados de accidentes de coche de Atlanta<\/a>, que puede guiarle a lo largo del proceso y asegurarse de que recibe la indemnizaci\u00f3n que merece.<\/p>","protected":false},"excerpt":{"rendered":"<p>If you\u2019ve ever been hurt in an accident, you may have heard the term economic damages being tossed around in a legal context. But what does that really mean? Simply put, economic damages are the money you can get to cover your out-of-pocket costs after an injury or accident. These damages help replace the money&hellip;<\/p>","protected":false},"author":5,"featured_media":0,"parent":624,"menu_order":0,"comment_status":"closed","ping_status":"closed","template":"","meta":{"_monsterinsights_skip_tracking":false,"_monsterinsights_sitenote_active":false,"_monsterinsights_sitenote_note":"","_monsterinsights_sitenote_category":0,"footnotes":""},"categories":[],"tags":[],"class_list":["post-630","page","type-page","status-publish","hentry","entry","no-media"],"aioseo_notices":[],"aioseo_head":"\n\t\t<!-- All in One SEO Pro 4.9.6.2 - aioseo.com -->\n\t<meta name=\"description\" content=\"If you\u2019ve ever been hurt in an accident, you may have heard the term economic damages being tossed around in a legal context. But what does that really mean? Simply put, economic damages are the money you can get to cover your out-of-pocket costs after an injury or accident. These damages help replace the money\" \/>\n\t<meta name=\"robots\" content=\"max-image-preview:large\" \/>\n\t<link rel=\"canonical\" href=\"https:\/\/844spartan.com\/es\/personal-injury-resources\/what-are-economic-damages\/\" \/>\n\t<meta name=\"generator\" content=\"All in One SEO Pro (AIOSEO) 4.9.6.2\" \/>\n\t\t<meta property=\"og:locale\" content=\"es_ES\" \/>\n\t\t<meta property=\"og:site_name\" content=\"844-SPARTAN - 844-SPARTAN\" \/>\n\t\t<meta property=\"og:type\" content=\"article\" \/>\n\t\t<meta property=\"og:title\" content=\"What Are Economic Damages? - 844-SPARTAN\" \/>\n\t\t<meta property=\"og:description\" content=\"If you\u2019ve ever been hurt in an accident, you may have heard the term economic damages being tossed around in a legal context. But what does that really mean? Simply put, economic damages are the money you can get to cover your out-of-pocket costs after an injury or accident. These damages help replace the money\" \/>\n\t\t<meta property=\"og:url\" content=\"https:\/\/844spartan.com\/es\/personal-injury-resources\/what-are-economic-damages\/\" \/>\n\t\t<meta property=\"article:published_time\" content=\"2025-06-06T14:02:22+00:00\" \/>\n\t\t<meta property=\"article:modified_time\" content=\"2025-06-06T14:53:14+00:00\" \/>\n\t\t<meta name=\"twitter:card\" content=\"summary_large_image\" \/>\n\t\t<meta name=\"twitter:title\" content=\"What Are Economic Damages? - 844-SPARTAN\" \/>\n\t\t<meta name=\"twitter:description\" content=\"If you\u2019ve ever been hurt in an accident, you may have heard the term economic damages being tossed around in a legal context. But what does that really mean? Simply put, economic damages are the money you can get to cover your out-of-pocket costs after an injury or accident. These damages help replace the money\" \/>\n\t\t<script type=\"application\/ld+json\" class=\"aioseo-schema\">\n\t\t\t{\"@context\":\"https:\\\/\\\/schema.org\",\"@graph\":[{\"@type\":\"BreadcrumbList\",\"@id\":\"https:\\\/\\\/844spartan.com\\\/es\\\/personal-injury-resources\\\/what-are-economic-damages\\\/#breadcrumblist\",\"itemListElement\":[{\"@type\":\"ListItem\",\"@id\":\"https:\\\/\\\/844spartan.com\\\/es#listItem\",\"position\":1,\"name\":\"Home\",\"item\":\"https:\\\/\\\/844spartan.com\\\/es\",\"nextItem\":{\"@type\":\"ListItem\",\"@id\":\"https:\\\/\\\/844spartan.com\\\/es\\\/personal-injury-resources\\\/#listItem\",\"name\":\"Personal Injury Resources\"}},{\"@type\":\"ListItem\",\"@id\":\"https:\\\/\\\/844spartan.com\\\/es\\\/personal-injury-resources\\\/#listItem\",\"position\":2,\"name\":\"Personal Injury Resources\",\"item\":\"https:\\\/\\\/844spartan.com\\\/es\\\/personal-injury-resources\\\/\",\"nextItem\":{\"@type\":\"ListItem\",\"@id\":\"https:\\\/\\\/844spartan.com\\\/es\\\/personal-injury-resources\\\/what-are-economic-damages\\\/#listItem\",\"name\":\"What Are Economic Damages?\"},\"previousItem\":{\"@type\":\"ListItem\",\"@id\":\"https:\\\/\\\/844spartan.com\\\/es#listItem\",\"name\":\"Home\"}},{\"@type\":\"ListItem\",\"@id\":\"https:\\\/\\\/844spartan.com\\\/es\\\/personal-injury-resources\\\/what-are-economic-damages\\\/#listItem\",\"position\":3,\"name\":\"What Are Economic Damages?\",\"previousItem\":{\"@type\":\"ListItem\",\"@id\":\"https:\\\/\\\/844spartan.com\\\/es\\\/personal-injury-resources\\\/#listItem\",\"name\":\"Personal Injury Resources\"}}]},{\"@type\":\"Organization\",\"@id\":\"https:\\\/\\\/844spartan.com\\\/es\\\/#organization\",\"name\":\"Spartan Law Group\",\"description\":\"844-SPARTAN\",\"url\":\"https:\\\/\\\/844spartan.com\\\/es\\\/\",\"address\":{\"@id\":\"https:\\\/\\\/844spartan.com\\\/es\\\/#postaladdress\",\"@type\":\"PostalAddress\",\"streetAddress\":\"200 Sandy Springs Pl NE,\",\"postalCode\":\"30328\",\"addressLocality\":\"Sandy Springs\",\"addressRegion\":\"GA\",\"addressCountry\":\"US\"}},{\"@type\":\"WebPage\",\"@id\":\"https:\\\/\\\/844spartan.com\\\/es\\\/personal-injury-resources\\\/what-are-economic-damages\\\/#webpage\",\"url\":\"https:\\\/\\\/844spartan.com\\\/es\\\/personal-injury-resources\\\/what-are-economic-damages\\\/\",\"name\":\"What Are Economic Damages? - 844-SPARTAN\",\"description\":\"If you\\u2019ve ever been hurt in an accident, you may have heard the term economic damages being tossed around in a legal context. But what does that really mean? Simply put, economic damages are the money you can get to cover your out-of-pocket costs after an injury or accident. These damages help replace the money\",\"inLanguage\":\"es-ES\",\"isPartOf\":{\"@id\":\"https:\\\/\\\/844spartan.com\\\/es\\\/#website\"},\"breadcrumb\":{\"@id\":\"https:\\\/\\\/844spartan.com\\\/es\\\/personal-injury-resources\\\/what-are-economic-damages\\\/#breadcrumblist\"},\"datePublished\":\"2025-06-06T14:02:22-04:00\",\"dateModified\":\"2025-06-06T14:53:14-04:00\"},{\"@type\":\"WebSite\",\"@id\":\"https:\\\/\\\/844spartan.com\\\/es\\\/#website\",\"url\":\"https:\\\/\\\/844spartan.com\\\/es\\\/\",\"name\":\"844-SPARTAN\",\"description\":\"844-SPARTAN\",\"inLanguage\":\"es-ES\",\"publisher\":{\"@id\":\"https:\\\/\\\/844spartan.com\\\/es\\\/#organization\"}}]}\n\t\t<\/script>\n\t\t<!-- All in One SEO Pro -->\r\n\t\t<title>What Are Economic Damages? - 844-SPARTAN<\/title>\n\n","aioseo_head_json":{"title":"\u00bfQu\u00e9 son los da\u00f1os econ\u00f3micos? - 844-SPARTAN","description":"Si alguna vez ha sufrido lesiones en un accidente, es posible que haya o\u00eddo hablar de los da\u00f1os econ\u00f3micos en un contexto jur\u00eddico. Pero, \u00bfqu\u00e9 significa realmente? En pocas palabras, los da\u00f1os econ\u00f3micos son el dinero que usted puede obtener para cubrir sus gastos de bolsillo despu\u00e9s de una lesi\u00f3n o accidente. Estos da\u00f1os ayudan a reemplazar el dinero","canonical_url":"https:\/\/844spartan.com\/es\/personal-injury-resources\/what-are-economic-damages\/","robots":"max-image-preview:large","keywords":"","webmasterTools":{"miscellaneous":""},"schema":{"@context":"https:\/\/schema.org","@graph":[{"@type":"BreadcrumbList","@id":"https:\/\/844spartan.com\/es\/personal-injury-resources\/what-are-economic-damages\/#breadcrumblist","itemListElement":[{"@type":"ListItem","@id":"https:\/\/844spartan.com\/es#listItem","position":1,"name":"Home","item":"https:\/\/844spartan.com\/es","nextItem":{"@type":"ListItem","@id":"https:\/\/844spartan.com\/es\/personal-injury-resources\/#listItem","name":"Personal Injury Resources"}},{"@type":"ListItem","@id":"https:\/\/844spartan.com\/es\/personal-injury-resources\/#listItem","position":2,"name":"Personal Injury Resources","item":"https:\/\/844spartan.com\/es\/personal-injury-resources\/","nextItem":{"@type":"ListItem","@id":"https:\/\/844spartan.com\/es\/personal-injury-resources\/what-are-economic-damages\/#listItem","name":"What Are Economic Damages?"},"previousItem":{"@type":"ListItem","@id":"https:\/\/844spartan.com\/es#listItem","name":"Home"}},{"@type":"ListItem","@id":"https:\/\/844spartan.com\/es\/personal-injury-resources\/what-are-economic-damages\/#listItem","position":3,"name":"What Are Economic Damages?","previousItem":{"@type":"ListItem","@id":"https:\/\/844spartan.com\/es\/personal-injury-resources\/#listItem","name":"Personal Injury Resources"}}]},{"@type":"Organization","@id":"https:\/\/844spartan.com\/es\/#organization","name":"Spartan Law Group","description":"844-SPARTAN","url":"https:\/\/844spartan.com\/es\/","address":{"@id":"https:\/\/844spartan.com\/es\/#postaladdress","@type":"PostalAddress","streetAddress":"200 Sandy Springs Pl NE,","postalCode":"30328","addressLocality":"Sandy Springs","addressRegion":"GA","addressCountry":"US"}},{"@type":"WebPage","@id":"https:\/\/844spartan.com\/es\/personal-injury-resources\/what-are-economic-damages\/#webpage","url":"https:\/\/844spartan.com\/es\/personal-injury-resources\/what-are-economic-damages\/","name":"What Are Economic Damages? - 844-SPARTAN","description":"If you\u2019ve ever been hurt in an accident, you may have heard the term economic damages being tossed around in a legal context. But what does that really mean? Simply put, economic damages are the money you can get to cover your out-of-pocket costs after an injury or accident. These damages help replace the money","inLanguage":"es-ES","isPartOf":{"@id":"https:\/\/844spartan.com\/es\/#website"},"breadcrumb":{"@id":"https:\/\/844spartan.com\/es\/personal-injury-resources\/what-are-economic-damages\/#breadcrumblist"},"datePublished":"2025-06-06T14:02:22-04:00","dateModified":"2025-06-06T14:53:14-04:00"},{"@type":"WebSite","@id":"https:\/\/844spartan.com\/es\/#website","url":"https:\/\/844spartan.com\/es\/","name":"844-SPARTAN","description":"844-SPARTAN","inLanguage":"es-ES","publisher":{"@id":"https:\/\/844spartan.com\/es\/#organization"}}]},"og:locale":"es_ES","og:site_name":"844-SPARTAN - 844-SPARTAN","og:type":"article","og:title":"What Are Economic Damages? - 844-SPARTAN","og:description":"If you\u2019ve ever been hurt in an accident, you may have heard the term economic damages being tossed around in a legal context. But what does that really mean? Simply put, economic damages are the money you can get to cover your out-of-pocket costs after an injury or accident. These damages help replace the money","og:url":"https:\/\/844spartan.com\/es\/personal-injury-resources\/what-are-economic-damages\/","article:published_time":"2025-06-06T14:02:22+00:00","article:modified_time":"2025-06-06T14:53:14+00:00","twitter:card":"summary_large_image","twitter:title":"What Are Economic Damages? - 844-SPARTAN","twitter:description":"If you\u2019ve ever been hurt in an accident, you may have heard the term economic damages being tossed around in a legal context. But what does that really mean? Simply put, economic damages are the money you can get to cover your out-of-pocket costs after an injury or accident. These damages help replace the money"},"aioseo_meta_data":{"post_id":"630","title":null,"description":null,"keywords":null,"keyphrases":null,"primary_term":null,"canonical_url":null,"og_title":null,"og_description":null,"og_object_type":"default","og_image_type":"default","og_image_url":null,"og_image_width":null,"og_image_height":null,"og_image_custom_url":null,"og_image_custom_fields":null,"og_video":null,"og_custom_url":null,"og_article_section":null,"og_article_tags":null,"twitter_use_og":false,"twitter_card":"default","twitter_image_type":"default","twitter_image_url":null,"twitter_image_custom_url":null,"twitter_image_custom_fields":null,"twitter_title":null,"twitter_description":null,"schema":{"blockGraphs":[],"customGraphs":[],"default":{"data":{"Article":[],"Course":[],"Dataset":[],"FAQPage":[],"Movie":[],"Person":[],"Product":[],"ProductReview":[],"Car":[],"Recipe":[],"Service":[],"SoftwareApplication":[],"WebPage":[]},"graphName":"","isEnabled":true},"graphs":[]},"schema_type":"default","schema_type_options":null,"pillar_content":false,"robots_default":true,"robots_noindex":false,"robots_noarchive":false,"robots_nosnippet":false,"robots_nofollow":false,"robots_noimageindex":false,"robots_noodp":false,"robots_notranslate":false,"robots_max_snippet":null,"robots_max_videopreview":null,"robots_max_imagepreview":"large","priority":null,"frequency":null,"local_seo":null,"seo_analyzer_scan_date":"2025-08-15 01:22:49","breadcrumb_settings":null,"limit_modified_date":false,"open_ai":null,"ai":null,"created":"2025-06-20 09:59:35","updated":"2025-10-21 22:23:54"},"aioseo_breadcrumb":"<div class=\"aioseo-breadcrumbs\"><span class=\"aioseo-breadcrumb\">\n\t<a href=\"https:\/\/844spartan.com\/es\" title=\"Home\">Home<\/a>\n<\/span><span class=\"aioseo-breadcrumb-separator\">&raquo;<\/span><span class=\"aioseo-breadcrumb\">\n\t<a href=\"https:\/\/844spartan.com\/es\/personal-injury-resources\/\" title=\"Personal Injury Resources\">Personal Injury Resources<\/a>\n<\/span><span class=\"aioseo-breadcrumb-separator\">&raquo;<\/span><span class=\"aioseo-breadcrumb\">\n\tWhat Are Economic Damages?\n<\/span><\/div>","aioseo_breadcrumb_json":[{"label":"Home","link":"https:\/\/844spartan.com\/es"},{"label":"Personal Injury Resources","link":"https:\/\/844spartan.com\/es\/personal-injury-resources\/"},{"label":"What Are Economic Damages?","link":"https:\/\/844spartan.com\/es\/personal-injury-resources\/what-are-economic-damages\/"}],"_links":{"self":[{"href":"https:\/\/844spartan.com\/es\/wp-json\/wp\/v2\/pages\/630","targetHints":{"allow":["GET"]}}],"collection":[{"href":"https:\/\/844spartan.com\/es\/wp-json\/wp\/v2\/pages"}],"about":[{"href":"https:\/\/844spartan.com\/es\/wp-json\/wp\/v2\/types\/page"}],"author":[{"embeddable":true,"href":"https:\/\/844spartan.com\/es\/wp-json\/wp\/v2\/users\/5"}],"replies":[{"embeddable":true,"href":"https:\/\/844spartan.com\/es\/wp-json\/wp\/v2\/comments?post=630"}],"version-history":[{"count":0,"href":"https:\/\/844spartan.com\/es\/wp-json\/wp\/v2\/pages\/630\/revisions"}],"up":[{"embeddable":true,"href":"https:\/\/844spartan.com\/es\/wp-json\/wp\/v2\/pages\/624"}],"wp:attachment":[{"href":"https:\/\/844spartan.com\/es\/wp-json\/wp\/v2\/media?parent=630"}],"wp:term":[{"taxonomy":"category","embeddable":true,"href":"https:\/\/844spartan.com\/es\/wp-json\/wp\/v2\/categories?post=630"},{"taxonomy":"post_tag","embeddable":true,"href":"https:\/\/844spartan.com\/es\/wp-json\/wp\/v2\/tags?post=630"}],"curies":[{"name":"wp","href":"https:\/\/api.w.org\/{rel}","templated":true}]}}