{"id":634,"date":"2025-06-06T14:02:48","date_gmt":"2025-06-06T14:02:48","guid":{"rendered":"https:\/\/spartanlawgroup.com\/?page_id=634"},"modified":"2026-03-03T18:24:24","modified_gmt":"2026-03-03T18:24:24","slug":"que-son-los-honorarios-condicionales","status":"publish","type":"page","link":"https:\/\/844spartan.com\/es\/personal-injury-resources\/what-is-a-contingency-fee\/","title":{"rendered":"\u00bfQu\u00e9 son los honorarios de contingencia?"},"content":{"rendered":"<p>A\u00a0<a href=\"https:\/\/www.americanbar.org\/groups\/professional_responsibility\/publications\/model_rules_of_professional_conduct\/rule_1_5_fees\/\">cuota de contingencia<\/a> es una estructura de pago utilizada habitualmente en casos de lesiones personales. Permite a los clientes contratar a un abogado sin pagar gastos por adelantado. En cambio, el abogado s\u00f3lo cobra si consigue una indemnizaci\u00f3n para el cliente. Este acuerdo hace que la representaci\u00f3n legal sea accesible para las personas que pueden no tener los recursos para pagar de su bolsillo a un abogado. Este art\u00edculo explica qu\u00e9 son los honorarios condicionales, c\u00f3mo funcionan y por qu\u00e9 benefician a los clientes.<\/p>\n<h2>\u00bfC\u00f3mo funcionan los honorarios de contingencia?<\/h2>\n<p><img loading=\"lazy\" decoding=\"async\" class=\"alignnone wp-image-661 size-full\" src=\"https:\/\/844spartan.com\/wp-content\/uploads\/2025\/06\/Why-Are-Contingency-Fees-Beneficial-768x512-1.jpg\" alt=\"\" width=\"768\" height=\"512\" srcset=\"https:\/\/844spartan.com\/wp-content\/uploads\/2025\/06\/Why-Are-Contingency-Fees-Beneficial-768x512-1.jpg 768w, https:\/\/844spartan.com\/wp-content\/uploads\/2025\/06\/Why-Are-Contingency-Fees-Beneficial-768x512-1-300x200.jpg 300w\" sizes=\"auto, (max-width: 768px) 100vw, 768px\" \/><\/p>\n<p>Los honorarios condicionales son sencillos. Cuando usted contrata a un abogado sobre una base de contingencia, usted est\u00e1 de acuerdo en que el pago del abogado vendr\u00e1 de la compensaci\u00f3n que recuperen para usted. Esta indemnizaci\u00f3n puede proceder de:<\/p>\n<ul>\n<li>Un acuerdo con una compa\u00f1\u00eda de seguros<\/li>\n<li>Una sentencia judicial tras un juicio<\/li>\n<\/ul>\n<p>El abogado suele cobrar un porcentaje del total recuperado en concepto de honorarios.\u00a0<a href=\"https:\/\/www.americanbar.org\/groups\/legal_services\/milvets\/aba_home_front\/information_center\/working_with_lawyer\/fees_and_expenses\/\">Este porcentaje suele situarse entre 33% y 40%<\/a>, Dependiendo de la complejidad del caso y de si llega a juicio. Si tu abogado no te indemniza, no le debes honorarios.<\/p>\n<h2>\u00bfPor qu\u00e9 son beneficiosos los honorarios de contingencia?<\/h2>\n<div><\/div>\n<p>Los honorarios contingentes ofrecen varias ventajas a los clientes, especialmente a los que se enfrentan a tensiones financieras tras un accidente:<\/p>\n<ul>\n<li><strong>Sin costes iniciales:<\/strong>\u00a0No tiene que preocuparse por pagar de su bolsillo la representaci\u00f3n legal. Esto es especialmente importante en los casos de lesiones personales, donde las facturas m\u00e9dicas y los salarios perdidos ya pueden estar causando estr\u00e9s financiero.<\/li>\n<li><strong>Acceso a la justicia:<\/strong>\u00a0Los honorarios condicionales permiten a cualquier persona, independientemente de su situaci\u00f3n econ\u00f3mica, contratar a un abogado experto.<\/li>\n<li><strong>Motivaci\u00f3n para el \u00e9xito:<\/strong>\u00a0Dado que el pago del abogado depende del resultado, est\u00e1 incentivado a trabajar diligentemente para garantizarle el mejor resultado posible.<\/li>\n<\/ul>\n<p>Los honorarios contingentes hacen que los servicios jur\u00eddicos sean asequibles y accesibles para todos.<\/p>\n<h2>\u00bfQu\u00e9 cubren los honorarios de contingencia?<\/h2>\n<p>Los honorarios contingentes compensan a los abogados por su tiempo y servicios a lo largo de sus casos. Sin embargo, es importante entender qu\u00e9 costes adicionales pueden surgir, como por ejemplo:<\/p>\n<ul>\n<li>Tasas de presentaci\u00f3n de documentos judiciales<\/li>\n<li>Gastos de obtenci\u00f3n de historiales m\u00e9dicos o informes de accidentes<\/li>\n<li>Honorarios de peritos, si procede<\/li>\n<\/ul>\n<p>Un buen abogado ser\u00e1 transparente sobre los costes adicionales y los discutir\u00e1 con usted por adelantado. Estos costes pueden deducirse de tu indemnizaci\u00f3n o pagarse aparte, seg\u00fan el acuerdo.<\/p>\n<h2>\u00bfCu\u00e1ndo se utilizan los honorarios de contingencia?<\/h2>\n<p>Los honorarios condicionales se utilizan con mayor frecuencia en casos de lesiones personales, entre otros:<\/p>\n<ul>\n<li><a href=\"https:\/\/844spartan.com\/es\/areas-de-practica\/abogado-de-accidente-de-coche\/\"><strong>Accidentes de tr\u00e1fico<\/strong><\/a><strong>:<\/strong>\u00a0casos en los que la negligencia de otro conductor caus\u00f3 sus lesiones<\/li>\n<li><strong><a href=\"https:\/\/844spartan.com\/es\/areas-de-practica\/resbalon-caida-accidente-abogado\/\">Accidentes por resbalones y ca\u00eddas<\/a>:<\/strong>\u00a0reclamaciones relativas a condiciones peligrosas de la propiedad<\/li>\n<li><a href=\"https:\/\/844spartan.com\/es\/areas-de-practica\/abogado-de-negligencias-medicas\/\"><strong>Negligencias m\u00e9dicas<\/strong><\/a><strong>:<\/strong>\u00a0casos en los que un profesional sanitario no cumpli\u00f3 las normas de asistencia<\/li>\n<li><strong><a href=\"https:\/\/844spartan.com\/es\/areas-de-practica\/abogado-de-muerte-por-negligencia\/\">Muerte por negligencia<\/a>:<\/strong>\u00a0demandas presentadas por la familia de una persona fallecida por negligencia ajena<\/li>\n<\/ul>\n<p>Este tipo de casos suelen implicar importantes riesgos financieros, por lo que los honorarios condicionales son una opci\u00f3n de pago pr\u00e1ctica y justa.<\/p>\n<h2>\u00bfCu\u00e1nto pagar\u00e1 en un acuerdo de honorarios condicionales?<\/h2>\n<p>El porcentaje que se lleva un abogado en un acuerdo de honorarios condicionales puede variar en funci\u00f3n del caso. Por ejemplo:<\/p>\n<ul>\n<li><strong>33%:<\/strong>\u00a0Esto es habitual en los casos que se resuelven antes de ir a juicio.<\/li>\n<li><strong>40% o superior:<\/strong>\u00a0Si su caso va a juicio o requiere un litigio extenso, el porcentaje puede aumentar debido al tiempo y esfuerzo a\u00f1adidos.<\/li>\n<\/ul>\n<p>Por ejemplo, si usted recibe una indemnizaci\u00f3n de $100.000 y los honorarios de su abogado son de 33%, ellos se llevar\u00edan $33.000, lo que le dejar\u00eda a usted con $67.000.<\/p>\n<h2>\u00bfQu\u00e9 ocurre si no gana el caso?<\/h2>\n<p>Uno de los mayores beneficios de un acuerdo de honorarios condicionales es que usted no debe a su abogado ning\u00fan honorario legal si no ganan su caso. Esto elimina el riesgo financiero de contratar a un abogado y le permite centrarse en su recuperaci\u00f3n sin preocuparse por los gastos de bolsillo.<\/p>\n<h2>Consulte hoy mismo a un abogado especialista en honorarios condicionales<\/h2>\n<p>Si ha sufrido lesiones y le preocupa el coste de contratar a un abogado, un acuerdo de honorarios condicionales podr\u00eda ser la soluci\u00f3n. Hable con un abogado con experiencia en lesiones personales para obtener m\u00e1s informaci\u00f3n sobre c\u00f3mo funciona esta estructura de pago y c\u00f3mo puede ayudarle a buscar justicia.<\/p>","protected":false},"excerpt":{"rendered":"<p>A\u00a0contingency fee is a payment structure commonly used in personal injury cases. It allows clients to hire a lawyer without paying any upfront costs. Instead, the attorney only gets paid if they successfully recover compensation for the client. This arrangement makes legal representation accessible for people who may not have the resources to pay out-of-pocket&hellip;<\/p>","protected":false},"author":5,"featured_media":0,"parent":624,"menu_order":0,"comment_status":"closed","ping_status":"closed","template":"","meta":{"_monsterinsights_skip_tracking":false,"_monsterinsights_sitenote_active":false,"_monsterinsights_sitenote_note":"","_monsterinsights_sitenote_category":0,"footnotes":""},"categories":[],"tags":[],"class_list":["post-634","page","type-page","status-publish","hentry","entry","no-media"],"aioseo_notices":[],"aioseo_head":"\n\t\t<!-- All in One SEO Pro 4.9.6.2 - aioseo.com -->\n\t<meta name=\"description\" content=\"Clear answers about legal costs. A personal injury lawyer explains contingency fees and what they may mean for your case. | 844-SPARTAN\" \/>\n\t<meta name=\"robots\" content=\"max-image-preview:large\" \/>\n\t<link rel=\"canonical\" href=\"https:\/\/844spartan.com\/es\/personal-injury-resources\/what-is-a-contingency-fee\/\" \/>\n\t<meta name=\"generator\" content=\"All in One SEO Pro (AIOSEO) 4.9.6.2\" \/>\n\t\t<meta property=\"og:locale\" content=\"es_ES\" \/>\n\t\t<meta property=\"og:site_name\" content=\"844-SPARTAN - 844-SPARTAN\" \/>\n\t\t<meta property=\"og:type\" content=\"article\" \/>\n\t\t<meta property=\"og:title\" content=\"Experienced Personal Injury Lawyer Fee Guide\" \/>\n\t\t<meta property=\"og:description\" content=\"Clear answers about legal costs. A personal injury lawyer explains contingency fees and what they may mean for your case. | 844-SPARTAN\" \/>\n\t\t<meta property=\"og:url\" content=\"https:\/\/844spartan.com\/es\/personal-injury-resources\/what-is-a-contingency-fee\/\" \/>\n\t\t<meta property=\"article:published_time\" content=\"2025-06-06T14:02:48+00:00\" \/>\n\t\t<meta property=\"article:modified_time\" content=\"2026-03-03T18:24:24+00:00\" \/>\n\t\t<meta name=\"twitter:card\" content=\"summary_large_image\" \/>\n\t\t<meta name=\"twitter:title\" content=\"Experienced Personal Injury Lawyer Fee Guide\" \/>\n\t\t<meta name=\"twitter:description\" content=\"Clear answers about legal costs. A personal injury lawyer explains contingency fees and what they may mean for your case. | 844-SPARTAN\" \/>\n\t\t<script type=\"application\/ld+json\" class=\"aioseo-schema\">\n\t\t\t{\"@context\":\"https:\\\/\\\/schema.org\",\"@graph\":[{\"@type\":\"BreadcrumbList\",\"@id\":\"https:\\\/\\\/844spartan.com\\\/es\\\/personal-injury-resources\\\/what-is-a-contingency-fee\\\/#breadcrumblist\",\"itemListElement\":[{\"@type\":\"ListItem\",\"@id\":\"https:\\\/\\\/844spartan.com\\\/es#listItem\",\"position\":1,\"name\":\"Home\",\"item\":\"https:\\\/\\\/844spartan.com\\\/es\",\"nextItem\":{\"@type\":\"ListItem\",\"@id\":\"https:\\\/\\\/844spartan.com\\\/es\\\/personal-injury-resources\\\/#listItem\",\"name\":\"Personal Injury Resources\"}},{\"@type\":\"ListItem\",\"@id\":\"https:\\\/\\\/844spartan.com\\\/es\\\/personal-injury-resources\\\/#listItem\",\"position\":2,\"name\":\"Personal Injury Resources\",\"item\":\"https:\\\/\\\/844spartan.com\\\/es\\\/personal-injury-resources\\\/\",\"nextItem\":{\"@type\":\"ListItem\",\"@id\":\"https:\\\/\\\/844spartan.com\\\/es\\\/personal-injury-resources\\\/what-is-a-contingency-fee\\\/#listItem\",\"name\":\"What is a Contingency Fee?\"},\"previousItem\":{\"@type\":\"ListItem\",\"@id\":\"https:\\\/\\\/844spartan.com\\\/es#listItem\",\"name\":\"Home\"}},{\"@type\":\"ListItem\",\"@id\":\"https:\\\/\\\/844spartan.com\\\/es\\\/personal-injury-resources\\\/what-is-a-contingency-fee\\\/#listItem\",\"position\":3,\"name\":\"What is a Contingency Fee?\",\"previousItem\":{\"@type\":\"ListItem\",\"@id\":\"https:\\\/\\\/844spartan.com\\\/es\\\/personal-injury-resources\\\/#listItem\",\"name\":\"Personal Injury Resources\"}}]},{\"@type\":\"Organization\",\"@id\":\"https:\\\/\\\/844spartan.com\\\/es\\\/#organization\",\"name\":\"Spartan Law Group\",\"description\":\"844-SPARTAN\",\"url\":\"https:\\\/\\\/844spartan.com\\\/es\\\/\",\"address\":{\"@id\":\"https:\\\/\\\/844spartan.com\\\/es\\\/#postaladdress\",\"@type\":\"PostalAddress\",\"streetAddress\":\"200 Sandy Springs Pl NE,\",\"postalCode\":\"30328\",\"addressLocality\":\"Sandy Springs\",\"addressRegion\":\"GA\",\"addressCountry\":\"US\"}},{\"@type\":\"WebPage\",\"@id\":\"https:\\\/\\\/844spartan.com\\\/es\\\/personal-injury-resources\\\/what-is-a-contingency-fee\\\/#webpage\",\"url\":\"https:\\\/\\\/844spartan.com\\\/es\\\/personal-injury-resources\\\/what-is-a-contingency-fee\\\/\",\"name\":\"Experienced Personal Injury Lawyer Fee Guide\",\"description\":\"Clear answers about legal costs. A personal injury lawyer explains contingency fees and what they may mean for your case. | 844-SPARTAN\",\"inLanguage\":\"es-ES\",\"isPartOf\":{\"@id\":\"https:\\\/\\\/844spartan.com\\\/es\\\/#website\"},\"breadcrumb\":{\"@id\":\"https:\\\/\\\/844spartan.com\\\/es\\\/personal-injury-resources\\\/what-is-a-contingency-fee\\\/#breadcrumblist\"},\"datePublished\":\"2025-06-06T14:02:48-04:00\",\"dateModified\":\"2026-03-03T18:24:24-04:00\"},{\"@type\":\"WebSite\",\"@id\":\"https:\\\/\\\/844spartan.com\\\/es\\\/#website\",\"url\":\"https:\\\/\\\/844spartan.com\\\/es\\\/\",\"name\":\"844-SPARTAN\",\"description\":\"844-SPARTAN\",\"inLanguage\":\"es-ES\",\"publisher\":{\"@id\":\"https:\\\/\\\/844spartan.com\\\/es\\\/#organization\"}}]}\n\t\t<\/script>\n\t\t<!-- All in One SEO Pro -->\r\n\t\t<title>Experienced Personal Injury Lawyer Fee Guide<\/title>\n\n","aioseo_head_json":{"title":"Gu\u00eda de honorarios de abogados expertos en lesiones personales","description":"Respuestas claras sobre los costes legales. Un abogado de lesiones personales explica los honorarios condicionales y lo que pueden significar para su caso. | 844-SPARTAN","canonical_url":"https:\/\/844spartan.com\/es\/personal-injury-resources\/what-is-a-contingency-fee\/","robots":"max-image-preview:large","keywords":"","webmasterTools":{"miscellaneous":""},"schema":{"@context":"https:\/\/schema.org","@graph":[{"@type":"BreadcrumbList","@id":"https:\/\/844spartan.com\/es\/personal-injury-resources\/what-is-a-contingency-fee\/#breadcrumblist","itemListElement":[{"@type":"ListItem","@id":"https:\/\/844spartan.com\/es#listItem","position":1,"name":"Home","item":"https:\/\/844spartan.com\/es","nextItem":{"@type":"ListItem","@id":"https:\/\/844spartan.com\/es\/personal-injury-resources\/#listItem","name":"Personal Injury Resources"}},{"@type":"ListItem","@id":"https:\/\/844spartan.com\/es\/personal-injury-resources\/#listItem","position":2,"name":"Personal Injury Resources","item":"https:\/\/844spartan.com\/es\/personal-injury-resources\/","nextItem":{"@type":"ListItem","@id":"https:\/\/844spartan.com\/es\/personal-injury-resources\/what-is-a-contingency-fee\/#listItem","name":"What is a Contingency Fee?"},"previousItem":{"@type":"ListItem","@id":"https:\/\/844spartan.com\/es#listItem","name":"Home"}},{"@type":"ListItem","@id":"https:\/\/844spartan.com\/es\/personal-injury-resources\/what-is-a-contingency-fee\/#listItem","position":3,"name":"What is a Contingency Fee?","previousItem":{"@type":"ListItem","@id":"https:\/\/844spartan.com\/es\/personal-injury-resources\/#listItem","name":"Personal Injury Resources"}}]},{"@type":"Organization","@id":"https:\/\/844spartan.com\/es\/#organization","name":"Spartan Law Group","description":"844-SPARTAN","url":"https:\/\/844spartan.com\/es\/","address":{"@id":"https:\/\/844spartan.com\/es\/#postaladdress","@type":"PostalAddress","streetAddress":"200 Sandy Springs Pl NE,","postalCode":"30328","addressLocality":"Sandy Springs","addressRegion":"GA","addressCountry":"US"}},{"@type":"WebPage","@id":"https:\/\/844spartan.com\/es\/personal-injury-resources\/what-is-a-contingency-fee\/#webpage","url":"https:\/\/844spartan.com\/es\/personal-injury-resources\/what-is-a-contingency-fee\/","name":"Experienced Personal Injury Lawyer Fee Guide","description":"Clear answers about legal costs. A personal injury lawyer explains contingency fees and what they may mean for your case. | 844-SPARTAN","inLanguage":"es-ES","isPartOf":{"@id":"https:\/\/844spartan.com\/es\/#website"},"breadcrumb":{"@id":"https:\/\/844spartan.com\/es\/personal-injury-resources\/what-is-a-contingency-fee\/#breadcrumblist"},"datePublished":"2025-06-06T14:02:48-04:00","dateModified":"2026-03-03T18:24:24-04:00"},{"@type":"WebSite","@id":"https:\/\/844spartan.com\/es\/#website","url":"https:\/\/844spartan.com\/es\/","name":"844-SPARTAN","description":"844-SPARTAN","inLanguage":"es-ES","publisher":{"@id":"https:\/\/844spartan.com\/es\/#organization"}}]},"og:locale":"es_ES","og:site_name":"844-SPARTAN - 844-SPARTAN","og:type":"article","og:title":"Experienced Personal Injury Lawyer Fee Guide","og:description":"Clear answers about legal costs. A personal injury lawyer explains contingency fees and what they may mean for your case. | 844-SPARTAN","og:url":"https:\/\/844spartan.com\/es\/personal-injury-resources\/what-is-a-contingency-fee\/","article:published_time":"2025-06-06T14:02:48+00:00","article:modified_time":"2026-03-03T18:24:24+00:00","twitter:card":"summary_large_image","twitter:title":"Experienced Personal Injury Lawyer Fee Guide","twitter:description":"Clear answers about legal costs. A personal injury lawyer explains contingency fees and what they may mean for your case. | 844-SPARTAN"},"aioseo_meta_data":{"post_id":"634","title":"Gu\u00eda de honorarios de abogados expertos en lesiones personales","description":"Respuestas claras sobre los costes legales. Un abogado de lesiones personales explica los honorarios condicionales y lo que pueden significar para su caso. | 844-SPARTAN","keywords":null,"keyphrases":{"focus":{"keyphrase":"","score":0,"analysis":{"keyphraseInTitle":{"score":0,"maxScore":9,"error":1}}},"additional":[]},"primary_term":null,"canonical_url":null,"og_title":null,"og_description":null,"og_object_type":"default","og_image_type":"default","og_image_url":null,"og_image_width":null,"og_image_height":null,"og_image_custom_url":null,"og_image_custom_fields":null,"og_video":"","og_custom_url":null,"og_article_section":null,"og_article_tags":null,"twitter_use_og":false,"twitter_card":"default","twitter_image_type":"default","twitter_image_url":null,"twitter_image_custom_url":null,"twitter_image_custom_fields":null,"twitter_title":null,"twitter_description":null,"schema":{"blockGraphs":[],"customGraphs":[],"default":{"data":{"Article":[],"Course":[],"Dataset":[],"FAQPage":[],"Movie":[],"Person":[],"Product":[],"ProductReview":[],"Car":[],"Recipe":[],"Service":[],"SoftwareApplication":[],"WebPage":[]},"graphName":"WebPage","isEnabled":true},"graphs":[]},"schema_type":"default","schema_type_options":null,"pillar_content":false,"robots_default":true,"robots_noindex":false,"robots_noarchive":false,"robots_nosnippet":false,"robots_nofollow":false,"robots_noimageindex":false,"robots_noodp":false,"robots_notranslate":false,"robots_max_snippet":"-1","robots_max_videopreview":"-1","robots_max_imagepreview":"large","priority":null,"frequency":"default","local_seo":null,"seo_analyzer_scan_date":"2026-03-03 18:29:48","breadcrumb_settings":null,"limit_modified_date":false,"open_ai":null,"ai":{"faqs":[],"keyPoints":[],"titles":[],"descriptions":[],"socialPosts":{"email":[],"linkedin":[],"twitter":[],"facebook":[],"instagram":[]}},"created":"2025-06-20 09:59:35","updated":"2026-03-03 18:54:59"},"aioseo_breadcrumb":"<div class=\"aioseo-breadcrumbs\"><span class=\"aioseo-breadcrumb\">\n\t<a href=\"https:\/\/844spartan.com\/es\" title=\"Home\">Home<\/a>\n<\/span><span class=\"aioseo-breadcrumb-separator\">&raquo;<\/span><span class=\"aioseo-breadcrumb\">\n\t<a href=\"https:\/\/844spartan.com\/es\/personal-injury-resources\/\" title=\"Personal Injury Resources\">Personal Injury Resources<\/a>\n<\/span><span class=\"aioseo-breadcrumb-separator\">&raquo;<\/span><span class=\"aioseo-breadcrumb\">\n\tWhat is a Contingency Fee?\n<\/span><\/div>","aioseo_breadcrumb_json":[{"label":"Home","link":"https:\/\/844spartan.com\/es"},{"label":"Personal Injury Resources","link":"https:\/\/844spartan.com\/es\/personal-injury-resources\/"},{"label":"What is a Contingency Fee?","link":"https:\/\/844spartan.com\/es\/personal-injury-resources\/what-is-a-contingency-fee\/"}],"_links":{"self":[{"href":"https:\/\/844spartan.com\/es\/wp-json\/wp\/v2\/pages\/634","targetHints":{"allow":["GET"]}}],"collection":[{"href":"https:\/\/844spartan.com\/es\/wp-json\/wp\/v2\/pages"}],"about":[{"href":"https:\/\/844spartan.com\/es\/wp-json\/wp\/v2\/types\/page"}],"author":[{"embeddable":true,"href":"https:\/\/844spartan.com\/es\/wp-json\/wp\/v2\/users\/5"}],"replies":[{"embeddable":true,"href":"https:\/\/844spartan.com\/es\/wp-json\/wp\/v2\/comments?post=634"}],"version-history":[{"count":0,"href":"https:\/\/844spartan.com\/es\/wp-json\/wp\/v2\/pages\/634\/revisions"}],"up":[{"embeddable":true,"href":"https:\/\/844spartan.com\/es\/wp-json\/wp\/v2\/pages\/624"}],"wp:attachment":[{"href":"https:\/\/844spartan.com\/es\/wp-json\/wp\/v2\/media?parent=634"}],"wp:term":[{"taxonomy":"category","embeddable":true,"href":"https:\/\/844spartan.com\/es\/wp-json\/wp\/v2\/categories?post=634"},{"taxonomy":"post_tag","embeddable":true,"href":"https:\/\/844spartan.com\/es\/wp-json\/wp\/v2\/tags?post=634"}],"curies":[{"name":"wp","href":"https:\/\/api.w.org\/{rel}","templated":true}]}}