{"id":636,"date":"2025-06-06T14:02:55","date_gmt":"2025-06-06T14:02:55","guid":{"rendered":"https:\/\/spartanlawgroup.com\/?page_id=636"},"modified":"2025-09-17T15:35:57","modified_gmt":"2025-09-17T15:35:57","slug":"que-es-la-negligencia","status":"publish","type":"page","link":"https:\/\/844spartan.com\/es\/personal-injury-resources\/what-is-negligence\/","title":{"rendered":"\u00bfQu\u00e9 es la negligencia?"},"content":{"rendered":"<p><img loading=\"lazy\" decoding=\"async\" class=\"alignnone wp-image-664 size-full\" src=\"https:\/\/844spartan.com\/wp-content\/uploads\/2025\/06\/What-is-Negligence-768x510-1.jpg\" alt=\"\" width=\"768\" height=\"510\" srcset=\"https:\/\/844spartan.com\/wp-content\/uploads\/2025\/06\/What-is-Negligence-768x510-1.jpg 768w, https:\/\/844spartan.com\/wp-content\/uploads\/2025\/06\/What-is-Negligence-768x510-1-300x199.jpg 300w\" sizes=\"auto, (max-width: 768px) 100vw, 768px\" \/><\/p>\n<p>La negligencia es un t\u00e9rmino jur\u00eddico que se utiliza a menudo en los casos de lesiones personales para describir cuando alguien no act\u00faa con cuidado razonable, lo que lleva al da\u00f1o de otra persona. Es clave para determinar qui\u00e9n tiene la culpa en accidentes y lesiones. Entender la negligencia puede ayudarle a reconocer sus derechos y si puede tener derecho a una indemnizaci\u00f3n. Este art\u00edculo explica qu\u00e9 es la negligencia, los elementos necesarios para probarla y c\u00f3mo se aplica en los casos de lesiones personales.<\/p>\n<h2>Comprender la negligencia<\/h2>\n<p><a href=\"https:\/\/www.law.cornell.edu\/wex\/negligence\">Negligencia<\/a>\u00a0se produce cuando alguien no ejerce el mismo nivel de cuidado que tendr\u00eda una \u201cpersona razonable\u201d en las mismas circunstancias. Por ejemplo, si un conductor se salta un sem\u00e1foro en rojo y provoca un accidente, su incumplimiento de las normas de tr\u00e1fico puede considerarse negligencia.<\/p>\n<p>La ley reconoce que las personas tienen el deber de actuar de forma que no pongan en peligro a los dem\u00e1s. Quien incumple este deber puede ser considerado responsable de cualquier da\u00f1o que cause.<\/p>\n<h2>Los elementos de la negligencia<\/h2>\n<p>Para demostrar la negligencia en un caso de lesiones personales, deben establecerse cuatro elementos clave:<\/p>\n<h3>Deber de diligencia<\/h3>\n<p>El primer paso es demostrar que el demandado ten\u00eda con el demandante un deber de diligencia. Esto significa que el demandado ten\u00eda la responsabilidad legal de actuar de forma que evitara el da\u00f1o. Por ejemplo:<\/p>\n<ul>\n<li>Los conductores tienen el deber de conducir con seguridad.<\/li>\n<li>Los propietarios tienen la obligaci\u00f3n de mantener la seguridad de los visitantes.<\/li>\n<li>Los m\u00e9dicos deben a los pacientes la obligaci\u00f3n de prestarles una atenci\u00f3n m\u00e9dica competente.<\/li>\n<\/ul>\n<p>El contexto y la relaci\u00f3n entre las partes determinan el deber de diligencia.<\/p>\n<h3>Incumplimiento del deber<\/h3>\n<p>Una vez establecido el deber de diligencia, el demandante debe demostrar que el demandado incumpli\u00f3 dicho deber. Algunos ejemplos son:<\/p>\n<ul>\n<li>Enviar mensajes de texto al conducir<\/li>\n<li>No reparar un peligro conocido en una propiedad<\/li>\n<li>Diagn\u00f3stico err\u00f3neo de una enfermedad por falta de atenci\u00f3n<\/li>\n<\/ul>\n<p>Se produce una infracci\u00f3n cuando alguien no act\u00faa como lo har\u00eda una persona razonable en circunstancias similares.<\/p>\n<h3>Causalidad<\/h3>\n<p>La causalidad suele dividirse en dos tipos: \u201ccausa de hecho\u201d (la causa directa de la lesi\u00f3n) y \u201ccausa pr\u00f3xima\u201d (si el da\u00f1o era un resultado previsible de las acciones del demandado). La conducta del demandado debe ser tanto la causa de hecho como la causa pr\u00f3xima de las lesiones del demandante para que se pueda considerar negligencia. Por ejemplo, si un conductor distra\u00eddo choca contra otro coche, es responsable de causar el accidente.<\/p>\n<h3>Da\u00f1os y perjuicios<\/h3>\n<p>Por \u00faltimo, el demandante debe demostrar que ha sufrido da\u00f1os y perjuicios, como lesiones f\u00edsicas, facturas m\u00e9dicas, p\u00e9rdida de salarios o angustia emocional, a causa de las acciones del demandado. Sin da\u00f1os, no hay base para una demanda por negligencia.<\/p>\n<h2>C\u00f3mo se aplica la negligencia en los casos de lesiones personales<\/h2>\n<p>La negligencia es la base de muchos casos de lesiones personales, entre ellos:<\/p>\n<ul>\n<li><a href=\"https:\/\/844spartan.com\/es\/areas-de-practica\/abogado-de-accidente-de-coche\/\"><strong>Accidentes de tr\u00e1fico<\/strong><\/a>: Los conductores que no respetan las leyes de tr\u00e1fico, conducen bajo los efectos del alcohol o act\u00faan de forma imprudente pueden ser considerados responsables de accidentes.<\/li>\n<li><a href=\"https:\/\/844spartan.com\/es\/areas-de-practica\/resbalon-caida-accidente-abogado\/\"><strong>Accidentes por resbalones y ca\u00eddas<\/strong><\/a>: Los propietarios que no reparan peligros como suelos mojados o escaleras rotas pueden ser declarados negligentes.<\/li>\n<li><a href=\"https:\/\/844spartan.com\/es\/areas-de-practica\/abogado-de-negligencias-medicas\/\"><strong>Negligencias m\u00e9dicas<\/strong><\/a>: Los profesionales sanitarios que no cumplan las normas de asistencia, como cometer un error durante una intervenci\u00f3n quir\u00fargica, pueden ser considerados responsables de los da\u00f1os causados a los pacientes.<\/li>\n<li><a href=\"https:\/\/844spartan.com\/es\/areas-de-practica\/abogado-de-responsabilidad-por-productos-defectuosos\/\"><strong>Responsabilidad por productos defectuosos<\/strong><\/a>: Las empresas que fabrican productos inseguros pueden ser consideradas responsables si su negligencia provoca lesiones.<\/li>\n<\/ul>\n<p>Georgia sigue un\u00a0<a href=\"https:\/\/law.justia.com\/codes\/georgia\/title-51\/chapter-12\/article-2\/section-51-12-33\/\">norma de negligencia comparativa modificada<\/a>. Esto significa que si tienes parte de culpa en un accidente, puedes recibir una indemnizaci\u00f3n, pero se reducir\u00e1 en funci\u00f3n de tu porcentaje de culpa. Sin embargo, si tienes 50% o m\u00e1s de culpa, no puedes cobrar indemnizaci\u00f3n alguna.<\/p>\n<h2>Probar la negligencia: Las pruebas importan<\/h2>\n<p>Para demostrar una negligencia es esencial disponer de pruebas s\u00f3lidas. Algunos ejemplos de pruebas \u00fatiles son:<\/p>\n<ul>\n<li>Informes policiales en casos de accidente de tr\u00e1fico<\/li>\n<li>Fotos o v\u00eddeos de propiedades en condiciones inseguras<\/li>\n<li>Peritaje en casos de negligencia m\u00e9dica<\/li>\n<li>Declaraciones de testigos que describan las acciones del acusado<\/li>\n<\/ul>\n<p>La recopilaci\u00f3n y conservaci\u00f3n de pruebas en una fase temprana de su caso puede reforzar su reclamaci\u00f3n y mejorar sus posibilidades de obtener una indemnizaci\u00f3n.<\/p>\n<h2>Por qu\u00e9 es importante entender la negligencia<\/h2>\n<p>La negligencia no es s\u00f3lo un concepto jur\u00eddico: es una forma de responsabilizar a las personas cuando su descuido causa da\u00f1os. Si has sufrido lesiones por culpa de otra persona, entender la negligencia puede ayudarte a reconocer si tienes una reclamaci\u00f3n de indemnizaci\u00f3n v\u00e1lida.<\/p>\n<p>Los casos de lesiones personales suelen ser complejos, pero contar con un abogado con experiencia puede marcar la diferencia. Ellos pueden ayudarle a navegar por el sistema legal, reunir pruebas, y luchar por la justicia y la compensaci\u00f3n que se merece.<\/p>\n<p>Si usted cree que la negligencia de otra persona caus\u00f3 su lesi\u00f3n, es importante hablar con un abogado con experiencia en lesiones personales en\u00a0<a href=\"https:\/\/844spartan.com\/es\/acerca-de\/\">844-SPARTAN<\/a>. Podemos explicarle sus opciones legales y ayudarle a presentar una reclamaci\u00f3n por da\u00f1os y perjuicios. Entender sus derechos es el primer paso para recuperarse y seguir adelante.\u00a0<a href=\"\/es\/contacto\/\">P\u00f3ngase en contacto con<\/a>\u00a0en\u00a0<a href=\"tel:+18447727826\">(844) 772-7826<\/a>.<\/p>","protected":false},"excerpt":{"rendered":"<p>Negligence is a legal term often used in personal injury cases to describe when someone fails to act with reasonable care, leading to another person\u2019s harm. It\u2019s key in determining who is at fault in accidents and injuries. Understanding negligence can help you recognize your rights and whether you may be entitled to compensation. This&hellip;<\/p>","protected":false},"author":5,"featured_media":0,"parent":624,"menu_order":0,"comment_status":"closed","ping_status":"closed","template":"","meta":{"_monsterinsights_skip_tracking":false,"_monsterinsights_sitenote_active":false,"_monsterinsights_sitenote_note":"","_monsterinsights_sitenote_category":0,"footnotes":""},"categories":[],"tags":[],"class_list":["post-636","page","type-page","status-publish","hentry","entry","no-media"],"aioseo_notices":[],"aioseo_head":"\n\t\t<!-- All in One SEO Pro 4.9.6.2 - aioseo.com -->\n\t<meta name=\"description\" content=\"Trusted legal guide explaining negligence in personal injury cases. Learn your rights today. Call for a consultation.\" \/>\n\t<meta name=\"robots\" content=\"max-image-preview:large\" \/>\n\t<link rel=\"canonical\" href=\"https:\/\/844spartan.com\/es\/personal-injury-resources\/what-is-negligence\/\" \/>\n\t<meta name=\"generator\" content=\"All in One SEO Pro (AIOSEO) 4.9.6.2\" \/>\n\t\t<meta property=\"og:locale\" content=\"es_ES\" \/>\n\t\t<meta property=\"og:site_name\" content=\"844-SPARTAN - 844-SPARTAN\" \/>\n\t\t<meta property=\"og:type\" content=\"article\" \/>\n\t\t<meta property=\"og:title\" content=\"What Is Negligence in Injury Law\" \/>\n\t\t<meta property=\"og:description\" content=\"Trusted legal guide explaining negligence in personal injury cases. Learn your rights today. Call for a consultation.\" \/>\n\t\t<meta property=\"og:url\" content=\"https:\/\/844spartan.com\/es\/personal-injury-resources\/what-is-negligence\/\" \/>\n\t\t<meta property=\"article:published_time\" content=\"2025-06-06T14:02:55+00:00\" \/>\n\t\t<meta property=\"article:modified_time\" content=\"2025-09-17T15:35:57+00:00\" \/>\n\t\t<meta name=\"twitter:card\" content=\"summary_large_image\" \/>\n\t\t<meta name=\"twitter:title\" content=\"What Is Negligence in Injury Law\" \/>\n\t\t<meta name=\"twitter:description\" content=\"Trusted legal guide explaining negligence in personal injury cases. Learn your rights today. Call for a consultation.\" \/>\n\t\t<script type=\"application\/ld+json\" class=\"aioseo-schema\">\n\t\t\t{\"@context\":\"https:\\\/\\\/schema.org\",\"@graph\":[{\"@type\":\"BreadcrumbList\",\"@id\":\"https:\\\/\\\/844spartan.com\\\/es\\\/personal-injury-resources\\\/what-is-negligence\\\/#breadcrumblist\",\"itemListElement\":[{\"@type\":\"ListItem\",\"@id\":\"https:\\\/\\\/844spartan.com\\\/es#listItem\",\"position\":1,\"name\":\"Home\",\"item\":\"https:\\\/\\\/844spartan.com\\\/es\",\"nextItem\":{\"@type\":\"ListItem\",\"@id\":\"https:\\\/\\\/844spartan.com\\\/es\\\/personal-injury-resources\\\/#listItem\",\"name\":\"Personal Injury Resources\"}},{\"@type\":\"ListItem\",\"@id\":\"https:\\\/\\\/844spartan.com\\\/es\\\/personal-injury-resources\\\/#listItem\",\"position\":2,\"name\":\"Personal Injury Resources\",\"item\":\"https:\\\/\\\/844spartan.com\\\/es\\\/personal-injury-resources\\\/\",\"nextItem\":{\"@type\":\"ListItem\",\"@id\":\"https:\\\/\\\/844spartan.com\\\/es\\\/personal-injury-resources\\\/what-is-negligence\\\/#listItem\",\"name\":\"What is Negligence?\"},\"previousItem\":{\"@type\":\"ListItem\",\"@id\":\"https:\\\/\\\/844spartan.com\\\/es#listItem\",\"name\":\"Home\"}},{\"@type\":\"ListItem\",\"@id\":\"https:\\\/\\\/844spartan.com\\\/es\\\/personal-injury-resources\\\/what-is-negligence\\\/#listItem\",\"position\":3,\"name\":\"What is Negligence?\",\"previousItem\":{\"@type\":\"ListItem\",\"@id\":\"https:\\\/\\\/844spartan.com\\\/es\\\/personal-injury-resources\\\/#listItem\",\"name\":\"Personal Injury Resources\"}}]},{\"@type\":\"Organization\",\"@id\":\"https:\\\/\\\/844spartan.com\\\/es\\\/#organization\",\"name\":\"Spartan Law Group\",\"description\":\"844-SPARTAN\",\"url\":\"https:\\\/\\\/844spartan.com\\\/es\\\/\",\"address\":{\"@id\":\"https:\\\/\\\/844spartan.com\\\/es\\\/#postaladdress\",\"@type\":\"PostalAddress\",\"streetAddress\":\"200 Sandy Springs Pl NE,\",\"postalCode\":\"30328\",\"addressLocality\":\"Sandy Springs\",\"addressRegion\":\"GA\",\"addressCountry\":\"US\"}},{\"@type\":\"WebPage\",\"@id\":\"https:\\\/\\\/844spartan.com\\\/es\\\/personal-injury-resources\\\/what-is-negligence\\\/#webpage\",\"url\":\"https:\\\/\\\/844spartan.com\\\/es\\\/personal-injury-resources\\\/what-is-negligence\\\/\",\"name\":\"What Is Negligence in Injury Law\",\"description\":\"Trusted legal guide explaining negligence in personal injury cases. Learn your rights today. Call for a consultation.\",\"inLanguage\":\"es-ES\",\"isPartOf\":{\"@id\":\"https:\\\/\\\/844spartan.com\\\/es\\\/#website\"},\"breadcrumb\":{\"@id\":\"https:\\\/\\\/844spartan.com\\\/es\\\/personal-injury-resources\\\/what-is-negligence\\\/#breadcrumblist\"},\"datePublished\":\"2025-06-06T14:02:55-04:00\",\"dateModified\":\"2025-09-17T15:35:57-04:00\"},{\"@type\":\"WebSite\",\"@id\":\"https:\\\/\\\/844spartan.com\\\/es\\\/#website\",\"url\":\"https:\\\/\\\/844spartan.com\\\/es\\\/\",\"name\":\"844-SPARTAN\",\"description\":\"844-SPARTAN\",\"inLanguage\":\"es-ES\",\"publisher\":{\"@id\":\"https:\\\/\\\/844spartan.com\\\/es\\\/#organization\"}}]}\n\t\t<\/script>\n\t\t<!-- All in One SEO Pro -->\r\n\t\t<title>What Is Negligence in Injury Law<\/title>\n\n","aioseo_head_json":{"title":"\u00bfQu\u00e9 es la negligencia en el Derecho de da\u00f1os?","description":"Gu\u00eda legal de confianza que explica la negligencia en casos de lesiones personales. Conozca sus derechos hoy mismo. Llame para una consulta.","canonical_url":"https:\/\/844spartan.com\/es\/personal-injury-resources\/what-is-negligence\/","robots":"max-image-preview:large","keywords":"","webmasterTools":{"miscellaneous":""},"schema":{"@context":"https:\/\/schema.org","@graph":[{"@type":"BreadcrumbList","@id":"https:\/\/844spartan.com\/es\/personal-injury-resources\/what-is-negligence\/#breadcrumblist","itemListElement":[{"@type":"ListItem","@id":"https:\/\/844spartan.com\/es#listItem","position":1,"name":"Home","item":"https:\/\/844spartan.com\/es","nextItem":{"@type":"ListItem","@id":"https:\/\/844spartan.com\/es\/personal-injury-resources\/#listItem","name":"Personal Injury Resources"}},{"@type":"ListItem","@id":"https:\/\/844spartan.com\/es\/personal-injury-resources\/#listItem","position":2,"name":"Personal Injury Resources","item":"https:\/\/844spartan.com\/es\/personal-injury-resources\/","nextItem":{"@type":"ListItem","@id":"https:\/\/844spartan.com\/es\/personal-injury-resources\/what-is-negligence\/#listItem","name":"What is Negligence?"},"previousItem":{"@type":"ListItem","@id":"https:\/\/844spartan.com\/es#listItem","name":"Home"}},{"@type":"ListItem","@id":"https:\/\/844spartan.com\/es\/personal-injury-resources\/what-is-negligence\/#listItem","position":3,"name":"What is Negligence?","previousItem":{"@type":"ListItem","@id":"https:\/\/844spartan.com\/es\/personal-injury-resources\/#listItem","name":"Personal Injury Resources"}}]},{"@type":"Organization","@id":"https:\/\/844spartan.com\/es\/#organization","name":"Spartan Law Group","description":"844-SPARTAN","url":"https:\/\/844spartan.com\/es\/","address":{"@id":"https:\/\/844spartan.com\/es\/#postaladdress","@type":"PostalAddress","streetAddress":"200 Sandy Springs Pl NE,","postalCode":"30328","addressLocality":"Sandy Springs","addressRegion":"GA","addressCountry":"US"}},{"@type":"WebPage","@id":"https:\/\/844spartan.com\/es\/personal-injury-resources\/what-is-negligence\/#webpage","url":"https:\/\/844spartan.com\/es\/personal-injury-resources\/what-is-negligence\/","name":"What Is Negligence in Injury Law","description":"Trusted legal guide explaining negligence in personal injury cases. Learn your rights today. Call for a consultation.","inLanguage":"es-ES","isPartOf":{"@id":"https:\/\/844spartan.com\/es\/#website"},"breadcrumb":{"@id":"https:\/\/844spartan.com\/es\/personal-injury-resources\/what-is-negligence\/#breadcrumblist"},"datePublished":"2025-06-06T14:02:55-04:00","dateModified":"2025-09-17T15:35:57-04:00"},{"@type":"WebSite","@id":"https:\/\/844spartan.com\/es\/#website","url":"https:\/\/844spartan.com\/es\/","name":"844-SPARTAN","description":"844-SPARTAN","inLanguage":"es-ES","publisher":{"@id":"https:\/\/844spartan.com\/es\/#organization"}}]},"og:locale":"es_ES","og:site_name":"844-SPARTAN - 844-SPARTAN","og:type":"article","og:title":"What Is Negligence in Injury Law","og:description":"Trusted legal guide explaining negligence in personal injury cases. Learn your rights today. Call for a consultation.","og:url":"https:\/\/844spartan.com\/es\/personal-injury-resources\/what-is-negligence\/","article:published_time":"2025-06-06T14:02:55+00:00","article:modified_time":"2025-09-17T15:35:57+00:00","twitter:card":"summary_large_image","twitter:title":"What Is Negligence in Injury Law","twitter:description":"Trusted legal guide explaining negligence in personal injury cases. Learn your rights today. Call for a consultation."},"aioseo_meta_data":{"post_id":"636","title":"\u00bfQu\u00e9 es la negligencia en el Derecho de da\u00f1os?","description":"Gu\u00eda legal de confianza que explica la negligencia en casos de lesiones personales. Conozca sus derechos hoy mismo. Llame para una consulta.","keywords":null,"keyphrases":{"focus":{"keyphrase":"Negligence","score":82,"analysis":{"keyphraseInTitle":{"score":9,"maxScore":9,"error":0},"keyphraseInDescription":{"score":9,"maxScore":9,"error":0},"keyphraseLength":{"score":9,"maxScore":9,"error":0,"length":1},"keyphraseInURL":{"score":5,"maxScore":5,"error":0},"keyphraseInIntroduction":{"score":3,"maxScore":9,"error":1},"keyphraseInSubHeadings":{"score":9,"maxScore":9,"error":0},"keyphraseInImageAlt":{"score":3,"maxScore":9,"error":1},"keywordDensity":{"type":"best","score":9,"maxScore":9,"error":0}}},"additional":[]},"primary_term":null,"canonical_url":null,"og_title":null,"og_description":null,"og_object_type":"default","og_image_type":"default","og_image_url":null,"og_image_width":null,"og_image_height":null,"og_image_custom_url":null,"og_image_custom_fields":null,"og_video":"","og_custom_url":null,"og_article_section":null,"og_article_tags":null,"twitter_use_og":false,"twitter_card":"default","twitter_image_type":"default","twitter_image_url":null,"twitter_image_custom_url":null,"twitter_image_custom_fields":null,"twitter_title":null,"twitter_description":null,"schema":{"blockGraphs":[],"customGraphs":[],"default":{"data":{"Article":[],"Course":[],"Dataset":[],"FAQPage":[],"Movie":[],"Person":[],"Product":[],"ProductReview":[],"Car":[],"Recipe":[],"Service":[],"SoftwareApplication":[],"WebPage":[]},"graphName":"WebPage","isEnabled":true},"graphs":[]},"schema_type":"default","schema_type_options":null,"pillar_content":false,"robots_default":true,"robots_noindex":false,"robots_noarchive":false,"robots_nosnippet":false,"robots_nofollow":false,"robots_noimageindex":false,"robots_noodp":false,"robots_notranslate":false,"robots_max_snippet":"-1","robots_max_videopreview":"-1","robots_max_imagepreview":"large","priority":null,"frequency":"default","local_seo":null,"seo_analyzer_scan_date":"2025-09-17 15:35:58","breadcrumb_settings":null,"limit_modified_date":false,"open_ai":null,"ai":{"faqs":[],"keyPoints":[],"titles":[],"descriptions":[],"socialPosts":{"email":[],"linkedin":[],"twitter":[],"facebook":[],"instagram":[]}},"created":"2025-06-20 09:59:35","updated":"2025-10-21 22:23:53"},"aioseo_breadcrumb":"<div class=\"aioseo-breadcrumbs\"><span class=\"aioseo-breadcrumb\">\n\t<a href=\"https:\/\/844spartan.com\/es\" title=\"Home\">Home<\/a>\n<\/span><span class=\"aioseo-breadcrumb-separator\">&raquo;<\/span><span class=\"aioseo-breadcrumb\">\n\t<a href=\"https:\/\/844spartan.com\/es\/personal-injury-resources\/\" title=\"Personal Injury Resources\">Personal Injury Resources<\/a>\n<\/span><span class=\"aioseo-breadcrumb-separator\">&raquo;<\/span><span class=\"aioseo-breadcrumb\">\n\tWhat is Negligence?\n<\/span><\/div>","aioseo_breadcrumb_json":[{"label":"Home","link":"https:\/\/844spartan.com\/es"},{"label":"Personal Injury Resources","link":"https:\/\/844spartan.com\/es\/personal-injury-resources\/"},{"label":"What is Negligence?","link":"https:\/\/844spartan.com\/es\/personal-injury-resources\/what-is-negligence\/"}],"_links":{"self":[{"href":"https:\/\/844spartan.com\/es\/wp-json\/wp\/v2\/pages\/636","targetHints":{"allow":["GET"]}}],"collection":[{"href":"https:\/\/844spartan.com\/es\/wp-json\/wp\/v2\/pages"}],"about":[{"href":"https:\/\/844spartan.com\/es\/wp-json\/wp\/v2\/types\/page"}],"author":[{"embeddable":true,"href":"https:\/\/844spartan.com\/es\/wp-json\/wp\/v2\/users\/5"}],"replies":[{"embeddable":true,"href":"https:\/\/844spartan.com\/es\/wp-json\/wp\/v2\/comments?post=636"}],"version-history":[{"count":0,"href":"https:\/\/844spartan.com\/es\/wp-json\/wp\/v2\/pages\/636\/revisions"}],"up":[{"embeddable":true,"href":"https:\/\/844spartan.com\/es\/wp-json\/wp\/v2\/pages\/624"}],"wp:attachment":[{"href":"https:\/\/844spartan.com\/es\/wp-json\/wp\/v2\/media?parent=636"}],"wp:term":[{"taxonomy":"category","embeddable":true,"href":"https:\/\/844spartan.com\/es\/wp-json\/wp\/v2\/categories?post=636"},{"taxonomy":"post_tag","embeddable":true,"href":"https:\/\/844spartan.com\/es\/wp-json\/wp\/v2\/tags?post=636"}],"curies":[{"name":"wp","href":"https:\/\/api.w.org\/{rel}","templated":true}]}}