{"id":695,"date":"2025-06-10T13:05:16","date_gmt":"2025-06-10T13:05:16","guid":{"rendered":"https:\/\/spartanlawgroup.com\/?page_id=695"},"modified":"2026-03-03T18:12:29","modified_gmt":"2026-03-03T18:12:29","slug":"abogado-lesiones-airbag","status":"publish","type":"page","link":"https:\/\/844spartan.com\/es\/practice-areas\/car-accident-lawyer\/airbag-injury-lawyer\/","title":{"rendered":"Abogado de lesiones por airbag"},"content":{"rendered":"<p>\u00bfSufri\u00f3 usted o un miembro de su familia lesiones por airbag en un accidente de coche en Atlanta, GA? Si es as\u00ed, usted podr\u00eda tener derecho a una indemnizaci\u00f3n por esas lesiones. Dependiendo de las circunstancias, un tercero puede compartir la responsabilidad de sus lesiones. Un abogado de accidentes de coche puede investigar el caso para determinar sus opciones legales.<\/p>\n<p>En\u00a0<a href=\"\/es\/acerca-de\/\">Spartan Accidentes de Coche y Lesiones Personales Abogados<\/a>, Nuestros abogados tienen m\u00e1s de 75 a\u00f1os de experiencia combinada ayudando a v\u00edctimas de lesiones. Hemos ganado m\u00e1s de $250 millones para nuestros clientes en veredictos del jurado y los asentamientos.<\/p>\n<p><a href=\"\/es\/contacto\/\">P\u00f3ngase en contacto con<\/a>\u00a0Spartan Car Accident &amp; Personal Injury Lawyers para programar una consulta gratuita en\u00a0<a href=\"tel:+18447727826\">(844) 772-7826<\/a>\u00a0con uno de nuestros\u00a0<a href=\"https:\/\/844spartan.com\/es\/areas-de-practica\/abogado-de-accidente-de-coche\/\">abogados de accidentes de coche<\/a>.<\/p>\n<h2>C\u00f3mo Nuestros Abogados de Lesiones Personales de Atlanta le Ayudan a Buscar Compensaci\u00f3n por una Lesi\u00f3n de Airbag<\/h2>\n<p><img loading=\"lazy\" decoding=\"async\" class=\"alignnone size-medium wp-image-696\" src=\"https:\/\/844spartan.com\/wp-content\/uploads\/2025\/06\/How-Our-Atlanta-Personal-Injury-Lawyers-Help-You-Seek-Compensation-for-an-Airbag-Injury-768x512-1-300x200.jpg\" alt=\"Lesiones por airbag\" width=\"300\" height=\"200\" srcset=\"https:\/\/844spartan.com\/wp-content\/uploads\/2025\/06\/How-Our-Atlanta-Personal-Injury-Lawyers-Help-You-Seek-Compensation-for-an-Airbag-Injury-768x512-1-300x200.jpg 300w, https:\/\/844spartan.com\/wp-content\/uploads\/2025\/06\/How-Our-Atlanta-Personal-Injury-Lawyers-Help-You-Seek-Compensation-for-an-Airbag-Injury-768x512-1.jpg 768w\" sizes=\"auto, (max-width: 300px) 100vw, 300px\" \/><\/p>\n<p><a href=\"https:\/\/www.iihs.org\/topics\/airbags\">Airbags frontales y laterales<\/a>\u00a0han demostrado su eficacia para reducir las lesiones y salvar vidas en accidentes de tr\u00e1fico. Seg\u00fan\u00a0<a href=\"https:\/\/844spartan.com\/es\/areas-de-practica\/abogado-de-accidente-de-coche\/estadisticas-de-accidentes-de-trafico\/\">estad\u00edsticas<\/a>, En los \u00faltimos 30 a\u00f1os, los airbags han salvado m\u00e1s de 50.000 vidas, seg\u00fan la Comisi\u00f3n Europea.<a href=\"https:\/\/www.nhtsa.gov\/vehicle-safety\/air-bags\">\u00a0NHTSA<\/a>.<\/p>\n<p>Por desgracia, las lesiones provocadas por el airbag son frecuentes en los accidentes de tr\u00e1fico. Si un airbag funciona mal o es defectuoso, los ocupantes del coche pueden sufrir lesiones graves. Incluso cuando los airbags se inflan y funcionan correctamente, pueden causar lesiones.<\/p>\n<p>Buscar compensaci\u00f3n por lesiones de airbag en Atlanta, Georgia puede ser complicado. Trabajar con un abogado con experiencia en lesiones le dar\u00e1 una mejor oportunidad de recibir un acuerdo justo.<\/p>\n<p>Cuando usted contrata a nuestros abogados de accidentes de coche Atlanta mejor clasificados, lo haremos:<\/p>\n<ul>\n<li>Investigar su accidente de coche para determinar la causa de sus lesiones por airbag<\/li>\n<li>Identificar a todas las partes potencialmente responsables de sus lesiones.<\/li>\n<li>Presentar reclamaciones y demandas para obtener indemnizaci\u00f3n por da\u00f1os y perjuicios<\/li>\n<li>Negociar un acuerdo justo basado en el valor de sus da\u00f1os.<\/li>\n<li>Trabajar con los principales expertos de la industria del autom\u00f3vil, seg\u00fan sea necesario, para reunir pruebas adicionales.<\/li>\n<li>Llevar su caso a juicio si las partes culpables se niegan a negociar un acuerdo justo.<\/li>\n<\/ul>\n<p>Nuestros abogados tienen las mejores calificaciones y reconocimiento de organizaciones nacionales, incluyendo The National Trial Lawyers, y son miembros de prestigiosos grupos legales.<\/p>\n<p>Llame a Spartan Car Accident &amp; Personal Injury Lawyers para programar una evaluaci\u00f3n gratuita de su caso con nuestros experimentados abogados de lesiones personales de Atlanta.<\/p>\n<h2>Causas comunes de lesiones de airbag en un accidente de coche Atlanta<\/h2>\n<p>Los airbags est\u00e1n dise\u00f1ados para inflarse en menos de 1\/20<sup>th<\/sup>\u00a0de segundo. Un sensor desencadena una reacci\u00f3n qu\u00edmica que infla el airbag con gas. Los airbags te protegen de los golpes contra el volante, el salpicadero y otras superficies duras durante una colisi\u00f3n.<\/p>\n<p>Entre las causas m\u00e1s comunes de lesiones por airbag se incluyen las siguientes<\/p>\n<ul>\n<li>Airbags defectuosos<\/li>\n<li>Instalaci\u00f3n incorrecta<\/li>\n<li>Utilizar airbags falsos o falsificados<\/li>\n<li>Metralla volando en el interior del coche desde el airbag<\/li>\n<li>No utilizar el cintur\u00f3n de seguridad o sentarse demasiado cerca del airbag<\/li>\n<li>Problemas con los productos qu\u00edmicos o el inflado del airbag<\/li>\n<li>Defectos del veh\u00edculo que provocan fallos en el airbag<\/li>\n<li>Colocar a un adulto peque\u00f1o, un ni\u00f1o o una mujer embarazada en la parte delantera de un airbag<\/li>\n<\/ul>\n<p>Una o varias partes pueden ser responsables de lesiones causadas por airbags. El fabricante del airbag podr\u00eda ser responsable por airbags defectuosos. El fabricante del coche puede ser responsable de la instalaci\u00f3n incorrecta de un airbag, del uso de airbags falsificados o de defectos del veh\u00edculo. Los talleres de reparaci\u00f3n y los mec\u00e1nicos pueden ser responsables si son negligentes al reparar o sustituir un airbag.<\/p>\n<p>En algunos casos, las lesiones por airbag son consecuencia natural de una colisi\u00f3n. Si es as\u00ed, el conductor culpable podr\u00eda ser responsable de una lesi\u00f3n por airbag.<\/p>\n<h2>Tipos de lesiones por airbag en accidentes de tr\u00e1fico<\/h2>\n<p>La mayor\u00eda de las personas sufren lesiones leves a causa de los airbags. Por ejemplo, pueden tener sangre en la nariz o moratones en la cara por el impacto del airbag. Sin embargo, los airbags defectuosos o que funcionan mal pueden causar lesiones graves:<\/p>\n<ul>\n<li>Da\u00f1os en los \u00f3rganos internos<\/li>\n<li>Fracturas y fracturas \u00f3seas<\/li>\n<li>Lesi\u00f3n cerebral traum\u00e1tica<\/li>\n<li>Hemorragia interna<\/li>\n<li>P\u00e9rdida auditiva<\/li>\n<li>Abrasiones y laceraciones<\/li>\n<li>Quemaduras graves<\/li>\n<li>Irritaci\u00f3n de la piel, garganta, pulmones u ojos<\/li>\n<li>Costillas rotas y lesiones tor\u00e1cicas<\/li>\n<li>Lesiones oculares y p\u00e9rdida de visi\u00f3n<\/li>\n<li>Latigazo cervical y lesiones cervicales<\/li>\n<li>Lesiones en el coraz\u00f3n y los pulmones<\/li>\n<\/ul>\n<p>Si sufres una lesi\u00f3n por airbag en un accidente de coche, busca tratamiento m\u00e9dico inmediato. Aseg\u00farate de que un profesional certificado inspeccione tu veh\u00edculo y el airbag antes de realizar reparaciones. Conserva todos los componentes del airbag como prueba.<\/p>\n<h2>\u00bfQu\u00e9 da\u00f1os y perjuicios se pueden reclamar por lesiones causadas por el airbag?<\/h2>\n<p>Las v\u00edctimas de accidentes pueden recibir una indemnizaci\u00f3n por sus da\u00f1os econ\u00f3micos y no econ\u00f3micos. Algunos ejemplos de da\u00f1os en un caso de lesiones por airbag son:<\/p>\n<ul>\n<li>Facturas m\u00e9dicas<\/li>\n<li>Atenci\u00f3n y tratamiento de rehabilitaci\u00f3n<\/li>\n<li>Gastos de bolsillo<\/li>\n<li>Salarios y prestaciones perdidos<\/li>\n<li>Reducci\u00f3n de la capacidad de ganancia<\/li>\n<li>P\u00e9rdida del disfrute y la calidad de vida<\/li>\n<li>Angustia emocional y angustia mental<\/li>\n<li>Deficiencias y discapacidades<\/li>\n<li>Dolor y sufrimiento<\/li>\n<li>Cicatrices y desfiguraci\u00f3n<\/li>\n<\/ul>\n<p>El importe de su indemnizaci\u00f3n por lesiones personales depende de los factores implicados en su caso. Por ejemplo, el tipo de lesiones sufridas y la gravedad de los impedimentos pueden influir significativamente en el valor de los da\u00f1os. Las lesiones catastr\u00f3ficas suelen aumentar el valor de una reclamaci\u00f3n.<\/p>\n<p>Nuestro equipo legal analizar\u00e1 los hechos y circunstancias de su caso. Trabajaremos para maximizar el valor de los da\u00f1os para recuperar tanto dinero como sea posible para su caso.<\/p>\n<h2>Programe una consulta gratuita con un abogado de lesiones Airbag Atlanta<\/h2>\n<p>Determinar si sus lesiones fueron causadas por un accidente de coche o por un airbag defectuoso puede ser un reto. En\u00a0<a href=\"\/es\/acerca-de\/\">Spartan Accidentes de Coche y Lesiones Personales Abogados<\/a>, Nuestro equipo legal tiene las habilidades, recursos y experiencia para manejar estos complicados casos de lesiones personales.\u00a0<a href=\"\/es\/contacto\/\">Ll\u00e1menos hoy mismo<\/a>\u00a0para programar una revisi\u00f3n gratuita de su caso con nuestros abogados de lesiones por airbag de Atlanta.<\/p>","protected":false},"excerpt":{"rendered":"<p>Did you or a family member sustain airbag injuries in a car accident in Atlanta, GA? If so, you could be entitled to compensation for those injuries. Depending on the circumstances, a third party may share liability for your injuries. A car accident lawyer can investigate the case to determine your legal options. At\u00a0Spartan Car&hellip;<\/p>","protected":false},"author":5,"featured_media":0,"parent":154,"menu_order":0,"comment_status":"closed","ping_status":"closed","template":"","meta":{"_monsterinsights_skip_tracking":false,"_monsterinsights_sitenote_active":false,"_monsterinsights_sitenote_note":"","_monsterinsights_sitenote_category":0,"footnotes":""},"categories":[],"tags":[],"class_list":["post-695","page","type-page","status-publish","hentry","entry","no-media"],"aioseo_notices":[],"aioseo_head":"\n\t\t<!-- All in One SEO Pro 4.9.6.2 - aioseo.com -->\n\t<meta name=\"description\" content=\"Dependable legal insight after crashes. A personal injury lawyer explains airbag injury claims and your potential legal remedies. | 844-SPARTAN\" \/>\n\t<meta name=\"robots\" content=\"max-image-preview:large\" \/>\n\t<link rel=\"canonical\" href=\"https:\/\/844spartan.com\/es\/practice-areas\/car-accident-lawyer\/airbag-injury-lawyer\/\" \/>\n\t<meta name=\"generator\" content=\"All in One SEO Pro (AIOSEO) 4.9.6.2\" \/>\n\t\t<meta property=\"og:locale\" content=\"es_ES\" \/>\n\t\t<meta property=\"og:site_name\" content=\"844-SPARTAN - 844-SPARTAN\" \/>\n\t\t<meta property=\"og:type\" content=\"article\" \/>\n\t\t<meta property=\"og:title\" content=\"Skilled Personal Injury Lawyer for Airbag Claims\" \/>\n\t\t<meta property=\"og:description\" content=\"Dependable legal insight after crashes. A personal injury lawyer explains airbag injury claims and your potential legal remedies. | 844-SPARTAN\" \/>\n\t\t<meta property=\"og:url\" content=\"https:\/\/844spartan.com\/es\/practice-areas\/car-accident-lawyer\/airbag-injury-lawyer\/\" \/>\n\t\t<meta property=\"article:published_time\" content=\"2025-06-10T13:05:16+00:00\" \/>\n\t\t<meta property=\"article:modified_time\" content=\"2026-03-03T18:12:29+00:00\" \/>\n\t\t<meta name=\"twitter:card\" content=\"summary_large_image\" \/>\n\t\t<meta name=\"twitter:title\" content=\"Skilled Personal Injury Lawyer for Airbag Claims\" \/>\n\t\t<meta name=\"twitter:description\" content=\"Dependable legal insight after crashes. A personal injury lawyer explains airbag injury claims and your potential legal remedies. | 844-SPARTAN\" \/>\n\t\t<script type=\"application\/ld+json\" class=\"aioseo-schema\">\n\t\t\t{\"@context\":\"https:\\\/\\\/schema.org\",\"@graph\":[{\"@type\":\"BreadcrumbList\",\"@id\":\"https:\\\/\\\/844spartan.com\\\/es\\\/practice-areas\\\/car-accident-lawyer\\\/airbag-injury-lawyer\\\/#breadcrumblist\",\"itemListElement\":[{\"@type\":\"ListItem\",\"@id\":\"https:\\\/\\\/844spartan.com\\\/es#listItem\",\"position\":1,\"name\":\"Home\",\"item\":\"https:\\\/\\\/844spartan.com\\\/es\",\"nextItem\":{\"@type\":\"ListItem\",\"@id\":\"https:\\\/\\\/844spartan.com\\\/es\\\/practice-areas\\\/#listItem\",\"name\":\"Practice Areas\"}},{\"@type\":\"ListItem\",\"@id\":\"https:\\\/\\\/844spartan.com\\\/es\\\/practice-areas\\\/#listItem\",\"position\":2,\"name\":\"Practice Areas\",\"item\":\"https:\\\/\\\/844spartan.com\\\/es\\\/practice-areas\\\/\",\"nextItem\":{\"@type\":\"ListItem\",\"@id\":\"https:\\\/\\\/844spartan.com\\\/es\\\/practice-areas\\\/car-accident-lawyer\\\/#listItem\",\"name\":\"Car Accident Lawyer\"},\"previousItem\":{\"@type\":\"ListItem\",\"@id\":\"https:\\\/\\\/844spartan.com\\\/es#listItem\",\"name\":\"Home\"}},{\"@type\":\"ListItem\",\"@id\":\"https:\\\/\\\/844spartan.com\\\/es\\\/practice-areas\\\/car-accident-lawyer\\\/#listItem\",\"position\":3,\"name\":\"Car Accident Lawyer\",\"item\":\"https:\\\/\\\/844spartan.com\\\/es\\\/practice-areas\\\/car-accident-lawyer\\\/\",\"nextItem\":{\"@type\":\"ListItem\",\"@id\":\"https:\\\/\\\/844spartan.com\\\/es\\\/practice-areas\\\/car-accident-lawyer\\\/airbag-injury-lawyer\\\/#listItem\",\"name\":\"Airbag Injury Lawyer\"},\"previousItem\":{\"@type\":\"ListItem\",\"@id\":\"https:\\\/\\\/844spartan.com\\\/es\\\/practice-areas\\\/#listItem\",\"name\":\"Practice Areas\"}},{\"@type\":\"ListItem\",\"@id\":\"https:\\\/\\\/844spartan.com\\\/es\\\/practice-areas\\\/car-accident-lawyer\\\/airbag-injury-lawyer\\\/#listItem\",\"position\":4,\"name\":\"Airbag Injury Lawyer\",\"previousItem\":{\"@type\":\"ListItem\",\"@id\":\"https:\\\/\\\/844spartan.com\\\/es\\\/practice-areas\\\/car-accident-lawyer\\\/#listItem\",\"name\":\"Car Accident Lawyer\"}}]},{\"@type\":\"Organization\",\"@id\":\"https:\\\/\\\/844spartan.com\\\/es\\\/#organization\",\"name\":\"Spartan Law Group\",\"description\":\"844-SPARTAN\",\"url\":\"https:\\\/\\\/844spartan.com\\\/es\\\/\",\"address\":{\"@id\":\"https:\\\/\\\/844spartan.com\\\/es\\\/#postaladdress\",\"@type\":\"PostalAddress\",\"streetAddress\":\"200 Sandy Springs Pl NE,\",\"postalCode\":\"30328\",\"addressLocality\":\"Sandy Springs\",\"addressRegion\":\"GA\",\"addressCountry\":\"US\"}},{\"@type\":\"WebPage\",\"@id\":\"https:\\\/\\\/844spartan.com\\\/es\\\/practice-areas\\\/car-accident-lawyer\\\/airbag-injury-lawyer\\\/#webpage\",\"url\":\"https:\\\/\\\/844spartan.com\\\/es\\\/practice-areas\\\/car-accident-lawyer\\\/airbag-injury-lawyer\\\/\",\"name\":\"Skilled Personal Injury Lawyer for Airbag Claims\",\"description\":\"Dependable legal insight after crashes. A personal injury lawyer explains airbag injury claims and your potential legal remedies. | 844-SPARTAN\",\"inLanguage\":\"es-ES\",\"isPartOf\":{\"@id\":\"https:\\\/\\\/844spartan.com\\\/es\\\/#website\"},\"breadcrumb\":{\"@id\":\"https:\\\/\\\/844spartan.com\\\/es\\\/practice-areas\\\/car-accident-lawyer\\\/airbag-injury-lawyer\\\/#breadcrumblist\"},\"datePublished\":\"2025-06-10T13:05:16-04:00\",\"dateModified\":\"2026-03-03T18:12:29-04:00\"},{\"@type\":\"WebSite\",\"@id\":\"https:\\\/\\\/844spartan.com\\\/es\\\/#website\",\"url\":\"https:\\\/\\\/844spartan.com\\\/es\\\/\",\"name\":\"844-SPARTAN\",\"description\":\"844-SPARTAN\",\"inLanguage\":\"es-ES\",\"publisher\":{\"@id\":\"https:\\\/\\\/844spartan.com\\\/es\\\/#organization\"}}]}\n\t\t<\/script>\n\t\t<!-- All in One SEO Pro -->\r\n\t\t<title>Skilled Personal Injury Lawyer for Airbag Claims<\/title>\n\n","aioseo_head_json":{"title":"Abogado experto en reclamaciones por da\u00f1os personales causados por airbags","description":"Informaci\u00f3n jur\u00eddica fiable tras un accidente. Un abogado especializado en lesiones personales explica las reclamaciones por lesiones causadas por airbags y sus posibles recursos legales. | 844-SPARTAN","canonical_url":"https:\/\/844spartan.com\/es\/practice-areas\/car-accident-lawyer\/airbag-injury-lawyer\/","robots":"max-image-preview:large","keywords":"","webmasterTools":{"miscellaneous":""},"schema":{"@context":"https:\/\/schema.org","@graph":[{"@type":"BreadcrumbList","@id":"https:\/\/844spartan.com\/es\/practice-areas\/car-accident-lawyer\/airbag-injury-lawyer\/#breadcrumblist","itemListElement":[{"@type":"ListItem","@id":"https:\/\/844spartan.com\/es#listItem","position":1,"name":"Home","item":"https:\/\/844spartan.com\/es","nextItem":{"@type":"ListItem","@id":"https:\/\/844spartan.com\/es\/practice-areas\/#listItem","name":"Practice Areas"}},{"@type":"ListItem","@id":"https:\/\/844spartan.com\/es\/practice-areas\/#listItem","position":2,"name":"Practice Areas","item":"https:\/\/844spartan.com\/es\/practice-areas\/","nextItem":{"@type":"ListItem","@id":"https:\/\/844spartan.com\/es\/practice-areas\/car-accident-lawyer\/#listItem","name":"Car Accident Lawyer"},"previousItem":{"@type":"ListItem","@id":"https:\/\/844spartan.com\/es#listItem","name":"Home"}},{"@type":"ListItem","@id":"https:\/\/844spartan.com\/es\/practice-areas\/car-accident-lawyer\/#listItem","position":3,"name":"Car Accident Lawyer","item":"https:\/\/844spartan.com\/es\/practice-areas\/car-accident-lawyer\/","nextItem":{"@type":"ListItem","@id":"https:\/\/844spartan.com\/es\/practice-areas\/car-accident-lawyer\/airbag-injury-lawyer\/#listItem","name":"Airbag Injury Lawyer"},"previousItem":{"@type":"ListItem","@id":"https:\/\/844spartan.com\/es\/practice-areas\/#listItem","name":"Practice Areas"}},{"@type":"ListItem","@id":"https:\/\/844spartan.com\/es\/practice-areas\/car-accident-lawyer\/airbag-injury-lawyer\/#listItem","position":4,"name":"Airbag Injury Lawyer","previousItem":{"@type":"ListItem","@id":"https:\/\/844spartan.com\/es\/practice-areas\/car-accident-lawyer\/#listItem","name":"Car Accident Lawyer"}}]},{"@type":"Organization","@id":"https:\/\/844spartan.com\/es\/#organization","name":"Spartan Law Group","description":"844-SPARTAN","url":"https:\/\/844spartan.com\/es\/","address":{"@id":"https:\/\/844spartan.com\/es\/#postaladdress","@type":"PostalAddress","streetAddress":"200 Sandy Springs Pl NE,","postalCode":"30328","addressLocality":"Sandy Springs","addressRegion":"GA","addressCountry":"US"}},{"@type":"WebPage","@id":"https:\/\/844spartan.com\/es\/practice-areas\/car-accident-lawyer\/airbag-injury-lawyer\/#webpage","url":"https:\/\/844spartan.com\/es\/practice-areas\/car-accident-lawyer\/airbag-injury-lawyer\/","name":"Skilled Personal Injury Lawyer for Airbag Claims","description":"Dependable legal insight after crashes. A personal injury lawyer explains airbag injury claims and your potential legal remedies. | 844-SPARTAN","inLanguage":"es-ES","isPartOf":{"@id":"https:\/\/844spartan.com\/es\/#website"},"breadcrumb":{"@id":"https:\/\/844spartan.com\/es\/practice-areas\/car-accident-lawyer\/airbag-injury-lawyer\/#breadcrumblist"},"datePublished":"2025-06-10T13:05:16-04:00","dateModified":"2026-03-03T18:12:29-04:00"},{"@type":"WebSite","@id":"https:\/\/844spartan.com\/es\/#website","url":"https:\/\/844spartan.com\/es\/","name":"844-SPARTAN","description":"844-SPARTAN","inLanguage":"es-ES","publisher":{"@id":"https:\/\/844spartan.com\/es\/#organization"}}]},"og:locale":"es_ES","og:site_name":"844-SPARTAN - 844-SPARTAN","og:type":"article","og:title":"Skilled Personal Injury Lawyer for Airbag Claims","og:description":"Dependable legal insight after crashes. A personal injury lawyer explains airbag injury claims and your potential legal remedies. | 844-SPARTAN","og:url":"https:\/\/844spartan.com\/es\/practice-areas\/car-accident-lawyer\/airbag-injury-lawyer\/","article:published_time":"2025-06-10T13:05:16+00:00","article:modified_time":"2026-03-03T18:12:29+00:00","twitter:card":"summary_large_image","twitter:title":"Skilled Personal Injury Lawyer for Airbag Claims","twitter:description":"Dependable legal insight after crashes. A personal injury lawyer explains airbag injury claims and your potential legal remedies. | 844-SPARTAN"},"aioseo_meta_data":{"post_id":"695","title":"Abogado experto en reclamaciones por da\u00f1os personales causados por airbags","description":"Informaci\u00f3n jur\u00eddica fiable tras un accidente. Un abogado especializado en lesiones personales explica las reclamaciones por lesiones causadas por airbags y sus posibles recursos legales. | 844-SPARTAN","keywords":null,"keyphrases":{"focus":{"keyphrase":"Airbag Injury","score":82,"analysis":{"keyphraseInTitle":{"score":3,"maxScore":9,"error":1},"keyphraseInDescription":{"score":9,"maxScore":9,"error":0},"keyphraseLength":{"score":9,"maxScore":9,"error":0,"length":2},"keyphraseInURL":{"score":5,"maxScore":5,"error":0},"keyphraseInIntroduction":{"score":3,"maxScore":9,"error":1},"keyphraseInSubHeadings":{"score":9,"maxScore":9,"error":0},"keyphraseInImageAlt":{"score":9,"maxScore":9,"error":0},"keywordDensity":{"type":"best","score":9,"maxScore":9,"error":0}}},"additional":[]},"primary_term":null,"canonical_url":null,"og_title":null,"og_description":null,"og_object_type":"default","og_image_type":"default","og_image_url":null,"og_image_width":null,"og_image_height":null,"og_image_custom_url":null,"og_image_custom_fields":null,"og_video":"","og_custom_url":null,"og_article_section":null,"og_article_tags":null,"twitter_use_og":false,"twitter_card":"default","twitter_image_type":"default","twitter_image_url":null,"twitter_image_custom_url":null,"twitter_image_custom_fields":null,"twitter_title":null,"twitter_description":null,"schema":{"blockGraphs":[],"customGraphs":[],"default":{"data":{"Article":[],"Course":[],"Dataset":[],"FAQPage":[],"Movie":[],"Person":[],"Product":[],"ProductReview":[],"Car":[],"Recipe":[],"Service":[],"SoftwareApplication":[],"WebPage":[]},"graphName":"WebPage","isEnabled":true},"graphs":[]},"schema_type":"default","schema_type_options":null,"pillar_content":false,"robots_default":true,"robots_noindex":false,"robots_noarchive":false,"robots_nosnippet":false,"robots_nofollow":false,"robots_noimageindex":false,"robots_noodp":false,"robots_notranslate":false,"robots_max_snippet":"-1","robots_max_videopreview":"-1","robots_max_imagepreview":"large","priority":null,"frequency":"default","local_seo":null,"seo_analyzer_scan_date":"2026-03-03 18:29:51","breadcrumb_settings":null,"limit_modified_date":false,"open_ai":null,"ai":{"faqs":[],"keyPoints":[],"titles":[],"descriptions":[],"socialPosts":{"email":[],"linkedin":[],"twitter":[],"facebook":[],"instagram":[]}},"created":"2025-06-20 09:59:35","updated":"2026-03-03 18:54:59"},"aioseo_breadcrumb":"<div class=\"aioseo-breadcrumbs\"><span class=\"aioseo-breadcrumb\">\n\t<a href=\"https:\/\/844spartan.com\/es\" title=\"Home\">Home<\/a>\n<\/span><span class=\"aioseo-breadcrumb-separator\">&raquo;<\/span><span class=\"aioseo-breadcrumb\">\n\t<a href=\"https:\/\/844spartan.com\/es\/practice-areas\/\" title=\"Practice Areas\">Practice Areas<\/a>\n<\/span><span class=\"aioseo-breadcrumb-separator\">&raquo;<\/span><span class=\"aioseo-breadcrumb\">\n\t<a href=\"https:\/\/844spartan.com\/es\/practice-areas\/car-accident-lawyer\/\" title=\"Car Accident Lawyer\">Car Accident Lawyer<\/a>\n<\/span><span class=\"aioseo-breadcrumb-separator\">&raquo;<\/span><span class=\"aioseo-breadcrumb\">\n\tAirbag Injury Lawyer\n<\/span><\/div>","aioseo_breadcrumb_json":[{"label":"Home","link":"https:\/\/844spartan.com\/es"},{"label":"Practice Areas","link":"https:\/\/844spartan.com\/es\/practice-areas\/"},{"label":"Car Accident Lawyer","link":"https:\/\/844spartan.com\/es\/practice-areas\/car-accident-lawyer\/"},{"label":"Airbag Injury Lawyer","link":"https:\/\/844spartan.com\/es\/practice-areas\/car-accident-lawyer\/airbag-injury-lawyer\/"}],"_links":{"self":[{"href":"https:\/\/844spartan.com\/es\/wp-json\/wp\/v2\/pages\/695","targetHints":{"allow":["GET"]}}],"collection":[{"href":"https:\/\/844spartan.com\/es\/wp-json\/wp\/v2\/pages"}],"about":[{"href":"https:\/\/844spartan.com\/es\/wp-json\/wp\/v2\/types\/page"}],"author":[{"embeddable":true,"href":"https:\/\/844spartan.com\/es\/wp-json\/wp\/v2\/users\/5"}],"replies":[{"embeddable":true,"href":"https:\/\/844spartan.com\/es\/wp-json\/wp\/v2\/comments?post=695"}],"version-history":[{"count":0,"href":"https:\/\/844spartan.com\/es\/wp-json\/wp\/v2\/pages\/695\/revisions"}],"up":[{"embeddable":true,"href":"https:\/\/844spartan.com\/es\/wp-json\/wp\/v2\/pages\/154"}],"wp:attachment":[{"href":"https:\/\/844spartan.com\/es\/wp-json\/wp\/v2\/media?parent=695"}],"wp:term":[{"taxonomy":"category","embeddable":true,"href":"https:\/\/844spartan.com\/es\/wp-json\/wp\/v2\/categories?post=695"},{"taxonomy":"post_tag","embeddable":true,"href":"https:\/\/844spartan.com\/es\/wp-json\/wp\/v2\/tags?post=695"}],"curies":[{"name":"wp","href":"https:\/\/api.w.org\/{rel}","templated":true}]}}