{"id":700,"date":"2025-06-10T13:09:48","date_gmt":"2025-06-10T13:09:48","guid":{"rendered":"https:\/\/spartanlawgroup.com\/?page_id=700"},"modified":"2025-09-17T12:19:17","modified_gmt":"2025-09-17T12:19:17","slug":"estadisticas-de-accidentes-de-trafico","status":"publish","type":"page","link":"https:\/\/844spartan.com\/es\/practice-areas\/car-accident-lawyer\/car-accident-statistics\/","title":{"rendered":"Estad\u00edsticas de accidentes de tr\u00e1fico"},"content":{"rendered":"<p>Atlanta es sin duda una de las ciudades m\u00e1s vibrantes del pa\u00eds, que ofrece una gran vida nocturna, divertidas actividades familiares y una gran cantidad de oportunidades laborales. Al tratarse de una ciudad tan influyente, no es de extra\u00f1ar que su \u00edndice de poblaci\u00f3n haya aumentado constantemente. En julio de 2023,\u00a0<a href=\"https:\/\/www.census.gov\/quickfacts\/fact\/table\/atlantacitygeorgia\/PST045223\">510.823 personas viven en Atlanta<\/a>. Sin embargo, el problema de una poblaci\u00f3n numerosa es que los accidentes de tr\u00e1fico tambi\u00e9n son frecuentes.<\/p>\n<p>En\u00a0<a href=\"\/es\/acerca-de\/\">Spartan Accidentes de Coche y Lesiones Personales Abogados<\/a>, nuestro equipo de abogados de accidentes automovil\u00edsticos de Atlanta representa a personas que han estado en una colisi\u00f3n y han sufrido p\u00e9rdidas. A continuaci\u00f3n, usted aprender\u00e1 m\u00e1s acerca de las estad\u00edsticas de accidentes de coche Atlanta y c\u00f3mo nuestro\u00a0<a href=\"https:\/\/844spartan.com\/es\/areas-de-practica\/abogado-de-accidente-de-coche\/\">Abogados de accidentes de coche en Atlanta<\/a>\u00a0puede ayudarte si tienes un accidente.\u00a0<a href=\"https:\/\/844spartan.com\/es\/contacto\/\">P\u00f3ngase en contacto con<\/a>\u00a0hoy mismo en\u00a0<a href=\"tel:+18447727826\">(844) 772-7826<\/a>.<\/p>\n<h2>C\u00f3mo Spartan accidente de coche y lesiones personales abogados pueden ayudar despu\u00e9s de un accidente en Atlanta, GA<\/h2>\n<p><img loading=\"lazy\" decoding=\"async\" class=\"alignnone size-medium wp-image-730\" src=\"https:\/\/844spartan.com\/wp-content\/uploads\/2025\/06\/Car-Accident-Statistics-300x200.jpg\" alt=\"Estad\u00edsticas de accidentes de tr\u00e1fico\" width=\"300\" height=\"200\" srcset=\"https:\/\/844spartan.com\/wp-content\/uploads\/2025\/06\/Car-Accident-Statistics-300x200.jpg 300w, https:\/\/844spartan.com\/wp-content\/uploads\/2025\/06\/Car-Accident-Statistics.jpg 724w\" sizes=\"auto, (max-width: 300px) 100vw, 300px\" \/><\/p>\n<p>Los accidentes de coche en Georgia pueden tener resultados devastadores. Tal vez el m\u00e1s com\u00fan entre ellos son lesiones graves, incluyendo lesiones cerebrales, lo que significa tener que preocuparse por el aumento de las facturas m\u00e9dicas e incluso salarios perdidos.<\/p>\n<p>Una de las opciones que puede tener es presentar una reclamaci\u00f3n contra la otra parte. Para tener una buena oportunidad de ganar su reclamo, usted necesita contratar experimentado Atlanta\u00a0<a href=\"https:\/\/844spartan.com\/es\/\">abogados de lesiones personales<\/a>. En Spartan Car Accident &amp; Personal Injury Lawyers, proporcionamos los servicios que necesita para moverse a trav\u00e9s del proceso legal, tales como:<\/p>\n<ul>\n<li>Evaluaci\u00f3n de su reclamaci\u00f3n durante una consulta gratuita<\/li>\n<li>Recopilaci\u00f3n de pruebas<\/li>\n<li>Hablar con testigos<\/li>\n<li>Negociar con las aseguradoras<\/li>\n<li>Litigar su reclamaci\u00f3n ante los tribunales, si es necesario<\/li>\n<\/ul>\n<p>Nuestro equipo entiende que la vida no se detiene despu\u00e9s de un accidente de coche. Usted todav\u00eda tiene facturas que pagar y puede enfrentar a\u00fan m\u00e1s empinadas si necesita atenci\u00f3n m\u00e9dica grave.<\/p>\n<p>Por eso hacemos todo lo posible para ayudarle a recuperar una indemnizaci\u00f3n justa r\u00e1pidamente despu\u00e9s de la colisi\u00f3n. Le ayudaremos a comprender la responsabilidad, que puede ser vital en casos complejos.\u00a0<a href=\"https:\/\/844spartan.com\/es\/areas-de-practica\/abogado-de-accidente-de-coche\/choques-frontales\/\">choques frontales<\/a>,\u00a0<a href=\"https:\/\/844spartan.com\/es\/areas-de-practica\/abogado-de-accidente-de-coche\/accidentes-en-intersecciones\/\">colisiones en intersecciones<\/a>, o que impliquen un mal funcionamiento\u00a0<a href=\"https:\/\/844spartan.com\/es\/areas-de-practica\/abogado-de-accidente-de-coche\/abogado-lesiones-airbag\/\">airbags<\/a>.<\/p>\n<p>No importa el tipo de accidente que haya sufrido, podemos ayudarle. P\u00f3ngase en contacto con nuestro abogado de lesiones personales para programar una consulta gratuita.<\/p>\n<h2>\u00bfCu\u00e1ntos accidentes de tr\u00e1fico se producen en Atlanta y cu\u00e1les son sus causas?<\/h2>\n<p>En 2023, el\u00a0<a href=\"https:\/\/www.gearsportal.com\/Pages\/Public\/2023crashperformance.pdf\">El Departamento de Polic\u00eda de Atlanta inform\u00f3<\/a>\u00a028.278 accidentes de tr\u00e1fico. Uno de los mayores problemas a los que se enfrenta el estado es la conducci\u00f3n distra\u00edda, que se refiere a la pr\u00e1ctica de conducir un veh\u00edculo mientras se hace otra cosa. La mayor\u00eda de las veces se trata del uso de un tel\u00e9fono m\u00f3vil, pero incluso hablar con los pasajeros puede ser una distracci\u00f3n.<\/p>\n<p>Seg\u00fan un informe de 2022, ocho de los once condados m\u00e1s cercanos al \u00e1rea de Atlanta ten\u00edan un\u00a0<a href=\"https:\/\/www.gahighwaysafety.org\/wp-content\/uploads\/2024\/04\/2022-Distracted-Driving-Georgia-Traffic-Safety-Facts.pdf\">mayor porcentaje de colisiones relacionadas con distracciones<\/a>\u00a0que la media del resto del estado. En el condado de Fulton se produjeron m\u00e1s citaciones por conducci\u00f3n distra\u00edda tras un accidente de tr\u00e1fico que en el resto de Georgia.<\/p>\n<p>La conducci\u00f3n bajo los efectos del alcohol es otro motivo de preocupaci\u00f3n. En 2021,\u00a0<a href=\"http:\/\/www.gahighwaysafety.org\/wp-content\/uploads\/2023\/08\/2021-Risky-Driving-Georgia-Traffic-Safety-Facts-updated.pdf\">26% de todos los accidentes relacionados con el alcohol<\/a>\u00a0en el estado se produjeron en cinco condados, entre ellos Fulton. Un conductor bajo los efectos de las drogas o el alcohol tendr\u00e1 reflejos m\u00e1s lentos y peor coordinaci\u00f3n, al tiempo que ser\u00e1 m\u00e1s imprudente. Todos estos factores provocan accidentes graves.<\/p>\n<p>Una \u00faltima causa com\u00fan de accidentes en el condado de Fulton es el exceso de velocidad. En 2021, <a href=\"http:\/\/www.gahighwaysafety.org\/wp-content\/uploads\/2023\/08\/2021-Risky-Driving-Georgia-Traffic-Safety-Facts-updated.pdf\">117 accidentes mortales relacionados con el exceso de velocidad<\/a>\u00a0ocurridos en la regi\u00f3n de Atlanta. Superar el l\u00edmite de velocidad establecido o conducir a m\u00e1s velocidad de la permitida.\u00a0<a href=\"https:\/\/844spartan.com\/es\/areas-de-practica\/abogado-de-accidente-de-coche\/intersecciones-de-carreteras-mas-peligrosas\/\">carretera<\/a>\u00a0y las condiciones meteorol\u00f3gicas permiten que sea mucho m\u00e1s f\u00e1cil perder el control del veh\u00edculo. Un conductor tambi\u00e9n tendr\u00e1 menos tiempo para reaccionar si aparece un peligro.<\/p>\n<h2>\u00bfQu\u00e9 da\u00f1os y perjuicios est\u00e1n disponibles despu\u00e9s de un accidente de coche Atlanta?<\/h2>\n<p>Si usted presenta una demanda despu\u00e9s de un accidente de coche en Atlanta, puede recibir da\u00f1os econ\u00f3micos y no econ\u00f3micos para cubrir las p\u00e9rdidas sufridas. Los da\u00f1os econ\u00f3micos son aquellos que le compensan por los gastos financieros reales en los que ha incurrido como resultado del accidente.<\/p>\n<p>Las facturas m\u00e9dicas son una de esas formas de perjuicio econ\u00f3mico. Si necesita atenci\u00f3n m\u00e9dica continua, la indemnizaci\u00f3n que reciba incluir\u00e1 tambi\u00e9n esos gastos futuros. Tambi\u00e9n es posible que no pueda trabajar mientras se recupera, lo que le ocasionar\u00e1 m\u00e1s p\u00e9rdidas. Afortunadamente, los da\u00f1os econ\u00f3micos tambi\u00e9n pueden ayudarle a recuperar los ingresos perdidos.<\/p>\n<p>Pero no todas las p\u00e9rdidas son econ\u00f3micas. Los que no tienen precio se consideran no econ\u00f3micos. El concepto de dolor y sufrimiento forma parte de este concepto. Puedes obtener una indemnizaci\u00f3n por la angustia f\u00edsica que has experimentado, as\u00ed como por la p\u00e9rdida emocional de tu disfrute de la vida.<\/p>\n<h2>P\u00f3ngase en contacto con nuestros abogados de Atlanta, GA, accidente de coche para una consulta gratuita<\/h2>\n<p>Despu\u00e9s de estar en un accidente de coche en Georgia, usted puede tener derecho a presentar una reclamaci\u00f3n contra la otra parte. Para tener la oportunidad de recuperar las p\u00e9rdidas que ha sufrido, es necesario contratar a abogados con experiencia en lesiones personales.<\/p>\n<p>En Spartan Car Accident &amp; Personal Injury Lawyers, le ofrecemos la orientaci\u00f3n que se merece. Vamos a negociar agresivamente con las aseguradoras en su nombre. Y porque tenemos experiencia en los tribunales, no vamos a retroceder de litigio si esa es la opci\u00f3n correcta.<\/p>\n<p>No espere para obtener la asistencia que necesita. P\u00f3ngase en contacto con nuestros abogados de accidentes de coche Atlanta para programar una consulta gratuita.<\/p>","protected":false},"excerpt":{"rendered":"<p>Atlanta is arguably one of the most vibrant cities in the country, offering great nightlife, fun family activities, and a wealth of job opportunities. As such an influential city, it\u2019s no surprise that its population rate has consistently risen. As of July 2023,\u00a0510,823 people are living in Atlanta. The problem with a sizable population, however,&hellip;<\/p>","protected":false},"author":5,"featured_media":0,"parent":154,"menu_order":0,"comment_status":"closed","ping_status":"closed","template":"","meta":{"_monsterinsights_skip_tracking":false,"_monsterinsights_sitenote_active":false,"_monsterinsights_sitenote_note":"","_monsterinsights_sitenote_category":0,"footnotes":""},"categories":[],"tags":[],"class_list":["post-700","page","type-page","status-publish","hentry","entry","no-media"],"aioseo_notices":[],"aioseo_head":"\n\t\t<!-- All in One SEO Pro 4.9.6.2 - aioseo.com -->\n\t<meta name=\"description\" content=\"Proven injury law firm providing key accident statistics and legal guidance. Find out how we can help today.\" \/>\n\t<meta name=\"robots\" content=\"max-image-preview:large\" \/>\n\t<link rel=\"canonical\" href=\"https:\/\/844spartan.com\/es\/practice-areas\/car-accident-lawyer\/car-accident-statistics\/\" \/>\n\t<meta name=\"generator\" content=\"All in One SEO Pro (AIOSEO) 4.9.6.2\" \/>\n\t\t<meta property=\"og:locale\" content=\"es_ES\" \/>\n\t\t<meta property=\"og:site_name\" content=\"844-SPARTAN - 844-SPARTAN\" \/>\n\t\t<meta property=\"og:type\" content=\"article\" \/>\n\t\t<meta property=\"og:title\" content=\"Car Accident Statistics Insights\" \/>\n\t\t<meta property=\"og:description\" content=\"Proven injury law firm providing key accident statistics and legal guidance. Find out how we can help today.\" \/>\n\t\t<meta property=\"og:url\" content=\"https:\/\/844spartan.com\/es\/practice-areas\/car-accident-lawyer\/car-accident-statistics\/\" \/>\n\t\t<meta property=\"article:published_time\" content=\"2025-06-10T13:09:48+00:00\" \/>\n\t\t<meta property=\"article:modified_time\" content=\"2025-09-17T12:19:17+00:00\" \/>\n\t\t<meta name=\"twitter:card\" content=\"summary_large_image\" \/>\n\t\t<meta name=\"twitter:title\" content=\"Car Accident Statistics Insights\" \/>\n\t\t<meta name=\"twitter:description\" content=\"Proven injury law firm providing key accident statistics and legal guidance. Find out how we can help today.\" \/>\n\t\t<script type=\"application\/ld+json\" class=\"aioseo-schema\">\n\t\t\t{\"@context\":\"https:\\\/\\\/schema.org\",\"@graph\":[{\"@type\":\"BreadcrumbList\",\"@id\":\"https:\\\/\\\/844spartan.com\\\/es\\\/practice-areas\\\/car-accident-lawyer\\\/car-accident-statistics\\\/#breadcrumblist\",\"itemListElement\":[{\"@type\":\"ListItem\",\"@id\":\"https:\\\/\\\/844spartan.com\\\/es#listItem\",\"position\":1,\"name\":\"Home\",\"item\":\"https:\\\/\\\/844spartan.com\\\/es\",\"nextItem\":{\"@type\":\"ListItem\",\"@id\":\"https:\\\/\\\/844spartan.com\\\/es\\\/practice-areas\\\/#listItem\",\"name\":\"Practice Areas\"}},{\"@type\":\"ListItem\",\"@id\":\"https:\\\/\\\/844spartan.com\\\/es\\\/practice-areas\\\/#listItem\",\"position\":2,\"name\":\"Practice Areas\",\"item\":\"https:\\\/\\\/844spartan.com\\\/es\\\/practice-areas\\\/\",\"nextItem\":{\"@type\":\"ListItem\",\"@id\":\"https:\\\/\\\/844spartan.com\\\/es\\\/practice-areas\\\/car-accident-lawyer\\\/#listItem\",\"name\":\"Car Accident Lawyer\"},\"previousItem\":{\"@type\":\"ListItem\",\"@id\":\"https:\\\/\\\/844spartan.com\\\/es#listItem\",\"name\":\"Home\"}},{\"@type\":\"ListItem\",\"@id\":\"https:\\\/\\\/844spartan.com\\\/es\\\/practice-areas\\\/car-accident-lawyer\\\/#listItem\",\"position\":3,\"name\":\"Car Accident Lawyer\",\"item\":\"https:\\\/\\\/844spartan.com\\\/es\\\/practice-areas\\\/car-accident-lawyer\\\/\",\"nextItem\":{\"@type\":\"ListItem\",\"@id\":\"https:\\\/\\\/844spartan.com\\\/es\\\/practice-areas\\\/car-accident-lawyer\\\/car-accident-statistics\\\/#listItem\",\"name\":\"Car Accident Statistics\"},\"previousItem\":{\"@type\":\"ListItem\",\"@id\":\"https:\\\/\\\/844spartan.com\\\/es\\\/practice-areas\\\/#listItem\",\"name\":\"Practice Areas\"}},{\"@type\":\"ListItem\",\"@id\":\"https:\\\/\\\/844spartan.com\\\/es\\\/practice-areas\\\/car-accident-lawyer\\\/car-accident-statistics\\\/#listItem\",\"position\":4,\"name\":\"Car Accident Statistics\",\"previousItem\":{\"@type\":\"ListItem\",\"@id\":\"https:\\\/\\\/844spartan.com\\\/es\\\/practice-areas\\\/car-accident-lawyer\\\/#listItem\",\"name\":\"Car Accident Lawyer\"}}]},{\"@type\":\"Organization\",\"@id\":\"https:\\\/\\\/844spartan.com\\\/es\\\/#organization\",\"name\":\"Spartan Law Group\",\"description\":\"844-SPARTAN\",\"url\":\"https:\\\/\\\/844spartan.com\\\/es\\\/\",\"address\":{\"@id\":\"https:\\\/\\\/844spartan.com\\\/es\\\/#postaladdress\",\"@type\":\"PostalAddress\",\"streetAddress\":\"200 Sandy Springs Pl NE,\",\"postalCode\":\"30328\",\"addressLocality\":\"Sandy Springs\",\"addressRegion\":\"GA\",\"addressCountry\":\"US\"}},{\"@type\":\"WebPage\",\"@id\":\"https:\\\/\\\/844spartan.com\\\/es\\\/practice-areas\\\/car-accident-lawyer\\\/car-accident-statistics\\\/#webpage\",\"url\":\"https:\\\/\\\/844spartan.com\\\/es\\\/practice-areas\\\/car-accident-lawyer\\\/car-accident-statistics\\\/\",\"name\":\"Car Accident Statistics Insights\",\"description\":\"Proven injury law firm providing key accident statistics and legal guidance. Find out how we can help today.\",\"inLanguage\":\"es-ES\",\"isPartOf\":{\"@id\":\"https:\\\/\\\/844spartan.com\\\/es\\\/#website\"},\"breadcrumb\":{\"@id\":\"https:\\\/\\\/844spartan.com\\\/es\\\/practice-areas\\\/car-accident-lawyer\\\/car-accident-statistics\\\/#breadcrumblist\"},\"datePublished\":\"2025-06-10T13:09:48-04:00\",\"dateModified\":\"2025-09-17T12:19:17-04:00\"},{\"@type\":\"WebSite\",\"@id\":\"https:\\\/\\\/844spartan.com\\\/es\\\/#website\",\"url\":\"https:\\\/\\\/844spartan.com\\\/es\\\/\",\"name\":\"844-SPARTAN\",\"description\":\"844-SPARTAN\",\"inLanguage\":\"es-ES\",\"publisher\":{\"@id\":\"https:\\\/\\\/844spartan.com\\\/es\\\/#organization\"}}]}\n\t\t<\/script>\n\t\t<!-- All in One SEO Pro -->\r\n\t\t<title>Car Accident Statistics Insights<\/title>\n\n","aioseo_head_json":{"title":"Estad\u00edsticas de accidentes de tr\u00e1fico","description":"Bufete de abogados especializado en lesiones que ofrece estad\u00edsticas clave sobre accidentes y orientaci\u00f3n jur\u00eddica. Descubra c\u00f3mo podemos ayudarle hoy mismo.","canonical_url":"https:\/\/844spartan.com\/es\/practice-areas\/car-accident-lawyer\/car-accident-statistics\/","robots":"max-image-preview:large","keywords":"","webmasterTools":{"miscellaneous":""},"schema":{"@context":"https:\/\/schema.org","@graph":[{"@type":"BreadcrumbList","@id":"https:\/\/844spartan.com\/es\/practice-areas\/car-accident-lawyer\/car-accident-statistics\/#breadcrumblist","itemListElement":[{"@type":"ListItem","@id":"https:\/\/844spartan.com\/es#listItem","position":1,"name":"Home","item":"https:\/\/844spartan.com\/es","nextItem":{"@type":"ListItem","@id":"https:\/\/844spartan.com\/es\/practice-areas\/#listItem","name":"Practice Areas"}},{"@type":"ListItem","@id":"https:\/\/844spartan.com\/es\/practice-areas\/#listItem","position":2,"name":"Practice Areas","item":"https:\/\/844spartan.com\/es\/practice-areas\/","nextItem":{"@type":"ListItem","@id":"https:\/\/844spartan.com\/es\/practice-areas\/car-accident-lawyer\/#listItem","name":"Car Accident Lawyer"},"previousItem":{"@type":"ListItem","@id":"https:\/\/844spartan.com\/es#listItem","name":"Home"}},{"@type":"ListItem","@id":"https:\/\/844spartan.com\/es\/practice-areas\/car-accident-lawyer\/#listItem","position":3,"name":"Car Accident Lawyer","item":"https:\/\/844spartan.com\/es\/practice-areas\/car-accident-lawyer\/","nextItem":{"@type":"ListItem","@id":"https:\/\/844spartan.com\/es\/practice-areas\/car-accident-lawyer\/car-accident-statistics\/#listItem","name":"Car Accident Statistics"},"previousItem":{"@type":"ListItem","@id":"https:\/\/844spartan.com\/es\/practice-areas\/#listItem","name":"Practice Areas"}},{"@type":"ListItem","@id":"https:\/\/844spartan.com\/es\/practice-areas\/car-accident-lawyer\/car-accident-statistics\/#listItem","position":4,"name":"Car Accident Statistics","previousItem":{"@type":"ListItem","@id":"https:\/\/844spartan.com\/es\/practice-areas\/car-accident-lawyer\/#listItem","name":"Car Accident Lawyer"}}]},{"@type":"Organization","@id":"https:\/\/844spartan.com\/es\/#organization","name":"Spartan Law Group","description":"844-SPARTAN","url":"https:\/\/844spartan.com\/es\/","address":{"@id":"https:\/\/844spartan.com\/es\/#postaladdress","@type":"PostalAddress","streetAddress":"200 Sandy Springs Pl NE,","postalCode":"30328","addressLocality":"Sandy Springs","addressRegion":"GA","addressCountry":"US"}},{"@type":"WebPage","@id":"https:\/\/844spartan.com\/es\/practice-areas\/car-accident-lawyer\/car-accident-statistics\/#webpage","url":"https:\/\/844spartan.com\/es\/practice-areas\/car-accident-lawyer\/car-accident-statistics\/","name":"Car Accident Statistics Insights","description":"Proven injury law firm providing key accident statistics and legal guidance. Find out how we can help today.","inLanguage":"es-ES","isPartOf":{"@id":"https:\/\/844spartan.com\/es\/#website"},"breadcrumb":{"@id":"https:\/\/844spartan.com\/es\/practice-areas\/car-accident-lawyer\/car-accident-statistics\/#breadcrumblist"},"datePublished":"2025-06-10T13:09:48-04:00","dateModified":"2025-09-17T12:19:17-04:00"},{"@type":"WebSite","@id":"https:\/\/844spartan.com\/es\/#website","url":"https:\/\/844spartan.com\/es\/","name":"844-SPARTAN","description":"844-SPARTAN","inLanguage":"es-ES","publisher":{"@id":"https:\/\/844spartan.com\/es\/#organization"}}]},"og:locale":"es_ES","og:site_name":"844-SPARTAN - 844-SPARTAN","og:type":"article","og:title":"Car Accident Statistics Insights","og:description":"Proven injury law firm providing key accident statistics and legal guidance. Find out how we can help today.","og:url":"https:\/\/844spartan.com\/es\/practice-areas\/car-accident-lawyer\/car-accident-statistics\/","article:published_time":"2025-06-10T13:09:48+00:00","article:modified_time":"2025-09-17T12:19:17+00:00","twitter:card":"summary_large_image","twitter:title":"Car Accident Statistics Insights","twitter:description":"Proven injury law firm providing key accident statistics and legal guidance. Find out how we can help today."},"aioseo_meta_data":{"post_id":"700","title":"Estad\u00edsticas de accidentes de tr\u00e1fico","description":"Bufete de abogados especializado en lesiones que ofrece estad\u00edsticas clave sobre accidentes y orientaci\u00f3n jur\u00eddica. Descubra c\u00f3mo podemos ayudarle hoy mismo.","keywords":null,"keyphrases":{"focus":{"keyphrase":"Car Accident Statistics","score":60,"analysis":{"keyphraseInTitle":{"score":9,"maxScore":9,"error":0},"keyphraseInDescription":{"score":3,"maxScore":9,"error":1},"keyphraseLength":{"score":9,"maxScore":9,"error":0,"length":3},"keyphraseInURL":{"score":5,"maxScore":5,"error":0},"keyphraseInIntroduction":{"score":3,"maxScore":9,"error":1},"keyphraseInSubHeadings":{"score":3,"maxScore":9,"error":1},"keyphraseInImageAlt":{"score":9,"maxScore":9,"error":0},"keywordDensity":{"score":0,"type":"low","maxScore":9,"error":1}}},"additional":[]},"primary_term":null,"canonical_url":null,"og_title":null,"og_description":null,"og_object_type":"default","og_image_type":"default","og_image_url":null,"og_image_width":null,"og_image_height":null,"og_image_custom_url":null,"og_image_custom_fields":null,"og_video":"","og_custom_url":null,"og_article_section":null,"og_article_tags":null,"twitter_use_og":false,"twitter_card":"default","twitter_image_type":"default","twitter_image_url":null,"twitter_image_custom_url":null,"twitter_image_custom_fields":null,"twitter_title":null,"twitter_description":null,"schema":{"blockGraphs":[],"customGraphs":[],"default":{"data":{"Article":[],"Course":[],"Dataset":[],"FAQPage":[],"Movie":[],"Person":[],"Product":[],"ProductReview":[],"Car":[],"Recipe":[],"Service":[],"SoftwareApplication":[],"WebPage":[]},"graphName":"WebPage","isEnabled":true},"graphs":[]},"schema_type":"default","schema_type_options":null,"pillar_content":false,"robots_default":true,"robots_noindex":false,"robots_noarchive":false,"robots_nosnippet":false,"robots_nofollow":false,"robots_noimageindex":false,"robots_noodp":false,"robots_notranslate":false,"robots_max_snippet":"-1","robots_max_videopreview":"-1","robots_max_imagepreview":"large","priority":null,"frequency":"default","local_seo":null,"seo_analyzer_scan_date":"2025-09-17 12:21:12","breadcrumb_settings":null,"limit_modified_date":false,"open_ai":null,"ai":{"faqs":[],"keyPoints":[],"titles":[],"descriptions":[],"socialPosts":{"email":[],"linkedin":[],"twitter":[],"facebook":[],"instagram":[]}},"created":"2025-06-20 09:59:35","updated":"2025-10-21 22:23:53"},"aioseo_breadcrumb":"<div class=\"aioseo-breadcrumbs\"><span class=\"aioseo-breadcrumb\">\n\t<a href=\"https:\/\/844spartan.com\/es\" title=\"Home\">Home<\/a>\n<\/span><span class=\"aioseo-breadcrumb-separator\">&raquo;<\/span><span class=\"aioseo-breadcrumb\">\n\t<a href=\"https:\/\/844spartan.com\/es\/practice-areas\/\" title=\"Practice Areas\">Practice Areas<\/a>\n<\/span><span class=\"aioseo-breadcrumb-separator\">&raquo;<\/span><span class=\"aioseo-breadcrumb\">\n\t<a href=\"https:\/\/844spartan.com\/es\/practice-areas\/car-accident-lawyer\/\" title=\"Car Accident Lawyer\">Car Accident Lawyer<\/a>\n<\/span><span class=\"aioseo-breadcrumb-separator\">&raquo;<\/span><span class=\"aioseo-breadcrumb\">\n\tCar Accident Statistics\n<\/span><\/div>","aioseo_breadcrumb_json":[{"label":"Home","link":"https:\/\/844spartan.com\/es"},{"label":"Practice Areas","link":"https:\/\/844spartan.com\/es\/practice-areas\/"},{"label":"Car Accident Lawyer","link":"https:\/\/844spartan.com\/es\/practice-areas\/car-accident-lawyer\/"},{"label":"Car Accident Statistics","link":"https:\/\/844spartan.com\/es\/practice-areas\/car-accident-lawyer\/car-accident-statistics\/"}],"_links":{"self":[{"href":"https:\/\/844spartan.com\/es\/wp-json\/wp\/v2\/pages\/700","targetHints":{"allow":["GET"]}}],"collection":[{"href":"https:\/\/844spartan.com\/es\/wp-json\/wp\/v2\/pages"}],"about":[{"href":"https:\/\/844spartan.com\/es\/wp-json\/wp\/v2\/types\/page"}],"author":[{"embeddable":true,"href":"https:\/\/844spartan.com\/es\/wp-json\/wp\/v2\/users\/5"}],"replies":[{"embeddable":true,"href":"https:\/\/844spartan.com\/es\/wp-json\/wp\/v2\/comments?post=700"}],"version-history":[{"count":0,"href":"https:\/\/844spartan.com\/es\/wp-json\/wp\/v2\/pages\/700\/revisions"}],"up":[{"embeddable":true,"href":"https:\/\/844spartan.com\/es\/wp-json\/wp\/v2\/pages\/154"}],"wp:attachment":[{"href":"https:\/\/844spartan.com\/es\/wp-json\/wp\/v2\/media?parent=700"}],"wp:term":[{"taxonomy":"category","embeddable":true,"href":"https:\/\/844spartan.com\/es\/wp-json\/wp\/v2\/categories?post=700"},{"taxonomy":"post_tag","embeddable":true,"href":"https:\/\/844spartan.com\/es\/wp-json\/wp\/v2\/tags?post=700"}],"curies":[{"name":"wp","href":"https:\/\/api.w.org\/{rel}","templated":true}]}}