{"id":706,"date":"2025-06-10T13:10:18","date_gmt":"2025-06-10T13:10:18","guid":{"rendered":"https:\/\/spartanlawgroup.com\/?page_id=706"},"modified":"2026-03-03T18:09:47","modified_gmt":"2026-03-03T18:09:47","slug":"accidentes-de-conducir-ebrio","status":"publish","type":"page","link":"https:\/\/844spartan.com\/es\/practice-areas\/car-accident-lawyer\/dui-accidents\/","title":{"rendered":"Accidentes por DUI"},"content":{"rendered":"<p>\u00bfEstuvo usted o un ser querido involucrado en un accidente automovil\u00edstico causado por un conductor ebrio en Atlanta, Georgia? Si es as\u00ed, es posible que tenga derecho a solicitar una indemnizaci\u00f3n de la parte responsable.\u00a0<a href=\"\/es\/acerca-de\/\">Spartan Accidentes de Coche y Lesiones Personales Abogados<\/a>\u00a0puede ayudarle a presentar una demanda por lesiones personales para recuperar los gastos m\u00e9dicos, salarios perdidos, dolor y sufrimiento, y mucho m\u00e1s.<\/p>\n<p>Somos un bufete de abogados de lesiones personales de primera clase que sirve el Atlanta, GA, \u00e1rea. Nuestra Atlanta\u00a0<a href=\"https:\/\/844spartan.com\/es\/areas-de-practica\/abogado-de-accidente-de-coche\/\">abogados de accidentes de coche en Atlanta<\/a>\u00a0comparten 75 a\u00f1os de experiencia combinada y han asegurado m\u00e1s de $250 millones para nuestros clientes. Si contrata a nuestros abogados litigantes experimentados, estamos seguros de que podemos luchar por el mejor resultado posible en su caso de accidente de DUI.<\/p>\n<p>Llame hoy para m\u00e1s informaci\u00f3n al\u00a0<a href=\"tel:+18447727826\">(844) 772 7826<\/a>. Su\u00a0<a href=\"\/es\/contacto\/\">consulta inicial<\/a> con un abogado de accidentes de DUI en Atlanta es completamente gratis, y no hay obligaci\u00f3n de contratarnos.<\/p>\n<h2>C\u00f3mo Spartan accidente de coche y lesiones personales abogados pueden ayudar despu\u00e9s de un accidente de DUI en Atlanta, GA<\/h2>\n<p><img loading=\"lazy\" decoding=\"async\" class=\"alignnone wp-image-743 size-full\" src=\"https:\/\/844spartan.com\/wp-content\/uploads\/2025\/06\/DUI-Accidents.jpg\" alt=\"Accidentes por DUI\" width=\"768\" height=\"512\" srcset=\"https:\/\/844spartan.com\/wp-content\/uploads\/2025\/06\/DUI-Accidents.jpg 768w, https:\/\/844spartan.com\/wp-content\/uploads\/2025\/06\/DUI-Accidents-300x200.jpg 300w\" sizes=\"auto, (max-width: 768px) 100vw, 768px\" \/><\/p>\n<p>Los accidentes por conducir ebrio son tragedias evitables. Ocurren cuando un conductor decide ponerse al volante en estado de embriaguez y descuida su deber de mantener a salvo a los dem\u00e1s. Mientras que usted puede tener el derecho a reclamar una indemnizaci\u00f3n, navegando por el proceso de reclamaciones de seguros y la celebraci\u00f3n del conductor culpable responsable puede ser un reto por su cuenta.<\/p>\n<p>Ah\u00ed es donde entra Spartan Car Accident &amp; Personal Injury Lawyers. Nuestros galardonados abogados de accidentes de coche de Atlanta saben c\u00f3mo manejar complejas reclamaciones de accidentes de DUI de principio a fin. Nosotros nos encargamos de los aspectos legales mientras usted se concentra en su salud y recuperaci\u00f3n.<\/p>\n<p>Si nos contrata, nuestros abogados de lesiones personales de Atlanta pueden:<\/p>\n<ul>\n<li>Investigar internamente su accidente<\/li>\n<li>Protegerle de acusaciones de culpa compartida<\/li>\n<li>Contrata a expertos para que te ayuden en lo que necesites.<\/li>\n<li>Suma todos tus da\u00f1os<\/li>\n<li>Negociar en su nombre un acuerdo completo<\/li>\n<li>Presentar una demanda si es necesario<\/li>\n<\/ul>\n<p>P\u00f3ngase en contacto con nuestra Atlanta, GA, bufete de abogados para aprender m\u00e1s acerca de c\u00f3mo nuestros abogados de accidentes de DUI Atlanta puede ayudar. Trabajamos en base a honorarios de contingencia, por lo que s\u00f3lo nos pagan si recuperamos compensaci\u00f3n para usted.<\/p>\n<h2>\u00bfQu\u00e9 es un accidente por DUI?<\/h2>\n<p>Un accidente de DUI es un choque causado por un conductor\u00a0<a href=\"https:\/\/www.gahighwaysafety.org\/impaired-driving-laws\/\">conducir un veh\u00edculo bajo los efectos del alcohol o las drogas<\/a>. En Georgia, un conductor se considera legalmente impedido si su concentraci\u00f3n de alcohol en sangre (BAC) es 0,08% o superior. Incluso si su BAC est\u00e1 por debajo de este umbral, todav\u00eda podr\u00eda ser responsable si su capacidad de conducci\u00f3n se vio afectada notablemente.<\/p>\n<p>Los accidentes por conducir ebrio suelen ser graves, ya que los conductores ebrios pueden mostrar falta de juicio, tiempos de reacci\u00f3n reducidos y dificultad para mantener un control adecuado de sus veh\u00edculos.<\/p>\n<h2>\u00bfQu\u00e9 da\u00f1os puedo recuperar despu\u00e9s de un accidente de DUI en Atlanta, Georgia?<\/h2>\n<p>Si demuestra que el demandado es responsable, puede recibir dos categor\u00edas principales de da\u00f1os compensatorios: econ\u00f3micos y no econ\u00f3micos. En algunos casos, tambi\u00e9n puede recibir una indemnizaci\u00f3n punitiva.<\/p>\n<p>Los da\u00f1os econ\u00f3micos cubren sus p\u00e9rdidas financieras tangibles, como:<\/p>\n<ul>\n<li>Facturas m\u00e9dicas (pasadas y futuras)<\/li>\n<li>P\u00e9rdida de salario y reducci\u00f3n de la capacidad de ganancia<\/li>\n<li>Da\u00f1os materiales (reparaci\u00f3n o sustituci\u00f3n del coche)<\/li>\n<li>Gastos relacionados con su recuperaci\u00f3n<\/li>\n<\/ul>\n<p>Los da\u00f1os no econ\u00f3micos se refieren a da\u00f1os intangibles, entre los que se incluyen:<\/p>\n<ul>\n<li>Dolor y sufrimiento<\/li>\n<li>Angustia emocional<\/li>\n<li>Desfiguraci\u00f3n o cicatrizaci\u00f3n<\/li>\n<li>P\u00e9rdida de compa\u00f1\u00eda o de disfrute de la vida<\/li>\n<\/ul>\n<p>Si el comportamiento del acusado fue especialmente imprudente -como conducir con una tasa de alcoholemia extremadamente alta o delinquir repetidamente-.<a href=\"https:\/\/law.justia.com\/codes\/georgia\/title-51\/chapter-12\/article-1\/section-51-12-5-1\/\">Ley de Georgia<\/a>\u00a0puede permitir da\u00f1os punitivos para castigar y disuadir tal conducta.<\/p>\n<h2>\u00bfCu\u00e1nto tiempo tengo para presentar una demanda por accidente de DUI en Atlanta, GA?<\/h2>\n<p>La ley de Georgia suele permitir\u00a0<a href=\"https:\/\/law.justia.com\/codes\/georgia\/title-9\/chapter-3\/article-2\/section-9-3-33\">dos a\u00f1os<\/a>\u00a0a partir de la fecha del accidente para presentar una demanda por lesiones personales. Si no cumple este plazo, puede perder su derecho a recibir una indemnizaci\u00f3n.<\/p>\n<p>Pueden aplicarse ciertas excepciones, por ejemplo, si se lesion\u00f3 un menor o si no descubri\u00f3 su lesi\u00f3n inmediatamente. Lo mejor es consultar a un abogado inmediatamente despu\u00e9s del accidente para asegurarse de cumplir todos los plazos legales y preservar las pruebas cruciales.<\/p>\n<h2>\u00bfTodav\u00eda puedo recuperar la compensaci\u00f3n si estoy en parte culpable de mi accidente de DUI en Atlanta?<\/h2>\n<p>Georgia sigue un\u00a0<a href=\"https:\/\/codes.findlaw.com\/ga\/title-51-torts\/ga-code-sect-51-12-33.html\">negligencia comparativa modificada<\/a>\u00a0norma. Esto significa que puedes cobrar una indemnizaci\u00f3n siempre que no seas 50% o m\u00e1s responsable del accidente. Sin embargo, tu indemnizaci\u00f3n se reducir\u00e1 en funci\u00f3n del porcentaje de culpa.<\/p>\n<p>Por ejemplo, si tienes 10% de culpa y el total de da\u00f1os asciende a $300.000, recibir\u00edas $270.000. Contratar a un abogado con experiencia puede ayudar a minimizar la cantidad de culpa que se le asigna.<\/p>\n<h2>Llame a nuestros abogados de accidentes de DUI Atlanta para una consulta gratuita<\/h2>\n<p>Si ha resultado herido en un accidente de coche,\u00a0<a href=\"https:\/\/844spartan.com\/es\/areas-de-practica\/abogado-de-accidentes-de-camion\/\">cami\u00f3n<\/a>, u otro tipo de accidente causado por un conductor ebrio en Atlanta, Georgia, no pase por este momento dif\u00edcil solo. Spartan Car Accident &amp; Personal Injury Lawyers tiene 75 a\u00f1os de experiencia combinada y ha recuperado m\u00e1s de $250 millones para nuestros clientes.<\/p>\n<p>Ll\u00e1menos hoy para programar una consulta gratuita y sin compromiso con un abogado de accidentes de DUI en Atlanta. Vamos a escuchar su historia, explicar sus opciones legales, y trabajar sin descanso para asegurar la compensaci\u00f3n que necesita para seguir adelante.<\/p>","protected":false},"excerpt":{"rendered":"<p>Were you or someone you love involved in a car accident caused by a drunk driver in Atlanta, Georgia? If so, you might have the right to seek compensation from the responsible party.\u00a0Spartan Car Accident &amp; Personal Injury Lawyers\u00a0can assist you in filing a personal injury claim to recover medical expenses, lost wages, pain and&hellip;<\/p>","protected":false},"author":5,"featured_media":0,"parent":154,"menu_order":0,"comment_status":"closed","ping_status":"closed","template":"","meta":{"_monsterinsights_skip_tracking":false,"_monsterinsights_sitenote_active":false,"_monsterinsights_sitenote_note":"","_monsterinsights_sitenote_category":0,"footnotes":""},"categories":[],"tags":[],"class_list":["post-706","page","type-page","status-publish","hentry","entry","no-media"],"aioseo_notices":[],"aioseo_head":"\n\t\t<!-- All in One SEO Pro 4.9.6.2 - aioseo.com -->\n\t<meta name=\"description\" content=\"Focused legal support after impaired driving crashes. A personal injury lawyer explains your rights and next steps. Call for a free consultation. | 844-SPARTAN\" \/>\n\t<meta name=\"robots\" content=\"max-image-preview:large\" \/>\n\t<link rel=\"canonical\" href=\"https:\/\/844spartan.com\/es\/practice-areas\/car-accident-lawyer\/dui-accidents\/\" \/>\n\t<meta name=\"generator\" content=\"All in One SEO Pro (AIOSEO) 4.9.6.2\" \/>\n\t\t<meta property=\"og:locale\" content=\"es_ES\" \/>\n\t\t<meta property=\"og:site_name\" content=\"844-SPARTAN - 844-SPARTAN\" \/>\n\t\t<meta property=\"og:type\" content=\"article\" \/>\n\t\t<meta property=\"og:title\" content=\"Proven Personal Injury Lawyer for DUI Accidents\" \/>\n\t\t<meta property=\"og:description\" content=\"Focused legal support after impaired driving crashes. A personal injury lawyer explains your rights and next steps. Call for a free consultation. | 844-SPARTAN\" \/>\n\t\t<meta property=\"og:url\" content=\"https:\/\/844spartan.com\/es\/practice-areas\/car-accident-lawyer\/dui-accidents\/\" \/>\n\t\t<meta property=\"article:published_time\" content=\"2025-06-10T13:10:18+00:00\" \/>\n\t\t<meta property=\"article:modified_time\" content=\"2026-03-03T18:09:47+00:00\" \/>\n\t\t<meta name=\"twitter:card\" content=\"summary_large_image\" \/>\n\t\t<meta name=\"twitter:title\" content=\"Proven Personal Injury Lawyer for DUI Accidents\" \/>\n\t\t<meta name=\"twitter:description\" content=\"Focused legal support after impaired driving crashes. A personal injury lawyer explains your rights and next steps. Call for a free consultation. | 844-SPARTAN\" \/>\n\t\t<script type=\"application\/ld+json\" class=\"aioseo-schema\">\n\t\t\t{\"@context\":\"https:\\\/\\\/schema.org\",\"@graph\":[{\"@type\":\"BreadcrumbList\",\"@id\":\"https:\\\/\\\/844spartan.com\\\/es\\\/practice-areas\\\/car-accident-lawyer\\\/dui-accidents\\\/#breadcrumblist\",\"itemListElement\":[{\"@type\":\"ListItem\",\"@id\":\"https:\\\/\\\/844spartan.com\\\/es#listItem\",\"position\":1,\"name\":\"Home\",\"item\":\"https:\\\/\\\/844spartan.com\\\/es\",\"nextItem\":{\"@type\":\"ListItem\",\"@id\":\"https:\\\/\\\/844spartan.com\\\/es\\\/practice-areas\\\/#listItem\",\"name\":\"Practice Areas\"}},{\"@type\":\"ListItem\",\"@id\":\"https:\\\/\\\/844spartan.com\\\/es\\\/practice-areas\\\/#listItem\",\"position\":2,\"name\":\"Practice Areas\",\"item\":\"https:\\\/\\\/844spartan.com\\\/es\\\/practice-areas\\\/\",\"nextItem\":{\"@type\":\"ListItem\",\"@id\":\"https:\\\/\\\/844spartan.com\\\/es\\\/practice-areas\\\/car-accident-lawyer\\\/#listItem\",\"name\":\"Car Accident Lawyer\"},\"previousItem\":{\"@type\":\"ListItem\",\"@id\":\"https:\\\/\\\/844spartan.com\\\/es#listItem\",\"name\":\"Home\"}},{\"@type\":\"ListItem\",\"@id\":\"https:\\\/\\\/844spartan.com\\\/es\\\/practice-areas\\\/car-accident-lawyer\\\/#listItem\",\"position\":3,\"name\":\"Car Accident Lawyer\",\"item\":\"https:\\\/\\\/844spartan.com\\\/es\\\/practice-areas\\\/car-accident-lawyer\\\/\",\"nextItem\":{\"@type\":\"ListItem\",\"@id\":\"https:\\\/\\\/844spartan.com\\\/es\\\/practice-areas\\\/car-accident-lawyer\\\/dui-accidents\\\/#listItem\",\"name\":\"DUI Accidents\"},\"previousItem\":{\"@type\":\"ListItem\",\"@id\":\"https:\\\/\\\/844spartan.com\\\/es\\\/practice-areas\\\/#listItem\",\"name\":\"Practice Areas\"}},{\"@type\":\"ListItem\",\"@id\":\"https:\\\/\\\/844spartan.com\\\/es\\\/practice-areas\\\/car-accident-lawyer\\\/dui-accidents\\\/#listItem\",\"position\":4,\"name\":\"DUI Accidents\",\"previousItem\":{\"@type\":\"ListItem\",\"@id\":\"https:\\\/\\\/844spartan.com\\\/es\\\/practice-areas\\\/car-accident-lawyer\\\/#listItem\",\"name\":\"Car Accident Lawyer\"}}]},{\"@type\":\"Organization\",\"@id\":\"https:\\\/\\\/844spartan.com\\\/es\\\/#organization\",\"name\":\"Spartan Law Group\",\"description\":\"844-SPARTAN\",\"url\":\"https:\\\/\\\/844spartan.com\\\/es\\\/\",\"address\":{\"@id\":\"https:\\\/\\\/844spartan.com\\\/es\\\/#postaladdress\",\"@type\":\"PostalAddress\",\"streetAddress\":\"200 Sandy Springs Pl NE,\",\"postalCode\":\"30328\",\"addressLocality\":\"Sandy Springs\",\"addressRegion\":\"GA\",\"addressCountry\":\"US\"}},{\"@type\":\"WebPage\",\"@id\":\"https:\\\/\\\/844spartan.com\\\/es\\\/practice-areas\\\/car-accident-lawyer\\\/dui-accidents\\\/#webpage\",\"url\":\"https:\\\/\\\/844spartan.com\\\/es\\\/practice-areas\\\/car-accident-lawyer\\\/dui-accidents\\\/\",\"name\":\"Proven Personal Injury Lawyer for DUI Accidents\",\"description\":\"Focused legal support after impaired driving crashes. A personal injury lawyer explains your rights and next steps. Call for a free consultation. | 844-SPARTAN\",\"inLanguage\":\"es-ES\",\"isPartOf\":{\"@id\":\"https:\\\/\\\/844spartan.com\\\/es\\\/#website\"},\"breadcrumb\":{\"@id\":\"https:\\\/\\\/844spartan.com\\\/es\\\/practice-areas\\\/car-accident-lawyer\\\/dui-accidents\\\/#breadcrumblist\"},\"datePublished\":\"2025-06-10T13:10:18-04:00\",\"dateModified\":\"2026-03-03T18:09:47-04:00\"},{\"@type\":\"WebSite\",\"@id\":\"https:\\\/\\\/844spartan.com\\\/es\\\/#website\",\"url\":\"https:\\\/\\\/844spartan.com\\\/es\\\/\",\"name\":\"844-SPARTAN\",\"description\":\"844-SPARTAN\",\"inLanguage\":\"es-ES\",\"publisher\":{\"@id\":\"https:\\\/\\\/844spartan.com\\\/es\\\/#organization\"}}]}\n\t\t<\/script>\n\t\t<!-- All in One SEO Pro -->\r\n\t\t<title>Proven Personal Injury Lawyer for DUI Accidents<\/title>\n\n","aioseo_head_json":{"title":"Abogado de lesiones personales probada para los accidentes de DUI","description":"Apoyo jur\u00eddico espec\u00edfico tras un accidente por conducci\u00f3n bajo los efectos del alcohol. Un abogado de lesiones personales le explica sus derechos y los pasos a seguir. Llame para una consulta gratuita. | 844-SPARTAN","canonical_url":"https:\/\/844spartan.com\/es\/practice-areas\/car-accident-lawyer\/dui-accidents\/","robots":"max-image-preview:large","keywords":"","webmasterTools":{"miscellaneous":""},"schema":{"@context":"https:\/\/schema.org","@graph":[{"@type":"BreadcrumbList","@id":"https:\/\/844spartan.com\/es\/practice-areas\/car-accident-lawyer\/dui-accidents\/#breadcrumblist","itemListElement":[{"@type":"ListItem","@id":"https:\/\/844spartan.com\/es#listItem","position":1,"name":"Home","item":"https:\/\/844spartan.com\/es","nextItem":{"@type":"ListItem","@id":"https:\/\/844spartan.com\/es\/practice-areas\/#listItem","name":"Practice Areas"}},{"@type":"ListItem","@id":"https:\/\/844spartan.com\/es\/practice-areas\/#listItem","position":2,"name":"Practice Areas","item":"https:\/\/844spartan.com\/es\/practice-areas\/","nextItem":{"@type":"ListItem","@id":"https:\/\/844spartan.com\/es\/practice-areas\/car-accident-lawyer\/#listItem","name":"Car Accident Lawyer"},"previousItem":{"@type":"ListItem","@id":"https:\/\/844spartan.com\/es#listItem","name":"Home"}},{"@type":"ListItem","@id":"https:\/\/844spartan.com\/es\/practice-areas\/car-accident-lawyer\/#listItem","position":3,"name":"Car Accident Lawyer","item":"https:\/\/844spartan.com\/es\/practice-areas\/car-accident-lawyer\/","nextItem":{"@type":"ListItem","@id":"https:\/\/844spartan.com\/es\/practice-areas\/car-accident-lawyer\/dui-accidents\/#listItem","name":"DUI Accidents"},"previousItem":{"@type":"ListItem","@id":"https:\/\/844spartan.com\/es\/practice-areas\/#listItem","name":"Practice Areas"}},{"@type":"ListItem","@id":"https:\/\/844spartan.com\/es\/practice-areas\/car-accident-lawyer\/dui-accidents\/#listItem","position":4,"name":"DUI Accidents","previousItem":{"@type":"ListItem","@id":"https:\/\/844spartan.com\/es\/practice-areas\/car-accident-lawyer\/#listItem","name":"Car Accident Lawyer"}}]},{"@type":"Organization","@id":"https:\/\/844spartan.com\/es\/#organization","name":"Spartan Law Group","description":"844-SPARTAN","url":"https:\/\/844spartan.com\/es\/","address":{"@id":"https:\/\/844spartan.com\/es\/#postaladdress","@type":"PostalAddress","streetAddress":"200 Sandy Springs Pl NE,","postalCode":"30328","addressLocality":"Sandy Springs","addressRegion":"GA","addressCountry":"US"}},{"@type":"WebPage","@id":"https:\/\/844spartan.com\/es\/practice-areas\/car-accident-lawyer\/dui-accidents\/#webpage","url":"https:\/\/844spartan.com\/es\/practice-areas\/car-accident-lawyer\/dui-accidents\/","name":"Proven Personal Injury Lawyer for DUI Accidents","description":"Focused legal support after impaired driving crashes. A personal injury lawyer explains your rights and next steps. Call for a free consultation. | 844-SPARTAN","inLanguage":"es-ES","isPartOf":{"@id":"https:\/\/844spartan.com\/es\/#website"},"breadcrumb":{"@id":"https:\/\/844spartan.com\/es\/practice-areas\/car-accident-lawyer\/dui-accidents\/#breadcrumblist"},"datePublished":"2025-06-10T13:10:18-04:00","dateModified":"2026-03-03T18:09:47-04:00"},{"@type":"WebSite","@id":"https:\/\/844spartan.com\/es\/#website","url":"https:\/\/844spartan.com\/es\/","name":"844-SPARTAN","description":"844-SPARTAN","inLanguage":"es-ES","publisher":{"@id":"https:\/\/844spartan.com\/es\/#organization"}}]},"og:locale":"es_ES","og:site_name":"844-SPARTAN - 844-SPARTAN","og:type":"article","og:title":"Proven Personal Injury Lawyer for DUI Accidents","og:description":"Focused legal support after impaired driving crashes. A personal injury lawyer explains your rights and next steps. Call for a free consultation. | 844-SPARTAN","og:url":"https:\/\/844spartan.com\/es\/practice-areas\/car-accident-lawyer\/dui-accidents\/","article:published_time":"2025-06-10T13:10:18+00:00","article:modified_time":"2026-03-03T18:09:47+00:00","twitter:card":"summary_large_image","twitter:title":"Proven Personal Injury Lawyer for DUI Accidents","twitter:description":"Focused legal support after impaired driving crashes. A personal injury lawyer explains your rights and next steps. Call for a free consultation. | 844-SPARTAN"},"aioseo_meta_data":{"post_id":"706","title":"Abogado de lesiones personales probada para los accidentes de DUI","description":"Apoyo jur\u00eddico espec\u00edfico tras un accidente por conducci\u00f3n bajo los efectos del alcohol. Un abogado de lesiones personales le explica sus derechos y los pasos a seguir. Llame para una consulta gratuita. | 844-SPARTAN","keywords":null,"keyphrases":{"focus":{"keyphrase":"DUI Accident","score":65,"analysis":{"keyphraseInTitle":{"score":3,"maxScore":9,"error":1},"keyphraseInDescription":{"score":3,"maxScore":9,"error":1},"keyphraseLength":{"score":9,"maxScore":9,"error":0,"length":2},"keyphraseInURL":{"score":5,"maxScore":5,"error":0},"keyphraseInIntroduction":{"score":3,"maxScore":9,"error":1},"keyphraseInSubHeadings":{"score":3,"maxScore":9,"error":1},"keyphraseInImageAlt":{"score":9,"maxScore":9,"error":0},"keywordDensity":{"type":"best","score":9,"maxScore":9,"error":0}}},"additional":[]},"primary_term":null,"canonical_url":null,"og_title":null,"og_description":null,"og_object_type":"default","og_image_type":"default","og_image_url":null,"og_image_width":null,"og_image_height":null,"og_image_custom_url":null,"og_image_custom_fields":null,"og_video":"","og_custom_url":null,"og_article_section":null,"og_article_tags":null,"twitter_use_og":false,"twitter_card":"default","twitter_image_type":"default","twitter_image_url":null,"twitter_image_custom_url":null,"twitter_image_custom_fields":null,"twitter_title":null,"twitter_description":null,"schema":{"blockGraphs":[],"customGraphs":[],"default":{"data":{"Article":[],"Course":[],"Dataset":[],"FAQPage":[],"Movie":[],"Person":[],"Product":[],"ProductReview":[],"Car":[],"Recipe":[],"Service":[],"SoftwareApplication":[],"WebPage":[]},"graphName":"WebPage","isEnabled":true},"graphs":[]},"schema_type":"default","schema_type_options":null,"pillar_content":false,"robots_default":true,"robots_noindex":false,"robots_noarchive":false,"robots_nosnippet":false,"robots_nofollow":false,"robots_noimageindex":false,"robots_noodp":false,"robots_notranslate":false,"robots_max_snippet":"-1","robots_max_videopreview":"-1","robots_max_imagepreview":"large","priority":null,"frequency":"default","local_seo":null,"seo_analyzer_scan_date":"2026-03-03 18:31:00","breadcrumb_settings":null,"limit_modified_date":false,"open_ai":null,"ai":{"faqs":[],"keyPoints":[],"titles":[],"descriptions":[],"socialPosts":{"email":[],"linkedin":[],"twitter":[],"facebook":[],"instagram":[]}},"created":"2025-06-20 09:59:35","updated":"2026-03-03 18:54:59"},"aioseo_breadcrumb":"<div class=\"aioseo-breadcrumbs\"><span class=\"aioseo-breadcrumb\">\n\t<a href=\"https:\/\/844spartan.com\/es\" title=\"Home\">Home<\/a>\n<\/span><span class=\"aioseo-breadcrumb-separator\">&raquo;<\/span><span class=\"aioseo-breadcrumb\">\n\t<a href=\"https:\/\/844spartan.com\/es\/practice-areas\/\" title=\"Practice Areas\">Practice Areas<\/a>\n<\/span><span class=\"aioseo-breadcrumb-separator\">&raquo;<\/span><span class=\"aioseo-breadcrumb\">\n\t<a href=\"https:\/\/844spartan.com\/es\/practice-areas\/car-accident-lawyer\/\" title=\"Car Accident Lawyer\">Car Accident Lawyer<\/a>\n<\/span><span class=\"aioseo-breadcrumb-separator\">&raquo;<\/span><span class=\"aioseo-breadcrumb\">\n\tDUI Accidents\n<\/span><\/div>","aioseo_breadcrumb_json":[{"label":"Home","link":"https:\/\/844spartan.com\/es"},{"label":"Practice Areas","link":"https:\/\/844spartan.com\/es\/practice-areas\/"},{"label":"Car Accident Lawyer","link":"https:\/\/844spartan.com\/es\/practice-areas\/car-accident-lawyer\/"},{"label":"DUI Accidents","link":"https:\/\/844spartan.com\/es\/practice-areas\/car-accident-lawyer\/dui-accidents\/"}],"_links":{"self":[{"href":"https:\/\/844spartan.com\/es\/wp-json\/wp\/v2\/pages\/706","targetHints":{"allow":["GET"]}}],"collection":[{"href":"https:\/\/844spartan.com\/es\/wp-json\/wp\/v2\/pages"}],"about":[{"href":"https:\/\/844spartan.com\/es\/wp-json\/wp\/v2\/types\/page"}],"author":[{"embeddable":true,"href":"https:\/\/844spartan.com\/es\/wp-json\/wp\/v2\/users\/5"}],"replies":[{"embeddable":true,"href":"https:\/\/844spartan.com\/es\/wp-json\/wp\/v2\/comments?post=706"}],"version-history":[{"count":0,"href":"https:\/\/844spartan.com\/es\/wp-json\/wp\/v2\/pages\/706\/revisions"}],"up":[{"embeddable":true,"href":"https:\/\/844spartan.com\/es\/wp-json\/wp\/v2\/pages\/154"}],"wp:attachment":[{"href":"https:\/\/844spartan.com\/es\/wp-json\/wp\/v2\/media?parent=706"}],"wp:term":[{"taxonomy":"category","embeddable":true,"href":"https:\/\/844spartan.com\/es\/wp-json\/wp\/v2\/categories?post=706"},{"taxonomy":"post_tag","embeddable":true,"href":"https:\/\/844spartan.com\/es\/wp-json\/wp\/v2\/tags?post=706"}],"curies":[{"name":"wp","href":"https:\/\/api.w.org\/{rel}","templated":true}]}}