{"id":708,"date":"2025-06-10T13:10:37","date_gmt":"2025-06-10T13:10:37","guid":{"rendered":"https:\/\/spartanlawgroup.com\/?page_id=708"},"modified":"2025-09-12T10:51:50","modified_gmt":"2025-09-12T10:51:50","slug":"preguntas-mas-frecuentes","status":"publish","type":"page","link":"https:\/\/844spartan.com\/es\/practice-areas\/car-accident-lawyer\/frequently-asked-questions\/","title":{"rendered":"Preguntas frecuentes"},"content":{"rendered":"<p>Si usted o un ser querido result\u00f3 herido en un accidente de coche en Atlanta, GA, se enfrentar\u00e1 a desaf\u00edos inesperados debido al accidente. Despu\u00e9s de un accidente de coche, las v\u00edctimas lesionadas pueden experimentar gastos m\u00e9dicos, da\u00f1os al veh\u00edculo, p\u00e9rdida de ingresos debido a la falta de trabajo, dolor y sufrimiento, y otras p\u00e9rdidas. Cuando el accidente fue causado por la negligencia de otro conductor, usted puede buscar el pago del conductor culpable por sus p\u00e9rdidas.<\/p>\n<p>La mayor\u00eda de las v\u00edctimas de accidentes de coche tienen muchas preguntas despu\u00e9s de que ocurra un accidente. Los conductores lesionados querr\u00e1n saber qu\u00e9 sucede a continuaci\u00f3n y cu\u00e1les son sus opciones legales. Los abogados de accidentes de coche de Atlanta en\u00a0<a href=\"\/es\/acerca-de\/\">Spartan Accidentes de Coche y Lesiones Personales Abogados<\/a>\u00a0puede responder a sus preguntas y ayudarle a iniciar su demanda por lesiones personales despu\u00e9s de un accidente de coche.\u00a0<a href=\"\/es\/contacto\/\">P\u00f3ngase en contacto con<\/a>\u00a0nuestro bufete de abogados en Atlanta, Georgia, hoy en\u00a0<a href=\"tel:+18447727826\">(844) 772-7826<\/a>\u00a0para concertar una consulta con un\u00a0<a href=\"https:\/\/844spartan.com\/es\/areas-de-practica\/abogado-de-accidente-de-coche\/\">Atlanta abogado de accidente de coche<\/a>.<\/p>\n<p>Aqu\u00ed, vamos a responder a algunas preguntas frecuentes despu\u00e9s de un accidente de coche en Atlanta.<\/p>\n<h2>\u00bfC\u00f3mo puede Spartan accidente de coche y lesiones personales abogados ayudan despu\u00e9s de un accidente de coche en Atlanta?<\/h2>\n<p><img loading=\"lazy\" decoding=\"async\" class=\"alignnone wp-image-739 size-full\" src=\"https:\/\/844spartan.com\/wp-content\/uploads\/2025\/06\/Distracted-Driving.jpg\" alt=\"Conducci\u00f3n distra\u00edda\" width=\"768\" height=\"512\" srcset=\"https:\/\/844spartan.com\/wp-content\/uploads\/2025\/06\/Distracted-Driving.jpg 768w, https:\/\/844spartan.com\/wp-content\/uploads\/2025\/06\/Distracted-Driving-300x200.jpg 300w\" sizes=\"auto, (max-width: 768px) 100vw, 768px\" \/><\/p>\n<p>Ya sea que usted est\u00e1 negociando una reclamaci\u00f3n de seguros o la necesidad de presentar una demanda por lesiones personales, un abogado de accidente de coche Atlanta le puede ayudar en cada paso del camino.<\/p>\n<p>Cuando usted contrata a Spartan Car Accident &amp; Personal Injury Lawyers, nuestros abogados de lesiones personales de Atlanta lo har\u00e1n:<\/p>\n<ul>\n<li>Investigar los hechos de su accidente para determinar la responsabilidad y su estrategia legal.<\/li>\n<li>Presentar su reclamaci\u00f3n al seguro y negociar con las aseguradoras<\/li>\n<li>Calcule el valor total de su reclamaci\u00f3n y luche por la cantidad que se merece<\/li>\n<li>Gestionar todas las negociaciones, tr\u00e1mites y presentaciones relacionadas con su reclamaci\u00f3n.<\/li>\n<li>Re\u00fana todas las pruebas y documentaci\u00f3n necesarias para probar su caso<\/li>\n<li>Contratar testigos expertos para que testifiquen en su caso<\/li>\n<li>Manejamos todas las fases de una demanda por accidente automovil\u00edstico, hasta llegar a un juicio con jurado cuando es necesario.<\/li>\n<\/ul>\n<p>Entendemos las dificultades f\u00edsicas, emocionales y financieras que una v\u00edctima de accidente de coche puede enfrentar despu\u00e9s de un accidente de coche grave. Nuestro equipo legal dedicado har\u00e1 todo el trabajo duro necesario para asegurar una compensaci\u00f3n financiera justa en su nombre.<\/p>\n<h2>\u00bfQu\u00e9 debo hacer despu\u00e9s de un accidente de coche en Atlanta?<\/h2>\n<p>Inmediatamente despu\u00e9s de un accidente de coche, puedes sentirte conmocionado e inseguro sobre qu\u00e9 hacer. Si te es f\u00edsicamente posible, haz fotos y graba v\u00eddeos cuando sea posible y anota todos los detalles del lugar del accidente. Comun\u00edcate con las fuerzas de seguridad si est\u00e1n all\u00ed para investigar, y obt\u00e9n informaci\u00f3n de cualquier testigo presencial si puedes. Aseg\u00farate de no hacer ninguna declaraci\u00f3n que te implique en el accidente ni admitas la culpa sin hablar antes con un abogado.<\/p>\n<p>Lo siguiente que debes hacer es buscar tratamiento m\u00e9dico de inmediato. Es posible que no conozcas el alcance de tus lesiones o que al principio pienses que no te has hecho mucho da\u00f1o. Sin embargo, muchas lesiones y afecciones no son evidentes de inmediato y pueden surgir en los d\u00edas o semanas posteriores a un accidente. Si te saltas el tratamiento m\u00e9dico, eso puede ser malo para tu salud y tambi\u00e9n perjudicial para una posible demanda por lesiones personales.<\/p>\n<h2>\u00bfC\u00f3mo demuestro que el otro conductor tuvo la culpa del accidente?<\/h2>\n<p>Demostrar que el otro conductor tuvo la culpa significa demostrar negligencia por su parte.<\/p>\n<p><a href=\"https:\/\/www.law.cornell.edu\/wex\/negligence\">Negligencia<\/a>\u00a0en una demanda por accidente de coche en Georgia implica cuatro elementos clave:<\/p>\n<ol>\n<li><strong>Deber de diligencia:\u00a0<\/strong>El otro conductor ten\u00eda la responsabilidad de conducir con seguridad, respetar las leyes de tr\u00e1fico e intentar evitar accidentes;<\/li>\n<li><strong>Incumplimiento del deber:\u00a0<\/strong>Esto implica no actuar como lo habr\u00eda hecho un conductor razonable en la misma situaci\u00f3n;<\/li>\n<li><strong>Causalidad:\u00a0<\/strong>El demandante debe demostrar que existe una relaci\u00f3n causal entre el incumplimiento de una obligaci\u00f3n y sus lesiones;<\/li>\n<li><strong>Da\u00f1os y perjuicios:\u00a0<\/strong>Se trata de las p\u00e9rdidas reales sufridas a causa del accidente, como facturas m\u00e9dicas, p\u00e9rdida de salarios, angustia emocional y otros gastos.<\/li>\n<\/ol>\n<p>Un abogado con experiencia en accidentes de coche en Atlanta puede ayudar a los clientes lesionados a utilizar las pruebas para demostrar la responsabilidad en una demanda por accidente de coche.<\/p>\n<h2>\u00bfQu\u00e9 da\u00f1os y perjuicios puedo reclamar tras un accidente de tr\u00e1fico?<\/h2>\n<p>Las v\u00edctimas de un accidente de coche en Atlanta pueden presentar una reclamaci\u00f3n al seguro para obtener una recuperaci\u00f3n financiera, presentar una demanda por lesiones personales, o ambas cosas.<\/p>\n<p>Los da\u00f1os y perjuicios en las demandas por accidente de tr\u00e1fico suelen dividirse en dos categor\u00edas: da\u00f1os econ\u00f3micos y da\u00f1os no econ\u00f3micos. S\u00f3lo en raras circunstancias puede un demandante solicitar da\u00f1os punitivos en un caso de accidente de coche.<\/p>\n<p>Los da\u00f1os econ\u00f3micos son las p\u00e9rdidas financieras reales, como gastos m\u00e9dicos, p\u00e9rdida de ingresos, reducci\u00f3n de ingresos futuros y gastos m\u00e9dicos futuros.<\/p>\n<p>Los da\u00f1os no econ\u00f3micos son las p\u00e9rdidas \u201cintangibles\u201d, como la angustia emocional, la p\u00e9rdida de compa\u00f1\u00eda, el dolor y el sufrimiento, y otros costes de un accidente que a menudo pasan desapercibidos. Los da\u00f1os no econ\u00f3micos suelen calcularse por el m\u00e9todo del \u201cmultiplicador\u201d, es decir, entre 1,5 y 5 veces m\u00e1s que el total de los da\u00f1os econ\u00f3micos.<\/p>\n<h2>\u00bfCu\u00e1l es el plazo para presentar una demanda por accidente de coche en Georgia?<\/h2>\n<p>Georgia\u00a0<a href=\"https:\/\/law.justia.com\/codes\/georgia\/2014\/title-9\/chapter-3\/article-2\/section-9-3-33\/\">prescripci\u00f3n<\/a>\u00a0da a los demandantes un plazo de dos a\u00f1os para presentar una demanda por accidente de tr\u00e1fico. El plazo de dos a\u00f1os por lo general comienza a correr en la fecha del accidente a menos que se aplique una excepci\u00f3n. Si usted no presenta su demanda dentro del estatuto de limitaciones de Georgia, podr\u00eda perder para siempre su derecho legal a demandar por da\u00f1os y perjuicios. Un abogado experto en lesiones personales se asegurar\u00e1 de que su caso est\u00e9 listo para presentar y que no se pierda ning\u00fan plazo.<\/p>\n<h2>P\u00f3ngase en contacto con un abogado de accidentes de coche de Atlanta para una consulta gratuita<\/h2>\n<p>Si usted fue herido en un accidente de coche en Atlanta, Georgia, es importante actuar con rapidez y tener sus preguntas contestadas. Cuanto antes pueda recibir un acuerdo financiero para cubrir sus p\u00e9rdidas por el accidente, m\u00e1s pronto podr\u00e1 sanar y seguir adelante. P\u00f3ngase en contacto con Spartan Car Accident &amp; Personal Injury Lawyers para programar un\u00a0<a href=\"https:\/\/844spartan.com\/es\/recursos-sobre-lesiones-personales\/seis-preguntas-que-debe-hacer-a-un-abogado-de-lesiones-personales-durante-una-consulta-gratuita\/\">consulta gratuita<\/a>\u00a0hoy con un abogado de accidentes de coche de Atlanta.<\/p>","protected":false},"excerpt":{"rendered":"<p>If you or a loved one were injured in a car accident in Atlanta, GA, you will face unexpected challenges due to the accident. After a car accident, injured victims can experience medical costs, vehicle damage, lost income due to missed work, pain and suffering, and other losses. When the accident was caused by the&hellip;<\/p>","protected":false},"author":5,"featured_media":0,"parent":154,"menu_order":0,"comment_status":"closed","ping_status":"closed","template":"","meta":{"_monsterinsights_skip_tracking":false,"_monsterinsights_sitenote_active":false,"_monsterinsights_sitenote_note":"","_monsterinsights_sitenote_category":0,"footnotes":""},"categories":[],"tags":[],"class_list":["post-708","page","type-page","status-publish","hentry","entry","no-media"],"aioseo_notices":[],"aioseo_head":"\n\t\t<!-- All in One SEO Pro 4.9.6.2 - aioseo.com -->\n\t<meta name=\"description\" content=\"Answers from skilled personal injury lawyers to common accident questions. Find out how we can help today.\" \/>\n\t<meta name=\"robots\" content=\"max-image-preview:large\" \/>\n\t<link rel=\"canonical\" href=\"https:\/\/844spartan.com\/es\/practice-areas\/car-accident-lawyer\/frequently-asked-questions\/\" \/>\n\t<meta name=\"generator\" content=\"All in One SEO Pro (AIOSEO) 4.9.6.2\" \/>\n\t\t<meta property=\"og:locale\" content=\"es_ES\" \/>\n\t\t<meta property=\"og:site_name\" content=\"844-SPARTAN - 844-SPARTAN\" \/>\n\t\t<meta property=\"og:type\" content=\"article\" \/>\n\t\t<meta property=\"og:title\" content=\"Car Accident Injury FAQs\" \/>\n\t\t<meta property=\"og:description\" content=\"Answers from skilled personal injury lawyers to common accident questions. Find out how we can help today.\" \/>\n\t\t<meta property=\"og:url\" content=\"https:\/\/844spartan.com\/es\/practice-areas\/car-accident-lawyer\/frequently-asked-questions\/\" \/>\n\t\t<meta property=\"article:published_time\" content=\"2025-06-10T13:10:37+00:00\" \/>\n\t\t<meta property=\"article:modified_time\" content=\"2025-09-12T10:51:50+00:00\" \/>\n\t\t<meta name=\"twitter:card\" content=\"summary_large_image\" \/>\n\t\t<meta name=\"twitter:title\" content=\"Car Accident Injury FAQs\" \/>\n\t\t<meta name=\"twitter:description\" content=\"Answers from skilled personal injury lawyers to common accident questions. Find out how we can help today.\" \/>\n\t\t<script type=\"application\/ld+json\" class=\"aioseo-schema\">\n\t\t\t{\"@context\":\"https:\\\/\\\/schema.org\",\"@graph\":[{\"@type\":\"BreadcrumbList\",\"@id\":\"https:\\\/\\\/844spartan.com\\\/es\\\/practice-areas\\\/car-accident-lawyer\\\/frequently-asked-questions\\\/#breadcrumblist\",\"itemListElement\":[{\"@type\":\"ListItem\",\"@id\":\"https:\\\/\\\/844spartan.com\\\/es#listItem\",\"position\":1,\"name\":\"Home\",\"item\":\"https:\\\/\\\/844spartan.com\\\/es\",\"nextItem\":{\"@type\":\"ListItem\",\"@id\":\"https:\\\/\\\/844spartan.com\\\/es\\\/practice-areas\\\/#listItem\",\"name\":\"Practice Areas\"}},{\"@type\":\"ListItem\",\"@id\":\"https:\\\/\\\/844spartan.com\\\/es\\\/practice-areas\\\/#listItem\",\"position\":2,\"name\":\"Practice Areas\",\"item\":\"https:\\\/\\\/844spartan.com\\\/es\\\/practice-areas\\\/\",\"nextItem\":{\"@type\":\"ListItem\",\"@id\":\"https:\\\/\\\/844spartan.com\\\/es\\\/practice-areas\\\/car-accident-lawyer\\\/#listItem\",\"name\":\"Car Accident Lawyer\"},\"previousItem\":{\"@type\":\"ListItem\",\"@id\":\"https:\\\/\\\/844spartan.com\\\/es#listItem\",\"name\":\"Home\"}},{\"@type\":\"ListItem\",\"@id\":\"https:\\\/\\\/844spartan.com\\\/es\\\/practice-areas\\\/car-accident-lawyer\\\/#listItem\",\"position\":3,\"name\":\"Car Accident Lawyer\",\"item\":\"https:\\\/\\\/844spartan.com\\\/es\\\/practice-areas\\\/car-accident-lawyer\\\/\",\"nextItem\":{\"@type\":\"ListItem\",\"@id\":\"https:\\\/\\\/844spartan.com\\\/es\\\/practice-areas\\\/car-accident-lawyer\\\/frequently-asked-questions\\\/#listItem\",\"name\":\"Frequently Asked Questions\"},\"previousItem\":{\"@type\":\"ListItem\",\"@id\":\"https:\\\/\\\/844spartan.com\\\/es\\\/practice-areas\\\/#listItem\",\"name\":\"Practice Areas\"}},{\"@type\":\"ListItem\",\"@id\":\"https:\\\/\\\/844spartan.com\\\/es\\\/practice-areas\\\/car-accident-lawyer\\\/frequently-asked-questions\\\/#listItem\",\"position\":4,\"name\":\"Frequently Asked Questions\",\"previousItem\":{\"@type\":\"ListItem\",\"@id\":\"https:\\\/\\\/844spartan.com\\\/es\\\/practice-areas\\\/car-accident-lawyer\\\/#listItem\",\"name\":\"Car Accident Lawyer\"}}]},{\"@type\":\"Organization\",\"@id\":\"https:\\\/\\\/844spartan.com\\\/es\\\/#organization\",\"name\":\"Spartan Law Group\",\"description\":\"844-SPARTAN\",\"url\":\"https:\\\/\\\/844spartan.com\\\/es\\\/\",\"address\":{\"@id\":\"https:\\\/\\\/844spartan.com\\\/es\\\/#postaladdress\",\"@type\":\"PostalAddress\",\"streetAddress\":\"200 Sandy Springs Pl NE,\",\"postalCode\":\"30328\",\"addressLocality\":\"Sandy Springs\",\"addressRegion\":\"GA\",\"addressCountry\":\"US\"}},{\"@type\":\"WebPage\",\"@id\":\"https:\\\/\\\/844spartan.com\\\/es\\\/practice-areas\\\/car-accident-lawyer\\\/frequently-asked-questions\\\/#webpage\",\"url\":\"https:\\\/\\\/844spartan.com\\\/es\\\/practice-areas\\\/car-accident-lawyer\\\/frequently-asked-questions\\\/\",\"name\":\"Car Accident Injury FAQs\",\"description\":\"Answers from skilled personal injury lawyers to common accident questions. Find out how we can help today.\",\"inLanguage\":\"es-ES\",\"isPartOf\":{\"@id\":\"https:\\\/\\\/844spartan.com\\\/es\\\/#website\"},\"breadcrumb\":{\"@id\":\"https:\\\/\\\/844spartan.com\\\/es\\\/practice-areas\\\/car-accident-lawyer\\\/frequently-asked-questions\\\/#breadcrumblist\"},\"datePublished\":\"2025-06-10T13:10:37-04:00\",\"dateModified\":\"2025-09-12T10:51:50-04:00\"},{\"@type\":\"WebSite\",\"@id\":\"https:\\\/\\\/844spartan.com\\\/es\\\/#website\",\"url\":\"https:\\\/\\\/844spartan.com\\\/es\\\/\",\"name\":\"844-SPARTAN\",\"description\":\"844-SPARTAN\",\"inLanguage\":\"es-ES\",\"publisher\":{\"@id\":\"https:\\\/\\\/844spartan.com\\\/es\\\/#organization\"}}]}\n\t\t<\/script>\n\t\t<!-- All in One SEO Pro -->\r\n\t\t<title>Car Accident Injury FAQs<\/title>\n\n","aioseo_head_json":{"title":"Preguntas frecuentes sobre lesiones por accidente de tr\u00e1fico","description":"Respuestas de abogados expertos en lesiones personales a preguntas habituales sobre accidentes. Descubra c\u00f3mo podemos ayudarle hoy mismo.","canonical_url":"https:\/\/844spartan.com\/es\/practice-areas\/car-accident-lawyer\/frequently-asked-questions\/","robots":"max-image-preview:large","keywords":"","webmasterTools":{"miscellaneous":""},"schema":{"@context":"https:\/\/schema.org","@graph":[{"@type":"BreadcrumbList","@id":"https:\/\/844spartan.com\/es\/practice-areas\/car-accident-lawyer\/frequently-asked-questions\/#breadcrumblist","itemListElement":[{"@type":"ListItem","@id":"https:\/\/844spartan.com\/es#listItem","position":1,"name":"Home","item":"https:\/\/844spartan.com\/es","nextItem":{"@type":"ListItem","@id":"https:\/\/844spartan.com\/es\/practice-areas\/#listItem","name":"Practice Areas"}},{"@type":"ListItem","@id":"https:\/\/844spartan.com\/es\/practice-areas\/#listItem","position":2,"name":"Practice Areas","item":"https:\/\/844spartan.com\/es\/practice-areas\/","nextItem":{"@type":"ListItem","@id":"https:\/\/844spartan.com\/es\/practice-areas\/car-accident-lawyer\/#listItem","name":"Car Accident Lawyer"},"previousItem":{"@type":"ListItem","@id":"https:\/\/844spartan.com\/es#listItem","name":"Home"}},{"@type":"ListItem","@id":"https:\/\/844spartan.com\/es\/practice-areas\/car-accident-lawyer\/#listItem","position":3,"name":"Car Accident Lawyer","item":"https:\/\/844spartan.com\/es\/practice-areas\/car-accident-lawyer\/","nextItem":{"@type":"ListItem","@id":"https:\/\/844spartan.com\/es\/practice-areas\/car-accident-lawyer\/frequently-asked-questions\/#listItem","name":"Frequently Asked Questions"},"previousItem":{"@type":"ListItem","@id":"https:\/\/844spartan.com\/es\/practice-areas\/#listItem","name":"Practice Areas"}},{"@type":"ListItem","@id":"https:\/\/844spartan.com\/es\/practice-areas\/car-accident-lawyer\/frequently-asked-questions\/#listItem","position":4,"name":"Frequently Asked Questions","previousItem":{"@type":"ListItem","@id":"https:\/\/844spartan.com\/es\/practice-areas\/car-accident-lawyer\/#listItem","name":"Car Accident Lawyer"}}]},{"@type":"Organization","@id":"https:\/\/844spartan.com\/es\/#organization","name":"Spartan Law Group","description":"844-SPARTAN","url":"https:\/\/844spartan.com\/es\/","address":{"@id":"https:\/\/844spartan.com\/es\/#postaladdress","@type":"PostalAddress","streetAddress":"200 Sandy Springs Pl NE,","postalCode":"30328","addressLocality":"Sandy Springs","addressRegion":"GA","addressCountry":"US"}},{"@type":"WebPage","@id":"https:\/\/844spartan.com\/es\/practice-areas\/car-accident-lawyer\/frequently-asked-questions\/#webpage","url":"https:\/\/844spartan.com\/es\/practice-areas\/car-accident-lawyer\/frequently-asked-questions\/","name":"Car Accident Injury FAQs","description":"Answers from skilled personal injury lawyers to common accident questions. Find out how we can help today.","inLanguage":"es-ES","isPartOf":{"@id":"https:\/\/844spartan.com\/es\/#website"},"breadcrumb":{"@id":"https:\/\/844spartan.com\/es\/practice-areas\/car-accident-lawyer\/frequently-asked-questions\/#breadcrumblist"},"datePublished":"2025-06-10T13:10:37-04:00","dateModified":"2025-09-12T10:51:50-04:00"},{"@type":"WebSite","@id":"https:\/\/844spartan.com\/es\/#website","url":"https:\/\/844spartan.com\/es\/","name":"844-SPARTAN","description":"844-SPARTAN","inLanguage":"es-ES","publisher":{"@id":"https:\/\/844spartan.com\/es\/#organization"}}]},"og:locale":"es_ES","og:site_name":"844-SPARTAN - 844-SPARTAN","og:type":"article","og:title":"Car Accident Injury FAQs","og:description":"Answers from skilled personal injury lawyers to common accident questions. Find out how we can help today.","og:url":"https:\/\/844spartan.com\/es\/practice-areas\/car-accident-lawyer\/frequently-asked-questions\/","article:published_time":"2025-06-10T13:10:37+00:00","article:modified_time":"2025-09-12T10:51:50+00:00","twitter:card":"summary_large_image","twitter:title":"Car Accident Injury FAQs","twitter:description":"Answers from skilled personal injury lawyers to common accident questions. Find out how we can help today."},"aioseo_meta_data":{"post_id":"708","title":"Preguntas frecuentes sobre lesiones por accidente de tr\u00e1fico","description":"Respuestas de abogados expertos en lesiones personales a preguntas habituales sobre accidentes. Descubra c\u00f3mo podemos ayudarle hoy mismo.","keywords":null,"keyphrases":{"focus":{"keyphrase":"Frequently Asked Questions","score":43,"analysis":{"keyphraseInTitle":{"score":3,"maxScore":9,"error":1},"keyphraseInDescription":{"score":3,"maxScore":9,"error":1},"keyphraseLength":{"score":9,"maxScore":9,"error":0,"length":3},"keyphraseInURL":{"score":5,"maxScore":5,"error":0},"keyphraseInIntroduction":{"score":3,"maxScore":9,"error":1},"keyphraseInSubHeadings":{"score":3,"maxScore":9,"error":1},"keyphraseInImageAlt":{"score":3,"maxScore":9,"error":1},"keywordDensity":{"score":0,"type":"low","maxScore":9,"error":1}}},"additional":[]},"primary_term":null,"canonical_url":null,"og_title":null,"og_description":null,"og_object_type":"default","og_image_type":"default","og_image_url":null,"og_image_width":null,"og_image_height":null,"og_image_custom_url":null,"og_image_custom_fields":null,"og_video":"","og_custom_url":null,"og_article_section":null,"og_article_tags":null,"twitter_use_og":false,"twitter_card":"default","twitter_image_type":"default","twitter_image_url":null,"twitter_image_custom_url":null,"twitter_image_custom_fields":null,"twitter_title":null,"twitter_description":null,"schema":{"blockGraphs":[],"customGraphs":[],"default":{"data":{"Article":[],"Course":[],"Dataset":[],"FAQPage":[],"Movie":[],"Person":[],"Product":[],"ProductReview":[],"Car":[],"Recipe":[],"Service":[],"SoftwareApplication":[],"WebPage":[]},"graphName":"WebPage","isEnabled":true},"graphs":[]},"schema_type":"default","schema_type_options":null,"pillar_content":false,"robots_default":true,"robots_noindex":false,"robots_noarchive":false,"robots_nosnippet":false,"robots_nofollow":false,"robots_noimageindex":false,"robots_noodp":false,"robots_notranslate":false,"robots_max_snippet":"-1","robots_max_videopreview":"-1","robots_max_imagepreview":"large","priority":null,"frequency":"default","local_seo":null,"seo_analyzer_scan_date":"2025-09-12 10:53:35","breadcrumb_settings":null,"limit_modified_date":false,"open_ai":null,"ai":{"faqs":[],"keyPoints":[],"titles":[],"descriptions":[],"socialPosts":{"email":[],"linkedin":[],"twitter":[],"facebook":[],"instagram":[]}},"created":"2025-06-20 09:59:35","updated":"2025-10-21 22:23:49"},"aioseo_breadcrumb":"<div class=\"aioseo-breadcrumbs\"><span class=\"aioseo-breadcrumb\">\n\t<a href=\"https:\/\/844spartan.com\/es\" title=\"Home\">Home<\/a>\n<\/span><span class=\"aioseo-breadcrumb-separator\">&raquo;<\/span><span class=\"aioseo-breadcrumb\">\n\t<a href=\"https:\/\/844spartan.com\/es\/practice-areas\/\" title=\"Practice Areas\">Practice Areas<\/a>\n<\/span><span class=\"aioseo-breadcrumb-separator\">&raquo;<\/span><span class=\"aioseo-breadcrumb\">\n\t<a href=\"https:\/\/844spartan.com\/es\/practice-areas\/car-accident-lawyer\/\" title=\"Car Accident Lawyer\">Car Accident Lawyer<\/a>\n<\/span><span class=\"aioseo-breadcrumb-separator\">&raquo;<\/span><span class=\"aioseo-breadcrumb\">\n\tFrequently Asked Questions\n<\/span><\/div>","aioseo_breadcrumb_json":[{"label":"Home","link":"https:\/\/844spartan.com\/es"},{"label":"Practice Areas","link":"https:\/\/844spartan.com\/es\/practice-areas\/"},{"label":"Car Accident Lawyer","link":"https:\/\/844spartan.com\/es\/practice-areas\/car-accident-lawyer\/"},{"label":"Frequently Asked Questions","link":"https:\/\/844spartan.com\/es\/practice-areas\/car-accident-lawyer\/frequently-asked-questions\/"}],"_links":{"self":[{"href":"https:\/\/844spartan.com\/es\/wp-json\/wp\/v2\/pages\/708","targetHints":{"allow":["GET"]}}],"collection":[{"href":"https:\/\/844spartan.com\/es\/wp-json\/wp\/v2\/pages"}],"about":[{"href":"https:\/\/844spartan.com\/es\/wp-json\/wp\/v2\/types\/page"}],"author":[{"embeddable":true,"href":"https:\/\/844spartan.com\/es\/wp-json\/wp\/v2\/users\/5"}],"replies":[{"embeddable":true,"href":"https:\/\/844spartan.com\/es\/wp-json\/wp\/v2\/comments?post=708"}],"version-history":[{"count":0,"href":"https:\/\/844spartan.com\/es\/wp-json\/wp\/v2\/pages\/708\/revisions"}],"up":[{"embeddable":true,"href":"https:\/\/844spartan.com\/es\/wp-json\/wp\/v2\/pages\/154"}],"wp:attachment":[{"href":"https:\/\/844spartan.com\/es\/wp-json\/wp\/v2\/media?parent=708"}],"wp:term":[{"taxonomy":"category","embeddable":true,"href":"https:\/\/844spartan.com\/es\/wp-json\/wp\/v2\/categories?post=708"},{"taxonomy":"post_tag","embeddable":true,"href":"https:\/\/844spartan.com\/es\/wp-json\/wp\/v2\/tags?post=708"}],"curies":[{"name":"wp","href":"https:\/\/api.w.org\/{rel}","templated":true}]}}