{"id":710,"date":"2025-06-10T13:10:47","date_gmt":"2025-06-10T13:10:47","guid":{"rendered":"https:\/\/spartanlawgroup.com\/?page_id=710"},"modified":"2026-03-06T11:30:00","modified_gmt":"2026-03-06T11:30:00","slug":"choques-frontales","status":"publish","type":"page","link":"https:\/\/844spartan.com\/es\/practice-areas\/car-accident-lawyer\/head-on-crashes\/","title":{"rendered":"Choques frontales"},"content":{"rendered":"<p>Los choques frontales se encuentran entre los tipos m\u00e1s graves de accidentes automovil\u00edsticos, a menudo resultando en lesiones significativas o incluso la muerte. Si usted ha estado involucrado en un choque frontal en Atlanta, GA, nuestros abogados con experiencia en choques frontales de Atlanta en\u00a0<a href=\"\/es\/acerca-de\/\">Spartan Accidentes de Coche y Lesiones Personales Abogados<\/a>\u00a0est\u00e1n aqu\u00ed para ayudarle a determinar su derecho a una indemnizaci\u00f3n.<\/p>\n<p>Con m\u00e1s de 75 a\u00f1os de experiencia legal combinada y m\u00e1s de $250 millones recuperados para nuestros clientes, nos dedicamos a defender sus derechos. Nos esforzaremos para asegurar la compensaci\u00f3n necesaria para su recuperaci\u00f3n.<\/p>\n<p><a href=\"\/es\/contacto\/\">P\u00f3ngase en contacto con<\/a>\u00a0nuestras oficinas en Atlanta, Georgia, hoy para programar una consulta gratuita en\u00a0<a href=\"tel:+18447727826\">(844) 772-7826<\/a>. Revisaremos su caso y discutiremos las opciones disponibles con usted. Gracias a nuestra estructura de pago de honorarios de contingencia, usted no tiene que preocuparse por los costos por adelantado-s\u00f3lo paga si ganamos.<\/p>\n<p><a href=\"\/es\/contacto\/\">Ac\u00e9rcate a<\/a>\u00a0un\u00a0<a href=\"https:\/\/844spartan.com\/es\/areas-de-practica\/abogado-de-accidente-de-coche\/\">Atlanta abogado de accidente de coche<\/a> hoy para una evaluaci\u00f3n gratuita de su caso para proteger sus derechos y comenzar el proceso legal.<\/p>\n<h2>C\u00f3mo Spartan accidente de coche y lesiones personales abogados pueden ayudar despu\u00e9s de un accidente de coche de frente en Atlanta<\/h2>\n<p><img loading=\"lazy\" decoding=\"async\" class=\"alignnone wp-image-748 size-full\" src=\"https:\/\/844spartan.com\/wp-content\/uploads\/2025\/06\/Head-on-Crashes.jpg\" alt=\"Choques frontales\" width=\"768\" height=\"509\" srcset=\"https:\/\/844spartan.com\/wp-content\/uploads\/2025\/06\/Head-on-Crashes.jpg 768w, https:\/\/844spartan.com\/wp-content\/uploads\/2025\/06\/Head-on-Crashes-300x199.jpg 300w\" sizes=\"auto, (max-width: 768px) 100vw, 768px\" \/><\/p>\n<p>Los choques frontales son especialmente angustiosos, ya que a menudo se ve acercarse el peligro pero no se puede evitar. La carga adicional de las crecientes facturas m\u00e9dicas y otros gastos puede intensificar el sentimiento de impotencia.<\/p>\n<p>En tiempos tan dif\u00edciles, no deber\u00eda tener que estresarse por las finanzas. Usted ya tiene suficiente en su plato, recuper\u00e1ndose de lesiones f\u00edsicas y emocionales. Aqu\u00ed es donde nuestros abogados de lesiones personales de Atlanta en Spartan Car Accident &amp; Personal Injury Lawyers pueden ayudar.<\/p>\n<p>Al contratar nuestros servicios para su caso de choque frontal en Atlanta, Georgia, nuestros abogados de accidentes de coche de Atlanta inmediatamente:<\/p>\n<ul>\n<li>Llevar a cabo una investigaci\u00f3n independiente para determinar c\u00f3mo se produjo el accidente e identificar a las partes responsables.<\/li>\n<li>Reunir pruebas cruciales, incluidos informes policiales, historiales hospitalarios, declaraciones de testigos y cualquier grabaci\u00f3n de v\u00eddeo disponible.<\/li>\n<li>Recurra a reconstructores de accidentes y otros expertos que puedan testificar a su favor.<\/li>\n<li>Desarrollar una estrategia jur\u00eddica global y evaluar sus da\u00f1os<\/li>\n<li>Negociar con las compa\u00f1\u00edas de seguros y otras partes implicadas.<\/li>\n<li>Representarle ante los tribunales si no se llega a un acuerdo.<\/li>\n<\/ul>\n<p>Nos comprometemos a mantener una comunicaci\u00f3n abierta y a involucrarle en todas las decisiones cr\u00edticas a lo largo de su caso. Una fuerte relaci\u00f3n abogado-cliente es vital para un proceso legal fluido y eficaz.<\/p>\n<p>P\u00f3ngase en contacto con nuestros abogados de Atlanta choque frontal hoy para comenzar con su caso.<\/p>\n<h2>\u00bfQu\u00e9 es un choque frontal?<\/h2>\n<p>Clasificadas como uno de los tipos de accidentes m\u00e1s peligrosos, las colisiones frontales ejercen una fuerza inmensa en el momento del impacto. Estos accidentes se producen cuando dos veh\u00edculos que circulan en direcciones opuestas chocan directamente entre s\u00ed.<\/p>\n<p>Las colisiones frontales pueden producirse en varios escenarios, entre ellos:<\/p>\n<ul>\n<li>Conducir por error en direcci\u00f3n contraria<\/li>\n<li>Viajar por el lado equivocado de la\u00a0<a href=\"https:\/\/844spartan.com\/es\/areas-de-practica\/abogado-de-accidente-de-coche\/intersecciones-de-carreteras-mas-peligrosas\/\">carretera<\/a>\u00a0o ir en direcci\u00f3n contraria en una calle de sentido \u00fanico<\/li>\n<li>Intentar adelantar a otro veh\u00edculo en una carretera de dos carriles sin visibilidad clara del tr\u00e1fico que circula en sentido contrario.<\/li>\n<\/ul>\n<p>Estos errores pueden deberse a:<\/p>\n<ul>\n<li>Conducci\u00f3n distra\u00edda<\/li>\n<li>Conducci\u00f3n fatigada<\/li>\n<li><a href=\"https:\/\/844spartan.com\/es\/areas-de-practica\/abogado-de-accidente-de-coche\/accidentes-de-conducir-ebrio\/\">Conducir bajo los efectos del alcohol o las drogas<\/a><\/li>\n<li>Visibilidad reducida<\/li>\n<li>Interpretar mal las se\u00f1ales de tr\u00e1fico<\/li>\n<\/ul>\n<p>Los choques frontales aumentan significativamente el riesgo de lesiones graves y muertes. Si has sufrido un suceso tan traum\u00e1tico, mereces una indemnizaci\u00f3n por tu sufrimiento.<\/p>\n<h2>Lesiones comunes sufridas en colisiones frontales en Atlanta<\/h2>\n<p>Como en cualquier accidente de tr\u00e1fico, las lesiones en choques frontales pueden variar.<\/p>\n<p>Estas lesiones pueden incluir:<\/p>\n<ul>\n<li>Fractura o rotura de huesos<\/li>\n<li>Latigazo cervical<\/li>\n<li>Conmociones cerebrales y otros traumatismos craneales<\/li>\n<li>Lesiones de cuello y espalda<\/li>\n<li>Lesiones tor\u00e1cicas<\/li>\n<li>Lesiones medulares<\/li>\n<li>P\u00e9rdida de extremidades<\/li>\n<li>Par\u00e1lisis<\/li>\n<li>Da\u00f1os en los \u00f3rganos<\/li>\n<li>Traumatismo craneoencef\u00e1lico (TCE)<\/li>\n<\/ul>\n<p>A veces, estas lesiones pueden ser debilitantes y requerir atenci\u00f3n m\u00e9dica de por vida. Tambi\u00e9n pueden conllevar elevadas facturas m\u00e9dicas y otros gastos.<\/p>\n<h2>Responsabilidad por un choque frontal en Atlanta, Georgia<\/h2>\n<p>Georgia opera bajo un \u201c<a href=\"https:\/\/codes.findlaw.com\/ga\/title-51-torts\/ga-code-sect-51-12-33.html\">negligencia comparativa modificada<\/a>\u201d. Si usted contribuy\u00f3 al accidente, su indemnizaci\u00f3n total se reducir\u00e1 en el porcentaje de su culpa. Sin embargo, si se determina que eres 50% o m\u00e1s responsable del accidente, no podr\u00e1s recuperar nada.<\/p>\n<p>Esta es la raz\u00f3n por la que contar con un abogado experimentado y tenaz en accidentes de coche en Atlanta es crucial. Las compa\u00f1\u00edas de seguros har\u00e1n todo lo posible para poner la mayor parte de la culpa del accidente a sus pies para evitar el pago de una reclamaci\u00f3n grande. No vamos a dejar que te culpan injustamente.<\/p>\n<h2>\u00bfCu\u00e1nto tiempo tengo para presentar una demanda despu\u00e9s de un accidente de coche en Georgia?<\/h2>\n<p>La ley de prescripci\u00f3n de Georgia para demandas por lesiones personales, incluidas las derivadas de colisiones frontales, es la siguiente\u00a0<a href=\"https:\/\/codes.findlaw.com\/ga\/title-9-civil-practice\/ga-code-sect-9-3-33.html\">dos a\u00f1os<\/a>\u00a0a partir de la fecha del accidente. Es crucial actuar dentro de este plazo para preservar tu derecho a indemnizaci\u00f3n.<\/p>\n<h2>P\u00f3ngase en contacto con nuestros abogados de Atlanta choque frontal para una consulta gratuita<\/h2>\n<p>En\u00a0<a href=\"\/es\/acerca-de\/\">Spartan Accidentes de Coche y Lesiones Personales Abogados<\/a>, Hemos luchado con \u00e9xito por la compensaci\u00f3n leg\u00edtima de innumerables v\u00edctimas de lesiones por accidente. Estamos comprometidos a trabajar con la misma diligencia para usted.<\/p>\n<p>Hay mucho en juego como para conformarse con cualquier bufete de abogados. Usted necesita Atlanta choque frontal abogados con amplia experiencia y un historial probado de lograr resultados.<\/p>\n<p><a href=\"\/es\/contacto\/\">P\u00f3ngase en contacto con\u00a0<\/a>nuestras oficinas en Atlanta, GA, para empezar. Su primera consulta es absolutamente gratis, y usted no paga nada a menos que ganemos.<\/p>","protected":false},"excerpt":{"rendered":"<p>Head-on crashes are among the most severe types of car accidents, often resulting in significant injury or even death. If you\u2019ve been involved in a head-on collision in Atlanta, GA, our experienced Atlanta head-on crash attorneys at\u00a0Spartan Car Accident &amp; Personal Injury Lawyers\u00a0are here to help you determine your eligibility for compensation. With over 75&hellip;<\/p>","protected":false},"author":5,"featured_media":0,"parent":154,"menu_order":0,"comment_status":"closed","ping_status":"closed","template":"","meta":{"_monsterinsights_skip_tracking":false,"_monsterinsights_sitenote_active":false,"_monsterinsights_sitenote_note":"","_monsterinsights_sitenote_category":0,"footnotes":""},"categories":[],"tags":[],"class_list":["post-710","page","type-page","status-publish","hentry","entry","no-media"],"aioseo_notices":[],"aioseo_head":"\n\t\t<!-- All in One SEO Pro 4.9.6.2 - aioseo.com -->\n\t<meta name=\"description\" content=\"Focused legal help. An personal injury lawyer assists victims of severe head on collisions. Contact us 24\/7. | 844-SPARTAN\" \/>\n\t<meta name=\"robots\" content=\"max-image-preview:large\" \/>\n\t<link rel=\"canonical\" href=\"https:\/\/844spartan.com\/es\/practice-areas\/car-accident-lawyer\/head-on-crashes\/\" \/>\n\t<meta name=\"generator\" content=\"All in One SEO Pro (AIOSEO) 4.9.6.2\" \/>\n\t\t<meta property=\"og:locale\" content=\"es_ES\" \/>\n\t\t<meta property=\"og:site_name\" content=\"844-SPARTAN - 844-SPARTAN\" \/>\n\t\t<meta property=\"og:type\" content=\"article\" \/>\n\t\t<meta property=\"og:title\" content=\"Experienced Personal Injury Lawyer for Head-On Crashes\" \/>\n\t\t<meta property=\"og:description\" content=\"Focused legal help. An personal injury lawyer assists victims of severe head on collisions. Contact us 24\/7. | 844-SPARTAN\" \/>\n\t\t<meta property=\"og:url\" content=\"https:\/\/844spartan.com\/es\/practice-areas\/car-accident-lawyer\/head-on-crashes\/\" \/>\n\t\t<meta property=\"article:published_time\" content=\"2025-06-10T13:10:47+00:00\" \/>\n\t\t<meta property=\"article:modified_time\" content=\"2026-03-06T11:30:00+00:00\" \/>\n\t\t<meta name=\"twitter:card\" content=\"summary_large_image\" \/>\n\t\t<meta name=\"twitter:title\" content=\"Experienced Personal Injury Lawyer for Head-On Crashes\" \/>\n\t\t<meta name=\"twitter:description\" content=\"Focused legal help. An personal injury lawyer assists victims of severe head on collisions. Contact us 24\/7. | 844-SPARTAN\" \/>\n\t\t<script type=\"application\/ld+json\" class=\"aioseo-schema\">\n\t\t\t{\"@context\":\"https:\\\/\\\/schema.org\",\"@graph\":[{\"@type\":\"BreadcrumbList\",\"@id\":\"https:\\\/\\\/844spartan.com\\\/es\\\/practice-areas\\\/car-accident-lawyer\\\/head-on-crashes\\\/#breadcrumblist\",\"itemListElement\":[{\"@type\":\"ListItem\",\"@id\":\"https:\\\/\\\/844spartan.com\\\/es#listItem\",\"position\":1,\"name\":\"Home\",\"item\":\"https:\\\/\\\/844spartan.com\\\/es\",\"nextItem\":{\"@type\":\"ListItem\",\"@id\":\"https:\\\/\\\/844spartan.com\\\/es\\\/practice-areas\\\/#listItem\",\"name\":\"Practice Areas\"}},{\"@type\":\"ListItem\",\"@id\":\"https:\\\/\\\/844spartan.com\\\/es\\\/practice-areas\\\/#listItem\",\"position\":2,\"name\":\"Practice Areas\",\"item\":\"https:\\\/\\\/844spartan.com\\\/es\\\/practice-areas\\\/\",\"nextItem\":{\"@type\":\"ListItem\",\"@id\":\"https:\\\/\\\/844spartan.com\\\/es\\\/practice-areas\\\/car-accident-lawyer\\\/#listItem\",\"name\":\"Car Accident Lawyer\"},\"previousItem\":{\"@type\":\"ListItem\",\"@id\":\"https:\\\/\\\/844spartan.com\\\/es#listItem\",\"name\":\"Home\"}},{\"@type\":\"ListItem\",\"@id\":\"https:\\\/\\\/844spartan.com\\\/es\\\/practice-areas\\\/car-accident-lawyer\\\/#listItem\",\"position\":3,\"name\":\"Car Accident Lawyer\",\"item\":\"https:\\\/\\\/844spartan.com\\\/es\\\/practice-areas\\\/car-accident-lawyer\\\/\",\"nextItem\":{\"@type\":\"ListItem\",\"@id\":\"https:\\\/\\\/844spartan.com\\\/es\\\/practice-areas\\\/car-accident-lawyer\\\/head-on-crashes\\\/#listItem\",\"name\":\"Head-on Crashes\"},\"previousItem\":{\"@type\":\"ListItem\",\"@id\":\"https:\\\/\\\/844spartan.com\\\/es\\\/practice-areas\\\/#listItem\",\"name\":\"Practice Areas\"}},{\"@type\":\"ListItem\",\"@id\":\"https:\\\/\\\/844spartan.com\\\/es\\\/practice-areas\\\/car-accident-lawyer\\\/head-on-crashes\\\/#listItem\",\"position\":4,\"name\":\"Head-on Crashes\",\"previousItem\":{\"@type\":\"ListItem\",\"@id\":\"https:\\\/\\\/844spartan.com\\\/es\\\/practice-areas\\\/car-accident-lawyer\\\/#listItem\",\"name\":\"Car Accident Lawyer\"}}]},{\"@type\":\"Organization\",\"@id\":\"https:\\\/\\\/844spartan.com\\\/es\\\/#organization\",\"name\":\"Spartan Law Group\",\"description\":\"844-SPARTAN\",\"url\":\"https:\\\/\\\/844spartan.com\\\/es\\\/\",\"address\":{\"@id\":\"https:\\\/\\\/844spartan.com\\\/es\\\/#postaladdress\",\"@type\":\"PostalAddress\",\"streetAddress\":\"200 Sandy Springs Pl NE,\",\"postalCode\":\"30328\",\"addressLocality\":\"Sandy Springs\",\"addressRegion\":\"GA\",\"addressCountry\":\"US\"}},{\"@type\":\"WebPage\",\"@id\":\"https:\\\/\\\/844spartan.com\\\/es\\\/practice-areas\\\/car-accident-lawyer\\\/head-on-crashes\\\/#webpage\",\"url\":\"https:\\\/\\\/844spartan.com\\\/es\\\/practice-areas\\\/car-accident-lawyer\\\/head-on-crashes\\\/\",\"name\":\"Experienced Personal Injury Lawyer for Head-On Crashes\",\"description\":\"Focused legal help. An personal injury lawyer assists victims of severe head on collisions. Contact us 24\\\/7. | 844-SPARTAN\",\"inLanguage\":\"es-ES\",\"isPartOf\":{\"@id\":\"https:\\\/\\\/844spartan.com\\\/es\\\/#website\"},\"breadcrumb\":{\"@id\":\"https:\\\/\\\/844spartan.com\\\/es\\\/practice-areas\\\/car-accident-lawyer\\\/head-on-crashes\\\/#breadcrumblist\"},\"datePublished\":\"2025-06-10T13:10:47-04:00\",\"dateModified\":\"2026-03-06T11:30:00-04:00\"},{\"@type\":\"WebSite\",\"@id\":\"https:\\\/\\\/844spartan.com\\\/es\\\/#website\",\"url\":\"https:\\\/\\\/844spartan.com\\\/es\\\/\",\"name\":\"844-SPARTAN\",\"description\":\"844-SPARTAN\",\"inLanguage\":\"es-ES\",\"publisher\":{\"@id\":\"https:\\\/\\\/844spartan.com\\\/es\\\/#organization\"}}]}\n\t\t<\/script>\n\t\t<!-- All in One SEO Pro -->\r\n\t\t<title>Experienced Personal Injury Lawyer for Head-On Crashes<\/title>\n\n","aioseo_head_json":{"title":"Abogado experimentado en lesiones personales por choques frontales","description":"Ayuda jur\u00eddica espec\u00edfica. Un abogado especializado en lesiones personales asiste a las v\u00edctimas de colisiones frontales graves. Contacte con nosotros 24\/7. | 844-SPARTAN","canonical_url":"https:\/\/844spartan.com\/es\/practice-areas\/car-accident-lawyer\/head-on-crashes\/","robots":"max-image-preview:large","keywords":"","webmasterTools":{"miscellaneous":""},"schema":{"@context":"https:\/\/schema.org","@graph":[{"@type":"BreadcrumbList","@id":"https:\/\/844spartan.com\/es\/practice-areas\/car-accident-lawyer\/head-on-crashes\/#breadcrumblist","itemListElement":[{"@type":"ListItem","@id":"https:\/\/844spartan.com\/es#listItem","position":1,"name":"Home","item":"https:\/\/844spartan.com\/es","nextItem":{"@type":"ListItem","@id":"https:\/\/844spartan.com\/es\/practice-areas\/#listItem","name":"Practice Areas"}},{"@type":"ListItem","@id":"https:\/\/844spartan.com\/es\/practice-areas\/#listItem","position":2,"name":"Practice Areas","item":"https:\/\/844spartan.com\/es\/practice-areas\/","nextItem":{"@type":"ListItem","@id":"https:\/\/844spartan.com\/es\/practice-areas\/car-accident-lawyer\/#listItem","name":"Car Accident Lawyer"},"previousItem":{"@type":"ListItem","@id":"https:\/\/844spartan.com\/es#listItem","name":"Home"}},{"@type":"ListItem","@id":"https:\/\/844spartan.com\/es\/practice-areas\/car-accident-lawyer\/#listItem","position":3,"name":"Car Accident Lawyer","item":"https:\/\/844spartan.com\/es\/practice-areas\/car-accident-lawyer\/","nextItem":{"@type":"ListItem","@id":"https:\/\/844spartan.com\/es\/practice-areas\/car-accident-lawyer\/head-on-crashes\/#listItem","name":"Head-on Crashes"},"previousItem":{"@type":"ListItem","@id":"https:\/\/844spartan.com\/es\/practice-areas\/#listItem","name":"Practice Areas"}},{"@type":"ListItem","@id":"https:\/\/844spartan.com\/es\/practice-areas\/car-accident-lawyer\/head-on-crashes\/#listItem","position":4,"name":"Head-on Crashes","previousItem":{"@type":"ListItem","@id":"https:\/\/844spartan.com\/es\/practice-areas\/car-accident-lawyer\/#listItem","name":"Car Accident Lawyer"}}]},{"@type":"Organization","@id":"https:\/\/844spartan.com\/es\/#organization","name":"Spartan Law Group","description":"844-SPARTAN","url":"https:\/\/844spartan.com\/es\/","address":{"@id":"https:\/\/844spartan.com\/es\/#postaladdress","@type":"PostalAddress","streetAddress":"200 Sandy Springs Pl NE,","postalCode":"30328","addressLocality":"Sandy Springs","addressRegion":"GA","addressCountry":"US"}},{"@type":"WebPage","@id":"https:\/\/844spartan.com\/es\/practice-areas\/car-accident-lawyer\/head-on-crashes\/#webpage","url":"https:\/\/844spartan.com\/es\/practice-areas\/car-accident-lawyer\/head-on-crashes\/","name":"Experienced Personal Injury Lawyer for Head-On Crashes","description":"Focused legal help. An personal injury lawyer assists victims of severe head on collisions. Contact us 24\/7. | 844-SPARTAN","inLanguage":"es-ES","isPartOf":{"@id":"https:\/\/844spartan.com\/es\/#website"},"breadcrumb":{"@id":"https:\/\/844spartan.com\/es\/practice-areas\/car-accident-lawyer\/head-on-crashes\/#breadcrumblist"},"datePublished":"2025-06-10T13:10:47-04:00","dateModified":"2026-03-06T11:30:00-04:00"},{"@type":"WebSite","@id":"https:\/\/844spartan.com\/es\/#website","url":"https:\/\/844spartan.com\/es\/","name":"844-SPARTAN","description":"844-SPARTAN","inLanguage":"es-ES","publisher":{"@id":"https:\/\/844spartan.com\/es\/#organization"}}]},"og:locale":"es_ES","og:site_name":"844-SPARTAN - 844-SPARTAN","og:type":"article","og:title":"Experienced Personal Injury Lawyer for Head-On Crashes","og:description":"Focused legal help. An personal injury lawyer assists victims of severe head on collisions. Contact us 24\/7. | 844-SPARTAN","og:url":"https:\/\/844spartan.com\/es\/practice-areas\/car-accident-lawyer\/head-on-crashes\/","article:published_time":"2025-06-10T13:10:47+00:00","article:modified_time":"2026-03-06T11:30:00+00:00","twitter:card":"summary_large_image","twitter:title":"Experienced Personal Injury Lawyer for Head-On Crashes","twitter:description":"Focused legal help. An personal injury lawyer assists victims of severe head on collisions. Contact us 24\/7. | 844-SPARTAN"},"aioseo_meta_data":{"post_id":"710","title":"Abogado experimentado en lesiones personales por choques frontales","description":"Ayuda jur\u00eddica espec\u00edfica. Un abogado especializado en lesiones personales asiste a las v\u00edctimas de colisiones frontales graves. Contacte con nosotros 24\/7. | 844-SPARTAN","keywords":null,"keyphrases":{"focus":{"keyphrase":"","score":0,"analysis":{"keyphraseInTitle":{"score":0,"maxScore":9,"error":1}}},"additional":[]},"primary_term":null,"canonical_url":null,"og_title":null,"og_description":null,"og_object_type":"default","og_image_type":"default","og_image_url":null,"og_image_width":null,"og_image_height":null,"og_image_custom_url":null,"og_image_custom_fields":null,"og_video":"","og_custom_url":null,"og_article_section":null,"og_article_tags":null,"twitter_use_og":false,"twitter_card":"default","twitter_image_type":"default","twitter_image_url":null,"twitter_image_custom_url":null,"twitter_image_custom_fields":null,"twitter_title":null,"twitter_description":null,"schema":{"blockGraphs":[],"customGraphs":[],"default":{"data":{"Article":[],"Course":[],"Dataset":[],"FAQPage":[],"Movie":[],"Person":[],"Product":[],"ProductReview":[],"Car":[],"Recipe":[],"Service":[],"SoftwareApplication":[],"WebPage":[]},"graphName":"WebPage","isEnabled":true},"graphs":[]},"schema_type":"default","schema_type_options":null,"pillar_content":false,"robots_default":true,"robots_noindex":false,"robots_noarchive":false,"robots_nosnippet":false,"robots_nofollow":false,"robots_noimageindex":false,"robots_noodp":false,"robots_notranslate":false,"robots_max_snippet":"-1","robots_max_videopreview":"-1","robots_max_imagepreview":"large","priority":null,"frequency":"default","local_seo":null,"seo_analyzer_scan_date":"2026-03-06 11:31:04","breadcrumb_settings":null,"limit_modified_date":false,"open_ai":null,"ai":{"faqs":[],"keyPoints":[],"titles":[],"descriptions":[],"socialPosts":{"email":[],"linkedin":[],"twitter":[],"facebook":[],"instagram":[]}},"created":"2025-06-20 09:59:35","updated":"2026-03-06 12:25:47"},"aioseo_breadcrumb":"<div class=\"aioseo-breadcrumbs\"><span class=\"aioseo-breadcrumb\">\n\t<a href=\"https:\/\/844spartan.com\/es\" title=\"Home\">Home<\/a>\n<\/span><span class=\"aioseo-breadcrumb-separator\">&raquo;<\/span><span class=\"aioseo-breadcrumb\">\n\t<a href=\"https:\/\/844spartan.com\/es\/practice-areas\/\" title=\"Practice Areas\">Practice Areas<\/a>\n<\/span><span class=\"aioseo-breadcrumb-separator\">&raquo;<\/span><span class=\"aioseo-breadcrumb\">\n\t<a href=\"https:\/\/844spartan.com\/es\/practice-areas\/car-accident-lawyer\/\" title=\"Car Accident Lawyer\">Car Accident Lawyer<\/a>\n<\/span><span class=\"aioseo-breadcrumb-separator\">&raquo;<\/span><span class=\"aioseo-breadcrumb\">\n\tHead-on Crashes\n<\/span><\/div>","aioseo_breadcrumb_json":[{"label":"Home","link":"https:\/\/844spartan.com\/es"},{"label":"Practice Areas","link":"https:\/\/844spartan.com\/es\/practice-areas\/"},{"label":"Car Accident Lawyer","link":"https:\/\/844spartan.com\/es\/practice-areas\/car-accident-lawyer\/"},{"label":"Head-on Crashes","link":"https:\/\/844spartan.com\/es\/practice-areas\/car-accident-lawyer\/head-on-crashes\/"}],"_links":{"self":[{"href":"https:\/\/844spartan.com\/es\/wp-json\/wp\/v2\/pages\/710","targetHints":{"allow":["GET"]}}],"collection":[{"href":"https:\/\/844spartan.com\/es\/wp-json\/wp\/v2\/pages"}],"about":[{"href":"https:\/\/844spartan.com\/es\/wp-json\/wp\/v2\/types\/page"}],"author":[{"embeddable":true,"href":"https:\/\/844spartan.com\/es\/wp-json\/wp\/v2\/users\/5"}],"replies":[{"embeddable":true,"href":"https:\/\/844spartan.com\/es\/wp-json\/wp\/v2\/comments?post=710"}],"version-history":[{"count":0,"href":"https:\/\/844spartan.com\/es\/wp-json\/wp\/v2\/pages\/710\/revisions"}],"up":[{"embeddable":true,"href":"https:\/\/844spartan.com\/es\/wp-json\/wp\/v2\/pages\/154"}],"wp:attachment":[{"href":"https:\/\/844spartan.com\/es\/wp-json\/wp\/v2\/media?parent=710"}],"wp:term":[{"taxonomy":"category","embeddable":true,"href":"https:\/\/844spartan.com\/es\/wp-json\/wp\/v2\/categories?post=710"},{"taxonomy":"post_tag","embeddable":true,"href":"https:\/\/844spartan.com\/es\/wp-json\/wp\/v2\/tags?post=710"}],"curies":[{"name":"wp","href":"https:\/\/api.w.org\/{rel}","templated":true}]}}