{"id":712,"date":"2025-06-10T13:10:59","date_gmt":"2025-06-10T13:10:59","guid":{"rendered":"https:\/\/spartanlawgroup.com\/?page_id=712"},"modified":"2026-03-03T18:10:51","modified_gmt":"2026-03-03T18:10:51","slug":"accidente-con-fuga","status":"publish","type":"page","link":"https:\/\/844spartan.com\/es\/practice-areas\/car-accident-lawyer\/hit-run-accident\/","title":{"rendered":"Accidente con fuga"},"content":{"rendered":"<p>Si usted fue herido en un accidente de atropello y fuga en Atlanta, Georgia, usted puede tener derecho a solicitar una indemnizaci\u00f3n de la parte responsable. Incluso si el conductor culpable no ha sido localizado, un abogado con experiencia con <a href=\"\/es\/acerca-de\/\">Spartan Accidentes de Coche y Lesiones Personales Abogados<\/a>\u00a0puede ayudarle a reclamar sus facturas m\u00e9dicas,\u00a0<a href=\"https:\/\/844spartan.com\/es\/recursos-sobre-lesiones-personales\/como-se-calculan-los-danos-morales\/\">dolor y sufrimiento<\/a>, y mucho m\u00e1s.<\/p>\n<p>Nuestros abogados de accidentes de atropello y fuga de Atlanta tienen 75 a\u00f1os de experiencia combinada y han ganado m\u00e1s de $250 millones para nuestros clientes. Estamos seguros de nuestra capacidad para manejar incluso las reclamaciones de accidentes de coche m\u00e1s complejas.<\/p>\n<p><a href=\"\/es\/contacto\/\">Contacto<\/a>\u00a0hoy mismo para saber m\u00e1s sobre sus opciones o ll\u00e1menos al\u00a0<a href=\"tel:+18447727826\">(844) 772-7826<\/a> para concertar una consulta gratuita.<\/p>\n<h2>C\u00f3mo Spartan accidente de coche y lesiones personales abogados pueden ayudar despu\u00e9s de un accidente de atropello y fuga en Atlanta, GA<\/h2>\n<p><img loading=\"lazy\" decoding=\"async\" class=\"alignnone wp-image-751 size-full\" src=\"https:\/\/844spartan.com\/wp-content\/uploads\/2025\/06\/Hit-Run-Crashes.jpg\" alt=\"Choques con fuga\" width=\"768\" height=\"512\" srcset=\"https:\/\/844spartan.com\/wp-content\/uploads\/2025\/06\/Hit-Run-Crashes.jpg 768w, https:\/\/844spartan.com\/wp-content\/uploads\/2025\/06\/Hit-Run-Crashes-300x200.jpg 300w\" sizes=\"auto, (max-width: 768px) 100vw, 768px\" \/><\/p>\n<p>Las demandas por atropello y fuga son complicadas porque primero hay que identificar al conductor responsable del accidente. A continuaci\u00f3n, tendr\u00e1 que demostrar su negligencia en la causa del accidente. Un abogado con experiencia en accidentes de atropello y fuga de Atlanta con nuestra firma puede ayudarle en cada paso del camino.<\/p>\n<p>Nuestra\u00a0<a href=\"https:\/\/844spartan.com\/es\/areas-de-practica\/abogado-de-accidente-de-coche\/\">Abogados de accidentes de coche en Atlanta<\/a>\u00a0trabajar\u00e1 duro para ti:<\/p>\n<ul>\n<li>Investigar los hechos del accidente y c\u00f3mo ocurri\u00f3<\/li>\n<li>Colaboraci\u00f3n con las fuerzas del orden para identificar al acusado y obtener informes detallados del accidente.<\/li>\n<li>Evaluar su reclamaci\u00f3n para que conozca sus opciones legales y el valor potencial de su reclamaci\u00f3n.<\/li>\n<li>Negociar con las compa\u00f1\u00edas de seguros para conseguir una indemnizaci\u00f3n justa.<\/li>\n<li>Contrataci\u00f3n de peritos, como expertos en reconstrucci\u00f3n de accidentes, peritos m\u00e9dicos, peritos forenses y otros, para que testifiquen a su favor.<\/li>\n<li>Presentar una demanda y llevar su caso ante los tribunales si es necesario.<\/li>\n<\/ul>\n<p>P\u00f3ngase en contacto con nuestras oficinas legales en Atlanta, GA para aprender c\u00f3mo nuestro equipo legal dedicado puede ponerse a trabajar para usted hoy.<\/p>\n<h2>\u00bfQu\u00e9 es un accidente con fuga?<\/h2>\n<p>Los accidentes con fuga se producen cuando un conductor atropella a un veh\u00edculo, peat\u00f3n o propiedad y se marcha sin informar del accidente ni quedarse a responder preguntas. Despu\u00e9s de un accidente,\u00a0<a href=\"https:\/\/dds.georgia.gov\/section-11-crashes#:~:text=If%20You%20Are%20Involved%20In%20A%20Crash,-Stop%20immediately%20in&amp;text=Notify%20the%20nearest%20law%20enforcement,safety%20or%20that%20of%20others.\">Ley de Georgia<\/a>\u00a0exige a los conductores que avisen a la polic\u00eda y permanezcan en el lugar del accidente si los da\u00f1os materiales superan los $500 o si hay heridos.<\/p>\n<p>Abandonar la escena de un accidente puede dar lugar a cargos penales para un conductor que atropella y se da a la fuga, pudiendo incluso ser encarcelado dependiendo de las circunstancias. Cuando un conductor causa un accidente y se va, la investigaci\u00f3n del accidente de coche tambi\u00e9n puede ser obstruida o retrasada. Esto tambi\u00e9n puede crear retrasos y problemas con el inicio de una reclamaci\u00f3n al seguro despu\u00e9s de un accidente.<\/p>\n<p>Las razones m\u00e1s comunes por las que los conductores huyen de un accidente pueden ser:<\/p>\n<ul>\n<li>Conducci\u00f3n bajo los efectos del alcohol<\/li>\n<li>Deterioro por drogas<\/li>\n<li>Falta de seguro del veh\u00edculo<\/li>\n<li>Carecer de permiso de conducir v\u00e1lido<\/li>\n<li>Situaci\u00f3n de inmigraci\u00f3n<\/li>\n<li>Miedo a la detenci\u00f3n<\/li>\n<li>Confusi\u00f3n y p\u00e1nico<\/li>\n<\/ul>\n<p>No hay ninguna raz\u00f3n aceptable para que un conductor abandone la escena de un accidente en Georgia. Se recomienda a todos los conductores que permanezcan en el lugar hasta que llegue la ayuda y se pueda investigar el accidente.<\/p>\n<h2>\u00bfQu\u00e9 debo hacer despu\u00e9s de un accidente de atropello y fuga en Atlanta?<\/h2>\n<p>Si usted estuvo involucrado en un accidente de atropello y fuga, puede ser comprensiblemente dif\u00edcil mantener la calma. Usted podr\u00eda estar conmocionado, confundido, y en el dolor de las lesiones involucradas.<\/p>\n<p>Se recomienda a las v\u00edctimas de un accidente con fuga que:<\/p>\n<ul>\n<li>Qu\u00e9date en el lugar del accidente. Si necesitas sacar el coche de la calzada por seguridad, ll\u00e9valo a un lugar seguro junto a la carretera;<\/li>\n<li>Si puedes, averigua el color, la marca y el modelo del coche del otro conductor;<\/li>\n<li>Anote el n\u00famero de matr\u00edcula del conductor, o cualquier parte del n\u00famero que pueda recordar;<\/li>\n<li>Llame al 911 si la ayuda no est\u00e1 ya en camino;<\/li>\n<li>Tome nota de cualquier detalle sobre el lugar del accidente, como la ubicaci\u00f3n y presencia de c\u00e1maras de vigilancia;<\/li>\n<li>Si puedes, recopila nombres e informaci\u00f3n de contacto de testigos presenciales;<\/li>\n<li>Llame a un abogado de accidentes de tr\u00e1fico con atropello y fuga de Atlanta.<\/li>\n<\/ul>\n<p>Las medidas que puede tomar inmediatamente despu\u00e9s de un accidente de atropello y fuga puede resultar fundamental para identificar al conductor culpable y la construcci\u00f3n de una demanda por lesiones personales.<\/p>\n<h2>Probando Negligencia en un Caso de Accidente de Atropello y Fuga en Georgia<\/h2>\n<p>La ley de Georgia requiere que la mayor\u00eda de los demandantes de accidentes de coche para probar los siguientes cuatro elementos de\u00a0<a href=\"https:\/\/www.americanbar.org\/groups\/public_education\/resources\/law_issues_for_consumers\/everydaylaw0\/health_care\/personal_injury\/negligence\/\">negligencia<\/a>\u00a0para tener \u00e9xito en una demanda por lesiones personales:<\/p>\n<ol>\n<li>Deber de diligencia del conductor culpable para con los dem\u00e1s conductores;<\/li>\n<li>Incumplimiento del deber, por acci\u00f3n u omisi\u00f3n del otro conductor;<\/li>\n<li>Causalidad entre el incumplimiento del deber del otro conductor y sus lesiones;<\/li>\n<li>Da\u00f1os, como lesiones f\u00edsicas, facturas m\u00e9dicas y salarios perdidos.<\/li>\n<\/ol>\n<p>Las reclamaciones por accidentes de atropello y fuga pueden implicar varios pasos y requieren que los demandantes demuestren qui\u00e9n estuvo involucrado y por qu\u00e9 son responsables de sus p\u00e9rdidas. Un abogado con experiencia en accidentes de coche en Atlanta puede ayudarle a probar la negligencia despu\u00e9s de un accidente de atropello y fuga.<\/p>\n<h2>Llame a nuestros abogados de accidentes de atropello y fuga de Atlanta para una consulta gratuita<\/h2>\n<p>Si usted fue herido en un accidente de coche atropello y fuga, usted merece saber cu\u00e1les son sus derechos y opciones legales. Nuestros galardonados abogados de accidentes de atropello y fuga de Atlanta pueden manejar la totalidad de su reclamo de compensaci\u00f3n mientras se recupera. P\u00f3ngase en contacto con Spartan Car Accident and Personal Injury Lawyers para programar su consulta gratuita hoy.<\/p>","protected":false},"excerpt":{"rendered":"<p>If you were hurt in a hit &amp; run accident in Atlanta, Georgia, you may have the right to seek compensation from the responsible party. Even if the at-fault driver hasn\u2019t been located, an experienced attorney with Spartan Car Accident &amp; Personal Injury Lawyers\u00a0may be able to help you file a claim for your medical&hellip;<\/p>","protected":false},"author":5,"featured_media":0,"parent":154,"menu_order":0,"comment_status":"closed","ping_status":"closed","template":"","meta":{"_monsterinsights_skip_tracking":false,"_monsterinsights_sitenote_active":false,"_monsterinsights_sitenote_note":"","_monsterinsights_sitenote_category":0,"footnotes":""},"categories":[],"tags":[],"class_list":["post-712","page","type-page","status-publish","hentry","entry","no-media"],"aioseo_notices":[],"aioseo_head":"\n\t\t<!-- All in One SEO Pro 4.9.6.2 - aioseo.com -->\n\t<meta name=\"description\" content=\"Calm direction after uncertainty. An personal injury lawyer helps hit and run victims protect their rights and move forward. | 844-SPARTAN\" \/>\n\t<meta name=\"robots\" content=\"max-image-preview:large\" \/>\n\t<link rel=\"canonical\" href=\"https:\/\/844spartan.com\/es\/practice-areas\/car-accident-lawyer\/hit-run-accident\/\" \/>\n\t<meta name=\"generator\" content=\"All in One SEO Pro (AIOSEO) 4.9.6.2\" \/>\n\t\t<meta property=\"og:locale\" content=\"es_ES\" \/>\n\t\t<meta property=\"og:site_name\" content=\"844-SPARTAN - 844-SPARTAN\" \/>\n\t\t<meta property=\"og:type\" content=\"article\" \/>\n\t\t<meta property=\"og:title\" content=\"Dedicated Personal Injury Lawyer Help\" \/>\n\t\t<meta property=\"og:description\" content=\"Calm direction after uncertainty. An personal injury lawyer helps hit and run victims protect their rights and move forward. | 844-SPARTAN\" \/>\n\t\t<meta property=\"og:url\" content=\"https:\/\/844spartan.com\/es\/practice-areas\/car-accident-lawyer\/hit-run-accident\/\" \/>\n\t\t<meta property=\"article:published_time\" content=\"2025-06-10T13:10:59+00:00\" \/>\n\t\t<meta property=\"article:modified_time\" content=\"2026-03-03T18:10:51+00:00\" \/>\n\t\t<meta name=\"twitter:card\" content=\"summary_large_image\" \/>\n\t\t<meta name=\"twitter:title\" content=\"Dedicated Personal Injury Lawyer Help\" \/>\n\t\t<meta name=\"twitter:description\" content=\"Calm direction after uncertainty. An personal injury lawyer helps hit and run victims protect their rights and move forward. | 844-SPARTAN\" \/>\n\t\t<script type=\"application\/ld+json\" class=\"aioseo-schema\">\n\t\t\t{\"@context\":\"https:\\\/\\\/schema.org\",\"@graph\":[{\"@type\":\"BreadcrumbList\",\"@id\":\"https:\\\/\\\/844spartan.com\\\/es\\\/practice-areas\\\/car-accident-lawyer\\\/hit-run-accident\\\/#breadcrumblist\",\"itemListElement\":[{\"@type\":\"ListItem\",\"@id\":\"https:\\\/\\\/844spartan.com\\\/es#listItem\",\"position\":1,\"name\":\"Home\",\"item\":\"https:\\\/\\\/844spartan.com\\\/es\",\"nextItem\":{\"@type\":\"ListItem\",\"@id\":\"https:\\\/\\\/844spartan.com\\\/es\\\/practice-areas\\\/#listItem\",\"name\":\"Practice Areas\"}},{\"@type\":\"ListItem\",\"@id\":\"https:\\\/\\\/844spartan.com\\\/es\\\/practice-areas\\\/#listItem\",\"position\":2,\"name\":\"Practice Areas\",\"item\":\"https:\\\/\\\/844spartan.com\\\/es\\\/practice-areas\\\/\",\"nextItem\":{\"@type\":\"ListItem\",\"@id\":\"https:\\\/\\\/844spartan.com\\\/es\\\/practice-areas\\\/car-accident-lawyer\\\/#listItem\",\"name\":\"Car Accident Lawyer\"},\"previousItem\":{\"@type\":\"ListItem\",\"@id\":\"https:\\\/\\\/844spartan.com\\\/es#listItem\",\"name\":\"Home\"}},{\"@type\":\"ListItem\",\"@id\":\"https:\\\/\\\/844spartan.com\\\/es\\\/practice-areas\\\/car-accident-lawyer\\\/#listItem\",\"position\":3,\"name\":\"Car Accident Lawyer\",\"item\":\"https:\\\/\\\/844spartan.com\\\/es\\\/practice-areas\\\/car-accident-lawyer\\\/\",\"nextItem\":{\"@type\":\"ListItem\",\"@id\":\"https:\\\/\\\/844spartan.com\\\/es\\\/practice-areas\\\/car-accident-lawyer\\\/hit-run-accident\\\/#listItem\",\"name\":\"Hit &#038; Run Accident\"},\"previousItem\":{\"@type\":\"ListItem\",\"@id\":\"https:\\\/\\\/844spartan.com\\\/es\\\/practice-areas\\\/#listItem\",\"name\":\"Practice Areas\"}},{\"@type\":\"ListItem\",\"@id\":\"https:\\\/\\\/844spartan.com\\\/es\\\/practice-areas\\\/car-accident-lawyer\\\/hit-run-accident\\\/#listItem\",\"position\":4,\"name\":\"Hit &#038; Run Accident\",\"previousItem\":{\"@type\":\"ListItem\",\"@id\":\"https:\\\/\\\/844spartan.com\\\/es\\\/practice-areas\\\/car-accident-lawyer\\\/#listItem\",\"name\":\"Car Accident Lawyer\"}}]},{\"@type\":\"Organization\",\"@id\":\"https:\\\/\\\/844spartan.com\\\/es\\\/#organization\",\"name\":\"Spartan Law Group\",\"description\":\"844-SPARTAN\",\"url\":\"https:\\\/\\\/844spartan.com\\\/es\\\/\",\"address\":{\"@id\":\"https:\\\/\\\/844spartan.com\\\/es\\\/#postaladdress\",\"@type\":\"PostalAddress\",\"streetAddress\":\"200 Sandy Springs Pl NE,\",\"postalCode\":\"30328\",\"addressLocality\":\"Sandy Springs\",\"addressRegion\":\"GA\",\"addressCountry\":\"US\"}},{\"@type\":\"WebPage\",\"@id\":\"https:\\\/\\\/844spartan.com\\\/es\\\/practice-areas\\\/car-accident-lawyer\\\/hit-run-accident\\\/#webpage\",\"url\":\"https:\\\/\\\/844spartan.com\\\/es\\\/practice-areas\\\/car-accident-lawyer\\\/hit-run-accident\\\/\",\"name\":\"Dedicated Personal Injury Lawyer Help\",\"description\":\"Calm direction after uncertainty. An personal injury lawyer helps hit and run victims protect their rights and move forward. | 844-SPARTAN\",\"inLanguage\":\"es-ES\",\"isPartOf\":{\"@id\":\"https:\\\/\\\/844spartan.com\\\/es\\\/#website\"},\"breadcrumb\":{\"@id\":\"https:\\\/\\\/844spartan.com\\\/es\\\/practice-areas\\\/car-accident-lawyer\\\/hit-run-accident\\\/#breadcrumblist\"},\"datePublished\":\"2025-06-10T13:10:59-04:00\",\"dateModified\":\"2026-03-03T18:10:51-04:00\"},{\"@type\":\"WebSite\",\"@id\":\"https:\\\/\\\/844spartan.com\\\/es\\\/#website\",\"url\":\"https:\\\/\\\/844spartan.com\\\/es\\\/\",\"name\":\"844-SPARTAN\",\"description\":\"844-SPARTAN\",\"inLanguage\":\"es-ES\",\"publisher\":{\"@id\":\"https:\\\/\\\/844spartan.com\\\/es\\\/#organization\"}}]}\n\t\t<\/script>\n\t\t<!-- All in One SEO Pro -->\r\n\t\t<title>Dedicated Personal Injury Lawyer Help<\/title>\n\n","aioseo_head_json":{"title":"Ayuda de un abogado especializado en lesiones personales","description":"Direcci\u00f3n tranquila tras la incertidumbre. Un abogado de lesiones personales ayuda a las v\u00edctimas de atropello y fuga a proteger sus derechos y seguir adelante. | 844-SPARTAN","canonical_url":"https:\/\/844spartan.com\/es\/practice-areas\/car-accident-lawyer\/hit-run-accident\/","robots":"max-image-preview:large","keywords":"","webmasterTools":{"miscellaneous":""},"schema":{"@context":"https:\/\/schema.org","@graph":[{"@type":"BreadcrumbList","@id":"https:\/\/844spartan.com\/es\/practice-areas\/car-accident-lawyer\/hit-run-accident\/#breadcrumblist","itemListElement":[{"@type":"ListItem","@id":"https:\/\/844spartan.com\/es#listItem","position":1,"name":"Home","item":"https:\/\/844spartan.com\/es","nextItem":{"@type":"ListItem","@id":"https:\/\/844spartan.com\/es\/practice-areas\/#listItem","name":"Practice Areas"}},{"@type":"ListItem","@id":"https:\/\/844spartan.com\/es\/practice-areas\/#listItem","position":2,"name":"Practice Areas","item":"https:\/\/844spartan.com\/es\/practice-areas\/","nextItem":{"@type":"ListItem","@id":"https:\/\/844spartan.com\/es\/practice-areas\/car-accident-lawyer\/#listItem","name":"Car Accident Lawyer"},"previousItem":{"@type":"ListItem","@id":"https:\/\/844spartan.com\/es#listItem","name":"Home"}},{"@type":"ListItem","@id":"https:\/\/844spartan.com\/es\/practice-areas\/car-accident-lawyer\/#listItem","position":3,"name":"Car Accident Lawyer","item":"https:\/\/844spartan.com\/es\/practice-areas\/car-accident-lawyer\/","nextItem":{"@type":"ListItem","@id":"https:\/\/844spartan.com\/es\/practice-areas\/car-accident-lawyer\/hit-run-accident\/#listItem","name":"Hit &#038; Run Accident"},"previousItem":{"@type":"ListItem","@id":"https:\/\/844spartan.com\/es\/practice-areas\/#listItem","name":"Practice Areas"}},{"@type":"ListItem","@id":"https:\/\/844spartan.com\/es\/practice-areas\/car-accident-lawyer\/hit-run-accident\/#listItem","position":4,"name":"Hit &#038; Run Accident","previousItem":{"@type":"ListItem","@id":"https:\/\/844spartan.com\/es\/practice-areas\/car-accident-lawyer\/#listItem","name":"Car Accident Lawyer"}}]},{"@type":"Organization","@id":"https:\/\/844spartan.com\/es\/#organization","name":"Spartan Law Group","description":"844-SPARTAN","url":"https:\/\/844spartan.com\/es\/","address":{"@id":"https:\/\/844spartan.com\/es\/#postaladdress","@type":"PostalAddress","streetAddress":"200 Sandy Springs Pl NE,","postalCode":"30328","addressLocality":"Sandy Springs","addressRegion":"GA","addressCountry":"US"}},{"@type":"WebPage","@id":"https:\/\/844spartan.com\/es\/practice-areas\/car-accident-lawyer\/hit-run-accident\/#webpage","url":"https:\/\/844spartan.com\/es\/practice-areas\/car-accident-lawyer\/hit-run-accident\/","name":"Dedicated Personal Injury Lawyer Help","description":"Calm direction after uncertainty. An personal injury lawyer helps hit and run victims protect their rights and move forward. | 844-SPARTAN","inLanguage":"es-ES","isPartOf":{"@id":"https:\/\/844spartan.com\/es\/#website"},"breadcrumb":{"@id":"https:\/\/844spartan.com\/es\/practice-areas\/car-accident-lawyer\/hit-run-accident\/#breadcrumblist"},"datePublished":"2025-06-10T13:10:59-04:00","dateModified":"2026-03-03T18:10:51-04:00"},{"@type":"WebSite","@id":"https:\/\/844spartan.com\/es\/#website","url":"https:\/\/844spartan.com\/es\/","name":"844-SPARTAN","description":"844-SPARTAN","inLanguage":"es-ES","publisher":{"@id":"https:\/\/844spartan.com\/es\/#organization"}}]},"og:locale":"es_ES","og:site_name":"844-SPARTAN - 844-SPARTAN","og:type":"article","og:title":"Dedicated Personal Injury Lawyer Help","og:description":"Calm direction after uncertainty. An personal injury lawyer helps hit and run victims protect their rights and move forward. | 844-SPARTAN","og:url":"https:\/\/844spartan.com\/es\/practice-areas\/car-accident-lawyer\/hit-run-accident\/","article:published_time":"2025-06-10T13:10:59+00:00","article:modified_time":"2026-03-03T18:10:51+00:00","twitter:card":"summary_large_image","twitter:title":"Dedicated Personal Injury Lawyer Help","twitter:description":"Calm direction after uncertainty. An personal injury lawyer helps hit and run victims protect their rights and move forward. | 844-SPARTAN"},"aioseo_meta_data":{"post_id":"712","title":"Ayuda de un abogado especializado en lesiones personales","description":"Direcci\u00f3n tranquila tras la incertidumbre. Un abogado de lesiones personales ayuda a las v\u00edctimas de atropello y fuga a proteger sus derechos y seguir adelante. | 844-SPARTAN","keywords":null,"keyphrases":{"focus":{"keyphrase":"Hit & Run Accident","score":51,"analysis":{"keyphraseInTitle":{"score":3,"maxScore":9,"error":1},"keyphraseInDescription":{"score":3,"maxScore":9,"error":1},"keyphraseLength":{"score":9,"maxScore":9,"error":0,"length":3},"keyphraseInURL":{"score":5,"maxScore":5,"error":0},"keyphraseInIntroduction":{"score":9,"maxScore":9,"error":0},"keyphraseInSubHeadings":{"score":3,"maxScore":9,"error":1},"keyphraseInImageAlt":{"score":3,"maxScore":9,"error":1},"keywordDensity":{"score":0,"type":"low","maxScore":9,"error":1}}},"additional":[]},"primary_term":null,"canonical_url":null,"og_title":null,"og_description":null,"og_object_type":"default","og_image_type":"default","og_image_url":null,"og_image_width":null,"og_image_height":null,"og_image_custom_url":null,"og_image_custom_fields":null,"og_video":"","og_custom_url":null,"og_article_section":null,"og_article_tags":null,"twitter_use_og":false,"twitter_card":"default","twitter_image_type":"default","twitter_image_url":null,"twitter_image_custom_url":null,"twitter_image_custom_fields":null,"twitter_title":null,"twitter_description":null,"schema":{"blockGraphs":[],"customGraphs":[],"default":{"data":{"Article":[],"Course":[],"Dataset":[],"FAQPage":[],"Movie":[],"Person":[],"Product":[],"ProductReview":[],"Car":[],"Recipe":[],"Service":[],"SoftwareApplication":[],"WebPage":[]},"graphName":"WebPage","isEnabled":true},"graphs":[]},"schema_type":"default","schema_type_options":null,"pillar_content":false,"robots_default":true,"robots_noindex":false,"robots_noarchive":false,"robots_nosnippet":false,"robots_nofollow":false,"robots_noimageindex":false,"robots_noodp":false,"robots_notranslate":false,"robots_max_snippet":"-1","robots_max_videopreview":"-1","robots_max_imagepreview":"large","priority":null,"frequency":"default","local_seo":null,"seo_analyzer_scan_date":"2026-03-03 18:31:01","breadcrumb_settings":null,"limit_modified_date":false,"open_ai":null,"ai":{"faqs":[],"keyPoints":[],"titles":[],"descriptions":[],"socialPosts":{"email":[],"linkedin":[],"twitter":[],"facebook":[],"instagram":[]}},"created":"2025-06-20 09:59:35","updated":"2026-03-03 18:56:12"},"aioseo_breadcrumb":"<div class=\"aioseo-breadcrumbs\"><span class=\"aioseo-breadcrumb\">\n\t<a href=\"https:\/\/844spartan.com\/es\" title=\"Home\">Home<\/a>\n<\/span><span class=\"aioseo-breadcrumb-separator\">&raquo;<\/span><span class=\"aioseo-breadcrumb\">\n\t<a href=\"https:\/\/844spartan.com\/es\/practice-areas\/\" title=\"Practice Areas\">Practice Areas<\/a>\n<\/span><span class=\"aioseo-breadcrumb-separator\">&raquo;<\/span><span class=\"aioseo-breadcrumb\">\n\t<a href=\"https:\/\/844spartan.com\/es\/practice-areas\/car-accident-lawyer\/\" title=\"Car Accident Lawyer\">Car Accident Lawyer<\/a>\n<\/span><span class=\"aioseo-breadcrumb-separator\">&raquo;<\/span><span class=\"aioseo-breadcrumb\">\n\tHit &amp; Run Accident\n<\/span><\/div>","aioseo_breadcrumb_json":[{"label":"Home","link":"https:\/\/844spartan.com\/es"},{"label":"Practice Areas","link":"https:\/\/844spartan.com\/es\/practice-areas\/"},{"label":"Car Accident Lawyer","link":"https:\/\/844spartan.com\/es\/practice-areas\/car-accident-lawyer\/"},{"label":"Hit &#038; Run Accident","link":"https:\/\/844spartan.com\/es\/practice-areas\/car-accident-lawyer\/hit-run-accident\/"}],"_links":{"self":[{"href":"https:\/\/844spartan.com\/es\/wp-json\/wp\/v2\/pages\/712","targetHints":{"allow":["GET"]}}],"collection":[{"href":"https:\/\/844spartan.com\/es\/wp-json\/wp\/v2\/pages"}],"about":[{"href":"https:\/\/844spartan.com\/es\/wp-json\/wp\/v2\/types\/page"}],"author":[{"embeddable":true,"href":"https:\/\/844spartan.com\/es\/wp-json\/wp\/v2\/users\/5"}],"replies":[{"embeddable":true,"href":"https:\/\/844spartan.com\/es\/wp-json\/wp\/v2\/comments?post=712"}],"version-history":[{"count":0,"href":"https:\/\/844spartan.com\/es\/wp-json\/wp\/v2\/pages\/712\/revisions"}],"up":[{"embeddable":true,"href":"https:\/\/844spartan.com\/es\/wp-json\/wp\/v2\/pages\/154"}],"wp:attachment":[{"href":"https:\/\/844spartan.com\/es\/wp-json\/wp\/v2\/media?parent=712"}],"wp:term":[{"taxonomy":"category","embeddable":true,"href":"https:\/\/844spartan.com\/es\/wp-json\/wp\/v2\/categories?post=712"},{"taxonomy":"post_tag","embeddable":true,"href":"https:\/\/844spartan.com\/es\/wp-json\/wp\/v2\/tags?post=712"}],"curies":[{"name":"wp","href":"https:\/\/api.w.org\/{rel}","templated":true}]}}