{"id":714,"date":"2025-06-10T13:11:14","date_gmt":"2025-06-10T13:11:14","guid":{"rendered":"https:\/\/spartanlawgroup.com\/?page_id=714"},"modified":"2026-03-06T11:23:54","modified_gmt":"2026-03-06T11:23:54","slug":"accidentes-en-intersecciones","status":"publish","type":"page","link":"https:\/\/844spartan.com\/es\/practice-areas\/car-accident-lawyer\/intersection-accidents\/","title":{"rendered":"Accidentes en intersecciones"},"content":{"rendered":"<p>\u00bfHa sufrido lesiones en un accidente automovil\u00edstico en una intersecci\u00f3n en Atlanta, GA? Es posible que tenga derecho a una indemnizaci\u00f3n por sus lesiones. Los abogados de accidentes en intersecciones de Atlanta en\u00a0<a href=\"\/es\/acerca-de\/\">Spartan Accidentes de Coche y Lesiones Personales Abogados<\/a>\u00a0est\u00e1n listos para ayudarle a obtener el alivio financiero que se merece.<\/p>\n<p>Somos muy respetados en la comunidad legal de Atlanta, Georgia. Con m\u00e1s de 75 a\u00f1os de experiencia legal combinada y un historial de recuperaci\u00f3n de m\u00e1s de $250 millones para las v\u00edctimas de accidentes, tenemos la experiencia y los recursos para abogar eficazmente en su nombre.<\/p>\n<p><a href=\"\/es\/contacto\/\">Contacto<\/a>\u00a0para hablar con uno de nuestros\u00a0<a href=\"https:\/\/844spartan.com\/es\/areas-de-practica\/abogado-de-accidente-de-coche\/\">abogados de accidentes de coche<\/a>\u00a0en\u00a0<a href=\"tel:+18447727826\">(844) 772-7826<\/a>. Evaluaremos su caso y exploraremos sus opciones legales. Su consulta inicial es gratuita, y operamos sobre una base de honorarios de contingencia, lo que significa que s\u00f3lo paga si ganamos un premio financiero para usted.<\/p>\n<h2>C\u00f3mo Spartan accidente de coche y lesiones personales abogados pueden ayudar despu\u00e9s de un accidente de intersecci\u00f3n en Atlanta<\/h2>\n<p><img loading=\"lazy\" decoding=\"async\" class=\"alignnone wp-image-754 size-full\" src=\"https:\/\/844spartan.com\/wp-content\/uploads\/2025\/06\/Intersection-Accidents.webp\" alt=\"Accidentes en intersecciones\" width=\"768\" height=\"395\" srcset=\"https:\/\/844spartan.com\/wp-content\/uploads\/2025\/06\/Intersection-Accidents.webp 768w, https:\/\/844spartan.com\/wp-content\/uploads\/2025\/06\/Intersection-Accidents-300x154.webp 300w\" sizes=\"auto, (max-width: 768px) 100vw, 768px\" \/><\/p>\n<p>Los accidentes de coche son, por desgracia, comunes en los Estados Unidos, y en las ciudades con mucho tr\u00e1fico como Atlanta, GA, las intersecciones son particularmente peligrosas. Los conductores pueden apresurarse a superar los sem\u00e1foros o hacer caso omiso de las se\u00f1ales de alto, lo que a menudo resulta en lesiones graves y muertes.<\/p>\n<p>Si has sufrido un accidente de coche, es normal que te sientas abrumado y traumatizado. Las secuelas de estos incidentes pueden perdurar y afectar a tu sensaci\u00f3n de seguridad al volante.<\/p>\n<p>En Spartan Car Accident &amp; Personal Injury Lawyers, nuestros abogados de lesiones personales de Atlanta est\u00e1n familiarizados con estos sentimientos, despu\u00e9s de haber apoyado a innumerables v\u00edctimas de accidentes a trav\u00e9s de desaf\u00edos similares. Usted puede confiar en nosotros para tratar con cuidado y compasi\u00f3n durante este tiempo dif\u00edcil.<\/p>\n<p>Nuestra misi\u00f3n es proporcionar alivio mediante la obtenci\u00f3n de la compensaci\u00f3n que necesita para navegar por este per\u00edodo dif\u00edcil. Su caso estar\u00e1 en manos de profesionales experimentados.<\/p>\n<p>Cuando usted elige nuestros abogados de accidente de coche de Atlanta, usted puede esperar los siguientes servicios:<\/p>\n<ul>\n<li>Investigaci\u00f3n exhaustiva de accidentes<\/li>\n<li>Revisi\u00f3n exhaustiva de las pruebas<\/li>\n<li>Consultas de expertos<\/li>\n<li>Evaluaci\u00f3n de da\u00f1os<\/li>\n<li>Liquidaci\u00f3n h\u00e1bil\u00a0<a href=\"https:\/\/www.law.cornell.edu\/wex\/negotiation\">negociaciones<\/a><\/li>\n<li>Representaci\u00f3n jur\u00eddica ante los tribunales<\/li>\n<\/ul>\n<p>Contrate a nuestros experimentados abogados de accidentes de coche de Atlanta para iniciar una investigaci\u00f3n y recopilar las pruebas necesarias para construir su caso. Perm\u00edtanos ayudarle a encontrar un poco de paz mental. Comience por programar su consulta inicial con un abogado de accidentes en intersecciones de Atlanta. Es el primer paso hacia la recuperaci\u00f3n.<\/p>\n<h2>\u00bfQu\u00e9 causa las colisiones de intersecci\u00f3n en Atlanta, GA?<\/h2>\n<p>Los accidentes en los cruces pueden deberse a diversos factores, como el exceso de velocidad y el incumplimiento de las normas de tr\u00e1fico.<\/p>\n<p>Otros factores contribuyentes pueden ser:<\/p>\n<ul>\n<li>Conductas inseguras al volante<\/li>\n<li>Conducir bajo los efectos del alcohol<\/li>\n<li>Conducci\u00f3n distra\u00edda<\/li>\n<li>Aver\u00edas de frenos<\/li>\n<li>Mal funcionamiento de los sem\u00e1foros<\/li>\n<li>Se\u00f1ales de stop obstruidas<\/li>\n<li>Carreteras dif\u00edciles, como curvas y colinas<\/li>\n<li>Visibilidad limitada<\/li>\n<\/ul>\n<p>Adem\u00e1s, condiciones externas como el tiempo adverso y las carreteras heladas pueden aumentar el riesgo al provocar el deslizamiento de los veh\u00edculos en las intersecciones. Haga clic aqu\u00ed para obtener m\u00e1s informaci\u00f3n sobre el\u00a0<a href=\"https:\/\/844spartan.com\/es\/areas-de-practica\/abogado-de-accidente-de-coche\/intersecciones-de-carreteras-mas-peligrosas\/\">carreteras e intersecciones m\u00e1s peligrosas<\/a>\u00a0en Atlanta.<\/p>\n<h2>\u00bfQu\u00e9 tipo de lesiones se producen en los accidentes en intersecciones?<\/h2>\n<p>La gravedad de las lesiones sufridas en accidentes depende de varios factores, entre ellos:<\/p>\n<ul>\n<li>El tipo de veh\u00edculo implicado<\/li>\n<li>La velocidad a la que circulaban los veh\u00edculos<\/li>\n<li>El uso del cintur\u00f3n de seguridad y\u00a0<a href=\"https:\/\/844spartan.com\/es\/areas-de-practica\/abogado-de-accidente-de-coche\/abogado-lesiones-airbag\/\">airbags<\/a><\/li>\n<\/ul>\n<p>Las lesiones por colisiones en intersecciones pueden incluir:<\/p>\n<ul>\n<li>Lesiones de cabeza y cuello<\/li>\n<li>Fracturas \u00f3seas<\/li>\n<li>Lesiones de espalda<\/li>\n<li>Par\u00e1lisis<\/li>\n<li>Hemorragia interna<\/li>\n<li>Lesiones tor\u00e1cicas<\/li>\n<li>Quemaduras<\/li>\n<li>Lesiones medulares<\/li>\n<li>Lesiones cerebrales traum\u00e1ticas<\/li>\n<\/ul>\n<p>Los accidentes en los que se ven implicados peatones o ciclistas son especialmente propensos a provocar lesiones graves o v\u00edctimas mortales.<\/p>\n<h2>\u00bfQui\u00e9n es responsable de los accidentes en los cruces de Atlanta?<\/h2>\n<p>Los accidentes en las intersecciones pueden tener varias causas, e identificar a las partes responsables es crucial para obtener una indemnizaci\u00f3n. A continuaci\u00f3n se indican las posibles partes que podr\u00edan ser consideradas responsables.<\/p>\n<h3>Otros conductores<\/h3>\n<p>Si la negligencia de otro conductor contribuy\u00f3 al accidente, como no ceder el paso, conducir distra\u00eddo o conducir bajo los efectos del alcohol, podr\u00eda ser considerado responsable.<\/p>\n<h3>La ciudad de Atlanta<\/h3>\n<p>En algunos casos, la ciudad de Atlanta puede compartir la responsabilidad del accidente debido a un mantenimiento inadecuado de las condiciones del tr\u00e1fico. Esto puede incluir problemas como el mal funcionamiento de los sem\u00e1foros o el mantenimiento deficiente de las carreteras.<\/p>\n<h3>Fabricante del veh\u00edculo<\/h3>\n<p>Si el accidente fue causado por piezas defectuosas del veh\u00edculo, como los frenos o los componentes de la direcci\u00f3n, el fabricante, distribuidor o minorista del veh\u00edculo podr\u00eda ser responsable.<\/p>\n<p>La identificaci\u00f3n de la parte responsable es esencial para obtener una indemnizaci\u00f3n despu\u00e9s de un accidente de intersecci\u00f3n. Un abogado con experiencia puede ayudar en este proceso.<\/p>\n<h2>\u00bfQu\u00e9 debe hacer si usted est\u00e1 en un accidente en una intersecci\u00f3n de Atlanta?<\/h2>\n<p>Si usted est\u00e1 involucrado en una colisi\u00f3n en una intersecci\u00f3n de Atlanta, tomar las siguientes medidas es crucial para proteger sus intereses si decide emprender acciones legales:<\/p>\n<ul>\n<li>Evaluar si alguna persona implicada en el accidente requiere atenci\u00f3n m\u00e9dica inmediata.<\/li>\n<li>Recabar los datos de contacto y del seguro de los dem\u00e1s conductores implicados.<\/li>\n<li>Documente la escena haciendo fotos o v\u00eddeos de los da\u00f1os del veh\u00edculo, las lesiones visibles, las posiciones del veh\u00edculo, las marcas de derrape y los restos de la carretera.<\/li>\n<li>Presentar un informe policial para documentar oficialmente el accidente<\/li>\n<li>Acuda al m\u00e9dico aunque se encuentre bien, ya que algunas lesiones pueden no presentar s\u00edntomas de inmediato.<\/li>\n<\/ul>\n<p>Para proteger sus derechos y explorar sus opciones legales, es importante consultar con un abogado de accidente de coche Atlanta tan pronto como sea posible despu\u00e9s del accidente.<\/p>\n<h2>\u00bfCu\u00e1nto tiempo tengo para presentar una demanda despu\u00e9s de un accidente de intersecci\u00f3n en Atlanta?<\/h2>\n<p>Seg\u00fan la ley de Georgia, usted tiene\u00a0<a href=\"https:\/\/law.justia.com\/codes\/georgia\/title-9\/chapter-3\/article-2\/section-9-3-33\/\">dos a\u00f1os<\/a>\u00a0desde la fecha del accidente para presentar su demanda por lesiones personales. Este plazo puede ser breve para construir un caso s\u00f3lido, por lo que es crucial actuar con prontitud.\u00a0<a href=\"\/es\/contacto\/\">Contacto<\/a>\u00a0hoy mismo para iniciar el proceso.<\/p>\n<h2>P\u00f3ngase en contacto con nuestros abogados de accidentes de intersecci\u00f3n de Atlanta para una consulta gratuita<\/h2>\n<p>Si usted ha sufrido lesiones en un accidente de intersecci\u00f3n en Atlanta, GA,\u00a0<a href=\"\/es\/acerca-de\/\">Spartan Accidentes de Coche y Lesiones Personales Abogados<\/a>\u00a0est\u00e1 listo para abogar por sus derechos. No intente manejar el proceso del seguro solo. Permita que nuestros abogados de accidentes en intersecciones de Atlanta manejen las complejidades legales por usted.<\/p>","protected":false},"excerpt":{"rendered":"<p>Have you been injured in a car accident at an intersection in Atlanta, GA? You might be entitled to compensation for your injuries. The Atlanta intersection accident lawyers at\u00a0Spartan Car Accident &amp; Personal Injury Lawyers\u00a0are ready to help you secure the financial relief you deserve. We are well-respected in the legal community of Atlanta, Georgia.&hellip;<\/p>","protected":false},"author":5,"featured_media":0,"parent":154,"menu_order":0,"comment_status":"closed","ping_status":"closed","template":"","meta":{"_monsterinsights_skip_tracking":false,"_monsterinsights_sitenote_active":false,"_monsterinsights_sitenote_note":"","_monsterinsights_sitenote_category":0,"footnotes":""},"categories":[],"tags":[],"class_list":["post-714","page","type-page","status-publish","hentry","entry","no-media"],"aioseo_notices":[],"aioseo_head":"\n\t\t<!-- All in One SEO Pro 4.9.6.2 - aioseo.com -->\n\t<meta name=\"description\" content=\"Reliable representation in Atlanta GA. A personal injury lawyer assists victims of intersection accidents with clear legal guidance. | 844-SPARTAN\" \/>\n\t<meta name=\"robots\" content=\"max-image-preview:large\" \/>\n\t<link rel=\"canonical\" href=\"https:\/\/844spartan.com\/es\/practice-areas\/car-accident-lawyer\/intersection-accidents\/\" \/>\n\t<meta name=\"generator\" content=\"All in One SEO Pro (AIOSEO) 4.9.6.2\" \/>\n\t\t<meta property=\"og:locale\" content=\"es_ES\" \/>\n\t\t<meta property=\"og:site_name\" content=\"844-SPARTAN - 844-SPARTAN\" \/>\n\t\t<meta property=\"og:type\" content=\"article\" \/>\n\t\t<meta property=\"og:title\" content=\"Skilled Atlanta Personal Injury Lawyer for Intersections\" \/>\n\t\t<meta property=\"og:description\" content=\"Reliable representation in Atlanta GA. A personal injury lawyer assists victims of intersection accidents with clear legal guidance. | 844-SPARTAN\" \/>\n\t\t<meta property=\"og:url\" content=\"https:\/\/844spartan.com\/es\/practice-areas\/car-accident-lawyer\/intersection-accidents\/\" \/>\n\t\t<meta property=\"article:published_time\" content=\"2025-06-10T13:11:14+00:00\" \/>\n\t\t<meta property=\"article:modified_time\" content=\"2026-03-06T11:23:54+00:00\" \/>\n\t\t<meta name=\"twitter:card\" content=\"summary_large_image\" \/>\n\t\t<meta name=\"twitter:title\" content=\"Skilled Atlanta Personal Injury Lawyer for Intersections\" \/>\n\t\t<meta name=\"twitter:description\" content=\"Reliable representation in Atlanta GA. A personal injury lawyer assists victims of intersection accidents with clear legal guidance. | 844-SPARTAN\" \/>\n\t\t<script type=\"application\/ld+json\" class=\"aioseo-schema\">\n\t\t\t{\"@context\":\"https:\\\/\\\/schema.org\",\"@graph\":[{\"@type\":\"BreadcrumbList\",\"@id\":\"https:\\\/\\\/844spartan.com\\\/es\\\/practice-areas\\\/car-accident-lawyer\\\/intersection-accidents\\\/#breadcrumblist\",\"itemListElement\":[{\"@type\":\"ListItem\",\"@id\":\"https:\\\/\\\/844spartan.com\\\/es#listItem\",\"position\":1,\"name\":\"Home\",\"item\":\"https:\\\/\\\/844spartan.com\\\/es\",\"nextItem\":{\"@type\":\"ListItem\",\"@id\":\"https:\\\/\\\/844spartan.com\\\/es\\\/practice-areas\\\/#listItem\",\"name\":\"Practice Areas\"}},{\"@type\":\"ListItem\",\"@id\":\"https:\\\/\\\/844spartan.com\\\/es\\\/practice-areas\\\/#listItem\",\"position\":2,\"name\":\"Practice Areas\",\"item\":\"https:\\\/\\\/844spartan.com\\\/es\\\/practice-areas\\\/\",\"nextItem\":{\"@type\":\"ListItem\",\"@id\":\"https:\\\/\\\/844spartan.com\\\/es\\\/practice-areas\\\/car-accident-lawyer\\\/#listItem\",\"name\":\"Car Accident Lawyer\"},\"previousItem\":{\"@type\":\"ListItem\",\"@id\":\"https:\\\/\\\/844spartan.com\\\/es#listItem\",\"name\":\"Home\"}},{\"@type\":\"ListItem\",\"@id\":\"https:\\\/\\\/844spartan.com\\\/es\\\/practice-areas\\\/car-accident-lawyer\\\/#listItem\",\"position\":3,\"name\":\"Car Accident Lawyer\",\"item\":\"https:\\\/\\\/844spartan.com\\\/es\\\/practice-areas\\\/car-accident-lawyer\\\/\",\"nextItem\":{\"@type\":\"ListItem\",\"@id\":\"https:\\\/\\\/844spartan.com\\\/es\\\/practice-areas\\\/car-accident-lawyer\\\/intersection-accidents\\\/#listItem\",\"name\":\"Intersection Accidents\"},\"previousItem\":{\"@type\":\"ListItem\",\"@id\":\"https:\\\/\\\/844spartan.com\\\/es\\\/practice-areas\\\/#listItem\",\"name\":\"Practice Areas\"}},{\"@type\":\"ListItem\",\"@id\":\"https:\\\/\\\/844spartan.com\\\/es\\\/practice-areas\\\/car-accident-lawyer\\\/intersection-accidents\\\/#listItem\",\"position\":4,\"name\":\"Intersection Accidents\",\"previousItem\":{\"@type\":\"ListItem\",\"@id\":\"https:\\\/\\\/844spartan.com\\\/es\\\/practice-areas\\\/car-accident-lawyer\\\/#listItem\",\"name\":\"Car Accident Lawyer\"}}]},{\"@type\":\"Organization\",\"@id\":\"https:\\\/\\\/844spartan.com\\\/es\\\/#organization\",\"name\":\"Spartan Law Group\",\"description\":\"844-SPARTAN\",\"url\":\"https:\\\/\\\/844spartan.com\\\/es\\\/\",\"address\":{\"@id\":\"https:\\\/\\\/844spartan.com\\\/es\\\/#postaladdress\",\"@type\":\"PostalAddress\",\"streetAddress\":\"200 Sandy Springs Pl NE,\",\"postalCode\":\"30328\",\"addressLocality\":\"Sandy Springs\",\"addressRegion\":\"GA\",\"addressCountry\":\"US\"}},{\"@type\":\"WebPage\",\"@id\":\"https:\\\/\\\/844spartan.com\\\/es\\\/practice-areas\\\/car-accident-lawyer\\\/intersection-accidents\\\/#webpage\",\"url\":\"https:\\\/\\\/844spartan.com\\\/es\\\/practice-areas\\\/car-accident-lawyer\\\/intersection-accidents\\\/\",\"name\":\"Skilled Atlanta Personal Injury Lawyer for Intersections\",\"description\":\"Reliable representation in Atlanta GA. A personal injury lawyer assists victims of intersection accidents with clear legal guidance. | 844-SPARTAN\",\"inLanguage\":\"es-ES\",\"isPartOf\":{\"@id\":\"https:\\\/\\\/844spartan.com\\\/es\\\/#website\"},\"breadcrumb\":{\"@id\":\"https:\\\/\\\/844spartan.com\\\/es\\\/practice-areas\\\/car-accident-lawyer\\\/intersection-accidents\\\/#breadcrumblist\"},\"datePublished\":\"2025-06-10T13:11:14-04:00\",\"dateModified\":\"2026-03-06T11:23:54-04:00\"},{\"@type\":\"WebSite\",\"@id\":\"https:\\\/\\\/844spartan.com\\\/es\\\/#website\",\"url\":\"https:\\\/\\\/844spartan.com\\\/es\\\/\",\"name\":\"844-SPARTAN\",\"description\":\"844-SPARTAN\",\"inLanguage\":\"es-ES\",\"publisher\":{\"@id\":\"https:\\\/\\\/844spartan.com\\\/es\\\/#organization\"}}]}\n\t\t<\/script>\n\t\t<!-- All in One SEO Pro -->\r\n\t\t<title>Skilled Atlanta Personal Injury Lawyer for Intersections<\/title>\n\n","aioseo_head_json":{"title":"Abogado experto en lesiones personales en intersecciones de Atlanta","description":"Representaci\u00f3n confiable en Atlanta GA. Un abogado de lesiones personales ayuda a las v\u00edctimas de accidentes de intersecci\u00f3n con una orientaci\u00f3n jur\u00eddica clara. | 844-SPARTAN","canonical_url":"https:\/\/844spartan.com\/es\/practice-areas\/car-accident-lawyer\/intersection-accidents\/","robots":"max-image-preview:large","keywords":"","webmasterTools":{"miscellaneous":""},"schema":{"@context":"https:\/\/schema.org","@graph":[{"@type":"BreadcrumbList","@id":"https:\/\/844spartan.com\/es\/practice-areas\/car-accident-lawyer\/intersection-accidents\/#breadcrumblist","itemListElement":[{"@type":"ListItem","@id":"https:\/\/844spartan.com\/es#listItem","position":1,"name":"Home","item":"https:\/\/844spartan.com\/es","nextItem":{"@type":"ListItem","@id":"https:\/\/844spartan.com\/es\/practice-areas\/#listItem","name":"Practice Areas"}},{"@type":"ListItem","@id":"https:\/\/844spartan.com\/es\/practice-areas\/#listItem","position":2,"name":"Practice Areas","item":"https:\/\/844spartan.com\/es\/practice-areas\/","nextItem":{"@type":"ListItem","@id":"https:\/\/844spartan.com\/es\/practice-areas\/car-accident-lawyer\/#listItem","name":"Car Accident Lawyer"},"previousItem":{"@type":"ListItem","@id":"https:\/\/844spartan.com\/es#listItem","name":"Home"}},{"@type":"ListItem","@id":"https:\/\/844spartan.com\/es\/practice-areas\/car-accident-lawyer\/#listItem","position":3,"name":"Car Accident Lawyer","item":"https:\/\/844spartan.com\/es\/practice-areas\/car-accident-lawyer\/","nextItem":{"@type":"ListItem","@id":"https:\/\/844spartan.com\/es\/practice-areas\/car-accident-lawyer\/intersection-accidents\/#listItem","name":"Intersection Accidents"},"previousItem":{"@type":"ListItem","@id":"https:\/\/844spartan.com\/es\/practice-areas\/#listItem","name":"Practice Areas"}},{"@type":"ListItem","@id":"https:\/\/844spartan.com\/es\/practice-areas\/car-accident-lawyer\/intersection-accidents\/#listItem","position":4,"name":"Intersection Accidents","previousItem":{"@type":"ListItem","@id":"https:\/\/844spartan.com\/es\/practice-areas\/car-accident-lawyer\/#listItem","name":"Car Accident Lawyer"}}]},{"@type":"Organization","@id":"https:\/\/844spartan.com\/es\/#organization","name":"Spartan Law Group","description":"844-SPARTAN","url":"https:\/\/844spartan.com\/es\/","address":{"@id":"https:\/\/844spartan.com\/es\/#postaladdress","@type":"PostalAddress","streetAddress":"200 Sandy Springs Pl NE,","postalCode":"30328","addressLocality":"Sandy Springs","addressRegion":"GA","addressCountry":"US"}},{"@type":"WebPage","@id":"https:\/\/844spartan.com\/es\/practice-areas\/car-accident-lawyer\/intersection-accidents\/#webpage","url":"https:\/\/844spartan.com\/es\/practice-areas\/car-accident-lawyer\/intersection-accidents\/","name":"Skilled Atlanta Personal Injury Lawyer for Intersections","description":"Reliable representation in Atlanta GA. A personal injury lawyer assists victims of intersection accidents with clear legal guidance. | 844-SPARTAN","inLanguage":"es-ES","isPartOf":{"@id":"https:\/\/844spartan.com\/es\/#website"},"breadcrumb":{"@id":"https:\/\/844spartan.com\/es\/practice-areas\/car-accident-lawyer\/intersection-accidents\/#breadcrumblist"},"datePublished":"2025-06-10T13:11:14-04:00","dateModified":"2026-03-06T11:23:54-04:00"},{"@type":"WebSite","@id":"https:\/\/844spartan.com\/es\/#website","url":"https:\/\/844spartan.com\/es\/","name":"844-SPARTAN","description":"844-SPARTAN","inLanguage":"es-ES","publisher":{"@id":"https:\/\/844spartan.com\/es\/#organization"}}]},"og:locale":"es_ES","og:site_name":"844-SPARTAN - 844-SPARTAN","og:type":"article","og:title":"Skilled Atlanta Personal Injury Lawyer for Intersections","og:description":"Reliable representation in Atlanta GA. A personal injury lawyer assists victims of intersection accidents with clear legal guidance. | 844-SPARTAN","og:url":"https:\/\/844spartan.com\/es\/practice-areas\/car-accident-lawyer\/intersection-accidents\/","article:published_time":"2025-06-10T13:11:14+00:00","article:modified_time":"2026-03-06T11:23:54+00:00","twitter:card":"summary_large_image","twitter:title":"Skilled Atlanta Personal Injury Lawyer for Intersections","twitter:description":"Reliable representation in Atlanta GA. A personal injury lawyer assists victims of intersection accidents with clear legal guidance. | 844-SPARTAN"},"aioseo_meta_data":{"post_id":"714","title":"Abogado experto en lesiones personales en intersecciones de Atlanta","description":"Representaci\u00f3n confiable en Atlanta GA. Un abogado de lesiones personales ayuda a las v\u00edctimas de accidentes de intersecci\u00f3n con una orientaci\u00f3n jur\u00eddica clara. | 844-SPARTAN","keywords":null,"keyphrases":{"focus":{"keyphrase":"","score":0,"analysis":{"keyphraseInTitle":{"score":0,"maxScore":9,"error":1}}},"additional":[]},"primary_term":null,"canonical_url":null,"og_title":null,"og_description":null,"og_object_type":"default","og_image_type":"default","og_image_url":null,"og_image_width":null,"og_image_height":null,"og_image_custom_url":null,"og_image_custom_fields":null,"og_video":"","og_custom_url":null,"og_article_section":null,"og_article_tags":null,"twitter_use_og":false,"twitter_card":"default","twitter_image_type":"default","twitter_image_url":null,"twitter_image_custom_url":null,"twitter_image_custom_fields":null,"twitter_title":null,"twitter_description":null,"schema":{"blockGraphs":[],"customGraphs":[],"default":{"data":{"Article":[],"Course":[],"Dataset":[],"FAQPage":[],"Movie":[],"Person":[],"Product":[],"ProductReview":[],"Car":[],"Recipe":[],"Service":[],"SoftwareApplication":[],"WebPage":[]},"graphName":"WebPage","isEnabled":true},"graphs":[]},"schema_type":"default","schema_type_options":null,"pillar_content":false,"robots_default":true,"robots_noindex":false,"robots_noarchive":false,"robots_nosnippet":false,"robots_nofollow":false,"robots_noimageindex":false,"robots_noodp":false,"robots_notranslate":false,"robots_max_snippet":"-1","robots_max_videopreview":"-1","robots_max_imagepreview":"large","priority":null,"frequency":"default","local_seo":null,"seo_analyzer_scan_date":"2026-03-06 11:24:16","breadcrumb_settings":null,"limit_modified_date":false,"open_ai":null,"ai":{"faqs":[],"keyPoints":[],"titles":[],"descriptions":[],"socialPosts":{"email":[],"linkedin":[],"twitter":[],"facebook":[],"instagram":[]}},"created":"2025-06-20 09:59:35","updated":"2026-03-06 12:25:47"},"aioseo_breadcrumb":"<div class=\"aioseo-breadcrumbs\"><span class=\"aioseo-breadcrumb\">\n\t<a href=\"https:\/\/844spartan.com\/es\" title=\"Home\">Home<\/a>\n<\/span><span class=\"aioseo-breadcrumb-separator\">&raquo;<\/span><span class=\"aioseo-breadcrumb\">\n\t<a href=\"https:\/\/844spartan.com\/es\/practice-areas\/\" title=\"Practice Areas\">Practice Areas<\/a>\n<\/span><span class=\"aioseo-breadcrumb-separator\">&raquo;<\/span><span class=\"aioseo-breadcrumb\">\n\t<a href=\"https:\/\/844spartan.com\/es\/practice-areas\/car-accident-lawyer\/\" title=\"Car Accident Lawyer\">Car Accident Lawyer<\/a>\n<\/span><span class=\"aioseo-breadcrumb-separator\">&raquo;<\/span><span class=\"aioseo-breadcrumb\">\n\tIntersection Accidents\n<\/span><\/div>","aioseo_breadcrumb_json":[{"label":"Home","link":"https:\/\/844spartan.com\/es"},{"label":"Practice Areas","link":"https:\/\/844spartan.com\/es\/practice-areas\/"},{"label":"Car Accident Lawyer","link":"https:\/\/844spartan.com\/es\/practice-areas\/car-accident-lawyer\/"},{"label":"Intersection Accidents","link":"https:\/\/844spartan.com\/es\/practice-areas\/car-accident-lawyer\/intersection-accidents\/"}],"_links":{"self":[{"href":"https:\/\/844spartan.com\/es\/wp-json\/wp\/v2\/pages\/714","targetHints":{"allow":["GET"]}}],"collection":[{"href":"https:\/\/844spartan.com\/es\/wp-json\/wp\/v2\/pages"}],"about":[{"href":"https:\/\/844spartan.com\/es\/wp-json\/wp\/v2\/types\/page"}],"author":[{"embeddable":true,"href":"https:\/\/844spartan.com\/es\/wp-json\/wp\/v2\/users\/5"}],"replies":[{"embeddable":true,"href":"https:\/\/844spartan.com\/es\/wp-json\/wp\/v2\/comments?post=714"}],"version-history":[{"count":0,"href":"https:\/\/844spartan.com\/es\/wp-json\/wp\/v2\/pages\/714\/revisions"}],"up":[{"embeddable":true,"href":"https:\/\/844spartan.com\/es\/wp-json\/wp\/v2\/pages\/154"}],"wp:attachment":[{"href":"https:\/\/844spartan.com\/es\/wp-json\/wp\/v2\/media?parent=714"}],"wp:term":[{"taxonomy":"category","embeddable":true,"href":"https:\/\/844spartan.com\/es\/wp-json\/wp\/v2\/categories?post=714"},{"taxonomy":"post_tag","embeddable":true,"href":"https:\/\/844spartan.com\/es\/wp-json\/wp\/v2\/tags?post=714"}],"curies":[{"name":"wp","href":"https:\/\/api.w.org\/{rel}","templated":true}]}}