{"id":720,"date":"2025-06-10T13:11:57","date_gmt":"2025-06-10T13:11:57","guid":{"rendered":"https:\/\/spartanlawgroup.com\/?page_id=720"},"modified":"2025-09-04T08:40:56","modified_gmt":"2025-09-04T08:40:56","slug":"accidentes-por-alcance","status":"publish","type":"page","link":"https:\/\/844spartan.com\/es\/practice-areas\/car-accident-lawyer\/rear-end-accidents\/","title":{"rendered":"Accidentes por alcance"},"content":{"rendered":"<p>El tr\u00e1fico de Atlanta es conocido como uno de los peores del pa\u00eds, y los accidentes por alcance son un desafortunado efecto secundario del alto volumen de tr\u00e1fico. De hecho, los accidentes traseros son el tipo m\u00e1s com\u00fan de accidentes de tr\u00e1fico.\u00a0<a href=\"https:\/\/844spartan.com\/es\/areas-de-practica\/abogado-de-accidente-de-coche\/\">casos de accidentes de tr\u00e1fico<\/a>\u00a0en Atlanta, GA. Si usted ha estado involucrado en un accidente trasero, usted puede tener derecho a una indemnizaci\u00f3n.<\/p>\n<p>El experimentado equipo de\u00a0<a href=\"\/es\/acerca-de\/\">Spartan Accidentes de Coche y Lesiones Personales Abogados<\/a>\u00a0puede ayudarle en el proceso de obtener una indemnizaci\u00f3n por sus lesiones. Hemos recuperado m\u00e1s de $250 millones para otras v\u00edctimas de lesiones y estamos dispuestos a ayudarle a usted tambi\u00e9n.\u00a0<a href=\"\/es\/contacto\/\">Contacto<\/a>\u00a0hoy en\u00a0<a href=\"tel:+18447727826\">(844) 772-7826<\/a> para programar su consulta gratuita con un abogado de Atlanta accidente trasero.<\/p>\n<h2>C\u00f3mo Spartan accidente de coche y lesiones personales abogados pueden ayudar despu\u00e9s de un accidente en Atlanta<\/h2>\n<p><img loading=\"lazy\" decoding=\"async\" class=\"alignnone wp-image-751 size-full\" src=\"https:\/\/844spartan.com\/wp-content\/uploads\/2025\/06\/Hit-Run-Crashes.jpg\" alt=\"Choques con fuga\" width=\"768\" height=\"512\" srcset=\"https:\/\/844spartan.com\/wp-content\/uploads\/2025\/06\/Hit-Run-Crashes.jpg 768w, https:\/\/844spartan.com\/wp-content\/uploads\/2025\/06\/Hit-Run-Crashes-300x200.jpg 300w\" sizes=\"auto, (max-width: 768px) 100vw, 768px\" \/><\/p>\n<p>Recuperarse despu\u00e9s de un accidente en Atlanta, Georgia puede ser dif\u00edcil. No s\u00f3lo se trata de dolor f\u00edsico, pero usted puede tener preocupaciones financieras debido a la acumulaci\u00f3n de salarios perdidos y las facturas m\u00e9dicas.<\/p>\n<p>Deje que los abogados de lesiones personales de Atlanta en Spartan Car Accident &amp; Personal Injury Lawyers le ayuden durante este tiempo estresante. Algunas maneras en que podemos ayudar despu\u00e9s de su accidente incluyen:<\/p>\n<ul>\n<li>Investigar a fondo su accidente para determinar qui\u00e9n tuvo la culpa<\/li>\n<li>Evaluar su historial m\u00e9dico para calcular el valor exacto de su reclamaci\u00f3n.<\/li>\n<li>Gesti\u00f3n de todas las conversaciones y negociaciones con la compa\u00f1\u00eda de seguros<\/li>\n<li>Entrevistar a testigos y recopilar pruebas que le ayuden a demostrar su caso.<\/li>\n<li>Negociaci\u00f3n agresiva de un acuerdo completo por todos sus da\u00f1os.<\/li>\n<li>Luchar por usted ante los tribunales cuando sea necesario<\/li>\n<\/ul>\n<p>No deje que la compa\u00f1\u00eda de seguros se aproveche de usted con una oferta baja. Deje que uno de nuestros abogados de accidentes de coche Atlanta ayudar a asegurarse de que est\u00e1 plenamente compensado por sus lesiones.<\/p>\n<h2>\u00bfCon qu\u00e9 frecuencia se producen accidentes por alcance en Atlanta?<\/h2>\n<p>Los accidentes por alcance son el tipo m\u00e1s com\u00fan de accidente de veh\u00edculo en Georgia. Seg\u00fan el\u00a0<a href=\"https:\/\/gdot.aashtowaresafety.net\/crash-data#\/?view_id=3\">Portal de accidentes del Departamento de Transportes de Georgia<\/a>, se produjeron m\u00e1s de 130.000 accidentes por alcance en todo el estado solo en 2023. M\u00e1s de 12.000 de esos accidentes por alcance ocurrieron en Atlanta.<\/p>\n<p>Al ritmo actual, hay m\u00e1s de 30 accidentes por alcance en Atlanta cada d\u00eda. Las probabilidades son altas de que usted pueda estar involucrado en uno de estos choques. Usted necesita un abogado con experiencia que puede ayudar a mantener la parte responsable responsable.<\/p>\n<h2>\u00bfCu\u00e1nto vale mi caso de accidente por alcance?<\/h2>\n<p>El valor de un caso de accidente por alcance depende de la gravedad de las lesiones resultantes del choque. Los casos de lesiones leves valdr\u00e1n menos, mientras que los casos de lesiones graves o leves valdr\u00e1n menos.\u00a0<a href=\"https:\/\/844spartan.com\/es\/areas-de-practica\/abogado-de-lesiones-catastroficas\/\">lesiones catastr\u00f3ficas<\/a>\u00a0suelen valer mucho m\u00e1s que la media.<\/p>\n<p>Por t\u00e9rmino medio, un accidente por alcance con lesiones moderadas puede costar entre 10.000 y 40.000 euros. Sin embargo, no es infrecuente que los accidentes por alcance con lesiones catastr\u00f3ficas superen los 1.400.000 euros. Algunos factores que influyen en el valor de su reclamaci\u00f3n son:<\/p>\n<ul>\n<li>La gravedad de sus lesiones<\/li>\n<li>Los efectos permanentes de sus lesiones<\/li>\n<li>Cu\u00e1nto tiempo ha faltado al trabajo<\/li>\n<li>Si puede volver al trabajo<\/li>\n<li>El importe total de sus facturas m\u00e9dicas<\/li>\n<\/ul>\n<p>La mejor manera de determinar el valor de su caso es buscar el consejo de un abogado con experiencia en lesiones personales. Deje que Spartan Car Accident &amp; Personal Injury Lawyers realice una evaluaci\u00f3n gratuita de su caso hoy mismo para saber cu\u00e1nto podr\u00eda valer su caso.<\/p>\n<h2>Vamos a luchar para recuperar la indemnizaci\u00f3n por todas sus lesiones por accidente trasero<\/h2>\n<p>Los accidentes por alcance pueden causar una variedad de lesiones diferentes, especialmente cuando se trata de alta velocidad. Las v\u00edctimas de estos accidentes tienen derecho a una indemnizaci\u00f3n por todas las lesiones que resultaron del accidente. Algunas lesiones comunes sufridas en accidentes por alcance incluyen:<\/p>\n<ul>\n<li>Latigazo cervical<\/li>\n<li>Lesiones de cabeza y cuello<\/li>\n<li>Lesiones de espalda y columna vertebral<\/li>\n<li><a href=\"https:\/\/844spartan.com\/es\/areas-de-practica\/abogado-de-lesiones-cerebrales\/\">Lesiones cerebrales<\/a><\/li>\n<li>Huesos rotos<\/li>\n<\/ul>\n<p>Algunas de estas lesiones pueden dejar a las v\u00edctimas con efectos permanentes y que alteran la vida. Usted necesita un abogado con experiencia que sabe c\u00f3mo asegurarse de que est\u00e1 plenamente compensado por este tipo de lesiones. P\u00f3ngase en contacto con nosotros hoy para que podamos ayudar a asegurarse de que no est\u00e1 atascado pagar por todos sus gastos m\u00e9dicos futuros por su cuenta.<\/p>\n<h2>\u00bfQu\u00e9 causa la mayor\u00eda de los accidentes traseros en Atlanta, Georgia?<\/h2>\n<p>Seg\u00fan el Departamento de Transporte de Georgia, seguir demasiado de cerca es, con diferencia, la principal causa de accidentes por alcance. Otras causas de accidentes por alcance son:<\/p>\n<ul>\n<li>Conducci\u00f3n distra\u00edda<\/li>\n<li>Respaldo inadecuado<\/li>\n<li>Cambios de carril inadecuados<\/li>\n<li>Velocidad excesiva<\/li>\n<li>No ceder el paso<\/li>\n<li>Conducir bajo los efectos del alcohol<\/li>\n<\/ul>\n<p>Siempre debe dejar una distancia de seguridad entre su veh\u00edculo y el coche que le precede. Si no lo hace, es probable que se produzca un accidente por alcance. Aunque cada caso de accidente por alcance debe ser probado en base a sus propias pruebas, el conductor del veh\u00edculo que sigue se encuentra en falta en la mayor\u00eda de los accidentes por alcance.<\/p>\n<h2>\u00bfCu\u00e1nto tiempo tengo para presentar una demanda despu\u00e9s de un accidente trasero en Georgia?<\/h2>\n<p>En\u00a0<a href=\"https:\/\/casetext.com\/statute\/code-of-georgia\/title-9-civil-practice\/chapter-3-limitations-of-actions\/article-2-specific-periods-of-limitation\/section-9-3-33-injuries-to-the-person-injuries-to-reputation-loss-of-consortium-exception\">prescripci\u00f3n<\/a>\u00a0for personal injury cases in Georgia is two years. This means that you have two years from the date of the accident to file a lawsuit. Failure to file the suit within this timeframe can completely prevent you from recovering any compensation for your injuries. Our legal team can assess the details of your case to make sure that you don\u2019t miss any applicable deadlines.<\/p>\n<h2>P\u00f3ngase en contacto con nuestros abogados de Atlanta para una consulta gratuita<\/h2>\n<p>Si usted ha estado involucrado en un accidente trasero en Atlanta, Georgia, usted merece ser compensado por todas sus lesiones. Con nuestros 75 a\u00f1os de experiencia combinada, el equipo de Spartan Car Accident &amp; Personal Injury Lawyers puede ayudarle con cada aspecto de su caso. P\u00f3ngase en contacto con nosotros hoy para programar su consulta gratuita con un abogado de Atlanta accidente trasero.<\/p>","protected":false},"excerpt":{"rendered":"<p>Atlanta traffic is known as some of the worst in the country, and rear end accidents are an unfortunate side effect of the high traffic volume. In fact, rear end accidents are the most common type of\u00a0car accident cases\u00a0in Atlanta, GA. If you have been involved in a rear end accident, you may be entitled&hellip;<\/p>","protected":false},"author":5,"featured_media":0,"parent":154,"menu_order":0,"comment_status":"closed","ping_status":"closed","template":"","meta":{"_monsterinsights_skip_tracking":false,"_monsterinsights_sitenote_active":false,"_monsterinsights_sitenote_note":"","_monsterinsights_sitenote_category":0,"footnotes":""},"categories":[],"tags":[],"class_list":["post-720","page","type-page","status-publish","hentry","entry","no-media"],"aioseo_notices":[],"aioseo_head":"\n\t\t<!-- All in One SEO Pro 4.9.6.2 - aioseo.com -->\n\t<meta name=\"description\" content=\"Supportive legal help for rear end accident victims. Understand your rights and get trusted advice. Learn more today.\" \/>\n\t<meta name=\"robots\" content=\"max-image-preview:large\" \/>\n\t<link rel=\"canonical\" href=\"https:\/\/844spartan.com\/es\/practice-areas\/car-accident-lawyer\/rear-end-accidents\/\" \/>\n\t<meta name=\"generator\" content=\"All in One SEO Pro (AIOSEO) 4.9.6.2\" \/>\n\t\t<meta property=\"og:locale\" content=\"es_ES\" \/>\n\t\t<meta property=\"og:site_name\" content=\"844-SPARTAN - 844-SPARTAN\" \/>\n\t\t<meta property=\"og:type\" content=\"article\" \/>\n\t\t<meta property=\"og:title\" content=\"Caring Legal Help for Rear End Accident\" \/>\n\t\t<meta property=\"og:description\" content=\"Supportive legal help for rear end accident victims. Understand your rights and get trusted advice. Learn more today.\" \/>\n\t\t<meta property=\"og:url\" content=\"https:\/\/844spartan.com\/es\/practice-areas\/car-accident-lawyer\/rear-end-accidents\/\" \/>\n\t\t<meta property=\"article:published_time\" content=\"2025-06-10T13:11:57+00:00\" \/>\n\t\t<meta property=\"article:modified_time\" content=\"2025-09-04T08:40:56+00:00\" \/>\n\t\t<meta name=\"twitter:card\" content=\"summary_large_image\" \/>\n\t\t<meta name=\"twitter:title\" content=\"Caring Legal Help for Rear End Accident\" \/>\n\t\t<meta name=\"twitter:description\" content=\"Supportive legal help for rear end accident victims. Understand your rights and get trusted advice. Learn more today.\" \/>\n\t\t<script type=\"application\/ld+json\" class=\"aioseo-schema\">\n\t\t\t{\"@context\":\"https:\\\/\\\/schema.org\",\"@graph\":[{\"@type\":\"BreadcrumbList\",\"@id\":\"https:\\\/\\\/844spartan.com\\\/es\\\/practice-areas\\\/car-accident-lawyer\\\/rear-end-accidents\\\/#breadcrumblist\",\"itemListElement\":[{\"@type\":\"ListItem\",\"@id\":\"https:\\\/\\\/844spartan.com\\\/es#listItem\",\"position\":1,\"name\":\"Home\",\"item\":\"https:\\\/\\\/844spartan.com\\\/es\",\"nextItem\":{\"@type\":\"ListItem\",\"@id\":\"https:\\\/\\\/844spartan.com\\\/es\\\/practice-areas\\\/#listItem\",\"name\":\"Practice Areas\"}},{\"@type\":\"ListItem\",\"@id\":\"https:\\\/\\\/844spartan.com\\\/es\\\/practice-areas\\\/#listItem\",\"position\":2,\"name\":\"Practice Areas\",\"item\":\"https:\\\/\\\/844spartan.com\\\/es\\\/practice-areas\\\/\",\"nextItem\":{\"@type\":\"ListItem\",\"@id\":\"https:\\\/\\\/844spartan.com\\\/es\\\/practice-areas\\\/car-accident-lawyer\\\/#listItem\",\"name\":\"Car Accident Lawyer\"},\"previousItem\":{\"@type\":\"ListItem\",\"@id\":\"https:\\\/\\\/844spartan.com\\\/es#listItem\",\"name\":\"Home\"}},{\"@type\":\"ListItem\",\"@id\":\"https:\\\/\\\/844spartan.com\\\/es\\\/practice-areas\\\/car-accident-lawyer\\\/#listItem\",\"position\":3,\"name\":\"Car Accident Lawyer\",\"item\":\"https:\\\/\\\/844spartan.com\\\/es\\\/practice-areas\\\/car-accident-lawyer\\\/\",\"nextItem\":{\"@type\":\"ListItem\",\"@id\":\"https:\\\/\\\/844spartan.com\\\/es\\\/practice-areas\\\/car-accident-lawyer\\\/rear-end-accidents\\\/#listItem\",\"name\":\"Rear End Accidents\"},\"previousItem\":{\"@type\":\"ListItem\",\"@id\":\"https:\\\/\\\/844spartan.com\\\/es\\\/practice-areas\\\/#listItem\",\"name\":\"Practice Areas\"}},{\"@type\":\"ListItem\",\"@id\":\"https:\\\/\\\/844spartan.com\\\/es\\\/practice-areas\\\/car-accident-lawyer\\\/rear-end-accidents\\\/#listItem\",\"position\":4,\"name\":\"Rear End Accidents\",\"previousItem\":{\"@type\":\"ListItem\",\"@id\":\"https:\\\/\\\/844spartan.com\\\/es\\\/practice-areas\\\/car-accident-lawyer\\\/#listItem\",\"name\":\"Car Accident Lawyer\"}}]},{\"@type\":\"Organization\",\"@id\":\"https:\\\/\\\/844spartan.com\\\/es\\\/#organization\",\"name\":\"Spartan Law Group\",\"description\":\"844-SPARTAN\",\"url\":\"https:\\\/\\\/844spartan.com\\\/es\\\/\",\"address\":{\"@id\":\"https:\\\/\\\/844spartan.com\\\/es\\\/#postaladdress\",\"@type\":\"PostalAddress\",\"streetAddress\":\"200 Sandy Springs Pl NE,\",\"postalCode\":\"30328\",\"addressLocality\":\"Sandy Springs\",\"addressRegion\":\"GA\",\"addressCountry\":\"US\"}},{\"@type\":\"WebPage\",\"@id\":\"https:\\\/\\\/844spartan.com\\\/es\\\/practice-areas\\\/car-accident-lawyer\\\/rear-end-accidents\\\/#webpage\",\"url\":\"https:\\\/\\\/844spartan.com\\\/es\\\/practice-areas\\\/car-accident-lawyer\\\/rear-end-accidents\\\/\",\"name\":\"Caring Legal Help for Rear End Accident\",\"description\":\"Supportive legal help for rear end accident victims. Understand your rights and get trusted advice. Learn more today.\",\"inLanguage\":\"es-ES\",\"isPartOf\":{\"@id\":\"https:\\\/\\\/844spartan.com\\\/es\\\/#website\"},\"breadcrumb\":{\"@id\":\"https:\\\/\\\/844spartan.com\\\/es\\\/practice-areas\\\/car-accident-lawyer\\\/rear-end-accidents\\\/#breadcrumblist\"},\"datePublished\":\"2025-06-10T13:11:57-04:00\",\"dateModified\":\"2025-09-04T08:40:56-04:00\"},{\"@type\":\"WebSite\",\"@id\":\"https:\\\/\\\/844spartan.com\\\/es\\\/#website\",\"url\":\"https:\\\/\\\/844spartan.com\\\/es\\\/\",\"name\":\"844-SPARTAN\",\"description\":\"844-SPARTAN\",\"inLanguage\":\"es-ES\",\"publisher\":{\"@id\":\"https:\\\/\\\/844spartan.com\\\/es\\\/#organization\"}}]}\n\t\t<\/script>\n\t\t<!-- All in One SEO Pro -->\r\n\t\t<title>Caring Legal Help for Rear End Accident<\/title>\n\n","aioseo_head_json":{"title":"Ayuda legal en caso de accidente por alcance","description":"Ayuda legal solidaria para v\u00edctimas de accidentes por alcance. Comprenda sus derechos y obtenga asesoramiento de confianza. Obtenga m\u00e1s informaci\u00f3n hoy mismo.","canonical_url":"https:\/\/844spartan.com\/es\/practice-areas\/car-accident-lawyer\/rear-end-accidents\/","robots":"max-image-preview:large","keywords":"","webmasterTools":{"miscellaneous":""},"schema":{"@context":"https:\/\/schema.org","@graph":[{"@type":"BreadcrumbList","@id":"https:\/\/844spartan.com\/es\/practice-areas\/car-accident-lawyer\/rear-end-accidents\/#breadcrumblist","itemListElement":[{"@type":"ListItem","@id":"https:\/\/844spartan.com\/es#listItem","position":1,"name":"Home","item":"https:\/\/844spartan.com\/es","nextItem":{"@type":"ListItem","@id":"https:\/\/844spartan.com\/es\/practice-areas\/#listItem","name":"Practice Areas"}},{"@type":"ListItem","@id":"https:\/\/844spartan.com\/es\/practice-areas\/#listItem","position":2,"name":"Practice Areas","item":"https:\/\/844spartan.com\/es\/practice-areas\/","nextItem":{"@type":"ListItem","@id":"https:\/\/844spartan.com\/es\/practice-areas\/car-accident-lawyer\/#listItem","name":"Car Accident Lawyer"},"previousItem":{"@type":"ListItem","@id":"https:\/\/844spartan.com\/es#listItem","name":"Home"}},{"@type":"ListItem","@id":"https:\/\/844spartan.com\/es\/practice-areas\/car-accident-lawyer\/#listItem","position":3,"name":"Car Accident Lawyer","item":"https:\/\/844spartan.com\/es\/practice-areas\/car-accident-lawyer\/","nextItem":{"@type":"ListItem","@id":"https:\/\/844spartan.com\/es\/practice-areas\/car-accident-lawyer\/rear-end-accidents\/#listItem","name":"Rear End Accidents"},"previousItem":{"@type":"ListItem","@id":"https:\/\/844spartan.com\/es\/practice-areas\/#listItem","name":"Practice Areas"}},{"@type":"ListItem","@id":"https:\/\/844spartan.com\/es\/practice-areas\/car-accident-lawyer\/rear-end-accidents\/#listItem","position":4,"name":"Rear End Accidents","previousItem":{"@type":"ListItem","@id":"https:\/\/844spartan.com\/es\/practice-areas\/car-accident-lawyer\/#listItem","name":"Car Accident Lawyer"}}]},{"@type":"Organization","@id":"https:\/\/844spartan.com\/es\/#organization","name":"Spartan Law Group","description":"844-SPARTAN","url":"https:\/\/844spartan.com\/es\/","address":{"@id":"https:\/\/844spartan.com\/es\/#postaladdress","@type":"PostalAddress","streetAddress":"200 Sandy Springs Pl NE,","postalCode":"30328","addressLocality":"Sandy Springs","addressRegion":"GA","addressCountry":"US"}},{"@type":"WebPage","@id":"https:\/\/844spartan.com\/es\/practice-areas\/car-accident-lawyer\/rear-end-accidents\/#webpage","url":"https:\/\/844spartan.com\/es\/practice-areas\/car-accident-lawyer\/rear-end-accidents\/","name":"Caring Legal Help for Rear End Accident","description":"Supportive legal help for rear end accident victims. Understand your rights and get trusted advice. Learn more today.","inLanguage":"es-ES","isPartOf":{"@id":"https:\/\/844spartan.com\/es\/#website"},"breadcrumb":{"@id":"https:\/\/844spartan.com\/es\/practice-areas\/car-accident-lawyer\/rear-end-accidents\/#breadcrumblist"},"datePublished":"2025-06-10T13:11:57-04:00","dateModified":"2025-09-04T08:40:56-04:00"},{"@type":"WebSite","@id":"https:\/\/844spartan.com\/es\/#website","url":"https:\/\/844spartan.com\/es\/","name":"844-SPARTAN","description":"844-SPARTAN","inLanguage":"es-ES","publisher":{"@id":"https:\/\/844spartan.com\/es\/#organization"}}]},"og:locale":"es_ES","og:site_name":"844-SPARTAN - 844-SPARTAN","og:type":"article","og:title":"Caring Legal Help for Rear End Accident","og:description":"Supportive legal help for rear end accident victims. Understand your rights and get trusted advice. Learn more today.","og:url":"https:\/\/844spartan.com\/es\/practice-areas\/car-accident-lawyer\/rear-end-accidents\/","article:published_time":"2025-06-10T13:11:57+00:00","article:modified_time":"2025-09-04T08:40:56+00:00","twitter:card":"summary_large_image","twitter:title":"Caring Legal Help for Rear End Accident","twitter:description":"Supportive legal help for rear end accident victims. Understand your rights and get trusted advice. Learn more today."},"aioseo_meta_data":{"post_id":"720","title":"Ayuda legal en caso de accidente por alcance","description":"Ayuda legal solidaria para v\u00edctimas de accidentes por alcance. Comprenda sus derechos y obtenga asesoramiento de confianza. Obtenga m\u00e1s informaci\u00f3n hoy mismo.","keywords":null,"keyphrases":{"focus":{"keyphrase":"Rear end accident","score":91,"analysis":{"keyphraseInTitle":{"score":9,"maxScore":9,"error":0},"keyphraseInDescription":{"score":9,"maxScore":9,"error":0},"keyphraseLength":{"score":9,"maxScore":9,"error":0,"length":3},"keyphraseInURL":{"score":5,"maxScore":5,"error":0},"keyphraseInIntroduction":{"score":9,"maxScore":9,"error":0},"keyphraseInSubHeadings":{"score":9,"maxScore":9,"error":0},"keyphraseInImageAlt":{"score":3,"maxScore":9,"error":1},"keywordDensity":{"type":"best","score":9,"maxScore":9,"error":0}}},"additional":[]},"primary_term":null,"canonical_url":null,"og_title":null,"og_description":null,"og_object_type":"default","og_image_type":"default","og_image_url":null,"og_image_width":null,"og_image_height":null,"og_image_custom_url":null,"og_image_custom_fields":null,"og_video":"","og_custom_url":null,"og_article_section":null,"og_article_tags":null,"twitter_use_og":false,"twitter_card":"default","twitter_image_type":"default","twitter_image_url":null,"twitter_image_custom_url":null,"twitter_image_custom_fields":null,"twitter_title":null,"twitter_description":null,"schema":{"blockGraphs":[],"customGraphs":[],"default":{"data":{"Article":[],"Course":[],"Dataset":[],"FAQPage":[],"Movie":[],"Person":[],"Product":[],"ProductReview":[],"Car":[],"Recipe":[],"Service":[],"SoftwareApplication":[],"WebPage":[]},"graphName":"WebPage","isEnabled":true},"graphs":[]},"schema_type":"default","schema_type_options":null,"pillar_content":false,"robots_default":true,"robots_noindex":false,"robots_noarchive":false,"robots_nosnippet":false,"robots_nofollow":false,"robots_noimageindex":false,"robots_noodp":false,"robots_notranslate":false,"robots_max_snippet":"-1","robots_max_videopreview":"-1","robots_max_imagepreview":"large","priority":null,"frequency":"default","local_seo":null,"seo_analyzer_scan_date":"2025-09-04 08:43:05","breadcrumb_settings":null,"limit_modified_date":false,"open_ai":null,"ai":{"faqs":[],"keyPoints":[],"titles":[],"descriptions":[],"socialPosts":{"email":[],"linkedin":[],"twitter":[],"facebook":[],"instagram":[]}},"created":"2025-06-20 09:59:35","updated":"2025-10-17 02:49:29"},"aioseo_breadcrumb":"<div class=\"aioseo-breadcrumbs\"><span class=\"aioseo-breadcrumb\">\n\t<a href=\"https:\/\/844spartan.com\/es\" title=\"Home\">Home<\/a>\n<\/span><span class=\"aioseo-breadcrumb-separator\">&raquo;<\/span><span class=\"aioseo-breadcrumb\">\n\t<a href=\"https:\/\/844spartan.com\/es\/practice-areas\/\" title=\"Practice Areas\">Practice Areas<\/a>\n<\/span><span class=\"aioseo-breadcrumb-separator\">&raquo;<\/span><span class=\"aioseo-breadcrumb\">\n\t<a href=\"https:\/\/844spartan.com\/es\/practice-areas\/car-accident-lawyer\/\" title=\"Car Accident Lawyer\">Car Accident Lawyer<\/a>\n<\/span><span class=\"aioseo-breadcrumb-separator\">&raquo;<\/span><span class=\"aioseo-breadcrumb\">\n\tRear End Accidents\n<\/span><\/div>","aioseo_breadcrumb_json":[{"label":"Home","link":"https:\/\/844spartan.com\/es"},{"label":"Practice Areas","link":"https:\/\/844spartan.com\/es\/practice-areas\/"},{"label":"Car Accident Lawyer","link":"https:\/\/844spartan.com\/es\/practice-areas\/car-accident-lawyer\/"},{"label":"Rear End Accidents","link":"https:\/\/844spartan.com\/es\/practice-areas\/car-accident-lawyer\/rear-end-accidents\/"}],"_links":{"self":[{"href":"https:\/\/844spartan.com\/es\/wp-json\/wp\/v2\/pages\/720","targetHints":{"allow":["GET"]}}],"collection":[{"href":"https:\/\/844spartan.com\/es\/wp-json\/wp\/v2\/pages"}],"about":[{"href":"https:\/\/844spartan.com\/es\/wp-json\/wp\/v2\/types\/page"}],"author":[{"embeddable":true,"href":"https:\/\/844spartan.com\/es\/wp-json\/wp\/v2\/users\/5"}],"replies":[{"embeddable":true,"href":"https:\/\/844spartan.com\/es\/wp-json\/wp\/v2\/comments?post=720"}],"version-history":[{"count":0,"href":"https:\/\/844spartan.com\/es\/wp-json\/wp\/v2\/pages\/720\/revisions"}],"up":[{"embeddable":true,"href":"https:\/\/844spartan.com\/es\/wp-json\/wp\/v2\/pages\/154"}],"wp:attachment":[{"href":"https:\/\/844spartan.com\/es\/wp-json\/wp\/v2\/media?parent=720"}],"wp:term":[{"taxonomy":"category","embeddable":true,"href":"https:\/\/844spartan.com\/es\/wp-json\/wp\/v2\/categories?post=720"},{"taxonomy":"post_tag","embeddable":true,"href":"https:\/\/844spartan.com\/es\/wp-json\/wp\/v2\/tags?post=720"}],"curies":[{"name":"wp","href":"https:\/\/api.w.org\/{rel}","templated":true}]}}