{"id":722,"date":"2025-06-10T13:12:12","date_gmt":"2025-06-10T13:12:12","guid":{"rendered":"https:\/\/spartanlawgroup.com\/?page_id=722"},"modified":"2025-06-10T13:58:52","modified_gmt":"2025-06-10T13:58:52","slug":"accidentes-con-luz-roja-y-amarilla","status":"publish","type":"page","link":"https:\/\/844spartan.com\/es\/practice-areas\/car-accident-lawyer\/red-and-yellow-light-accidents\/","title":{"rendered":"Accidentes con sem\u00e1foros en rojo y amarillo"},"content":{"rendered":"<p>Si usted ha sido lesionado en un accidente causado por un mal funcionamiento de la se\u00f1al de tr\u00e1fico, confusi\u00f3n, o la falta de respeto de otro conductor, nuestros abogados de accidentes de luz roja y amarilla de Atlanta est\u00e1n aqu\u00ed para ayudarle a obtener una indemnizaci\u00f3n.<\/p>\n<p>Con el tr\u00e1fico constante en Atlanta, GA, los accidentes automovil\u00edsticos son desafortunadamente comunes. En\u00a0<a href=\"\/es\/acerca-de\/\">Spartan Accidentes de Coche y Lesiones Personales Abogados<\/a>, nuestro\u00a0<a href=\"https:\/\/844spartan.com\/es\/areas-de-practica\/abogado-de-accidente-de-coche\/\">los mejores abogados de accidentes de coche de Atlanta<\/a>\u00a0aportan m\u00e1s de 75 a\u00f1os de experiencia combinada. Hemos recuperado m\u00e1s de $250 millones para clientes y sabemos c\u00f3mo exigir responsabilidades a las compa\u00f1\u00edas de seguros para garantizar que nuestros clientes reciban la indemnizaci\u00f3n que merecen.<\/p>\n<p>Estamos comprometidos a ganar su confianza y guiarlo a trav\u00e9s de este tiempo dif\u00edcil. Usted debe ser capaz de centrarse en la recuperaci\u00f3n, no preocuparse por navegar complejidades legales en Atlanta, Georgia.\u00a0<a href=\"\/es\/contacto\/\">Ll\u00e1menos hoy mismo<\/a>\u00a0para una evaluaci\u00f3n gratuita de su caso en\u00a0<a href=\"tel:+18447727826\">(844) 772-7826<\/a>, y perm\u00edtanos aliviar sus preocupaciones.<\/p>\n<h2>C\u00f3mo Spartan accidente de coche y lesiones personales abogados pueden ayudar con un accidente de luz roja y amarilla en Atlanta<\/h2>\n<p><img loading=\"lazy\" decoding=\"async\" class=\"alignnone wp-image-388 size-full\" src=\"https:\/\/844spartan.com\/wp-content\/uploads\/2025\/06\/Types-of-Car-Accident-Claims-We-Handle.webp\" alt=\"\" width=\"300\" height=\"200\" srcset=\"https:\/\/844spartan.com\/wp-content\/uploads\/2025\/06\/Types-of-Car-Accident-Claims-We-Handle.webp 1255w, https:\/\/844spartan.com\/wp-content\/uploads\/2025\/06\/Types-of-Car-Accident-Claims-We-Handle-300x200.webp 300w, https:\/\/844spartan.com\/wp-content\/uploads\/2025\/06\/Types-of-Car-Accident-Claims-We-Handle-1024x681.webp 1024w, https:\/\/844spartan.com\/wp-content\/uploads\/2025\/06\/Types-of-Car-Accident-Claims-We-Handle-768x511.webp 768w, https:\/\/844spartan.com\/wp-content\/uploads\/2025\/06\/Types-of-Car-Accident-Claims-We-Handle-18x12.webp 18w\" sizes=\"auto, (max-width: 300px) 100vw, 300px\" \/><\/p>\n<p>Si usted ha sido lesionado en un accidente de coche en Atlanta, GA, la selecci\u00f3n de la derecha Atlanta abogado de lesiones personales para que lo represente puede hacer toda la diferencia. Nuestros abogados de lesiones personales de Atlanta traen m\u00e1s de siete d\u00e9cadas de experiencia combinada en la lucha por los derechos de las v\u00edctimas de accidentes.<\/p>\n<p>La elecci\u00f3n del abogado de accidente de coche de Atlanta adecuado para su caso de accidente de luz roja o luz amarilla en Atlanta es una decisi\u00f3n importante. Con tanto en juego, no vale la pena el riesgo de confiar en cualquier bufete de abogados con su caso.<\/p>\n<p>Al elegir Spartan Car Accident &amp; Personal Injury Lawyers, nos encargaremos de todos los aspectos legales, incluyendo:<\/p>\n<ul>\n<li>Investigar a fondo el accidente<\/li>\n<li>Recopilaci\u00f3n de pruebas, como informes de accidentes, historiales m\u00e9dicos, declaraciones de testigos y grabaciones de v\u00eddeo.<\/li>\n<li>Colaboraci\u00f3n con los mejores expertos de Atlanta, incluidos reconstructores de accidentes y profesionales m\u00e9dicos.<\/li>\n<li>Formular una estrategia y calcular los da\u00f1os<\/li>\n<li>Negociar con todas las partes interesadas<\/li>\n<\/ul>\n<p>Estamos comprometidos a mantenerlo informado e involucrado en cada etapa del proceso. La relaci\u00f3n abogado-cliente es importante para nosotros, y trabajaremos diligentemente para asegurar que su caso proceda lo mejor posible.<\/p>\n<h2>\u00bfQui\u00e9n es responsable de sus lesiones en un accidente de luz roja y amarilla en Atlanta?<\/h2>\n<p>En Georgia, una luz amarilla fija indica a los conductores que\u00a0<a href=\"https:\/\/dds.georgia.gov\/section-7-continued-traffic-signals-and-signs\">reduzca la velocidad y prep\u00e1rese para detenerse<\/a>. Desafortunadamente, muchos conductores malinterpretan esto como una se\u00f1al para acelerar en un intento de saltarse el sem\u00e1foro en rojo. En algunos casos, este comportamiento puede ser considerado negligente, por lo que el conductor responsable de las lesiones o da\u00f1os que pueda haber sufrido.<\/p>\n<p>Como un estado de culpa, Georgia considera que el conductor que fue responsable del accidente responsable de las lesiones resultantes o\u00a0<a href=\"https:\/\/844spartan.com\/es\/areas-de-practica\/abogado-de-muerte-por-negligencia\/\">v\u00edctimas mortales<\/a>. Sin embargo, demostrar la culpa es esencial para recuperar los da\u00f1os. Aqu\u00ed es donde contar con un abogado experto en lesiones personales puede influir enormemente en el resultado de su caso.<\/p>\n<p>Cuando usted elige Spartan Car Accident &amp; Personal Injury Lawyers, trabajaremos diligentemente para identificar la parte o partes responsables de su accidente. Una vez determinado, vamos a luchar por una indemnizaci\u00f3n justa y trabajar para asegurar una soluci\u00f3n adecuada. Si la parte contraria se niega a llegar a un acuerdo, estamos preparados para llevar su caso a los tribunales y hacer justicia.<\/p>\n<h2>\u00bfQu\u00e9 tipos de da\u00f1os puedo recuperar despu\u00e9s de un accidente de coche con luz roja y amarilla en Atlanta?<\/h2>\n<p>Si ha sufrido lesiones en un accidente de sem\u00e1foro causado por la negligencia de otra persona, merece una indemnizaci\u00f3n por sus lesiones.<\/p>\n<p>En casos de lesiones personales como accidentes de coche, los da\u00f1os suelen dividirse en dos categor\u00edas: da\u00f1os econ\u00f3micos y da\u00f1os no econ\u00f3micos.<\/p>\n<p>Los da\u00f1os econ\u00f3micos pueden incluir:<\/p>\n<ul>\n<li>Salarios perdidos<\/li>\n<li>Facturas m\u00e9dicas<\/li>\n<li>Disminuci\u00f3n de la capacidad de ganancia futura<\/li>\n<li>Gastos de rehabilitaci\u00f3n<\/li>\n<li>Coste del transporte<\/li>\n<li>Asistencia m\u00e9dica a domicilio<\/li>\n<li>Servicios dom\u00e9sticos<\/li>\n<li>Equipos m\u00e9dicos, como andadores<\/li>\n<li>Gastos de bolsillo<\/li>\n<\/ul>\n<p>Los da\u00f1os no econ\u00f3micos pueden incluir:<\/p>\n<ul>\n<li>Discapacidad<\/li>\n<li>Dolor y sufrimiento<\/li>\n<li>Desfiguraci\u00f3n<\/li>\n<li>Angustia emocional<\/li>\n<li>Humillaci\u00f3n<\/li>\n<li>Reducci\u00f3n de la calidad de vida<\/li>\n<li>P\u00e9rdida de consorcio<\/li>\n<\/ul>\n<p>En Spartan Car Accident &amp; Personal Injury Lawyers, nos dedicamos a identificar a fondo y calcular el alcance total de sus da\u00f1os.<\/p>\n<h2>P\u00f3ngase en contacto con nuestros abogados de accidentes de luz roja y amarilla para una consulta gratuita<\/h2>\n<p>Si usted ha sido lesionado en un accidente de sem\u00e1foro en Atlanta, GA, debido a la negligencia de otra persona, usted merece una compensaci\u00f3n por el dolor y las dificultades que ha experimentado. Lidiar con la recuperaci\u00f3n es lo suficientemente dif\u00edcil sin el estr\u00e9s a\u00f1adido de preocuparse por las facturas m\u00e9dicas y otros gastos.<\/p>\n<p>Deje que le ayudemos. En Spartan Car Accident &amp; Personal Injury Lawyers, trabajaremos incansablemente para asegurar el apoyo financiero que necesita para centrarse en su recuperaci\u00f3n. P\u00f3ngase en contacto con nosotros hoy para programar una consulta gratuita y sin compromiso con un abogado de accidentes de luz roja y amarilla de Atlanta.<\/p>\n<p>Recuerde, la ley de Georgia le da s\u00f3lo\u00a0<a href=\"https:\/\/law.justia.com\/codes\/georgia\/title-9\/chapter-3\/article-2\/section-9-3-33\/\">dos a\u00f1os<\/a>\u00a0para presentar una demanda tras un accidente. No se arriesgue a perder plazos importantes: deje que nos ocupemos de los detalles legales. Llame hoy mismo.<\/p>","protected":false},"excerpt":{"rendered":"<p>If you\u2019ve been injured in an accident caused by a traffic signal malfunction, confusion, or another driver\u2019s disregard, our Atlanta red and yellow light accident attorneys are here to help you pursue compensation. With the constant traffic in Atlanta, GA, car accidents are unfortunately common. At\u00a0Spartan Car Accident &amp; Personal Injury Lawyers, our\u00a0best Atlanta car&hellip;<\/p>","protected":false},"author":5,"featured_media":0,"parent":154,"menu_order":0,"comment_status":"closed","ping_status":"closed","template":"","meta":{"_monsterinsights_skip_tracking":false,"_monsterinsights_sitenote_active":false,"_monsterinsights_sitenote_note":"","_monsterinsights_sitenote_category":0,"footnotes":""},"categories":[],"tags":[],"class_list":["post-722","page","type-page","status-publish","hentry","entry","no-media"],"aioseo_notices":[],"aioseo_head":"\n\t\t<!-- All in One SEO Pro 4.9.6.2 - aioseo.com -->\n\t<meta name=\"description\" content=\"If you\u2019ve been injured in an accident caused by a traffic signal malfunction, confusion, or another driver\u2019s disregard, our Atlanta red and yellow light accident attorneys are here to help you pursue compensation. With the constant traffic in Atlanta, GA, car accidents are unfortunately common. At Spartan Car Accident &amp; Personal Injury Lawyers, our best Atlanta car\" \/>\n\t<meta name=\"robots\" content=\"max-image-preview:large\" \/>\n\t<link rel=\"canonical\" href=\"https:\/\/844spartan.com\/es\/practice-areas\/car-accident-lawyer\/red-and-yellow-light-accidents\/\" \/>\n\t<meta name=\"generator\" content=\"All in One SEO Pro (AIOSEO) 4.9.6.2\" \/>\n\t\t<meta property=\"og:locale\" content=\"es_ES\" \/>\n\t\t<meta property=\"og:site_name\" content=\"844-SPARTAN - 844-SPARTAN\" \/>\n\t\t<meta property=\"og:type\" content=\"article\" \/>\n\t\t<meta property=\"og:title\" content=\"Red and Yellow Light Accidents - 844-SPARTAN\" \/>\n\t\t<meta property=\"og:description\" content=\"If you\u2019ve been injured in an accident caused by a traffic signal malfunction, confusion, or another driver\u2019s disregard, our Atlanta red and yellow light accident attorneys are here to help you pursue compensation. With the constant traffic in Atlanta, GA, car accidents are unfortunately common. At Spartan Car Accident &amp; Personal Injury Lawyers, our best Atlanta car\" \/>\n\t\t<meta property=\"og:url\" content=\"https:\/\/844spartan.com\/es\/practice-areas\/car-accident-lawyer\/red-and-yellow-light-accidents\/\" \/>\n\t\t<meta property=\"article:published_time\" content=\"2025-06-10T13:12:12+00:00\" \/>\n\t\t<meta property=\"article:modified_time\" content=\"2025-06-10T13:58:52+00:00\" \/>\n\t\t<meta name=\"twitter:card\" content=\"summary_large_image\" \/>\n\t\t<meta name=\"twitter:title\" content=\"Red and Yellow Light Accidents - 844-SPARTAN\" \/>\n\t\t<meta name=\"twitter:description\" content=\"If you\u2019ve been injured in an accident caused by a traffic signal malfunction, confusion, or another driver\u2019s disregard, our Atlanta red and yellow light accident attorneys are here to help you pursue compensation. With the constant traffic in Atlanta, GA, car accidents are unfortunately common. At Spartan Car Accident &amp; Personal Injury Lawyers, our best Atlanta car\" \/>\n\t\t<script type=\"application\/ld+json\" class=\"aioseo-schema\">\n\t\t\t{\"@context\":\"https:\\\/\\\/schema.org\",\"@graph\":[{\"@type\":\"BreadcrumbList\",\"@id\":\"https:\\\/\\\/844spartan.com\\\/es\\\/practice-areas\\\/car-accident-lawyer\\\/red-and-yellow-light-accidents\\\/#breadcrumblist\",\"itemListElement\":[{\"@type\":\"ListItem\",\"@id\":\"https:\\\/\\\/844spartan.com\\\/es#listItem\",\"position\":1,\"name\":\"Home\",\"item\":\"https:\\\/\\\/844spartan.com\\\/es\",\"nextItem\":{\"@type\":\"ListItem\",\"@id\":\"https:\\\/\\\/844spartan.com\\\/es\\\/practice-areas\\\/#listItem\",\"name\":\"Practice Areas\"}},{\"@type\":\"ListItem\",\"@id\":\"https:\\\/\\\/844spartan.com\\\/es\\\/practice-areas\\\/#listItem\",\"position\":2,\"name\":\"Practice Areas\",\"item\":\"https:\\\/\\\/844spartan.com\\\/es\\\/practice-areas\\\/\",\"nextItem\":{\"@type\":\"ListItem\",\"@id\":\"https:\\\/\\\/844spartan.com\\\/es\\\/practice-areas\\\/car-accident-lawyer\\\/#listItem\",\"name\":\"Car Accident Lawyer\"},\"previousItem\":{\"@type\":\"ListItem\",\"@id\":\"https:\\\/\\\/844spartan.com\\\/es#listItem\",\"name\":\"Home\"}},{\"@type\":\"ListItem\",\"@id\":\"https:\\\/\\\/844spartan.com\\\/es\\\/practice-areas\\\/car-accident-lawyer\\\/#listItem\",\"position\":3,\"name\":\"Car Accident Lawyer\",\"item\":\"https:\\\/\\\/844spartan.com\\\/es\\\/practice-areas\\\/car-accident-lawyer\\\/\",\"nextItem\":{\"@type\":\"ListItem\",\"@id\":\"https:\\\/\\\/844spartan.com\\\/es\\\/practice-areas\\\/car-accident-lawyer\\\/red-and-yellow-light-accidents\\\/#listItem\",\"name\":\"Red and Yellow Light Accidents\"},\"previousItem\":{\"@type\":\"ListItem\",\"@id\":\"https:\\\/\\\/844spartan.com\\\/es\\\/practice-areas\\\/#listItem\",\"name\":\"Practice Areas\"}},{\"@type\":\"ListItem\",\"@id\":\"https:\\\/\\\/844spartan.com\\\/es\\\/practice-areas\\\/car-accident-lawyer\\\/red-and-yellow-light-accidents\\\/#listItem\",\"position\":4,\"name\":\"Red and Yellow Light Accidents\",\"previousItem\":{\"@type\":\"ListItem\",\"@id\":\"https:\\\/\\\/844spartan.com\\\/es\\\/practice-areas\\\/car-accident-lawyer\\\/#listItem\",\"name\":\"Car Accident Lawyer\"}}]},{\"@type\":\"Organization\",\"@id\":\"https:\\\/\\\/844spartan.com\\\/es\\\/#organization\",\"name\":\"Spartan Law Group\",\"description\":\"844-SPARTAN\",\"url\":\"https:\\\/\\\/844spartan.com\\\/es\\\/\",\"address\":{\"@id\":\"https:\\\/\\\/844spartan.com\\\/es\\\/#postaladdress\",\"@type\":\"PostalAddress\",\"streetAddress\":\"200 Sandy Springs Pl NE,\",\"postalCode\":\"30328\",\"addressLocality\":\"Sandy Springs\",\"addressRegion\":\"GA\",\"addressCountry\":\"US\"}},{\"@type\":\"WebPage\",\"@id\":\"https:\\\/\\\/844spartan.com\\\/es\\\/practice-areas\\\/car-accident-lawyer\\\/red-and-yellow-light-accidents\\\/#webpage\",\"url\":\"https:\\\/\\\/844spartan.com\\\/es\\\/practice-areas\\\/car-accident-lawyer\\\/red-and-yellow-light-accidents\\\/\",\"name\":\"Red and Yellow Light Accidents - 844-SPARTAN\",\"description\":\"If you\\u2019ve been injured in an accident caused by a traffic signal malfunction, confusion, or another driver\\u2019s disregard, our Atlanta red and yellow light accident attorneys are here to help you pursue compensation. With the constant traffic in Atlanta, GA, car accidents are unfortunately common. At Spartan Car Accident & Personal Injury Lawyers, our best Atlanta car\",\"inLanguage\":\"es-ES\",\"isPartOf\":{\"@id\":\"https:\\\/\\\/844spartan.com\\\/es\\\/#website\"},\"breadcrumb\":{\"@id\":\"https:\\\/\\\/844spartan.com\\\/es\\\/practice-areas\\\/car-accident-lawyer\\\/red-and-yellow-light-accidents\\\/#breadcrumblist\"},\"datePublished\":\"2025-06-10T13:12:12-04:00\",\"dateModified\":\"2025-06-10T13:58:52-04:00\"},{\"@type\":\"WebSite\",\"@id\":\"https:\\\/\\\/844spartan.com\\\/es\\\/#website\",\"url\":\"https:\\\/\\\/844spartan.com\\\/es\\\/\",\"name\":\"844-SPARTAN\",\"description\":\"844-SPARTAN\",\"inLanguage\":\"es-ES\",\"publisher\":{\"@id\":\"https:\\\/\\\/844spartan.com\\\/es\\\/#organization\"}}]}\n\t\t<\/script>\n\t\t<!-- All in One SEO Pro -->\r\n\t\t<title>Red and Yellow Light Accidents - 844-SPARTAN<\/title>\n\n","aioseo_head_json":{"title":"Accidentes con sem\u00e1foro en rojo y amarillo - 844-SPARTAN","description":"Si usted ha sido lesionado en un accidente causado por un mal funcionamiento de la se\u00f1al de tr\u00e1fico, confusi\u00f3n, o la falta de respeto de otro conductor, nuestros abogados de accidentes de luz roja y amarilla de Atlanta est\u00e1n aqu\u00ed para ayudarle a obtener una indemnizaci\u00f3n. Con el tr\u00e1fico constante en Atlanta, GA, los accidentes automovil\u00edsticos son desafortunadamente comunes. En Spartan Car Accident &amp; Personal Injury Lawyers, nuestros mejores abogados de accidentes automovil\u00edsticos de Atlanta","canonical_url":"https:\/\/844spartan.com\/es\/practice-areas\/car-accident-lawyer\/red-and-yellow-light-accidents\/","robots":"max-image-preview:large","keywords":"","webmasterTools":{"miscellaneous":""},"schema":{"@context":"https:\/\/schema.org","@graph":[{"@type":"BreadcrumbList","@id":"https:\/\/844spartan.com\/es\/practice-areas\/car-accident-lawyer\/red-and-yellow-light-accidents\/#breadcrumblist","itemListElement":[{"@type":"ListItem","@id":"https:\/\/844spartan.com\/es#listItem","position":1,"name":"Home","item":"https:\/\/844spartan.com\/es","nextItem":{"@type":"ListItem","@id":"https:\/\/844spartan.com\/es\/practice-areas\/#listItem","name":"Practice Areas"}},{"@type":"ListItem","@id":"https:\/\/844spartan.com\/es\/practice-areas\/#listItem","position":2,"name":"Practice Areas","item":"https:\/\/844spartan.com\/es\/practice-areas\/","nextItem":{"@type":"ListItem","@id":"https:\/\/844spartan.com\/es\/practice-areas\/car-accident-lawyer\/#listItem","name":"Car Accident Lawyer"},"previousItem":{"@type":"ListItem","@id":"https:\/\/844spartan.com\/es#listItem","name":"Home"}},{"@type":"ListItem","@id":"https:\/\/844spartan.com\/es\/practice-areas\/car-accident-lawyer\/#listItem","position":3,"name":"Car Accident Lawyer","item":"https:\/\/844spartan.com\/es\/practice-areas\/car-accident-lawyer\/","nextItem":{"@type":"ListItem","@id":"https:\/\/844spartan.com\/es\/practice-areas\/car-accident-lawyer\/red-and-yellow-light-accidents\/#listItem","name":"Red and Yellow Light Accidents"},"previousItem":{"@type":"ListItem","@id":"https:\/\/844spartan.com\/es\/practice-areas\/#listItem","name":"Practice Areas"}},{"@type":"ListItem","@id":"https:\/\/844spartan.com\/es\/practice-areas\/car-accident-lawyer\/red-and-yellow-light-accidents\/#listItem","position":4,"name":"Red and Yellow Light Accidents","previousItem":{"@type":"ListItem","@id":"https:\/\/844spartan.com\/es\/practice-areas\/car-accident-lawyer\/#listItem","name":"Car Accident Lawyer"}}]},{"@type":"Organization","@id":"https:\/\/844spartan.com\/es\/#organization","name":"Spartan Law Group","description":"844-SPARTAN","url":"https:\/\/844spartan.com\/es\/","address":{"@id":"https:\/\/844spartan.com\/es\/#postaladdress","@type":"PostalAddress","streetAddress":"200 Sandy Springs Pl NE,","postalCode":"30328","addressLocality":"Sandy Springs","addressRegion":"GA","addressCountry":"US"}},{"@type":"WebPage","@id":"https:\/\/844spartan.com\/es\/practice-areas\/car-accident-lawyer\/red-and-yellow-light-accidents\/#webpage","url":"https:\/\/844spartan.com\/es\/practice-areas\/car-accident-lawyer\/red-and-yellow-light-accidents\/","name":"Red and Yellow Light Accidents - 844-SPARTAN","description":"If you\u2019ve been injured in an accident caused by a traffic signal malfunction, confusion, or another driver\u2019s disregard, our Atlanta red and yellow light accident attorneys are here to help you pursue compensation. With the constant traffic in Atlanta, GA, car accidents are unfortunately common. At Spartan Car Accident & Personal Injury Lawyers, our best Atlanta car","inLanguage":"es-ES","isPartOf":{"@id":"https:\/\/844spartan.com\/es\/#website"},"breadcrumb":{"@id":"https:\/\/844spartan.com\/es\/practice-areas\/car-accident-lawyer\/red-and-yellow-light-accidents\/#breadcrumblist"},"datePublished":"2025-06-10T13:12:12-04:00","dateModified":"2025-06-10T13:58:52-04:00"},{"@type":"WebSite","@id":"https:\/\/844spartan.com\/es\/#website","url":"https:\/\/844spartan.com\/es\/","name":"844-SPARTAN","description":"844-SPARTAN","inLanguage":"es-ES","publisher":{"@id":"https:\/\/844spartan.com\/es\/#organization"}}]},"og:locale":"es_ES","og:site_name":"844-SPARTAN - 844-SPARTAN","og:type":"article","og:title":"Red and Yellow Light Accidents - 844-SPARTAN","og:description":"If you\u2019ve been injured in an accident caused by a traffic signal malfunction, confusion, or another driver\u2019s disregard, our Atlanta red and yellow light accident attorneys are here to help you pursue compensation. With the constant traffic in Atlanta, GA, car accidents are unfortunately common. At Spartan Car Accident &amp; Personal Injury Lawyers, our best Atlanta car","og:url":"https:\/\/844spartan.com\/es\/practice-areas\/car-accident-lawyer\/red-and-yellow-light-accidents\/","article:published_time":"2025-06-10T13:12:12+00:00","article:modified_time":"2025-06-10T13:58:52+00:00","twitter:card":"summary_large_image","twitter:title":"Red and Yellow Light Accidents - 844-SPARTAN","twitter:description":"If you\u2019ve been injured in an accident caused by a traffic signal malfunction, confusion, or another driver\u2019s disregard, our Atlanta red and yellow light accident attorneys are here to help you pursue compensation. With the constant traffic in Atlanta, GA, car accidents are unfortunately common. At Spartan Car Accident &amp; Personal Injury Lawyers, our best Atlanta car"},"aioseo_meta_data":{"post_id":"722","title":null,"description":null,"keywords":null,"keyphrases":null,"primary_term":null,"canonical_url":null,"og_title":null,"og_description":null,"og_object_type":"default","og_image_type":"default","og_image_url":null,"og_image_width":null,"og_image_height":null,"og_image_custom_url":null,"og_image_custom_fields":null,"og_video":null,"og_custom_url":null,"og_article_section":null,"og_article_tags":null,"twitter_use_og":false,"twitter_card":"default","twitter_image_type":"default","twitter_image_url":null,"twitter_image_custom_url":null,"twitter_image_custom_fields":null,"twitter_title":null,"twitter_description":null,"schema":{"blockGraphs":[],"customGraphs":[],"default":{"data":{"Article":[],"Course":[],"Dataset":[],"FAQPage":[],"Movie":[],"Person":[],"Product":[],"ProductReview":[],"Car":[],"Recipe":[],"Service":[],"SoftwareApplication":[],"WebPage":[]},"graphName":"","isEnabled":true},"graphs":[]},"schema_type":"default","schema_type_options":null,"pillar_content":false,"robots_default":true,"robots_noindex":false,"robots_noarchive":false,"robots_nosnippet":false,"robots_nofollow":false,"robots_noimageindex":false,"robots_noodp":false,"robots_notranslate":false,"robots_max_snippet":null,"robots_max_videopreview":null,"robots_max_imagepreview":"large","priority":null,"frequency":null,"local_seo":null,"seo_analyzer_scan_date":"2025-08-15 01:44:01","breadcrumb_settings":null,"limit_modified_date":false,"open_ai":null,"ai":null,"created":"2025-06-20 09:59:35","updated":"2025-10-17 02:49:29"},"aioseo_breadcrumb":"<div class=\"aioseo-breadcrumbs\"><span class=\"aioseo-breadcrumb\">\n\t<a href=\"https:\/\/844spartan.com\/es\" title=\"Home\">Home<\/a>\n<\/span><span class=\"aioseo-breadcrumb-separator\">&raquo;<\/span><span class=\"aioseo-breadcrumb\">\n\t<a href=\"https:\/\/844spartan.com\/es\/practice-areas\/\" title=\"Practice Areas\">Practice Areas<\/a>\n<\/span><span class=\"aioseo-breadcrumb-separator\">&raquo;<\/span><span class=\"aioseo-breadcrumb\">\n\t<a href=\"https:\/\/844spartan.com\/es\/practice-areas\/car-accident-lawyer\/\" title=\"Car Accident Lawyer\">Car Accident Lawyer<\/a>\n<\/span><span class=\"aioseo-breadcrumb-separator\">&raquo;<\/span><span class=\"aioseo-breadcrumb\">\n\tRed and Yellow Light Accidents\n<\/span><\/div>","aioseo_breadcrumb_json":[{"label":"Home","link":"https:\/\/844spartan.com\/es"},{"label":"Practice Areas","link":"https:\/\/844spartan.com\/es\/practice-areas\/"},{"label":"Car Accident Lawyer","link":"https:\/\/844spartan.com\/es\/practice-areas\/car-accident-lawyer\/"},{"label":"Red and Yellow Light Accidents","link":"https:\/\/844spartan.com\/es\/practice-areas\/car-accident-lawyer\/red-and-yellow-light-accidents\/"}],"_links":{"self":[{"href":"https:\/\/844spartan.com\/es\/wp-json\/wp\/v2\/pages\/722","targetHints":{"allow":["GET"]}}],"collection":[{"href":"https:\/\/844spartan.com\/es\/wp-json\/wp\/v2\/pages"}],"about":[{"href":"https:\/\/844spartan.com\/es\/wp-json\/wp\/v2\/types\/page"}],"author":[{"embeddable":true,"href":"https:\/\/844spartan.com\/es\/wp-json\/wp\/v2\/users\/5"}],"replies":[{"embeddable":true,"href":"https:\/\/844spartan.com\/es\/wp-json\/wp\/v2\/comments?post=722"}],"version-history":[{"count":0,"href":"https:\/\/844spartan.com\/es\/wp-json\/wp\/v2\/pages\/722\/revisions"}],"up":[{"embeddable":true,"href":"https:\/\/844spartan.com\/es\/wp-json\/wp\/v2\/pages\/154"}],"wp:attachment":[{"href":"https:\/\/844spartan.com\/es\/wp-json\/wp\/v2\/media?parent=722"}],"wp:term":[{"taxonomy":"category","embeddable":true,"href":"https:\/\/844spartan.com\/es\/wp-json\/wp\/v2\/categories?post=722"},{"taxonomy":"post_tag","embeddable":true,"href":"https:\/\/844spartan.com\/es\/wp-json\/wp\/v2\/tags?post=722"}],"curies":[{"name":"wp","href":"https:\/\/api.w.org\/{rel}","templated":true}]}}