{"id":724,"date":"2025-06-10T13:12:23","date_gmt":"2025-06-10T13:12:23","guid":{"rendered":"https:\/\/spartanlawgroup.com\/?page_id=724"},"modified":"2025-09-04T08:23:33","modified_gmt":"2025-09-04T08:23:33","slug":"accidentes-por-exceso-de-velocidad","status":"publish","type":"page","link":"https:\/\/844spartan.com\/es\/practice-areas\/car-accident-lawyer\/speeding-accidents\/","title":{"rendered":"Accidentes por exceso de velocidad"},"content":{"rendered":"<p>En 2022, hab\u00eda\u00a0<a href=\"https:\/\/www.gahighwaysafety.org\/traffic-data\/\">422 muertes de tr\u00e1fico relacionadas con la velocidad<\/a>\u00a0en toda Georgia.\u00a0<a href=\"https:\/\/844spartan.com\/es\/areas-de-practica\/abogado-de-accidente-de-coche\/\">Accidentes de tr\u00e1fico<\/a>\u00a0que implican altas velocidades son algunos de los m\u00e1s peligrosos debido a la fuerza ejercida en el momento del impacto. Si usted ha sido herido en un accidente que involucra a un conductor que va por encima del l\u00edmite de velocidad indicado, es esencial que contrate a un abogado de accidentes de exceso de velocidad de Atlanta.<\/p>\n<p>En\u00a0<a href=\"\/es\/acerca-de\/\">Spartan Accidentes de Coche y Lesiones Personales Abogados<\/a>, En Georgia, nuestro equipo de abogados tiene experiencia ayudando a la gente a trav\u00e9s de las secuelas de las colisiones. Nuestros abogados de accidentes automovil\u00edsticos de Georgia proporcionan la orientaci\u00f3n que necesita sobre cu\u00e1les deben ser sus pr\u00f3ximos pasos despu\u00e9s de un accidente,\u00a0<a href=\"\/es\/contacto\/\">Contacto<\/a>\u00a0en\u00a0<a href=\"tel:+18447727826\">(844) 772-7826<\/a> para una consulta gratuita.<\/p>\n<h2>C\u00f3mo Spartan accidente de coche y lesiones personales abogados pueden ayudar despu\u00e9s de un accidente en Atlanta, GA<\/h2>\n<p><img loading=\"lazy\" decoding=\"async\" class=\"alignnone wp-image-764 size-full\" src=\"https:\/\/844spartan.com\/wp-content\/uploads\/2025\/06\/Speeding-Accidents.jpg\" alt=\"Accidentes por exceso de velocidad\" width=\"768\" height=\"513\" srcset=\"https:\/\/844spartan.com\/wp-content\/uploads\/2025\/06\/Speeding-Accidents.jpg 768w, https:\/\/844spartan.com\/wp-content\/uploads\/2025\/06\/Speeding-Accidents-300x200.jpg 300w\" sizes=\"auto, (max-width: 768px) 100vw, 768px\" \/><\/p>\n<p>Las colisiones por exceso de velocidad pueden provocar vuelcos, choques frontales y\u00a0<a href=\"https:\/\/844spartan.com\/es\/areas-de-practica\/abogado-de-accidente-de-coche\/accidentes-por-alcance\/\">accidentes por alcance<\/a>\u00a0que podr\u00edan dejarte luchando\u00a0<a href=\"https:\/\/844spartan.com\/es\/areas-de-practica\/abogado-de-lesiones-catastroficas\/\">lesiones catastr\u00f3ficas<\/a>. Si el accidente se produjo debido a la conducta negligente de otra parte, una de las opciones que tiene es presentar una reclamaci\u00f3n para recuperar sus p\u00e9rdidas. Debido a que estos accidentes pueden ser complejos, contar con la ayuda de abogados de accidentes automovil\u00edsticos en Atlanta hace una gran diferencia.<\/p>\n<p>En Spartan Car Accident &amp; Personal Injury Lawyers, ofrecemos una serie de servicios para ayudar a las personas que han sufrido lesiones en accidentes que no causaron. Nosotros podemos:<\/p>\n<ul>\n<li>Evaluar la reclamaci\u00f3n<\/li>\n<li>Investigar el accidente de Atlanta<\/li>\n<li>Hablar con los testigos<\/li>\n<li>Reunir pruebas<\/li>\n<li>Establecer la responsabilidad<\/li>\n<li>Buscar un acuerdo negociando con las aseguradoras<\/li>\n<li>Llevar el caso a los tribunales, si es necesario<\/li>\n<\/ul>\n<p>Uno de los factores por los que destaca nuestro bufete es que actuamos con rapidez. Sabemos que est\u00e1s preocupado por el accidente y que necesitas una indemnizaci\u00f3n para cubrir los salarios perdidos y todos los gastos m\u00e9dicos que tengas. Nuestro equipo no te dejar\u00e1 esperando semanas por ayuda. Cont\u00e1ctenos en Spartan Car Accident &amp; Personal Injury Lawyers para hablar con un abogado de Georgia.<\/p>\n<h2>Los peligros del exceso de velocidad<\/h2>\n<p>Es m\u00e1s probable que se produzcan accidentes\u00a0<a href=\"https:\/\/safety.fhwa.dot.gov\/speedmgt\/ref_mats\/fhwasa1304\/Resources3\/08%20-%20The%20Relation%20Between%20Speed%20and%20Crashes.pdf\">cuando un conductor circula con exceso de velocidad<\/a>\u00a0porque tendr\u00e1n menos tiempo para reaccionar adecuadamente ante los peligros. Y lo que es m\u00e1s importante, cuanto m\u00e1s r\u00e1pido circule un veh\u00edculo cuando colisiona con otro objeto, m\u00e1s grave ser\u00e1 el choque. Esto se debe a varias razones.<\/p>\n<p>Los equipos de seguridad, como los cinturones de seguridad y los airbags, pueden ser menos eficaces cuando se trata de altas velocidades. Incluso medidas de seguridad vial como los guardarra\u00edles podr\u00edan no proteger como es debido a los conductores que circulan a gran velocidad.<\/p>\n<p>En el momento del impacto, la gravedad de la colisi\u00f3n ser\u00e1 mucho mayor si la velocidad es elevada. La fuerza ejercida en el impacto es lo suficientemente importante como para provocar las lesiones m\u00e1s graves, como traumatismos craneoencef\u00e1licos y vertebrales.<\/p>\n<h2>Pasos a seguir despu\u00e9s de un accidente por exceso de velocidad en Atlanta<\/h2>\n<p>Si ha sufrido un accidente por exceso de velocidad en Atlanta, lo primero que debe hacer es asegurarse de que usted y sus pasajeros est\u00e1n a salvo. Si ves que est\u00e1s en peligro de ser atropellado por otros veh\u00edculos, aparta el coche del tr\u00e1fico o abandona el veh\u00edculo y ponte a salvo a pie.<\/p>\n<p>La \u00fanica excepci\u00f3n es si sientes mucho dolor o crees que te has golpeado la cabeza durante la colisi\u00f3n. Si es as\u00ed, intenta moverte lo menos posible.<\/p>\n<p>P\u00f3ngase en contacto con los servicios m\u00e9dicos inmediatamente. Que los t\u00e9cnicos m\u00e9dicos de urgencias te eval\u00faen puede ayudarte a recibir tratamiento desde el primer momento. Si necesita ir al hospital, los profesionales m\u00e9dicos se lo har\u00e1n saber. Haz lo que te recomienden aunque no te sientas gravemente herido.<\/p>\n<p>Tambi\u00e9n tendr\u00e1 que conseguir que las fuerzas de seguridad acudan al lugar. Necesitar\u00e1s un informe policial para presentar una reclamaci\u00f3n, por lo que es vital asegurarse de que los agentes vean exactamente lo ocurrido. Si no sabes c\u00f3mo conseguir el informe, aseg\u00farate de preguntarles.<\/p>\n<p>Despu\u00e9s de intercambiar informaci\u00f3n con la otra parte, y si est\u00e1s en condiciones de hacerlo, empieza a reunir pruebas del lugar. Haz fotos y v\u00eddeos de los veh\u00edculos y busca c\u00e1maras de tr\u00e1fico de las que tu abogado pueda obtener im\u00e1genes m\u00e1s adelante. Si hubo testigos, consigue tambi\u00e9n su informaci\u00f3n de contacto.<\/p>\n<p>Ponte en contacto con tu compa\u00f1\u00eda de seguros para informarles de que has tenido un accidente. Ten cuidado con lo que dices durante esta conversaci\u00f3n. Lim\u00edtate a los hechos y mant\u00e9n una conversaci\u00f3n breve para poder hacer otra llamada esencial: la de tu abogado.<\/p>\n<h2>P\u00f3ngase en contacto con nuestros abogados de Atlanta, GA, accidente de coche para una consulta gratuita<\/h2>\n<p>Sufrir un accidente por exceso de velocidad en Georgia puede significar enfrentarse a lesiones graves y a las cuantiosas facturas m\u00e9dicas que las acompa\u00f1an. Si el accidente se produjo debido a la negligencia de otra persona, obtener ayuda de los abogados de accidentes de coche Atlanta puede significar ser capaz de presentar una reclamaci\u00f3n para recuperar sus p\u00e9rdidas.<\/p>\n<p>En Spartan Car Accident &amp; Personal Injury Lawyers, nuestro equipo puede ayudarle a luchar por sus derechos. P\u00f3ngase en contacto con nosotros para programar una consulta gratuita.<\/p>","protected":false},"excerpt":{"rendered":"<p>In 2022, there were\u00a0422 speed-related traffic fatalities\u00a0throughout Georgia.\u00a0Car accidents\u00a0involving high speeds are some of the most dangerous because of the force exerted at the moment of impact. If you have been hurt in an accident involving a driver going over the posted speed limit, it\u2019s essential that you hire an Atlanta speeding accident lawyer. At\u00a0Spartan&hellip;<\/p>","protected":false},"author":5,"featured_media":0,"parent":154,"menu_order":0,"comment_status":"closed","ping_status":"closed","template":"","meta":{"_monsterinsights_skip_tracking":false,"_monsterinsights_sitenote_active":false,"_monsterinsights_sitenote_note":"","_monsterinsights_sitenote_category":0,"footnotes":""},"categories":[],"tags":[],"class_list":["post-724","page","type-page","status-publish","hentry","entry","no-media"],"aioseo_notices":[],"aioseo_head":"\n\t\t<!-- All in One SEO Pro 4.9.6.2 - aioseo.com -->\n\t<meta name=\"description\" content=\"Caring legal help after a high-speed crash in Jonesboro. We support your recovery and fight for your rights. Learn more today.\" \/>\n\t<meta name=\"robots\" content=\"max-image-preview:large\" \/>\n\t<link rel=\"canonical\" href=\"https:\/\/844spartan.com\/es\/practice-areas\/car-accident-lawyer\/speeding-accidents\/\" \/>\n\t<meta name=\"generator\" content=\"All in One SEO Pro (AIOSEO) 4.9.6.2\" \/>\n\t\t<meta property=\"og:locale\" content=\"es_ES\" \/>\n\t\t<meta property=\"og:site_name\" content=\"844-SPARTAN - 844-SPARTAN\" \/>\n\t\t<meta property=\"og:type\" content=\"article\" \/>\n\t\t<meta property=\"og:title\" content=\"Jonesboro Lawyer for Speeding Accidents\" \/>\n\t\t<meta property=\"og:description\" content=\"Caring legal help after a high-speed crash in Jonesboro. We support your recovery and fight for your rights. Learn more today.\" \/>\n\t\t<meta property=\"og:url\" content=\"https:\/\/844spartan.com\/es\/practice-areas\/car-accident-lawyer\/speeding-accidents\/\" \/>\n\t\t<meta property=\"article:published_time\" content=\"2025-06-10T13:12:23+00:00\" \/>\n\t\t<meta property=\"article:modified_time\" content=\"2025-09-04T08:23:33+00:00\" \/>\n\t\t<meta name=\"twitter:card\" content=\"summary_large_image\" \/>\n\t\t<meta name=\"twitter:title\" content=\"Jonesboro Lawyer for Speeding Accidents\" \/>\n\t\t<meta name=\"twitter:description\" content=\"Caring legal help after a high-speed crash in Jonesboro. We support your recovery and fight for your rights. Learn more today.\" \/>\n\t\t<script type=\"application\/ld+json\" class=\"aioseo-schema\">\n\t\t\t{\"@context\":\"https:\\\/\\\/schema.org\",\"@graph\":[{\"@type\":\"BreadcrumbList\",\"@id\":\"https:\\\/\\\/844spartan.com\\\/es\\\/practice-areas\\\/car-accident-lawyer\\\/speeding-accidents\\\/#breadcrumblist\",\"itemListElement\":[{\"@type\":\"ListItem\",\"@id\":\"https:\\\/\\\/844spartan.com\\\/es#listItem\",\"position\":1,\"name\":\"Home\",\"item\":\"https:\\\/\\\/844spartan.com\\\/es\",\"nextItem\":{\"@type\":\"ListItem\",\"@id\":\"https:\\\/\\\/844spartan.com\\\/es\\\/practice-areas\\\/#listItem\",\"name\":\"Practice Areas\"}},{\"@type\":\"ListItem\",\"@id\":\"https:\\\/\\\/844spartan.com\\\/es\\\/practice-areas\\\/#listItem\",\"position\":2,\"name\":\"Practice Areas\",\"item\":\"https:\\\/\\\/844spartan.com\\\/es\\\/practice-areas\\\/\",\"nextItem\":{\"@type\":\"ListItem\",\"@id\":\"https:\\\/\\\/844spartan.com\\\/es\\\/practice-areas\\\/car-accident-lawyer\\\/#listItem\",\"name\":\"Car Accident Lawyer\"},\"previousItem\":{\"@type\":\"ListItem\",\"@id\":\"https:\\\/\\\/844spartan.com\\\/es#listItem\",\"name\":\"Home\"}},{\"@type\":\"ListItem\",\"@id\":\"https:\\\/\\\/844spartan.com\\\/es\\\/practice-areas\\\/car-accident-lawyer\\\/#listItem\",\"position\":3,\"name\":\"Car Accident Lawyer\",\"item\":\"https:\\\/\\\/844spartan.com\\\/es\\\/practice-areas\\\/car-accident-lawyer\\\/\",\"nextItem\":{\"@type\":\"ListItem\",\"@id\":\"https:\\\/\\\/844spartan.com\\\/es\\\/practice-areas\\\/car-accident-lawyer\\\/speeding-accidents\\\/#listItem\",\"name\":\"Speeding Accidents\"},\"previousItem\":{\"@type\":\"ListItem\",\"@id\":\"https:\\\/\\\/844spartan.com\\\/es\\\/practice-areas\\\/#listItem\",\"name\":\"Practice Areas\"}},{\"@type\":\"ListItem\",\"@id\":\"https:\\\/\\\/844spartan.com\\\/es\\\/practice-areas\\\/car-accident-lawyer\\\/speeding-accidents\\\/#listItem\",\"position\":4,\"name\":\"Speeding Accidents\",\"previousItem\":{\"@type\":\"ListItem\",\"@id\":\"https:\\\/\\\/844spartan.com\\\/es\\\/practice-areas\\\/car-accident-lawyer\\\/#listItem\",\"name\":\"Car Accident Lawyer\"}}]},{\"@type\":\"Organization\",\"@id\":\"https:\\\/\\\/844spartan.com\\\/es\\\/#organization\",\"name\":\"Spartan Law Group\",\"description\":\"844-SPARTAN\",\"url\":\"https:\\\/\\\/844spartan.com\\\/es\\\/\",\"address\":{\"@id\":\"https:\\\/\\\/844spartan.com\\\/es\\\/#postaladdress\",\"@type\":\"PostalAddress\",\"streetAddress\":\"200 Sandy Springs Pl NE,\",\"postalCode\":\"30328\",\"addressLocality\":\"Sandy Springs\",\"addressRegion\":\"GA\",\"addressCountry\":\"US\"}},{\"@type\":\"WebPage\",\"@id\":\"https:\\\/\\\/844spartan.com\\\/es\\\/practice-areas\\\/car-accident-lawyer\\\/speeding-accidents\\\/#webpage\",\"url\":\"https:\\\/\\\/844spartan.com\\\/es\\\/practice-areas\\\/car-accident-lawyer\\\/speeding-accidents\\\/\",\"name\":\"Jonesboro Lawyer for Speeding Accidents\",\"description\":\"Caring legal help after a high-speed crash in Jonesboro. We support your recovery and fight for your rights. Learn more today.\",\"inLanguage\":\"es-ES\",\"isPartOf\":{\"@id\":\"https:\\\/\\\/844spartan.com\\\/es\\\/#website\"},\"breadcrumb\":{\"@id\":\"https:\\\/\\\/844spartan.com\\\/es\\\/practice-areas\\\/car-accident-lawyer\\\/speeding-accidents\\\/#breadcrumblist\"},\"datePublished\":\"2025-06-10T13:12:23-04:00\",\"dateModified\":\"2025-09-04T08:23:33-04:00\"},{\"@type\":\"WebSite\",\"@id\":\"https:\\\/\\\/844spartan.com\\\/es\\\/#website\",\"url\":\"https:\\\/\\\/844spartan.com\\\/es\\\/\",\"name\":\"844-SPARTAN\",\"description\":\"844-SPARTAN\",\"inLanguage\":\"es-ES\",\"publisher\":{\"@id\":\"https:\\\/\\\/844spartan.com\\\/es\\\/#organization\"}}]}\n\t\t<\/script>\n\t\t<!-- All in One SEO Pro -->\r\n\t\t<title>Jonesboro Lawyer for Speeding Accidents<\/title>\n\n","aioseo_head_json":{"title":"Jonesboro Abogado de accidentes por exceso de velocidad","description":"Ayuda legal despu\u00e9s de un accidente de alta velocidad en Jonesboro. Apoyamos su recuperaci\u00f3n y luchamos por sus derechos. Obtenga m\u00e1s informaci\u00f3n hoy.","canonical_url":"https:\/\/844spartan.com\/es\/practice-areas\/car-accident-lawyer\/speeding-accidents\/","robots":"max-image-preview:large","keywords":"","webmasterTools":{"miscellaneous":""},"schema":{"@context":"https:\/\/schema.org","@graph":[{"@type":"BreadcrumbList","@id":"https:\/\/844spartan.com\/es\/practice-areas\/car-accident-lawyer\/speeding-accidents\/#breadcrumblist","itemListElement":[{"@type":"ListItem","@id":"https:\/\/844spartan.com\/es#listItem","position":1,"name":"Home","item":"https:\/\/844spartan.com\/es","nextItem":{"@type":"ListItem","@id":"https:\/\/844spartan.com\/es\/practice-areas\/#listItem","name":"Practice Areas"}},{"@type":"ListItem","@id":"https:\/\/844spartan.com\/es\/practice-areas\/#listItem","position":2,"name":"Practice Areas","item":"https:\/\/844spartan.com\/es\/practice-areas\/","nextItem":{"@type":"ListItem","@id":"https:\/\/844spartan.com\/es\/practice-areas\/car-accident-lawyer\/#listItem","name":"Car Accident Lawyer"},"previousItem":{"@type":"ListItem","@id":"https:\/\/844spartan.com\/es#listItem","name":"Home"}},{"@type":"ListItem","@id":"https:\/\/844spartan.com\/es\/practice-areas\/car-accident-lawyer\/#listItem","position":3,"name":"Car Accident Lawyer","item":"https:\/\/844spartan.com\/es\/practice-areas\/car-accident-lawyer\/","nextItem":{"@type":"ListItem","@id":"https:\/\/844spartan.com\/es\/practice-areas\/car-accident-lawyer\/speeding-accidents\/#listItem","name":"Speeding Accidents"},"previousItem":{"@type":"ListItem","@id":"https:\/\/844spartan.com\/es\/practice-areas\/#listItem","name":"Practice Areas"}},{"@type":"ListItem","@id":"https:\/\/844spartan.com\/es\/practice-areas\/car-accident-lawyer\/speeding-accidents\/#listItem","position":4,"name":"Speeding Accidents","previousItem":{"@type":"ListItem","@id":"https:\/\/844spartan.com\/es\/practice-areas\/car-accident-lawyer\/#listItem","name":"Car Accident Lawyer"}}]},{"@type":"Organization","@id":"https:\/\/844spartan.com\/es\/#organization","name":"Spartan Law Group","description":"844-SPARTAN","url":"https:\/\/844spartan.com\/es\/","address":{"@id":"https:\/\/844spartan.com\/es\/#postaladdress","@type":"PostalAddress","streetAddress":"200 Sandy Springs Pl NE,","postalCode":"30328","addressLocality":"Sandy Springs","addressRegion":"GA","addressCountry":"US"}},{"@type":"WebPage","@id":"https:\/\/844spartan.com\/es\/practice-areas\/car-accident-lawyer\/speeding-accidents\/#webpage","url":"https:\/\/844spartan.com\/es\/practice-areas\/car-accident-lawyer\/speeding-accidents\/","name":"Jonesboro Lawyer for Speeding Accidents","description":"Caring legal help after a high-speed crash in Jonesboro. We support your recovery and fight for your rights. Learn more today.","inLanguage":"es-ES","isPartOf":{"@id":"https:\/\/844spartan.com\/es\/#website"},"breadcrumb":{"@id":"https:\/\/844spartan.com\/es\/practice-areas\/car-accident-lawyer\/speeding-accidents\/#breadcrumblist"},"datePublished":"2025-06-10T13:12:23-04:00","dateModified":"2025-09-04T08:23:33-04:00"},{"@type":"WebSite","@id":"https:\/\/844spartan.com\/es\/#website","url":"https:\/\/844spartan.com\/es\/","name":"844-SPARTAN","description":"844-SPARTAN","inLanguage":"es-ES","publisher":{"@id":"https:\/\/844spartan.com\/es\/#organization"}}]},"og:locale":"es_ES","og:site_name":"844-SPARTAN - 844-SPARTAN","og:type":"article","og:title":"Jonesboro Lawyer for Speeding Accidents","og:description":"Caring legal help after a high-speed crash in Jonesboro. We support your recovery and fight for your rights. Learn more today.","og:url":"https:\/\/844spartan.com\/es\/practice-areas\/car-accident-lawyer\/speeding-accidents\/","article:published_time":"2025-06-10T13:12:23+00:00","article:modified_time":"2025-09-04T08:23:33+00:00","twitter:card":"summary_large_image","twitter:title":"Jonesboro Lawyer for Speeding Accidents","twitter:description":"Caring legal help after a high-speed crash in Jonesboro. We support your recovery and fight for your rights. Learn more today."},"aioseo_meta_data":{"post_id":"724","title":"Jonesboro Abogado de accidentes por exceso de velocidad","description":"Ayuda legal despu\u00e9s de un accidente de alta velocidad en Jonesboro. Apoyamos su recuperaci\u00f3n y luchamos por sus derechos. Obtenga m\u00e1s informaci\u00f3n hoy.","keywords":null,"keyphrases":{"focus":{"keyphrase":"","score":0,"analysis":{"keyphraseInTitle":{"score":0,"maxScore":9,"error":1}}},"additional":[]},"primary_term":null,"canonical_url":null,"og_title":null,"og_description":null,"og_object_type":"default","og_image_type":"default","og_image_url":null,"og_image_width":null,"og_image_height":null,"og_image_custom_url":null,"og_image_custom_fields":null,"og_video":"","og_custom_url":null,"og_article_section":null,"og_article_tags":null,"twitter_use_og":false,"twitter_card":"default","twitter_image_type":"default","twitter_image_url":null,"twitter_image_custom_url":null,"twitter_image_custom_fields":null,"twitter_title":null,"twitter_description":null,"schema":{"blockGraphs":[],"customGraphs":[],"default":{"data":{"Article":[],"Course":[],"Dataset":[],"FAQPage":[],"Movie":[],"Person":[],"Product":[],"ProductReview":[],"Car":[],"Recipe":[],"Service":[],"SoftwareApplication":[],"WebPage":[]},"graphName":"WebPage","isEnabled":true},"graphs":[]},"schema_type":"default","schema_type_options":null,"pillar_content":false,"robots_default":true,"robots_noindex":false,"robots_noarchive":false,"robots_nosnippet":false,"robots_nofollow":false,"robots_noimageindex":false,"robots_noodp":false,"robots_notranslate":false,"robots_max_snippet":"-1","robots_max_videopreview":"-1","robots_max_imagepreview":"large","priority":null,"frequency":"default","local_seo":null,"seo_analyzer_scan_date":"2025-09-04 08:23:39","breadcrumb_settings":null,"limit_modified_date":false,"open_ai":null,"ai":{"faqs":[],"keyPoints":[],"titles":[],"descriptions":[],"socialPosts":{"email":[],"linkedin":[],"twitter":[],"facebook":[],"instagram":[]}},"created":"2025-06-20 09:59:35","updated":"2025-10-14 02:26:42"},"aioseo_breadcrumb":"<div class=\"aioseo-breadcrumbs\"><span class=\"aioseo-breadcrumb\">\n\t<a href=\"https:\/\/844spartan.com\/es\" title=\"Home\">Home<\/a>\n<\/span><span class=\"aioseo-breadcrumb-separator\">&raquo;<\/span><span class=\"aioseo-breadcrumb\">\n\t<a href=\"https:\/\/844spartan.com\/es\/practice-areas\/\" title=\"Practice Areas\">Practice Areas<\/a>\n<\/span><span class=\"aioseo-breadcrumb-separator\">&raquo;<\/span><span class=\"aioseo-breadcrumb\">\n\t<a href=\"https:\/\/844spartan.com\/es\/practice-areas\/car-accident-lawyer\/\" title=\"Car Accident Lawyer\">Car Accident Lawyer<\/a>\n<\/span><span class=\"aioseo-breadcrumb-separator\">&raquo;<\/span><span class=\"aioseo-breadcrumb\">\n\tSpeeding Accidents\n<\/span><\/div>","aioseo_breadcrumb_json":[{"label":"Home","link":"https:\/\/844spartan.com\/es"},{"label":"Practice Areas","link":"https:\/\/844spartan.com\/es\/practice-areas\/"},{"label":"Car Accident Lawyer","link":"https:\/\/844spartan.com\/es\/practice-areas\/car-accident-lawyer\/"},{"label":"Speeding Accidents","link":"https:\/\/844spartan.com\/es\/practice-areas\/car-accident-lawyer\/speeding-accidents\/"}],"_links":{"self":[{"href":"https:\/\/844spartan.com\/es\/wp-json\/wp\/v2\/pages\/724","targetHints":{"allow":["GET"]}}],"collection":[{"href":"https:\/\/844spartan.com\/es\/wp-json\/wp\/v2\/pages"}],"about":[{"href":"https:\/\/844spartan.com\/es\/wp-json\/wp\/v2\/types\/page"}],"author":[{"embeddable":true,"href":"https:\/\/844spartan.com\/es\/wp-json\/wp\/v2\/users\/5"}],"replies":[{"embeddable":true,"href":"https:\/\/844spartan.com\/es\/wp-json\/wp\/v2\/comments?post=724"}],"version-history":[{"count":0,"href":"https:\/\/844spartan.com\/es\/wp-json\/wp\/v2\/pages\/724\/revisions"}],"up":[{"embeddable":true,"href":"https:\/\/844spartan.com\/es\/wp-json\/wp\/v2\/pages\/154"}],"wp:attachment":[{"href":"https:\/\/844spartan.com\/es\/wp-json\/wp\/v2\/media?parent=724"}],"wp:term":[{"taxonomy":"category","embeddable":true,"href":"https:\/\/844spartan.com\/es\/wp-json\/wp\/v2\/categories?post=724"},{"taxonomy":"post_tag","embeddable":true,"href":"https:\/\/844spartan.com\/es\/wp-json\/wp\/v2\/tags?post=724"}],"curies":[{"name":"wp","href":"https:\/\/api.w.org\/{rel}","templated":true}]}}