{"id":726,"date":"2025-06-10T13:12:37","date_gmt":"2025-06-10T13:12:37","guid":{"rendered":"https:\/\/spartanlawgroup.com\/?page_id=726"},"modified":"2026-03-03T18:24:58","modified_gmt":"2026-03-03T18:24:58","slug":"siniestros-de-motoristas-sin-seguro","status":"publish","type":"page","link":"https:\/\/844spartan.com\/es\/practice-areas\/car-accident-lawyer\/uninsured-motorist-claims\/","title":{"rendered":"Siniestros de motoristas sin seguro"},"content":{"rendered":"<p>La mayor\u00eda de las personas no consideran c\u00f3mo manejar las facturas m\u00e9dicas de lesiones por accidente de coche en Atlanta, GA hasta que se enfrentan a la situaci\u00f3n. Es crucial entender sus opciones legales de antemano. Nuestros abogados con experiencia en demandas de automovilistas sin seguro de Atlanta en\u00a0<a href=\"\/es\/acerca-de\/\">Spartan Accidentes de Coche y Lesiones Personales Abogados<\/a>\u00a0est\u00e1n preparados para responder a sus preguntas.<\/p>\n<p>Sabemos que\u00a0<a href=\"https:\/\/844spartan.com\/es\/\">da\u00f1os personales<\/a>\u00a0sabemos c\u00f3mo obtener una indemnizaci\u00f3n justa para usted cuando usted ha sido lesionado en un accidente de coche. Nuestro\u00a0<a href=\"https:\/\/844spartan.com\/es\/areas-de-practica\/abogado-de-accidente-de-coche\/\">Abogados de accidentes de coche en Atlanta<\/a>\u00a0est\u00e1n comprometidos a abogar por todas las v\u00edctimas de accidentes, incluidos los heridos en accidentes de coche, accidentes de camiones y accidentes de motocicleta. Podemos ayudarle en su camino hacia la recuperaci\u00f3n.<\/p>\n<p>Navegar por la compensaci\u00f3n de sus lesiones puede ser complejo. Necesita un equipo de abogados apasionados y experimentados a su lado. Defienda sus derechos\u00a0<a href=\"\/es\/contacto\/\">ponerse en contacto con nuestro bufete de abogados en Atlanta<\/a>, Georgia, hoy para una consulta gratuita en\u00a0<a href=\"tel:+18447727826\">(844) 772-7826<\/a> para saber m\u00e1s sobre sus opciones legales.<\/p>\n<h2>Lo que Spartan accidente de coche y lesiones personales abogados pueden hacer para ayudar con su reclamaci\u00f3n de motorista sin seguro en Atlanta<\/h2>\n<p><img loading=\"lazy\" decoding=\"async\" class=\"alignnone wp-image-768 size-full\" src=\"https:\/\/844spartan.com\/wp-content\/uploads\/2025\/06\/Uninsured-Motorist-Claims.jpg\" alt=\"Siniestros de motoristas sin seguro\" width=\"768\" height=\"513\" srcset=\"https:\/\/844spartan.com\/wp-content\/uploads\/2025\/06\/Uninsured-Motorist-Claims.jpg 768w, https:\/\/844spartan.com\/wp-content\/uploads\/2025\/06\/Uninsured-Motorist-Claims-300x200.jpg 300w\" sizes=\"auto, (max-width: 768px) 100vw, 768px\" \/><\/p>\n<p>Si usted ha estado en un accidente de coche y el conductor culpable carece de seguro, usted puede preocuparse de ser responsable de sus gastos m\u00e9dicos. Durante esos momentos, usted necesita un abogado de accidentes de coche Atlanta confianza para guiarlo a trav\u00e9s del proceso de reclamaciones de motorista sin seguro.<\/p>\n<p>La protecci\u00f3n contra la compa\u00f1\u00eda de seguros responsable de su reclamaci\u00f3n es crucial. Ellos tratar\u00e1n de seducirlo con un acuerdo r\u00e1pido, bola baja, pero cuando se tiene Spartan accidente de coche y lesiones personales abogados a su lado, usted puede estar seguro de que no vamos a dejar que se aprovechan de usted durante este momento vulnerable.<\/p>\n<p>Nuestros abogados de lesiones personales Atlanta nivelar el campo de juego por:<\/p>\n<ul>\n<li>Examinar a fondo todos los aspectos de su accidente de coche<\/li>\n<li>Emplear\u00a0<a href=\"https:\/\/en.m.wikipedia.org\/wiki\/Traffic_collision_reconstruction\">reconstrucci\u00f3n de accidentes de tr\u00e1fico<\/a>\u00a0expertos para determinar c\u00f3mo se produjo el accidente<\/li>\n<li>Identificar a la parte culpable y los datos de su seguro<\/li>\n<li>Asistirle en el proceso de reclamaci\u00f3n por motorista no asegurado si el conductor culpable no tiene seguro.<\/li>\n<li>Negociaci\u00f3n con la compa\u00f1\u00eda de seguros para garantizarle la mejor indemnizaci\u00f3n posible.<\/li>\n<\/ul>\n<p>Las compa\u00f1\u00edas de seguros reconocen que los abogados de lesiones personales de Atlanta llegan a las negociaciones bien preparados. Comprendemos el verdadero valor de su reclamaci\u00f3n y no nos conformaremos con una resoluci\u00f3n r\u00e1pida e inadecuada.<\/p>\n<p>La carga de las lesiones f\u00edsicas ya es importante. Usted no debe tambi\u00e9n tener que tensionarse sobre cuentas m\u00e9dicas de montaje o renta perdida. P\u00f3ngase en contacto con nosotros hoy para una consulta gratuita con un abogado de reclamaci\u00f3n de motorista sin seguro de Atlanta para descubrir c\u00f3mo podemos aliviar estas preocupaciones.<\/p>\n<h2>\u00bfC\u00f3mo puedo obtener indemnizaci\u00f3n por mis lesiones si el conductor culpable no tiene seguro?<\/h2>\n<p>Georgia es un estado \u201cculpable\u201d de accidentes de coche, lo que significa que el conductor responsable del accidente es responsable de compensar las lesiones sufridas. En consecuencia, la ley estatal exige que todos los conductores tengan seguro de coche.<\/p>\n<p>En\u00a0<a href=\"https:\/\/oci.georgia.gov\/insurance-resources\/auto#:~:text=The%20minimum%20limits%20of%20liability,Damage%20Liability%20%E2%80%93%20$25,000%20per%20incident\">ley en Georgia<\/a>\u00a0especifica los importes m\u00ednimos de cobertura de seguro exigidos a los conductores para cubrir los costes de los accidentes que causen.<\/p>\n<p>Estos importes m\u00ednimos de cobertura son:<\/p>\n<ul>\n<li><strong>Responsabilidad por lesiones corporales:\u00a0<\/strong>$25.000 por persona y $50.000 por incidente<\/li>\n<li><strong>Responsabilidad por da\u00f1os materiales:\u00a0<\/strong>$25.000 por incidente<\/li>\n<\/ul>\n<p>No tener el seguro obligatorio puede acarrear sanciones graves, como multas sustanciales, suspensi\u00f3n de los privilegios de conducci\u00f3n y ser 100% responsable de cualquier lesi\u00f3n causada.<\/p>\n<p>Sin embargo, si resulta lesionado por un conductor sin seguro, a\u00fan tiene opciones de indemnizaci\u00f3n. Si tu p\u00f3liza incluye cobertura de motorista sin seguro, te ofrece cierta protecci\u00f3n frente a accidentes causados por conductores sin seguro.<\/p>\n<p>Si usted ha sido lesionado en Georgia por la negligencia de un conductor sin seguro, Spartan Car Accident &amp; Personal Injury Lawyers est\u00e1 aqu\u00ed para ayudar. Vamos a revisar su p\u00f3liza de seguro en detalle y le ayudar\u00e1 a trav\u00e9s del proceso de reclamaciones con el objetivo de obtener la m\u00e1xima compensaci\u00f3n posible.<\/p>\n<p>\u00bfQu\u00e9 cubre la cobertura de motorista sin seguro?<\/p>\n<p>Aunque Georgia no impone la cobertura de motorista sin seguro, a menudo es aconsejable tenerlo.<\/p>\n<p>Dependiendo de su p\u00f3liza, la cobertura de motorista sin seguro puede ayudarle a cubrir gastos como:<\/p>\n<ul>\n<li>Gastos m\u00e9dicos<\/li>\n<li>Da\u00f1os materiales, incluidos los sufridos por su veh\u00edculo<\/li>\n<li>P\u00e9rdida o reducci\u00f3n de ingresos<\/li>\n<li>Gastos funerarios por el fallecimiento de un ser querido<\/li>\n<\/ul>\n<p>En tales situaciones, contar con un bufete experimentado en lesiones personales como Spartan Car Accident &amp; Personal Injury Lawyers puede ser muy valioso. Usted tendr\u00e1 que proporcionar a su compa\u00f1\u00eda de seguros con los registros m\u00e9dicos y facturas y documentar el valor de su reclamo.<\/p>\n<p>Las compa\u00f1\u00edas de seguros podr\u00edan tratar de negar la compensaci\u00f3n culp\u00e1ndolo a usted por el accidente. Si usted no tuvo la culpa, en Spartan Car Accident &amp; Personal Injury Lawyers lucharemos incansablemente para protegerle contra reclamaciones falsas y asegurarnos de que reciba la compensaci\u00f3n que se merece.<\/p>\n<h2>P\u00f3ngase en contacto con nuestros abogados de reclamaci\u00f3n de motorista sin seguro de Atlanta para una consulta gratuita<\/h2>\n<p>Resultar herido en un accidente de coche en Atlanta, GA, ya es un calvario dif\u00edcil, pero se vuelve a\u00fan m\u00e1s estresante cuando el conductor responsable del accidente no tiene seguro.<\/p>\n<p>Aprovechar la experiencia de\u00a0<a href=\"\/es\/acerca-de\/\">Spartan Accidentes de Coche y Lesiones Personales Abogados<\/a>\u00a0por\u00a0<a href=\"\/es\/contacto\/\">Contacto<\/a>\u00a0hoy para programar su consulta gratuita. Nuestros abogados de reclamo de motorista sin seguro de Atlanta est\u00e1n aqu\u00ed para ayudarle a entender sus derechos bajo su p\u00f3liza de seguro de coche y desarrollar una estrategia legal para ayudarle a recibir cada d\u00f3lar que necesita para su recuperaci\u00f3n.<\/p>\n<p><strong>Tipos de accidentes de coche que manejamos en Atlanta<\/strong><\/p>\n<ul>\n<li><a href=\"https:\/\/844spartan.com\/es\/areas-de-practica\/abogado-de-accidente-de-coche\/accidentes-de-conducir-ebrio\/\">Accidentes por conducir bajo los efectos del alcohol<\/a><\/li>\n<li><a href=\"https:\/\/844spartan.com\/es\/areas-de-practica\/abogado-de-accidente-de-coche\/abogado-lesiones-airbag\/\">Lesiones por airbag<\/a><\/li>\n<li><a href=\"https:\/\/844spartan.com\/es\/areas-de-practica\/abogado-de-accidente-de-coche\/accidentes-en-intersecciones\/\">Accidentes en intersecciones<\/a><\/li>\n<li><a href=\"https:\/\/844spartan.com\/es\/areas-de-practica\/abogado-de-accidente-de-coche\/choques-frontales\/\">Choques frontales<\/a><\/li>\n<\/ul>\n<p><strong>Recursos sobre accidentes de tr\u00e1fico<\/strong><\/p>\n<ul>\n<li><a href=\"https:\/\/844spartan.com\/es\/areas-de-practica\/abogado-de-accidente-de-coche\/estadisticas-de-accidentes-de-trafico\/\">Estad\u00edsticas de accidentes de tr\u00e1fico<\/a><\/li>\n<li><a href=\"https:\/\/844spartan.com\/es\/areas-de-practica\/abogado-de-accidente-de-coche\/intersecciones-de-carreteras-mas-peligrosas\/\">Las carreteras e intersecciones m\u00e1s peligrosas de Atlanta<\/a><\/li>\n<li><a href=\"\/es\/blog\/derecho-georgiano\/se-puede-presentar-una-demanda-por-accidente-de-coche-sin-un-informe-de-la-policia-en-atlanta\/\">\u00bfPuede presentar una reclamaci\u00f3n por accidente de coche sin un informe de la polic\u00eda en Atlanta?<\/a><\/li>\n<li><a href=\"\/es\/blog\/accidente-de-trafico\/faqs-informes-de-accidentes-de-coche-en-georgia\/\">FAQs: Informes de accidentes de coche en Georgia<\/a><\/li>\n<\/ul>","protected":false},"excerpt":{"rendered":"<p>Most people don\u2019t consider how they would handle medical bills from car accident injuries in Atlanta, GA until they are faced with the situation. It\u2019s crucial to understand your legal options beforehand. Our experienced Atlanta uninsured motorist claim lawyers at\u00a0Spartan Car Accident &amp; Personal Injury Lawyers\u00a0are ready to answer your questions. We know\u00a0personal injury\u00a0law inside&hellip;<\/p>","protected":false},"author":5,"featured_media":0,"parent":154,"menu_order":0,"comment_status":"closed","ping_status":"closed","template":"","meta":{"_monsterinsights_skip_tracking":false,"_monsterinsights_sitenote_active":false,"_monsterinsights_sitenote_note":"","_monsterinsights_sitenote_category":0,"footnotes":""},"categories":[],"tags":[],"class_list":["post-726","page","type-page","status-publish","hentry","entry","no-media"],"aioseo_notices":[],"aioseo_head":"\n\t\t<!-- All in One SEO Pro 4.9.6.2 - aioseo.com -->\n\t<meta name=\"description\" content=\"Reliable support after difficult crashes. A personal injury lawyer explains uninsured motorist claims and your recovery options. | 844-SPARTAN\" \/>\n\t<meta name=\"robots\" content=\"max-image-preview:large\" \/>\n\t<link rel=\"canonical\" href=\"https:\/\/844spartan.com\/es\/practice-areas\/car-accident-lawyer\/uninsured-motorist-claims\/\" \/>\n\t<meta name=\"generator\" content=\"All in One SEO Pro (AIOSEO) 4.9.6.2\" \/>\n\t\t<meta property=\"og:locale\" content=\"es_ES\" \/>\n\t\t<meta property=\"og:site_name\" content=\"844-SPARTAN - 844-SPARTAN\" \/>\n\t\t<meta property=\"og:type\" content=\"article\" \/>\n\t\t<meta property=\"og:title\" content=\"Proven Personal Injury Lawyer for Uninsured Claims\" \/>\n\t\t<meta property=\"og:description\" content=\"Reliable support after difficult crashes. A personal injury lawyer explains uninsured motorist claims and your recovery options. | 844-SPARTAN\" \/>\n\t\t<meta property=\"og:url\" content=\"https:\/\/844spartan.com\/es\/practice-areas\/car-accident-lawyer\/uninsured-motorist-claims\/\" \/>\n\t\t<meta property=\"article:published_time\" content=\"2025-06-10T13:12:37+00:00\" \/>\n\t\t<meta property=\"article:modified_time\" content=\"2026-03-03T18:24:58+00:00\" \/>\n\t\t<meta name=\"twitter:card\" content=\"summary_large_image\" \/>\n\t\t<meta name=\"twitter:title\" content=\"Proven Personal Injury Lawyer for Uninsured Claims\" \/>\n\t\t<meta name=\"twitter:description\" content=\"Reliable support after difficult crashes. A personal injury lawyer explains uninsured motorist claims and your recovery options. | 844-SPARTAN\" \/>\n\t\t<script type=\"application\/ld+json\" class=\"aioseo-schema\">\n\t\t\t{\"@context\":\"https:\\\/\\\/schema.org\",\"@graph\":[{\"@type\":\"BreadcrumbList\",\"@id\":\"https:\\\/\\\/844spartan.com\\\/es\\\/practice-areas\\\/car-accident-lawyer\\\/uninsured-motorist-claims\\\/#breadcrumblist\",\"itemListElement\":[{\"@type\":\"ListItem\",\"@id\":\"https:\\\/\\\/844spartan.com\\\/es#listItem\",\"position\":1,\"name\":\"Home\",\"item\":\"https:\\\/\\\/844spartan.com\\\/es\",\"nextItem\":{\"@type\":\"ListItem\",\"@id\":\"https:\\\/\\\/844spartan.com\\\/es\\\/practice-areas\\\/#listItem\",\"name\":\"Practice Areas\"}},{\"@type\":\"ListItem\",\"@id\":\"https:\\\/\\\/844spartan.com\\\/es\\\/practice-areas\\\/#listItem\",\"position\":2,\"name\":\"Practice Areas\",\"item\":\"https:\\\/\\\/844spartan.com\\\/es\\\/practice-areas\\\/\",\"nextItem\":{\"@type\":\"ListItem\",\"@id\":\"https:\\\/\\\/844spartan.com\\\/es\\\/practice-areas\\\/car-accident-lawyer\\\/#listItem\",\"name\":\"Car Accident Lawyer\"},\"previousItem\":{\"@type\":\"ListItem\",\"@id\":\"https:\\\/\\\/844spartan.com\\\/es#listItem\",\"name\":\"Home\"}},{\"@type\":\"ListItem\",\"@id\":\"https:\\\/\\\/844spartan.com\\\/es\\\/practice-areas\\\/car-accident-lawyer\\\/#listItem\",\"position\":3,\"name\":\"Car Accident Lawyer\",\"item\":\"https:\\\/\\\/844spartan.com\\\/es\\\/practice-areas\\\/car-accident-lawyer\\\/\",\"nextItem\":{\"@type\":\"ListItem\",\"@id\":\"https:\\\/\\\/844spartan.com\\\/es\\\/practice-areas\\\/car-accident-lawyer\\\/uninsured-motorist-claims\\\/#listItem\",\"name\":\"Uninsured Motorist Claims\"},\"previousItem\":{\"@type\":\"ListItem\",\"@id\":\"https:\\\/\\\/844spartan.com\\\/es\\\/practice-areas\\\/#listItem\",\"name\":\"Practice Areas\"}},{\"@type\":\"ListItem\",\"@id\":\"https:\\\/\\\/844spartan.com\\\/es\\\/practice-areas\\\/car-accident-lawyer\\\/uninsured-motorist-claims\\\/#listItem\",\"position\":4,\"name\":\"Uninsured Motorist Claims\",\"previousItem\":{\"@type\":\"ListItem\",\"@id\":\"https:\\\/\\\/844spartan.com\\\/es\\\/practice-areas\\\/car-accident-lawyer\\\/#listItem\",\"name\":\"Car Accident Lawyer\"}}]},{\"@type\":\"Organization\",\"@id\":\"https:\\\/\\\/844spartan.com\\\/es\\\/#organization\",\"name\":\"Spartan Law Group\",\"description\":\"844-SPARTAN\",\"url\":\"https:\\\/\\\/844spartan.com\\\/es\\\/\",\"address\":{\"@id\":\"https:\\\/\\\/844spartan.com\\\/es\\\/#postaladdress\",\"@type\":\"PostalAddress\",\"streetAddress\":\"200 Sandy Springs Pl NE,\",\"postalCode\":\"30328\",\"addressLocality\":\"Sandy Springs\",\"addressRegion\":\"GA\",\"addressCountry\":\"US\"}},{\"@type\":\"WebPage\",\"@id\":\"https:\\\/\\\/844spartan.com\\\/es\\\/practice-areas\\\/car-accident-lawyer\\\/uninsured-motorist-claims\\\/#webpage\",\"url\":\"https:\\\/\\\/844spartan.com\\\/es\\\/practice-areas\\\/car-accident-lawyer\\\/uninsured-motorist-claims\\\/\",\"name\":\"Proven Personal Injury Lawyer for Uninsured Claims\",\"description\":\"Reliable support after difficult crashes. A personal injury lawyer explains uninsured motorist claims and your recovery options. | 844-SPARTAN\",\"inLanguage\":\"es-ES\",\"isPartOf\":{\"@id\":\"https:\\\/\\\/844spartan.com\\\/es\\\/#website\"},\"breadcrumb\":{\"@id\":\"https:\\\/\\\/844spartan.com\\\/es\\\/practice-areas\\\/car-accident-lawyer\\\/uninsured-motorist-claims\\\/#breadcrumblist\"},\"datePublished\":\"2025-06-10T13:12:37-04:00\",\"dateModified\":\"2026-03-03T18:24:58-04:00\"},{\"@type\":\"WebSite\",\"@id\":\"https:\\\/\\\/844spartan.com\\\/es\\\/#website\",\"url\":\"https:\\\/\\\/844spartan.com\\\/es\\\/\",\"name\":\"844-SPARTAN\",\"description\":\"844-SPARTAN\",\"inLanguage\":\"es-ES\",\"publisher\":{\"@id\":\"https:\\\/\\\/844spartan.com\\\/es\\\/#organization\"}}]}\n\t\t<\/script>\n\t\t<!-- All in One SEO Pro -->\r\n\t\t<title>Proven Personal Injury Lawyer for Uninsured Claims<\/title>\n\n","aioseo_head_json":{"title":"Abogado de lesiones personales probada para reclamaciones sin seguro","description":"Apoyo fiable tras accidentes dif\u00edciles. Un abogado de lesiones personales explica las reclamaciones de motoristas sin seguro y sus opciones de recuperaci\u00f3n. | 844-SPARTAN","canonical_url":"https:\/\/844spartan.com\/es\/practice-areas\/car-accident-lawyer\/uninsured-motorist-claims\/","robots":"max-image-preview:large","keywords":"","webmasterTools":{"miscellaneous":""},"schema":{"@context":"https:\/\/schema.org","@graph":[{"@type":"BreadcrumbList","@id":"https:\/\/844spartan.com\/es\/practice-areas\/car-accident-lawyer\/uninsured-motorist-claims\/#breadcrumblist","itemListElement":[{"@type":"ListItem","@id":"https:\/\/844spartan.com\/es#listItem","position":1,"name":"Home","item":"https:\/\/844spartan.com\/es","nextItem":{"@type":"ListItem","@id":"https:\/\/844spartan.com\/es\/practice-areas\/#listItem","name":"Practice Areas"}},{"@type":"ListItem","@id":"https:\/\/844spartan.com\/es\/practice-areas\/#listItem","position":2,"name":"Practice Areas","item":"https:\/\/844spartan.com\/es\/practice-areas\/","nextItem":{"@type":"ListItem","@id":"https:\/\/844spartan.com\/es\/practice-areas\/car-accident-lawyer\/#listItem","name":"Car Accident Lawyer"},"previousItem":{"@type":"ListItem","@id":"https:\/\/844spartan.com\/es#listItem","name":"Home"}},{"@type":"ListItem","@id":"https:\/\/844spartan.com\/es\/practice-areas\/car-accident-lawyer\/#listItem","position":3,"name":"Car Accident Lawyer","item":"https:\/\/844spartan.com\/es\/practice-areas\/car-accident-lawyer\/","nextItem":{"@type":"ListItem","@id":"https:\/\/844spartan.com\/es\/practice-areas\/car-accident-lawyer\/uninsured-motorist-claims\/#listItem","name":"Uninsured Motorist Claims"},"previousItem":{"@type":"ListItem","@id":"https:\/\/844spartan.com\/es\/practice-areas\/#listItem","name":"Practice Areas"}},{"@type":"ListItem","@id":"https:\/\/844spartan.com\/es\/practice-areas\/car-accident-lawyer\/uninsured-motorist-claims\/#listItem","position":4,"name":"Uninsured Motorist Claims","previousItem":{"@type":"ListItem","@id":"https:\/\/844spartan.com\/es\/practice-areas\/car-accident-lawyer\/#listItem","name":"Car Accident Lawyer"}}]},{"@type":"Organization","@id":"https:\/\/844spartan.com\/es\/#organization","name":"Spartan Law Group","description":"844-SPARTAN","url":"https:\/\/844spartan.com\/es\/","address":{"@id":"https:\/\/844spartan.com\/es\/#postaladdress","@type":"PostalAddress","streetAddress":"200 Sandy Springs Pl NE,","postalCode":"30328","addressLocality":"Sandy Springs","addressRegion":"GA","addressCountry":"US"}},{"@type":"WebPage","@id":"https:\/\/844spartan.com\/es\/practice-areas\/car-accident-lawyer\/uninsured-motorist-claims\/#webpage","url":"https:\/\/844spartan.com\/es\/practice-areas\/car-accident-lawyer\/uninsured-motorist-claims\/","name":"Proven Personal Injury Lawyer for Uninsured Claims","description":"Reliable support after difficult crashes. A personal injury lawyer explains uninsured motorist claims and your recovery options. | 844-SPARTAN","inLanguage":"es-ES","isPartOf":{"@id":"https:\/\/844spartan.com\/es\/#website"},"breadcrumb":{"@id":"https:\/\/844spartan.com\/es\/practice-areas\/car-accident-lawyer\/uninsured-motorist-claims\/#breadcrumblist"},"datePublished":"2025-06-10T13:12:37-04:00","dateModified":"2026-03-03T18:24:58-04:00"},{"@type":"WebSite","@id":"https:\/\/844spartan.com\/es\/#website","url":"https:\/\/844spartan.com\/es\/","name":"844-SPARTAN","description":"844-SPARTAN","inLanguage":"es-ES","publisher":{"@id":"https:\/\/844spartan.com\/es\/#organization"}}]},"og:locale":"es_ES","og:site_name":"844-SPARTAN - 844-SPARTAN","og:type":"article","og:title":"Proven Personal Injury Lawyer for Uninsured Claims","og:description":"Reliable support after difficult crashes. A personal injury lawyer explains uninsured motorist claims and your recovery options. | 844-SPARTAN","og:url":"https:\/\/844spartan.com\/es\/practice-areas\/car-accident-lawyer\/uninsured-motorist-claims\/","article:published_time":"2025-06-10T13:12:37+00:00","article:modified_time":"2026-03-03T18:24:58+00:00","twitter:card":"summary_large_image","twitter:title":"Proven Personal Injury Lawyer for Uninsured Claims","twitter:description":"Reliable support after difficult crashes. A personal injury lawyer explains uninsured motorist claims and your recovery options. | 844-SPARTAN"},"aioseo_meta_data":{"post_id":"726","title":"Abogado de lesiones personales probada para reclamaciones sin seguro","description":"Apoyo fiable tras accidentes dif\u00edciles. Un abogado de lesiones personales explica las reclamaciones de motoristas sin seguro y sus opciones de recuperaci\u00f3n. | 844-SPARTAN","keywords":null,"keyphrases":{"focus":{"keyphrase":"Uninsured","score":91,"analysis":{"keyphraseInTitle":{"score":9,"maxScore":9,"error":0},"keyphraseInDescription":{"score":9,"maxScore":9,"error":0},"keyphraseLength":{"score":9,"maxScore":9,"error":0,"length":1},"keyphraseInURL":{"score":5,"maxScore":5,"error":0},"keyphraseInIntroduction":{"score":9,"maxScore":9,"error":0},"keyphraseInSubHeadings":{"score":3,"maxScore":9,"error":1},"keyphraseInImageAlt":{"score":9,"maxScore":9,"error":0},"keywordDensity":{"type":"best","score":9,"maxScore":9,"error":0}}},"additional":[]},"primary_term":null,"canonical_url":null,"og_title":null,"og_description":null,"og_object_type":"default","og_image_type":"default","og_image_url":null,"og_image_width":null,"og_image_height":null,"og_image_custom_url":null,"og_image_custom_fields":null,"og_video":"","og_custom_url":null,"og_article_section":null,"og_article_tags":null,"twitter_use_og":false,"twitter_card":"default","twitter_image_type":"default","twitter_image_url":null,"twitter_image_custom_url":null,"twitter_image_custom_fields":null,"twitter_title":null,"twitter_description":null,"schema":{"blockGraphs":[],"customGraphs":[],"default":{"data":{"Article":[],"Course":[],"Dataset":[],"FAQPage":[],"Movie":[],"Person":[],"Product":[],"ProductReview":[],"Car":[],"Recipe":[],"Service":[],"SoftwareApplication":[],"WebPage":[]},"graphName":"WebPage","isEnabled":true},"graphs":[]},"schema_type":"default","schema_type_options":null,"pillar_content":false,"robots_default":true,"robots_noindex":false,"robots_noarchive":false,"robots_nosnippet":false,"robots_nofollow":false,"robots_noimageindex":false,"robots_noodp":false,"robots_notranslate":false,"robots_max_snippet":"-1","robots_max_videopreview":"-1","robots_max_imagepreview":"large","priority":null,"frequency":"default","local_seo":null,"seo_analyzer_scan_date":"2026-03-03 18:31:04","breadcrumb_settings":null,"limit_modified_date":false,"open_ai":null,"ai":{"faqs":[],"keyPoints":[],"titles":[],"descriptions":[],"socialPosts":{"email":[],"linkedin":[],"twitter":[],"facebook":[],"instagram":[]}},"created":"2025-06-20 09:59:35","updated":"2026-03-03 18:56:12"},"aioseo_breadcrumb":"<div class=\"aioseo-breadcrumbs\"><span class=\"aioseo-breadcrumb\">\n\t<a href=\"https:\/\/844spartan.com\/es\" title=\"Home\">Home<\/a>\n<\/span><span class=\"aioseo-breadcrumb-separator\">&raquo;<\/span><span class=\"aioseo-breadcrumb\">\n\t<a href=\"https:\/\/844spartan.com\/es\/practice-areas\/\" title=\"Practice Areas\">Practice Areas<\/a>\n<\/span><span class=\"aioseo-breadcrumb-separator\">&raquo;<\/span><span class=\"aioseo-breadcrumb\">\n\t<a href=\"https:\/\/844spartan.com\/es\/practice-areas\/car-accident-lawyer\/\" title=\"Car Accident Lawyer\">Car Accident Lawyer<\/a>\n<\/span><span class=\"aioseo-breadcrumb-separator\">&raquo;<\/span><span class=\"aioseo-breadcrumb\">\n\tUninsured Motorist Claims\n<\/span><\/div>","aioseo_breadcrumb_json":[{"label":"Home","link":"https:\/\/844spartan.com\/es"},{"label":"Practice Areas","link":"https:\/\/844spartan.com\/es\/practice-areas\/"},{"label":"Car Accident Lawyer","link":"https:\/\/844spartan.com\/es\/practice-areas\/car-accident-lawyer\/"},{"label":"Uninsured Motorist Claims","link":"https:\/\/844spartan.com\/es\/practice-areas\/car-accident-lawyer\/uninsured-motorist-claims\/"}],"_links":{"self":[{"href":"https:\/\/844spartan.com\/es\/wp-json\/wp\/v2\/pages\/726","targetHints":{"allow":["GET"]}}],"collection":[{"href":"https:\/\/844spartan.com\/es\/wp-json\/wp\/v2\/pages"}],"about":[{"href":"https:\/\/844spartan.com\/es\/wp-json\/wp\/v2\/types\/page"}],"author":[{"embeddable":true,"href":"https:\/\/844spartan.com\/es\/wp-json\/wp\/v2\/users\/5"}],"replies":[{"embeddable":true,"href":"https:\/\/844spartan.com\/es\/wp-json\/wp\/v2\/comments?post=726"}],"version-history":[{"count":0,"href":"https:\/\/844spartan.com\/es\/wp-json\/wp\/v2\/pages\/726\/revisions"}],"up":[{"embeddable":true,"href":"https:\/\/844spartan.com\/es\/wp-json\/wp\/v2\/pages\/154"}],"wp:attachment":[{"href":"https:\/\/844spartan.com\/es\/wp-json\/wp\/v2\/media?parent=726"}],"wp:term":[{"taxonomy":"category","embeddable":true,"href":"https:\/\/844spartan.com\/es\/wp-json\/wp\/v2\/categories?post=726"},{"taxonomy":"post_tag","embeddable":true,"href":"https:\/\/844spartan.com\/es\/wp-json\/wp\/v2\/tags?post=726"}],"curies":[{"name":"wp","href":"https:\/\/api.w.org\/{rel}","templated":true}]}}